{"id":13227,"date":"2017-11-20T16:39:22","date_gmt":"2017-11-20T15:39:22","guid":{"rendered":"https:\/\/www.asd-int.com\/?page_id=13227"},"modified":"2023-12-13T13:37:51","modified_gmt":"2023-12-13T12:37:51","slug":"blog","status":"publish","type":"page","link":"https:\/\/www.asd-int.com\/cs\/blog\/","title":{"rendered":"Blog"},"content":{"rendered":"\t\t<div data-elementor-type=\"wp-page\" data-elementor-id=\"13227\" class=\"elementor elementor-13227 elementor-56\" data-elementor-post-type=\"page\">\n\t\t\t\t\t\t<section class=\"elementor-section elementor-top-section elementor-element elementor-element-1ec0b23f elementor-section-stretched elementor-section-full_width elementor-section-height-default elementor-section-height-default\" data-id=\"1ec0b23f\" data-element_type=\"section\" data-e-type=\"section\" data-settings=\"{&quot;stretch_section&quot;:&quot;section-stretched&quot;,&quot;background_background&quot;:&quot;classic&quot;}\">\n\t\t\t\t\t\t<div class=\"elementor-container elementor-column-gap-default\">\n\t\t\t\t\t<div class=\"elementor-column elementor-col-50 elementor-top-column elementor-element elementor-element-796d74e8\" data-id=\"796d74e8\" data-element_type=\"column\" data-e-type=\"column\">\n\t\t\t<div class=\"elementor-widget-wrap\">\n\t\t\t\t\t\t\t<\/div>\n\t\t<\/div>\n\t\t\t\t<div class=\"elementor-column elementor-col-50 elementor-top-column elementor-element elementor-element-67df3d3d\" data-id=\"67df3d3d\" data-element_type=\"column\" data-e-type=\"column\">\n\t\t\t<div class=\"elementor-widget-wrap elementor-element-populated\">\n\t\t\t\t\t\t<div class=\"elementor-element elementor-element-fb39d5c elementor-widget elementor-widget-text-editor\" data-id=\"fb39d5c\" data-element_type=\"widget\" data-e-type=\"widget\" data-widget_type=\"text-editor.default\">\n\t\t\t\t<div class=\"elementor-widget-container\">\n\t\t\t\t\t\t\t\t\t<p><a href=\"\/cs\/\">ASD GROUP<\/a> &gt; BLOG<\/p>\n\t\t\t\t\t\t\t\t<\/div>\n\t\t\t\t<\/div>\n\t\t\t\t<div class=\"elementor-element elementor-element-d9eb545 elementor-widget elementor-widget-heading\" data-id=\"d9eb545\" data-element_type=\"widget\" data-e-type=\"widget\" data-widget_type=\"heading.default\">\n\t\t\t\t<div class=\"elementor-widget-container\">\n\t\t\t\t\t<h1 class=\"elementor-heading-title elementor-size-default\">V\u0161echny novinky t\u00fdkaj\u00edc\u00ed se DPH, mezin\u00e1rodn\u00edch dan\u00ed, celn\u00edch operac\u00ed, soci\u00e1ln\u00edch p\u0159edpis\u016f a mezin\u00e1rodn\u00edho obchodu vysv\u011btluj\u00ed na\u0161i odborn\u00edci<\/h1>\t\t\t\t<\/div>\n\t\t\t\t<\/div>\n\t\t\t\t<div class=\"elementor-element elementor-element-42f0f9eb elementor-widget-divider--view-line elementor-widget elementor-widget-divider\" data-id=\"42f0f9eb\" data-element_type=\"widget\" data-e-type=\"widget\" data-widget_type=\"divider.default\">\n\t\t\t\t<div class=\"elementor-widget-container\">\n\t\t\t\t\t\t\t<div class=\"elementor-divider\">\n\t\t\t<span class=\"elementor-divider-separator\">\n\t\t\t\t\t\t<\/span>\n\t\t<\/div>\n\t\t\t\t\t\t<\/div>\n\t\t\t\t<\/div>\n\t\t\t\t\t<\/div>\n\t\t<\/div>\n\t\t\t\t\t<\/div>\n\t\t<\/section>\n\t\t\t\t<\/div>\n\t\t","protected":false},"excerpt":{"rendered":"<p>ASD GROUP &gt; BLOG V\u0161echny novinky t\u00fdkaj\u00edc\u00ed se DPH, mezin\u00e1rodn\u00edch dan\u00ed, celn\u00edch operac\u00ed, soci\u00e1ln\u00edch p\u0159edpis\u016f a mezin\u00e1rodn\u00edho obchodu vysv\u011btluj\u00ed na\u0161i odborn\u00edci<\/p>\n","protected":false},"author":36,"featured_media":0,"parent":0,"menu_order":0,"comment_status":"closed","ping_status":"closed","template":"templates\/blog.php","meta":{"_eb_attr":"","_lmt_disableupdate":"no","_lmt_disable":"","footnotes":""},"class_list":["post-13227","page","type-page","status-publish","hentry"],"yoast_head":"<!-- This site is optimized with the Yoast SEO plugin v27.3 - https:\/\/yoast.com\/product\/yoast-seo-wordpress\/ -->\n<title>Blog ASD Grou<\/title>\n<meta name=\"description\" content=\"V\u0161echny novinky t\u00fdkaj\u00edc\u00ed se DPH, mezin\u00e1rodn\u00edch dan\u00ed, celn\u00edch operac\u00ed, soci\u00e1ln\u00edch p\u0159edpis\u016f a mezin\u00e1rodn\u00edho obchodu vysv\u011btluj\u00ed na\u0161i odborn\u00edci.\" \/>\n<meta name=\"robots\" content=\"index, follow, max-snippet:-1, max-image-preview:large, max-video-preview:-1\" \/>\n<link rel=\"canonical\" href=\"https:\/\/www.asd-int.com\/cs\/blog\/\" \/>\n<meta property=\"og:locale\" content=\"cs_CZ\" \/>\n<meta property=\"og:type\" content=\"article\" \/>\n<meta property=\"og:title\" content=\"Blog ASD Grou\" \/>\n<meta property=\"og:description\" content=\"V\u0161echny novinky t\u00fdkaj\u00edc\u00ed se DPH, mezin\u00e1rodn\u00edch dan\u00ed, celn\u00edch operac\u00ed, soci\u00e1ln\u00edch p\u0159edpis\u016f a mezin\u00e1rodn\u00edho obchodu vysv\u011btluj\u00ed na\u0161i odborn\u00edci.\" \/>\n<meta property=\"og:url\" content=\"https:\/\/www.asd-int.com\/cs\/blog\/\" \/>\n<meta property=\"og:site_name\" content=\"ASD\" \/>\n<meta property=\"article:modified_time\" content=\"2023-12-13T12:37:51+00:00\" \/>\n<meta property=\"og:image\" content=\"https:\/\/www.asd-int.com\/wp-content\/uploads\/2020\/07\/Logo-ASD_noir.png\" \/>\n\t<meta property=\"og:image:width\" content=\"1054\" \/>\n\t<meta property=\"og:image:height\" content=\"714\" \/>\n\t<meta property=\"og:image:type\" content=\"image\/png\" \/>\n<meta name=\"twitter:card\" content=\"summary_large_image\" \/>\n<meta name=\"twitter:label1\" content=\"Odhadovan\u00e1 doba \u010dten\u00ed\" \/>\n\t<meta name=\"twitter:data1\" content=\"1 minuta\" \/>\n<script type=\"application\/ld+json\" class=\"yoast-schema-graph\">{\"@context\":\"https:\\\/\\\/schema.org\",\"@graph\":[{\"@type\":\"WebPage\",\"@id\":\"https:\\\/\\\/www.asd-int.com\\\/cs\\\/blog\\\/\",\"url\":\"https:\\\/\\\/www.asd-int.com\\\/cs\\\/blog\\\/\",\"name\":\"Blog ASD Grou\",\"isPartOf\":{\"@id\":\"https:\\\/\\\/www.asd-int.com\\\/cs\\\/#website\"},\"datePublished\":\"2017-11-20T15:39:22+00:00\",\"dateModified\":\"2023-12-13T12:37:51+00:00\",\"description\":\"V\u0161echny novinky t\u00fdkaj\u00edc\u00ed se DPH, mezin\u00e1rodn\u00edch dan\u00ed, celn\u00edch operac\u00ed, soci\u00e1ln\u00edch p\u0159edpis\u016f a mezin\u00e1rodn\u00edho obchodu vysv\u011btluj\u00ed na\u0161i odborn\u00edci.\",\"breadcrumb\":{\"@id\":\"https:\\\/\\\/www.asd-int.com\\\/cs\\\/blog\\\/#breadcrumb\"},\"inLanguage\":\"cs\",\"potentialAction\":[{\"@type\":\"ReadAction\",\"target\":[\"https:\\\/\\\/www.asd-int.com\\\/cs\\\/blog\\\/\"]}]},{\"@type\":\"BreadcrumbList\",\"@id\":\"https:\\\/\\\/www.asd-int.com\\\/cs\\\/blog\\\/#breadcrumb\",\"itemListElement\":[{\"@type\":\"ListItem\",\"position\":1,\"name\":\"ASD Group\",\"item\":\"https:\\\/\\\/www.asd-int.com\\\/cs\\\/\"},{\"@type\":\"ListItem\",\"position\":2,\"name\":\"Blog\"}]},{\"@type\":\"WebSite\",\"@id\":\"https:\\\/\\\/www.asd-int.com\\\/cs\\\/#website\",\"url\":\"https:\\\/\\\/www.asd-int.com\\\/cs\\\/\",\"name\":\"ASD\",\"description\":\"Celn\u00ed a da\u0148ov\u00e9 poradenstv\u00ed v r\u00e1mci unijn\u00edho i mezin\u00e1rodn\u00edho obchodu\",\"publisher\":{\"@id\":\"https:\\\/\\\/www.asd-int.com\\\/cs\\\/#organization\"},\"potentialAction\":[{\"@type\":\"SearchAction\",\"target\":{\"@type\":\"EntryPoint\",\"urlTemplate\":\"https:\\\/\\\/www.asd-int.com\\\/cs\\\/?s={search_term_string}\"},\"query-input\":{\"@type\":\"PropertyValueSpecification\",\"valueRequired\":true,\"valueName\":\"search_term_string\"}}],\"inLanguage\":\"cs\"},{\"@type\":\"Organization\",\"@id\":\"https:\\\/\\\/www.asd-int.com\\\/cs\\\/#organization\",\"name\":\"ASD Group\",\"url\":\"https:\\\/\\\/www.asd-int.com\\\/cs\\\/\",\"logo\":{\"@type\":\"ImageObject\",\"inLanguage\":\"cs\",\"@id\":\"https:\\\/\\\/www.asd-int.com\\\/cs\\\/#\\\/schema\\\/logo\\\/image\\\/\",\"url\":\"https:\\\/\\\/www.asd-int.com\\\/wp-content\\\/uploads\\\/2020\\\/07\\\/Logo-ASD_noir.png\",\"contentUrl\":\"https:\\\/\\\/www.asd-int.com\\\/wp-content\\\/uploads\\\/2020\\\/07\\\/Logo-ASD_noir.png\",\"width\":1054,\"height\":714,\"caption\":\"ASD Group\"},\"image\":{\"@id\":\"https:\\\/\\\/www.asd-int.com\\\/cs\\\/#\\\/schema\\\/logo\\\/image\\\/\"}}]}<\/script>\n<!-- \/ Yoast SEO plugin. -->","yoast_head_json":{"title":"Blog ASD Grou","description":"V\u0161echny novinky t\u00fdkaj\u00edc\u00ed se DPH, mezin\u00e1rodn\u00edch dan\u00ed, celn\u00edch operac\u00ed, soci\u00e1ln\u00edch p\u0159edpis\u016f a mezin\u00e1rodn\u00edho obchodu vysv\u011btluj\u00ed na\u0161i odborn\u00edci.","robots":{"index":"index","follow":"follow","max-snippet":"max-snippet:-1","max-image-preview":"max-image-preview:large","max-video-preview":"max-video-preview:-1"},"canonical":"https:\/\/www.asd-int.com\/cs\/blog\/","og_locale":"cs_CZ","og_type":"article","og_title":"Blog ASD Grou","og_description":"V\u0161echny novinky t\u00fdkaj\u00edc\u00ed se DPH, mezin\u00e1rodn\u00edch dan\u00ed, celn\u00edch operac\u00ed, soci\u00e1ln\u00edch p\u0159edpis\u016f a mezin\u00e1rodn\u00edho obchodu vysv\u011btluj\u00ed na\u0161i odborn\u00edci.","og_url":"https:\/\/www.asd-int.com\/cs\/blog\/","og_site_name":"ASD","article_modified_time":"2023-12-13T12:37:51+00:00","og_image":[{"width":1054,"height":714,"url":"https:\/\/www.asd-int.com\/wp-content\/uploads\/2020\/07\/Logo-ASD_noir.png","type":"image\/png"}],"twitter_card":"summary_large_image","twitter_misc":{"Odhadovan\u00e1 doba \u010dten\u00ed":"1 minuta"},"schema":{"@context":"https:\/\/schema.org","@graph":[{"@type":"WebPage","@id":"https:\/\/www.asd-int.com\/cs\/blog\/","url":"https:\/\/www.asd-int.com\/cs\/blog\/","name":"Blog ASD Grou","isPartOf":{"@id":"https:\/\/www.asd-int.com\/cs\/#website"},"datePublished":"2017-11-20T15:39:22+00:00","dateModified":"2023-12-13T12:37:51+00:00","description":"V\u0161echny novinky t\u00fdkaj\u00edc\u00ed se DPH, mezin\u00e1rodn\u00edch dan\u00ed, celn\u00edch operac\u00ed, soci\u00e1ln\u00edch p\u0159edpis\u016f a mezin\u00e1rodn\u00edho obchodu vysv\u011btluj\u00ed na\u0161i odborn\u00edci.","breadcrumb":{"@id":"https:\/\/www.asd-int.com\/cs\/blog\/#breadcrumb"},"inLanguage":"cs","potentialAction":[{"@type":"ReadAction","target":["https:\/\/www.asd-int.com\/cs\/blog\/"]}]},{"@type":"BreadcrumbList","@id":"https:\/\/www.asd-int.com\/cs\/blog\/#breadcrumb","itemListElement":[{"@type":"ListItem","position":1,"name":"ASD Group","item":"https:\/\/www.asd-int.com\/cs\/"},{"@type":"ListItem","position":2,"name":"Blog"}]},{"@type":"WebSite","@id":"https:\/\/www.asd-int.com\/cs\/#website","url":"https:\/\/www.asd-int.com\/cs\/","name":"ASD","description":"Celn\u00ed a da\u0148ov\u00e9 poradenstv\u00ed v r\u00e1mci unijn\u00edho i mezin\u00e1rodn\u00edho obchodu","publisher":{"@id":"https:\/\/www.asd-int.com\/cs\/#organization"},"potentialAction":[{"@type":"SearchAction","target":{"@type":"EntryPoint","urlTemplate":"https:\/\/www.asd-int.com\/cs\/?s={search_term_string}"},"query-input":{"@type":"PropertyValueSpecification","valueRequired":true,"valueName":"search_term_string"}}],"inLanguage":"cs"},{"@type":"Organization","@id":"https:\/\/www.asd-int.com\/cs\/#organization","name":"ASD Group","url":"https:\/\/www.asd-int.com\/cs\/","logo":{"@type":"ImageObject","inLanguage":"cs","@id":"https:\/\/www.asd-int.com\/cs\/#\/schema\/logo\/image\/","url":"https:\/\/www.asd-int.com\/wp-content\/uploads\/2020\/07\/Logo-ASD_noir.png","contentUrl":"https:\/\/www.asd-int.com\/wp-content\/uploads\/2020\/07\/Logo-ASD_noir.png","width":1054,"height":714,"caption":"ASD Group"},"image":{"@id":"https:\/\/www.asd-int.com\/cs\/#\/schema\/logo\/image\/"}}]}},"_links":{"self":[{"href":"https:\/\/www.asd-int.com\/cs\/wp-json\/wp\/v2\/pages\/13227","targetHints":{"allow":["GET"]}}],"collection":[{"href":"https:\/\/www.asd-int.com\/cs\/wp-json\/wp\/v2\/pages"}],"about":[{"href":"https:\/\/www.asd-int.com\/cs\/wp-json\/wp\/v2\/types\/page"}],"author":[{"embeddable":true,"href":"https:\/\/www.asd-int.com\/cs\/wp-json\/wp\/v2\/users\/36"}],"replies":[{"embeddable":true,"href":"https:\/\/www.asd-int.com\/cs\/wp-json\/wp\/v2\/comments?post=13227"}],"version-history":[{"count":4,"href":"https:\/\/www.asd-int.com\/cs\/wp-json\/wp\/v2\/pages\/13227\/revisions"}],"predecessor-version":[{"id":163310,"href":"https:\/\/www.asd-int.com\/cs\/wp-json\/wp\/v2\/pages\/13227\/revisions\/163310"}],"wp:attachment":[{"href":"https:\/\/www.asd-int.com\/cs\/wp-json\/wp\/v2\/media?parent=13227"}],"curies":[{"name":"wp","href":"https:\/\/api.w.org\/{rel}","templated":true}]}}