{"id":22581,"date":"2018-10-12T11:44:18","date_gmt":"2018-10-12T09:44:18","guid":{"rendered":"https:\/\/www.asd-int.com\/page-de-remerciement\/"},"modified":"2021-03-17T09:03:17","modified_gmt":"2021-03-17T08:03:17","slug":"dekuji","status":"publish","type":"page","link":"https:\/\/www.asd-int.com\/cs\/dekuji\/","title":{"rendered":"Page de remerciement CS"},"content":{"rendered":"\t\t<div data-elementor-type=\"wp-page\" data-elementor-id=\"22581\" class=\"elementor elementor-22581 elementor-16770\" data-elementor-post-type=\"page\">\n\t\t\t\t\t\t<section class=\"elementor-section elementor-top-section elementor-element elementor-element-522b9e13 elementor-section-stretched elementor-section-full_width elementor-section-height-default elementor-section-height-default\" data-id=\"522b9e13\" data-element_type=\"section\" data-e-type=\"section\" data-settings=\"{&quot;stretch_section&quot;:&quot;section-stretched&quot;,&quot;background_background&quot;:&quot;classic&quot;}\">\n\t\t\t\t\t\t<div class=\"elementor-container elementor-column-gap-default\">\n\t\t\t\t\t<div class=\"elementor-column elementor-col-50 elementor-top-column elementor-element elementor-element-1a65174b\" data-id=\"1a65174b\" data-element_type=\"column\" data-e-type=\"column\">\n\t\t\t<div class=\"elementor-widget-wrap\">\n\t\t\t\t\t\t\t<\/div>\n\t\t<\/div>\n\t\t\t\t<div class=\"elementor-column elementor-col-50 elementor-top-column elementor-element elementor-element-84f125d\" data-id=\"84f125d\" data-element_type=\"column\" data-e-type=\"column\">\n\t\t\t<div class=\"elementor-widget-wrap elementor-element-populated\">\n\t\t\t\t\t\t<div class=\"elementor-element elementor-element-64b66afd elementor-widget elementor-widget-heading\" data-id=\"64b66afd\" data-element_type=\"widget\" data-e-type=\"widget\" data-widget_type=\"heading.default\">\n\t\t\t\t<div class=\"elementor-widget-container\">\n\t\t\t\t\t<h3 class=\"elementor-heading-title elementor-size-default\">Kontaktujte n\u00e1s<\/h3>\t\t\t\t<\/div>\n\t\t\t\t<\/div>\n\t\t\t\t<div class=\"elementor-element elementor-element-56e64c91 elementor-widget elementor-widget-heading\" data-id=\"56e64c91\" data-element_type=\"widget\" data-e-type=\"widget\" data-widget_type=\"heading.default\">\n\t\t\t\t<div class=\"elementor-widget-container\">\n\t\t\t\t\t<h1 class=\"elementor-heading-title elementor-size-default\">D\u011bkujeme, \u017ee jste kontaktovali spole\u010dnost ASD Group<\/h1>\t\t\t\t<\/div>\n\t\t\t\t<\/div>\n\t\t\t\t<div class=\"elementor-element elementor-element-4375ace6 elementor-widget-divider--view-line elementor-widget elementor-widget-divider\" data-id=\"4375ace6\" data-element_type=\"widget\" data-e-type=\"widget\" data-widget_type=\"divider.default\">\n\t\t\t\t<div class=\"elementor-widget-container\">\n\t\t\t\t\t\t\t<div class=\"elementor-divider\">\n\t\t\t<span class=\"elementor-divider-separator\">\n\t\t\t\t\t\t<\/span>\n\t\t<\/div>\n\t\t\t\t\t\t<\/div>\n\t\t\t\t<\/div>\n\t\t\t\t\t<\/div>\n\t\t<\/div>\n\t\t\t\t\t<\/div>\n\t\t<\/section>\n\t\t\t\t<section class=\"elementor-section elementor-top-section elementor-element elementor-element-73764a23 elementor-section-boxed elementor-section-height-default elementor-section-height-default\" data-id=\"73764a23\" data-element_type=\"section\" data-e-type=\"section\">\n\t\t\t\t\t\t<div class=\"elementor-container elementor-column-gap-default\">\n\t\t\t\t\t<div class=\"elementor-column elementor-col-100 elementor-top-column elementor-element elementor-element-28595c0a\" data-id=\"28595c0a\" data-element_type=\"column\" data-e-type=\"column\">\n\t\t\t<div class=\"elementor-widget-wrap elementor-element-populated\">\n\t\t\t\t\t\t<div class=\"elementor-element elementor-element-d885681 elementor-widget elementor-widget-image\" data-id=\"d885681\" data-element_type=\"widget\" data-e-type=\"widget\" data-widget_type=\"image.default\">\n\t\t\t\t<div class=\"elementor-widget-container\">\n\t\t\t\t\t\t\t\t\t\t\t\t\t\t\t<img decoding=\"async\" width=\"2\" height=\"111\" src=\"https:\/\/www.asd-int.com\/wp-content\/uploads\/2020\/01\/trait-bas.png\" class=\"attachment-large size-large wp-image-54177\" alt=\"\" \/>\t\t\t\t\t\t\t\t\t\t\t\t\t\t\t<\/div>\n\t\t\t\t<\/div>\n\t\t\t\t<div class=\"elementor-element elementor-element-6db56a09 elementor-widget elementor-widget-heading\" data-id=\"6db56a09\" data-element_type=\"widget\" data-e-type=\"widget\" data-widget_type=\"heading.default\">\n\t\t\t\t<div class=\"elementor-widget-container\">\n\t\t\t\t\t<h3 class=\"elementor-heading-title elementor-size-default\">kontaktujte na\u0161e odborn\u00edky<\/h3>\t\t\t\t<\/div>\n\t\t\t\t<\/div>\n\t\t\t\t<div class=\"elementor-element elementor-element-6dbfefc0 elementor-widget elementor-widget-heading\" data-id=\"6dbfefc0\" data-element_type=\"widget\" data-e-type=\"widget\" data-widget_type=\"heading.default\">\n\t\t\t\t<div class=\"elementor-widget-container\">\n\t\t\t\t\t<h1 class=\"elementor-heading-title elementor-size-default\">D\u011bkujeme, \u017ee jste kontaktovali na\u0161e odborn\u00edky<\/h1>\t\t\t\t<\/div>\n\t\t\t\t<\/div>\n\t\t\t\t<div class=\"elementor-element elementor-element-704c5e62 elementor-widget elementor-widget-text-editor\" data-id=\"704c5e62\" data-element_type=\"widget\" data-e-type=\"widget\" data-widget_type=\"text-editor.default\">\n\t\t\t\t<div class=\"elementor-widget-container\">\n\t\t\t\t\t\t\t\t\t<p>Zav\u00e1zali jsme se, \u017ee v\u00e1m poskytneme odpov\u011b\u010f co nejd\u0159\u00edve. D\u011bkujeme, \u017ee jste kontaktovali na\u0161e slu\u017eby.<\/p>\n\t\t\t\t\t\t\t\t<\/div>\n\t\t\t\t<\/div>\n\t\t\t\t<div class=\"elementor-element elementor-element-d6e8192 elementor-widget elementor-widget-text-editor\" data-id=\"d6e8192\" data-element_type=\"widget\" data-e-type=\"widget\" data-widget_type=\"text-editor.default\">\n\t\t\t\t<div class=\"elementor-widget-container\">\n\t\t\t\t\t\t\t\t\t<p>Mezit\u00edm n\u00e1s nev\u00e1hejte sledovat na na\u0161ich soci\u00e1ln\u00edch s\u00edt\u00edch:<\/p>\n\t\t\t\t\t\t\t\t<\/div>\n\t\t\t\t<\/div>\n\t\t\t\t<div class=\"elementor-element elementor-element-9913c16 elementor-shape-circle elementor-grid-0 e-grid-align-center elementor-widget elementor-widget-social-icons\" data-id=\"9913c16\" data-element_type=\"widget\" data-e-type=\"widget\" data-widget_type=\"social-icons.default\">\n\t\t\t\t<div class=\"elementor-widget-container\">\n\t\t\t\t\t\t\t<div class=\"elementor-social-icons-wrapper elementor-grid\" role=\"list\">\n\t\t\t\t\t\t\t<span class=\"elementor-grid-item\" role=\"listitem\">\n\t\t\t\t\t<a class=\"elementor-icon elementor-social-icon elementor-social-icon-facebook elementor-repeater-item-b51fce1\" href=\"https:\/\/www.facebook.com\/asdgroupint\" target=\"_blank\" rel=\"nofollow\">\n\t\t\t\t\t\t<span class=\"elementor-screen-only\">Facebook<\/span>\n\t\t\t\t\t\t<i aria-hidden=\"true\" class=\"fab fa-facebook\"><\/i>\t\t\t\t\t<\/a>\n\t\t\t\t<\/span>\n\t\t\t\t\t\t\t<span class=\"elementor-grid-item\" role=\"listitem\">\n\t\t\t\t\t<a class=\"elementor-icon elementor-social-icon elementor-social-icon-twitter elementor-repeater-item-e0097a6\" href=\"https:\/\/twitter.com\/asd_group?lang=fr\" target=\"_blank\" rel=\"nofollow\">\n\t\t\t\t\t\t<span class=\"elementor-screen-only\">Twitter<\/span>\n\t\t\t\t\t\t<i aria-hidden=\"true\" class=\"fab fa-twitter\"><\/i>\t\t\t\t\t<\/a>\n\t\t\t\t<\/span>\n\t\t\t\t\t\t\t<span class=\"elementor-grid-item\" role=\"listitem\">\n\t\t\t\t\t<a class=\"elementor-icon elementor-social-icon elementor-social-icon-linkedin elementor-repeater-item-7101029\" href=\"https:\/\/fr.linkedin.com\/company\/asd-group-int\" target=\"_blank\" rel=\"nofollow\">\n\t\t\t\t\t\t<span class=\"elementor-screen-only\">Linkedin<\/span>\n\t\t\t\t\t\t<i aria-hidden=\"true\" class=\"fab fa-linkedin\"><\/i>\t\t\t\t\t<\/a>\n\t\t\t\t<\/span>\n\t\t\t\t\t\t\t<span class=\"elementor-grid-item\" role=\"listitem\">\n\t\t\t\t\t<a class=\"elementor-icon elementor-social-icon elementor-social-icon-youtube elementor-repeater-item-2e36f10\" href=\"https:\/\/www.youtube.com\/user\/ASDGROUPWORLDTAX\/\" target=\"_blank\" rel=\"nofollow\">\n\t\t\t\t\t\t<span class=\"elementor-screen-only\">Youtube<\/span>\n\t\t\t\t\t\t<i aria-hidden=\"true\" class=\"fab fa-youtube\"><\/i>\t\t\t\t\t<\/a>\n\t\t\t\t<\/span>\n\t\t\t\t\t<\/div>\n\t\t\t\t\t\t<\/div>\n\t\t\t\t<\/div>\n\t\t\t\t<div class=\"elementor-element elementor-element-2cf3aa1 elementor-widget elementor-widget-text-editor\" data-id=\"2cf3aa1\" data-element_type=\"widget\" data-e-type=\"widget\" data-widget_type=\"text-editor.default\">\n\t\t\t\t<div class=\"elementor-widget-container\">\n\t\t\t\t\t\t\t\t\t<p><span data-sheets-value=\"{&quot;1&quot;:2,&quot;2&quot;:&quot;Nebo si p\u0159e\u010dt\u011bte na\u0161e nejnov\u011bj\u0161\u00ed p\u0159\u00edsp\u011bvky na blogu, kter\u00e9 by v\u00e1s mohly zaj\u00edmat:&quot;}\" data-sheets-userformat=\"{&quot;2&quot;:513,&quot;3&quot;:{&quot;1&quot;:0},&quot;12&quot;:0}\">Nebo si p\u0159e\u010dt\u011bte na\u0161e nejnov\u011bj\u0161\u00ed p\u0159\u00edsp\u011bvky na blogu, kter\u00e9 by v\u00e1s mohly zaj\u00edmat:<\/span><\/p>\n\t\t\t\t\t\t\t\t<\/div>\n\t\t\t\t<\/div>\n\t\t\t\t<div class=\"elementor-element elementor-element-0774b89 elementor-grid-3 elementor-grid-tablet-2 elementor-grid-mobile-1 elementor-posts--thumbnail-top elementor-widget elementor-widget-posts\" data-id=\"0774b89\" data-element_type=\"widget\" data-e-type=\"widget\" data-settings=\"{&quot;classic_columns&quot;:&quot;3&quot;,&quot;classic_columns_tablet&quot;:&quot;2&quot;,&quot;classic_columns_mobile&quot;:&quot;1&quot;,&quot;classic_row_gap&quot;:{&quot;unit&quot;:&quot;px&quot;,&quot;size&quot;:35,&quot;sizes&quot;:[]},&quot;classic_row_gap_tablet&quot;:{&quot;unit&quot;:&quot;px&quot;,&quot;size&quot;:&quot;&quot;,&quot;sizes&quot;:[]},&quot;classic_row_gap_mobile&quot;:{&quot;unit&quot;:&quot;px&quot;,&quot;size&quot;:&quot;&quot;,&quot;sizes&quot;:[]}}\" data-widget_type=\"posts.classic\">\n\t\t\t\t<div class=\"elementor-widget-container\">\n\t\t\t\t\t\t\t<div class=\"elementor-posts-container elementor-posts elementor-posts--skin-classic elementor-grid\" role=\"list\">\n\t\t\t\t<article class=\"elementor-post elementor-grid-item post-209716 post type-post status-publish format-standard has-post-thumbnail hentry category-dane category-fiscal tag-danove-povinnosti tag-dph tag-elektronicka-fakturace tag-facturation tag-facturation-electronique tag-fakturaci tag-obligations-fiscales tag-tva pays-pologne-cs\" role=\"listitem\">\n\t\t\t\t<a class=\"elementor-post__thumbnail__link\" href=\"https:\/\/www.asd-int.com\/cs\/polsko-vse-o-elektronicke-fakturaci-ksef-v-roce-2026\/\" tabindex=\"-1\" >\n\t\t\t<div class=\"elementor-post__thumbnail\"><img fetchpriority=\"high\" decoding=\"async\" width=\"300\" height=\"200\" src=\"https:\/\/www.asd-int.com\/wp-content\/uploads\/2026\/04\/pologne-tout-savoir-sur-la-facturation-electronique-ksef-en-2026-300x200.jpg\" class=\"attachment-medium size-medium wp-image-209709\" alt=\"Polsko: V\u0161e o elektronick\u00e9 fakturaci KSeF v roce 2026\" srcset=\"https:\/\/www.asd-int.com\/wp-content\/uploads\/2026\/04\/pologne-tout-savoir-sur-la-facturation-electronique-ksef-en-2026-300x200.jpg 300w, https:\/\/www.asd-int.com\/wp-content\/uploads\/2026\/04\/pologne-tout-savoir-sur-la-facturation-electronique-ksef-en-2026-1024x683.jpg 1024w, https:\/\/www.asd-int.com\/wp-content\/uploads\/2026\/04\/pologne-tout-savoir-sur-la-facturation-electronique-ksef-en-2026-768x512.jpg 768w, https:\/\/www.asd-int.com\/wp-content\/uploads\/2026\/04\/pologne-tout-savoir-sur-la-facturation-electronique-ksef-en-2026-1200x800.jpg 1200w, https:\/\/www.asd-int.com\/wp-content\/uploads\/2026\/04\/pologne-tout-savoir-sur-la-facturation-electronique-ksef-en-2026.jpg 1440w\" sizes=\"(max-width: 300px) 100vw, 300px\" \/><\/div>\n\t\t<\/a>\n\t\t\t\t<div class=\"elementor-post__text\">\n\t\t\t\t<h3 class=\"elementor-post__title\">\n\t\t\t<a href=\"https:\/\/www.asd-int.com\/cs\/polsko-vse-o-elektronicke-fakturaci-ksef-v-roce-2026\/\" >\n\t\t\t\tPolsko: V\u0161e o elektronick\u00e9 fakturaci KSeF v roce 2026\t\t\t<\/a>\n\t\t<\/h3>\n\t\t\t\t<div class=\"elementor-post__meta-data\">\n\t\t\t\t\t<span class=\"elementor-post-date\">\n\t\t\t9. 4. 2026\t\t<\/span>\n\t\t\t\t<span class=\"elementor-post-date\">\n\t\t\t9. 4. 2026\t\t<\/span>\n\t\t\t\t<\/div>\n\t\t\t\t<div class=\"elementor-post__excerpt\">\n\t\t\t<p>V roce 2023 se Polsko rozhodlo za\u0159adit mezi \u010dlensk\u00e9 st\u00e1ty zav\u00e1d\u011bj\u00edc\u00ed povinnou elektronickou fakturaci. V tomto kontextu p\u0159edstavuje syst\u00e9m KSeF v\u00fdznamnou etapu digitalizace dan\u00ed a&#8230;<\/p>\n\t\t<\/div>\n\t\t\n\t\t<a class=\"elementor-post__read-more\" href=\"https:\/\/www.asd-int.com\/cs\/polsko-vse-o-elektronicke-fakturaci-ksef-v-roce-2026\/\" aria-label=\"Read more about Polsko: V\u0161e o elektronick\u00e9 fakturaci KSeF v roce 2026\" tabindex=\"-1\" >\n\t\t\tP\u0159e\u010dt\u011bte si v\u00edce \u00bb\t\t<\/a>\n\n\t\t\t\t<\/div>\n\t\t\t\t<\/article>\n\t\t\t\t<article class=\"elementor-post elementor-grid-item post-208598 post type-post status-publish format-standard has-post-thumbnail hentry category-celni-sprava category-dane category-douane category-fiscal tag-carbon-border-adjustment-mechanism-cbam tag-mecanisme-dajustement-carbone-aux-frontieres-macf tag-mechanismus-uhlikoveho-vyrovnani-na-hranicich-cbam tag-mechanismus-uhlikoveho-vyrovnani-na-hranicich-macf tag-taxe-carbone tag-uhlikova-dan pays-evropska-unie\" role=\"listitem\">\n\t\t\t\t<a class=\"elementor-post__thumbnail__link\" href=\"https:\/\/www.asd-int.com\/cs\/cbam-jake-povinnosti-v-roce-2026-pro-dovozce-v-evropske-unii\/\" tabindex=\"-1\" >\n\t\t\t<div class=\"elementor-post__thumbnail\"><img decoding=\"async\" width=\"300\" height=\"185\" src=\"https:\/\/www.asd-int.com\/wp-content\/uploads\/2026\/04\/cbam-quelles-obligations-en-2026-pour-les-importateurs-en-europe-300x185.jpg\" class=\"attachment-medium size-medium wp-image-208584\" alt=\"CBAM: Jak\u00e9 povinnosti v roce 2026 pro dovozce v Evrop\u011b?\" srcset=\"https:\/\/www.asd-int.com\/wp-content\/uploads\/2026\/04\/cbam-quelles-obligations-en-2026-pour-les-importateurs-en-europe-300x185.jpg 300w, https:\/\/www.asd-int.com\/wp-content\/uploads\/2026\/04\/cbam-quelles-obligations-en-2026-pour-les-importateurs-en-europe-1024x630.jpg 1024w, https:\/\/www.asd-int.com\/wp-content\/uploads\/2026\/04\/cbam-quelles-obligations-en-2026-pour-les-importateurs-en-europe-768x473.jpg 768w, https:\/\/www.asd-int.com\/wp-content\/uploads\/2026\/04\/cbam-quelles-obligations-en-2026-pour-les-importateurs-en-europe-1200x738.jpg 1200w, https:\/\/www.asd-int.com\/wp-content\/uploads\/2026\/04\/cbam-quelles-obligations-en-2026-pour-les-importateurs-en-europe.jpg 1440w\" sizes=\"(max-width: 300px) 100vw, 300px\" \/><\/div>\n\t\t<\/a>\n\t\t\t\t<div class=\"elementor-post__text\">\n\t\t\t\t<h3 class=\"elementor-post__title\">\n\t\t\t<a href=\"https:\/\/www.asd-int.com\/cs\/cbam-jake-povinnosti-v-roce-2026-pro-dovozce-v-evropske-unii\/\" >\n\t\t\t\tCBAM: Jak\u00e9 povinnosti v roce 2026 pro dovozce v Evropsk\u00e9 unii?\t\t\t<\/a>\n\t\t<\/h3>\n\t\t\t\t<div class=\"elementor-post__meta-data\">\n\t\t\t\t\t<span class=\"elementor-post-date\">\n\t\t\t3. 4. 2026\t\t<\/span>\n\t\t\t\t<span class=\"elementor-post-date\">\n\t\t\t7. 4. 2026\t\t<\/span>\n\t\t\t\t<\/div>\n\t\t\t\t<div class=\"elementor-post__excerpt\">\n\t\t\t<p>CBAM (Carbon Border Adjustment Mechanism), rovn\u011b\u017e naz\u00fdvan\u00fd CBAM (Uhl\u00edkov\u00e1 da\u0148) nebo \u201euhl\u00edkov\u00e1 da\u0148\u201c, p\u0159edstavuje z\u00e1sadn\u00ed reformu mezin\u00e1rodn\u00edho obchodu zavedenou Evropskou uni\u00ed. C\u00edlem je zav\u00e9st cenu&#8230;<\/p>\n\t\t<\/div>\n\t\t\n\t\t<a class=\"elementor-post__read-more\" href=\"https:\/\/www.asd-int.com\/cs\/cbam-jake-povinnosti-v-roce-2026-pro-dovozce-v-evropske-unii\/\" aria-label=\"Read more about CBAM: Jak\u00e9 povinnosti v roce 2026 pro dovozce v Evropsk\u00e9 unii?\" tabindex=\"-1\" >\n\t\t\tP\u0159e\u010dt\u011bte si v\u00edce \u00bb\t\t<\/a>\n\n\t\t\t\t<\/div>\n\t\t\t\t<\/article>\n\t\t\t\t<article class=\"elementor-post elementor-grid-item post-202090 post type-post status-publish format-standard has-post-thumbnail hentry category-dph tag-sazby-dph pays-evropska-unie pays-royaumeuni-cs pays-suisse-cs\" role=\"listitem\">\n\t\t\t\t<a class=\"elementor-post__thumbnail__link\" href=\"https:\/\/www.asd-int.com\/cs\/sazby-dph-2026-v-evrope\/\" tabindex=\"-1\" >\n\t\t\t<div class=\"elementor-post__thumbnail\"><img loading=\"lazy\" decoding=\"async\" width=\"300\" height=\"200\" src=\"https:\/\/www.asd-int.com\/wp-content\/uploads\/2025\/12\/taux-de-tva-2026-en-europe-300x200.jpg\" class=\"attachment-medium size-medium wp-image-202089\" alt=\"Sazby DPH 2026 v Evrop\u011b\" srcset=\"https:\/\/www.asd-int.com\/wp-content\/uploads\/2025\/12\/taux-de-tva-2026-en-europe-300x200.jpg 300w, https:\/\/www.asd-int.com\/wp-content\/uploads\/2025\/12\/taux-de-tva-2026-en-europe-1024x683.jpg 1024w, https:\/\/www.asd-int.com\/wp-content\/uploads\/2025\/12\/taux-de-tva-2026-en-europe-768x512.jpg 768w, https:\/\/www.asd-int.com\/wp-content\/uploads\/2025\/12\/taux-de-tva-2026-en-europe-1200x800.jpg 1200w, https:\/\/www.asd-int.com\/wp-content\/uploads\/2025\/12\/taux-de-tva-2026-en-europe.jpg 1440w\" sizes=\"(max-width: 300px) 100vw, 300px\" \/><\/div>\n\t\t<\/a>\n\t\t\t\t<div class=\"elementor-post__text\">\n\t\t\t\t<h3 class=\"elementor-post__title\">\n\t\t\t<a href=\"https:\/\/www.asd-int.com\/cs\/sazby-dph-2026-v-evrope\/\" >\n\t\t\t\tSazby DPH 2026 v Evrop\u011b\t\t\t<\/a>\n\t\t<\/h3>\n\t\t\t\t<div class=\"elementor-post__meta-data\">\n\t\t\t\t\t<span class=\"elementor-post-date\">\n\t\t\t31. 12. 2025\t\t<\/span>\n\t\t\t\t<span class=\"elementor-post-date\">\n\t\t\t6. 3. 2026\t\t<\/span>\n\t\t\t\t<\/div>\n\t\t\t\t<div class=\"elementor-post__excerpt\">\n\t\t\t<p>Da\u0148 z p\u0159idan\u00e9 hodnoty (DPH) p\u0159edstavuje jeden z hlavn\u00edch nep\u0159\u00edm\u00fdch dan\u00ed uplat\u0148ovan\u00fdch na spot\u0159ebu. Je zahrnuta v cen\u011b placen\u00e9 kone\u010dn\u00fdm spot\u0159ebitelem p\u0159i n\u00e1kupu zbo\u017e\u00ed nebo&#8230;<\/p>\n\t\t<\/div>\n\t\t\n\t\t<a class=\"elementor-post__read-more\" href=\"https:\/\/www.asd-int.com\/cs\/sazby-dph-2026-v-evrope\/\" aria-label=\"Read more about Sazby DPH 2026 v Evrop\u011b\" tabindex=\"-1\" >\n\t\t\tP\u0159e\u010dt\u011bte si v\u00edce \u00bb\t\t<\/a>\n\n\t\t\t\t<\/div>\n\t\t\t\t<\/article>\n\t\t\t\t<\/div>\n\t\t\n\t\t\t\t\t\t<\/div>\n\t\t\t\t<\/div>\n\t\t\t\t\t<\/div>\n\t\t<\/div>\n\t\t\t\t\t<\/div>\n\t\t<\/section>\n\t\t\t\t<\/div>\n\t\t","protected":false},"excerpt":{"rendered":"<p>Kontaktujte n\u00e1s D\u011bkujeme, \u017ee jste kontaktovali spole\u010dnost ASD Group kontaktujte na\u0161e odborn\u00edky D\u011bkujeme, \u017ee jste kontaktovali na\u0161e odborn\u00edky Zav\u00e1zali jsme se, \u017ee v\u00e1m poskytneme odpov\u011b\u010f&#8230;<\/p>\n","protected":false},"author":36,"featured_media":0,"parent":0,"menu_order":0,"comment_status":"closed","ping_status":"closed","template":"elementor_header_footer","meta":{"_eb_attr":"","_lmt_disableupdate":"no","_lmt_disable":"","footnotes":""},"class_list":["post-22581","page","type-page","status-publish","hentry"],"yoast_head":"<!-- This site is optimized with the Yoast SEO plugin v27.4 - https:\/\/yoast.com\/product\/yoast-seo-wordpress\/ -->\n<title>D\u011bkuji | ASD Group<\/title>\n<meta name=\"description\" content=\"Page de remerciement CS\" \/>\n<meta name=\"robots\" content=\"noindex, follow\" \/>\n<meta property=\"og:locale\" content=\"cs_CZ\" \/>\n<meta property=\"og:type\" content=\"article\" \/>\n<meta property=\"og:title\" content=\"D\u011bkuji | ASD Group\" \/>\n<meta property=\"og:description\" content=\"Page de remerciement CS\" \/>\n<meta property=\"og:url\" content=\"https:\/\/www.asd-int.com\/cs\/dekuji\/\" \/>\n<meta property=\"og:site_name\" content=\"ASD\" \/>\n<meta property=\"article:modified_time\" content=\"2021-03-17T08:03:17+00:00\" \/>\n<meta property=\"og:image\" content=\"https:\/\/www.asd-int.com\/wp-content\/uploads\/2020\/01\/trait-bas.png\" \/>\n<meta name=\"twitter:card\" content=\"summary_large_image\" \/>\n<meta name=\"twitter:label1\" content=\"Odhadovan\u00e1 doba \u010dten\u00ed\" \/>\n\t<meta name=\"twitter:data1\" content=\"1 minuta\" \/>\n<script type=\"application\/ld+json\" class=\"yoast-schema-graph\">{\"@context\":\"https:\\\/\\\/schema.org\",\"@graph\":[{\"@type\":\"WebPage\",\"@id\":\"https:\\\/\\\/www.asd-int.com\\\/cs\\\/dekuji\\\/\",\"url\":\"https:\\\/\\\/www.asd-int.com\\\/cs\\\/dekuji\\\/\",\"name\":\"D\u011bkuji | ASD Group\",\"isPartOf\":{\"@id\":\"https:\\\/\\\/www.asd-int.com\\\/cs\\\/#website\"},\"primaryImageOfPage\":{\"@id\":\"https:\\\/\\\/www.asd-int.com\\\/cs\\\/dekuji\\\/#primaryimage\"},\"image\":{\"@id\":\"https:\\\/\\\/www.asd-int.com\\\/cs\\\/dekuji\\\/#primaryimage\"},\"thumbnailUrl\":\"https:\\\/\\\/www.asd-int.com\\\/wp-content\\\/uploads\\\/2020\\\/01\\\/trait-bas.png\",\"datePublished\":\"2018-10-12T09:44:18+00:00\",\"dateModified\":\"2021-03-17T08:03:17+00:00\",\"description\":\"Page de remerciement CS\",\"breadcrumb\":{\"@id\":\"https:\\\/\\\/www.asd-int.com\\\/cs\\\/dekuji\\\/#breadcrumb\"},\"inLanguage\":\"cs\",\"potentialAction\":[{\"@type\":\"ReadAction\",\"target\":[\"https:\\\/\\\/www.asd-int.com\\\/cs\\\/dekuji\\\/\"]}]},{\"@type\":\"ImageObject\",\"inLanguage\":\"cs\",\"@id\":\"https:\\\/\\\/www.asd-int.com\\\/cs\\\/dekuji\\\/#primaryimage\",\"url\":\"https:\\\/\\\/www.asd-int.com\\\/wp-content\\\/uploads\\\/2020\\\/01\\\/trait-bas.png\",\"contentUrl\":\"https:\\\/\\\/www.asd-int.com\\\/wp-content\\\/uploads\\\/2020\\\/01\\\/trait-bas.png\"},{\"@type\":\"BreadcrumbList\",\"@id\":\"https:\\\/\\\/www.asd-int.com\\\/cs\\\/dekuji\\\/#breadcrumb\",\"itemListElement\":[{\"@type\":\"ListItem\",\"position\":1,\"name\":\"ASD Group\",\"item\":\"https:\\\/\\\/www.asd-int.com\\\/cs\\\/\"},{\"@type\":\"ListItem\",\"position\":2,\"name\":\"Page de remerciement CS\"}]},{\"@type\":\"WebSite\",\"@id\":\"https:\\\/\\\/www.asd-int.com\\\/cs\\\/#website\",\"url\":\"https:\\\/\\\/www.asd-int.com\\\/cs\\\/\",\"name\":\"ASD\",\"description\":\"Celn\u00ed a da\u0148ov\u00e9 poradenstv\u00ed v r\u00e1mci unijn\u00edho i mezin\u00e1rodn\u00edho obchodu\",\"publisher\":{\"@id\":\"https:\\\/\\\/www.asd-int.com\\\/cs\\\/#organization\"},\"potentialAction\":[{\"@type\":\"SearchAction\",\"target\":{\"@type\":\"EntryPoint\",\"urlTemplate\":\"https:\\\/\\\/www.asd-int.com\\\/cs\\\/?s={search_term_string}\"},\"query-input\":{\"@type\":\"PropertyValueSpecification\",\"valueRequired\":true,\"valueName\":\"search_term_string\"}}],\"inLanguage\":\"cs\"},{\"@type\":\"Organization\",\"@id\":\"https:\\\/\\\/www.asd-int.com\\\/cs\\\/#organization\",\"name\":\"ASD Group\",\"url\":\"https:\\\/\\\/www.asd-int.com\\\/cs\\\/\",\"logo\":{\"@type\":\"ImageObject\",\"inLanguage\":\"cs\",\"@id\":\"https:\\\/\\\/www.asd-int.com\\\/cs\\\/#\\\/schema\\\/logo\\\/image\\\/\",\"url\":\"https:\\\/\\\/www.asd-int.com\\\/wp-content\\\/uploads\\\/2020\\\/07\\\/Logo-ASD_noir.png\",\"contentUrl\":\"https:\\\/\\\/www.asd-int.com\\\/wp-content\\\/uploads\\\/2020\\\/07\\\/Logo-ASD_noir.png\",\"width\":1054,\"height\":714,\"caption\":\"ASD Group\"},\"image\":{\"@id\":\"https:\\\/\\\/www.asd-int.com\\\/cs\\\/#\\\/schema\\\/logo\\\/image\\\/\"}}]}<\/script>\n<!-- \/ Yoast SEO plugin. -->","yoast_head_json":{"title":"D\u011bkuji | ASD Group","description":"Page de remerciement CS","robots":{"index":"noindex","follow":"follow"},"og_locale":"cs_CZ","og_type":"article","og_title":"D\u011bkuji | ASD Group","og_description":"Page de remerciement CS","og_url":"https:\/\/www.asd-int.com\/cs\/dekuji\/","og_site_name":"ASD","article_modified_time":"2021-03-17T08:03:17+00:00","og_image":[{"url":"https:\/\/www.asd-int.com\/wp-content\/uploads\/2020\/01\/trait-bas.png","type":"","width":"","height":""}],"twitter_card":"summary_large_image","twitter_misc":{"Odhadovan\u00e1 doba \u010dten\u00ed":"1 minuta"},"schema":{"@context":"https:\/\/schema.org","@graph":[{"@type":"WebPage","@id":"https:\/\/www.asd-int.com\/cs\/dekuji\/","url":"https:\/\/www.asd-int.com\/cs\/dekuji\/","name":"D\u011bkuji | ASD Group","isPartOf":{"@id":"https:\/\/www.asd-int.com\/cs\/#website"},"primaryImageOfPage":{"@id":"https:\/\/www.asd-int.com\/cs\/dekuji\/#primaryimage"},"image":{"@id":"https:\/\/www.asd-int.com\/cs\/dekuji\/#primaryimage"},"thumbnailUrl":"https:\/\/www.asd-int.com\/wp-content\/uploads\/2020\/01\/trait-bas.png","datePublished":"2018-10-12T09:44:18+00:00","dateModified":"2021-03-17T08:03:17+00:00","description":"Page de remerciement CS","breadcrumb":{"@id":"https:\/\/www.asd-int.com\/cs\/dekuji\/#breadcrumb"},"inLanguage":"cs","potentialAction":[{"@type":"ReadAction","target":["https:\/\/www.asd-int.com\/cs\/dekuji\/"]}]},{"@type":"ImageObject","inLanguage":"cs","@id":"https:\/\/www.asd-int.com\/cs\/dekuji\/#primaryimage","url":"https:\/\/www.asd-int.com\/wp-content\/uploads\/2020\/01\/trait-bas.png","contentUrl":"https:\/\/www.asd-int.com\/wp-content\/uploads\/2020\/01\/trait-bas.png"},{"@type":"BreadcrumbList","@id":"https:\/\/www.asd-int.com\/cs\/dekuji\/#breadcrumb","itemListElement":[{"@type":"ListItem","position":1,"name":"ASD Group","item":"https:\/\/www.asd-int.com\/cs\/"},{"@type":"ListItem","position":2,"name":"Page de remerciement CS"}]},{"@type":"WebSite","@id":"https:\/\/www.asd-int.com\/cs\/#website","url":"https:\/\/www.asd-int.com\/cs\/","name":"ASD","description":"Celn\u00ed a da\u0148ov\u00e9 poradenstv\u00ed v r\u00e1mci unijn\u00edho i mezin\u00e1rodn\u00edho obchodu","publisher":{"@id":"https:\/\/www.asd-int.com\/cs\/#organization"},"potentialAction":[{"@type":"SearchAction","target":{"@type":"EntryPoint","urlTemplate":"https:\/\/www.asd-int.com\/cs\/?s={search_term_string}"},"query-input":{"@type":"PropertyValueSpecification","valueRequired":true,"valueName":"search_term_string"}}],"inLanguage":"cs"},{"@type":"Organization","@id":"https:\/\/www.asd-int.com\/cs\/#organization","name":"ASD Group","url":"https:\/\/www.asd-int.com\/cs\/","logo":{"@type":"ImageObject","inLanguage":"cs","@id":"https:\/\/www.asd-int.com\/cs\/#\/schema\/logo\/image\/","url":"https:\/\/www.asd-int.com\/wp-content\/uploads\/2020\/07\/Logo-ASD_noir.png","contentUrl":"https:\/\/www.asd-int.com\/wp-content\/uploads\/2020\/07\/Logo-ASD_noir.png","width":1054,"height":714,"caption":"ASD Group"},"image":{"@id":"https:\/\/www.asd-int.com\/cs\/#\/schema\/logo\/image\/"}}]}},"_links":{"self":[{"href":"https:\/\/www.asd-int.com\/cs\/wp-json\/wp\/v2\/pages\/22581","targetHints":{"allow":["GET"]}}],"collection":[{"href":"https:\/\/www.asd-int.com\/cs\/wp-json\/wp\/v2\/pages"}],"about":[{"href":"https:\/\/www.asd-int.com\/cs\/wp-json\/wp\/v2\/types\/page"}],"author":[{"embeddable":true,"href":"https:\/\/www.asd-int.com\/cs\/wp-json\/wp\/v2\/users\/36"}],"replies":[{"embeddable":true,"href":"https:\/\/www.asd-int.com\/cs\/wp-json\/wp\/v2\/comments?post=22581"}],"version-history":[{"count":0,"href":"https:\/\/www.asd-int.com\/cs\/wp-json\/wp\/v2\/pages\/22581\/revisions"}],"wp:attachment":[{"href":"https:\/\/www.asd-int.com\/cs\/wp-json\/wp\/v2\/media?parent=22581"}],"curies":[{"name":"wp","href":"https:\/\/api.w.org\/{rel}","templated":true}]}}