{"id":25962,"date":"2019-03-11T17:23:33","date_gmt":"2019-03-11T16:23:33","guid":{"rendered":"https:\/\/www.asd-int.com\/?page_id=25962"},"modified":"2019-03-13T14:40:30","modified_gmt":"2019-03-13T13:40:30","slug":"jine-zeme","status":"publish","type":"page","link":"https:\/\/www.asd-int.com\/cs\/blog\/jine-zeme\/","title":{"rendered":"Jin\u00e9 zem\u011b"},"content":{"rendered":"<span><span><a href=\"https:\/\/www.asd-int.com\/cs\/\">ASD Group<\/a><\/span><\/span>\n<p>Zpr\u00e1vy vysv\u011btlily na\u0161i odborn\u00edci<\/p>\n<p>\n  Vybrat zemi&#8230;<\/p>\n<p>V\u0161e<\/p>\n<p>        Belgie<br \/>\n        \u010c\u00edna<br \/>\n           Francie<br \/>\n        It\u00e1lie<br \/>\n           Kanada<br \/>\n           N\u011bmecko<br \/>\n           Polsko<br \/>\n           Portugalsko<br \/>\n           \u0160pan\u011blsko<br \/>\n                Spojen\u00e9 arabsk\u00e9 emir\u00e1ty<br \/>\n          Spojen\u00e9 kr\u00e1lovstv\u00ed<br \/>\n           \u0160v\u00fdcarsko<br \/>\n        US<br \/>\n           Ostatn\u00ed zem\u011b<\/p>\n<p>\n    V\u0161e<br \/>\n    Mezin\u00e1rodn\u00ed dan\u011b<br \/>\n    Celn\u00ed Slu\u017eby<br \/>\n    Vysl\u00e1n\u00ed zam\u011bstnanc\u016f<br \/>\n    E-commerce<br \/>\n    Vysl\u00e1n\u00ed zam\u011bstnanc\u016f\n<\/p>\n<p>[widgetkit id=&#8220;29&#8243; name=&#8220;blog&#8220;]<\/p>\n<p><!-- {\"name\":\"\",\"type\":\"layout\",\"children\":[{\"name\":\"Header Title\",\"type\":\"section\",\"props\":{\"style\":\"default\",\"width\":\"default\",\"vertical_align\":\"middle\",\"title_position\":\"top-left\",\"title_rotation\":\"left\",\"title_breakpoint\":\"xl\",\"image_position\":\"center-center\",\"header_transparent\":\"\",\"header_transparent_noplaceholder\":true,\"image\":\"wp-content\\\/uploads\\\/2017\\\/12\\\/background-blog.jpg\",\"text_color\":\"light\",\"padding\":\"small\",\"image_size\":\"cover\"},\"children\":[{\"name\":\"\",\"type\":\"row\",\"props\":{\"fixed_width\":\"large\",\"breakpoint\":\"m\",\"layout\":\",\",\"width\":\"default\"},\"children\":[{\"name\":\"\",\"type\":\"column\",\"props\":{\"widths\":[\"\"],\"image_position\":\"center-center\"}},{\"name\":\"\",\"type\":\"column\",\"props\":{\"widths\":[\"\"],\"image_position\":\"center-center\"},\"children\":[{\"name\":\"Breadcrumbs\",\"type\":\"text\",\"props\":{\"margin\":\"default\",\"column_breakpoint\":\"m\",\"content\":\"\n\n<p>[wpseo_breadcrumb]<\\\/p>\",\"css\":\".el-element {\\n text-transform: uppercase;   \\n}\"}},{\"name\":\"\",\"type\":\"wordpress_area\",\"props\":{\"layout\":\"stack\",\"breakpoint\":\"m\",\"content\":\"builder-1\"}},{\"name\":\"\",\"type\":\"headline\",\"props\":{\"title_element\":\"h3\",\"content\":\"\n\n<h3 class=\\\"uk-margin-remove-top\\\">Zpr\\u00e1vy vysv\\u011btlily na\\u0161i odborn\\u00edci<\\\/h3>\",\"margin_remove_top\":true,\"title_style\":\"\",\"title_decoration\":\"\",\"title_color\":\"\",\"text_align\":\"\",\"text_align_breakpoint\":\"\",\"text_align_fallback\":\"\",\"maxwidth\":\"\",\"maxwidth_align\":\"\",\"maxwidth_breakpoint\":\"\",\"margin\":\"\",\"animation\":\"\",\"visibility\":\"\"}}]}]}]},{\"name\":\"Country select\",\"type\":\"section\",\"props\":{\"style\":\"secondary\",\"width\":\"default\",\"vertical_align\":\"middle\",\"title_position\":\"top-left\",\"title_rotation\":\"left\",\"title_breakpoint\":\"xl\",\"image_position\":\"center-center\",\"padding\":\"xsmall\",\"id\":\"country-select\"},\"children\":[{\"name\":\"\",\"type\":\"row\",\"props\":{\"fixed_width\":\"large\",\"breakpoint\":\"m\",\"layout\":\"1-1\"},\"children\":[{\"name\":\"\",\"type\":\"column\",\"props\":{\"widths\":[\"1-1\"],\"image_position\":\"center-center\"},\"children\":[{\"name\":\"\",\"type\":\"html\",\"props\":{\"content\":\"\n\n<div class=\\\"uk-text-center\\\">\\n  <button class=\\\"uk-button uk-button-default\\\" type=\\\"button\\\">Vybrat zemi...<span class=\\\"uk-margin-left\\\" uk-icon=\\\"icon: chevron-down\\\"><\\\/span><\\\/button>\\n  \n\n<div uk-dropdown=\\\"pos: bottom-center\\\">\\n      \n\n<ul class=\\\"uk-nav uk-dropdown-nav country-select\\\">\\n        \n\n<li class=\\\"uk-active\\\"><a href=\\\"https:\\\/\\\/www.asd-int.com\\\/cs\\\/aktuality\\\/\\\">\\nV\\u0161e<\\\/a><\\\/li>\\n       \\n        \\n       \\n        \n\n<li><a href=\\\"https:\\\/\\\/www.asd-int.com\\\/cs\\\/aktuality\\\/belgie\\\/\\\">Belgie<\\\/a><\\\/li>\\n        \n\n<li><a href=\\\"https:\\\/\\\/www.asd-int.com\\\/cs\\\/aktuality\\\/cina\\\/\\\">\\u010c\\u00edna<\\\/a><\\\/li>\\n           \n\n<li><a href=\\\"https:\\\/\\\/www.asd-int.com\\\/cs\\\/aktuality\\\/francie\\\/\\\">Francie<\\\/a><\\\/li>\\n        \n\n<li><a href=\\\"https:\\\/\\\/www.asd-int.com\\\/cs\\\/aktuality\\\/italie\\\/\\\">It\\u00e1lie<\\\/a><\\\/li>\\n           \n\n<li><a href=\\\"https:\\\/\\\/www.asd-int.com\\\/cs\\\/aktuality\\\/kanada\\\/\\\">Kanada<\\\/a><\\\/li>\\n           \n\n<li><a href=\\\"https:\\\/\\\/www.asd-int.com\\\/cs\\\/aktuality\\\/nemecko\\\">N\\u011bmecko<\\\/a><\\\/li>\\n           \n\n<li><a href=\\\"https:\\\/\\\/www.asd-int.com\\\/cs\\\/aktuality\\\/polsko\\\/\\\">Polsko<\\\/a><\\\/li>\\n           \n\n<li><a href=\\\"https:\\\/\\\/www.asd-int.com\\\/cs\\\/aktuality\\\/portugalsko\\\/\\\">Portugalsko<\\\/a><\\\/li>\\n           \n\n<li><a href=\\\"https:\\\/\\\/www.asd-int.com\\\/cs\\\/aktuality\\\/spanelsko\\\/\\\">\\u0160pan\\u011blsko<\\\/a><\\\/li>\\n        \n\n<li><a href=\\\"https:\\\/\\\/www.asd-int.com\\\/cs\\\/aktuality\\\/spojene-arabske-emiraty\\\/\\\">        Spojen\\u00e9 arabsk\\u00e9 emir\\u00e1ty<\\\/a><\\\/li>\\n          \n\n<li><a href=\\\"https:\\\/\\\/www.asd-int.com\\\/cs\\\/aktuality\\\/anglie\\\/\\\">Spojen\\u00e9 kr\\u00e1lovstv\\u00ed<\\\/a><\\\/li>\\n           \n\n<li><a href=\\\"https:\\\/\\\/www.asd-int.com\\\/cs\\\/aktuality\\\/svycarsko\\\/\\\">\\u0160v\\u00fdcarsko<\\\/a><\\\/li>\\n        \n\n<li><a href=\\\"https:\\\/\\\/www.asd-int.com\\\/cs\\\/aktuality\\\/us\\\/\\\">US<\\\/a><\\\/li>\\n           \n\n<li><a href=\\\"https:\\\/\\\/www.asd-int.com\\\/cs\\\/aktuality\\\/jine-zeme\\\/\\\">Ostatn\\u00ed zem\\u011b<\\\/a><\\\/li>\\n       \\n       \\n        \\n       \\n       \\n      <\\\/ul>\\n  <\\\/div>\\n<\\\/div>\"}}]}]}]},{\"name\":\"Blog grid\",\"type\":\"section\",\"props\":{\"style\":\"default\",\"width\":\"default\",\"vertical_align\":\"middle\",\"title_position\":\"top-left\",\"title_rotation\":\"left\",\"title_breakpoint\":\"xl\",\"image_position\":\"center-center\"},\"children\":[{\"name\":\"\",\"type\":\"row\",\"props\":{\"fixed_width\":\"large\",\"breakpoint\":\"m\",\"layout\":\"1-1\"},\"children\":[{\"name\":\"\",\"type\":\"column\",\"props\":{\"widths\":[\"1-1\"],\"image_position\":\"center-center\"},\"children\":[{\"name\":\"Blog filter tab\",\"type\":\"html\",\"props\":{\"content\":\"\n\n<ul class=\\\"uk-flex-center\\\" uk-tab>\\n    \n\n<li id=\\\"tag-all\\\"><a href=\\\"\\\">V\\u0161e<\\\/a><\\\/li>\\n    \n\n<li id=\\\"tag-taxes\\\"><a href=\\\"\\\">Mezin\\u00e1rodn\\u00ed dan\\u011b<\\\/a><\\\/li>\\n    \n\n<li id=\\\"tag-douanes\\\"><a href=\\\"\\\">Celn\\u00ed Slu\\u017eby <\\\/a><\\\/li>\\n    \n\n<li id=\\\"tag-detachement\\\"><a href=\\\"\\\">Vysl\\u00e1n\\u00ed zam\\u011bstnanc\\u016f<\\\/a><\\\/li>\\n    \n\n<li id=\\\"tag-vad\\\"><a href=\\\"\\\">E-commerce<\\\/a><\\\/li>\\n    \n\n<li id=\\\"tag-news\\\"><a href=\\\"\\\">Vysl\\u00e1n\\u00ed zam\\u011bstnanc\\u016f<\\\/a><\\\/li>\\n<\\\/ul>\"}},{\"name\":\"\",\"type\":\"html\",\"props\":{\"content\":\"[widgetkit id=\\\"29\\\" name=\\\"blog\\\"]\"}}]}]}]}]} --><\/p>\n","protected":false},"excerpt":{"rendered":"<p>Zpr\u00e1vy vysv\u011btlily na\u0161i odborn\u00edci Vybrat zemi&#8230; V\u0161e Belgie \u010c\u00edna Francie It\u00e1lie Kanada N\u011bmecko Polsko Portugalsko \u0160pan\u011blsko Spojen\u00e9 arabsk\u00e9 emir\u00e1ty Spojen\u00e9 kr\u00e1lovstv\u00ed \u0160v\u00fdcarsko US Ostatn\u00ed zem\u011b&#8230;<\/p>\n","protected":false},"author":36,"featured_media":0,"parent":13227,"menu_order":0,"comment_status":"closed","ping_status":"closed","template":"","meta":{"_eb_attr":"","_lmt_disableupdate":"","_lmt_disable":"","footnotes":""},"class_list":["post-25962","page","type-page","status-publish","hentry"],"yoast_head":"<!-- This site is optimized with the Yoast SEO plugin v27.3 - https:\/\/yoast.com\/product\/yoast-seo-wordpress\/ -->\n<title>Jin\u00e9 zem\u011b<\/title>\n<meta name=\"robots\" content=\"index, follow, max-snippet:-1, max-image-preview:large, max-video-preview:-1\" \/>\n<link rel=\"canonical\" href=\"https:\/\/www.asd-int.com\/cs\/blog\/jine-zeme\/\" \/>\n<meta property=\"og:locale\" content=\"cs_CZ\" \/>\n<meta property=\"og:type\" content=\"article\" \/>\n<meta property=\"og:title\" content=\"Jin\u00e9 zem\u011b\" \/>\n<meta property=\"og:description\" content=\"Zpr\u00e1vy vysv\u011btlily na\u0161i odborn\u00edci Vybrat zemi&#8230; V\u0161e Belgie \u010c\u00edna Francie It\u00e1lie Kanada N\u011bmecko Polsko Portugalsko \u0160pan\u011blsko Spojen\u00e9 arabsk\u00e9 emir\u00e1ty Spojen\u00e9 kr\u00e1lovstv\u00ed \u0160v\u00fdcarsko US Ostatn\u00ed zem\u011b...\" \/>\n<meta property=\"og:url\" content=\"https:\/\/www.asd-int.com\/cs\/blog\/jine-zeme\/\" \/>\n<meta property=\"og:site_name\" content=\"ASD\" \/>\n<meta property=\"article:modified_time\" content=\"2019-03-13T13:40:30+00:00\" \/>\n<meta property=\"og:image\" content=\"https:\/\/www.asd-int.com\/wp-content\/uploads\/2020\/07\/Logo-ASD_noir.png\" \/>\n\t<meta property=\"og:image:width\" content=\"1054\" \/>\n\t<meta property=\"og:image:height\" content=\"714\" \/>\n\t<meta property=\"og:image:type\" content=\"image\/png\" \/>\n<meta name=\"twitter:card\" content=\"summary_large_image\" \/>\n<script type=\"application\/ld+json\" class=\"yoast-schema-graph\">{\"@context\":\"https:\\\/\\\/schema.org\",\"@graph\":[{\"@type\":\"WebPage\",\"@id\":\"https:\\\/\\\/www.asd-int.com\\\/cs\\\/blog\\\/jine-zeme\\\/\",\"url\":\"https:\\\/\\\/www.asd-int.com\\\/cs\\\/blog\\\/jine-zeme\\\/\",\"name\":\"Jin\u00e9 zem\u011b\",\"isPartOf\":{\"@id\":\"https:\\\/\\\/www.asd-int.com\\\/cs\\\/#website\"},\"datePublished\":\"2019-03-11T16:23:33+00:00\",\"dateModified\":\"2019-03-13T13:40:30+00:00\",\"breadcrumb\":{\"@id\":\"https:\\\/\\\/www.asd-int.com\\\/cs\\\/blog\\\/jine-zeme\\\/#breadcrumb\"},\"inLanguage\":\"cs\",\"potentialAction\":[{\"@type\":\"ReadAction\",\"target\":[\"https:\\\/\\\/www.asd-int.com\\\/cs\\\/blog\\\/jine-zeme\\\/\"]}]},{\"@type\":\"BreadcrumbList\",\"@id\":\"https:\\\/\\\/www.asd-int.com\\\/cs\\\/blog\\\/jine-zeme\\\/#breadcrumb\",\"itemListElement\":[{\"@type\":\"ListItem\",\"position\":1,\"name\":\"ASD Group\",\"item\":\"https:\\\/\\\/www.asd-int.com\\\/cs\\\/\"},{\"@type\":\"ListItem\",\"position\":2,\"name\":\"Blog\",\"item\":\"https:\\\/\\\/www.asd-int.com\\\/cs\\\/blog\\\/\"},{\"@type\":\"ListItem\",\"position\":3,\"name\":\"Jin\u00e9 zem\u011b\"}]},{\"@type\":\"WebSite\",\"@id\":\"https:\\\/\\\/www.asd-int.com\\\/cs\\\/#website\",\"url\":\"https:\\\/\\\/www.asd-int.com\\\/cs\\\/\",\"name\":\"ASD\",\"description\":\"Celn\u00ed a da\u0148ov\u00e9 poradenstv\u00ed v r\u00e1mci unijn\u00edho i mezin\u00e1rodn\u00edho obchodu\",\"publisher\":{\"@id\":\"https:\\\/\\\/www.asd-int.com\\\/cs\\\/#organization\"},\"potentialAction\":[{\"@type\":\"SearchAction\",\"target\":{\"@type\":\"EntryPoint\",\"urlTemplate\":\"https:\\\/\\\/www.asd-int.com\\\/cs\\\/?s={search_term_string}\"},\"query-input\":{\"@type\":\"PropertyValueSpecification\",\"valueRequired\":true,\"valueName\":\"search_term_string\"}}],\"inLanguage\":\"cs\"},{\"@type\":\"Organization\",\"@id\":\"https:\\\/\\\/www.asd-int.com\\\/cs\\\/#organization\",\"name\":\"ASD Group\",\"url\":\"https:\\\/\\\/www.asd-int.com\\\/cs\\\/\",\"logo\":{\"@type\":\"ImageObject\",\"inLanguage\":\"cs\",\"@id\":\"https:\\\/\\\/www.asd-int.com\\\/cs\\\/#\\\/schema\\\/logo\\\/image\\\/\",\"url\":\"https:\\\/\\\/www.asd-int.com\\\/wp-content\\\/uploads\\\/2020\\\/07\\\/Logo-ASD_noir.png\",\"contentUrl\":\"https:\\\/\\\/www.asd-int.com\\\/wp-content\\\/uploads\\\/2020\\\/07\\\/Logo-ASD_noir.png\",\"width\":1054,\"height\":714,\"caption\":\"ASD Group\"},\"image\":{\"@id\":\"https:\\\/\\\/www.asd-int.com\\\/cs\\\/#\\\/schema\\\/logo\\\/image\\\/\"}}]}<\/script>\n<!-- \/ Yoast SEO plugin. -->","yoast_head_json":{"title":"Jin\u00e9 zem\u011b","robots":{"index":"index","follow":"follow","max-snippet":"max-snippet:-1","max-image-preview":"max-image-preview:large","max-video-preview":"max-video-preview:-1"},"canonical":"https:\/\/www.asd-int.com\/cs\/blog\/jine-zeme\/","og_locale":"cs_CZ","og_type":"article","og_title":"Jin\u00e9 zem\u011b","og_description":"Zpr\u00e1vy vysv\u011btlily na\u0161i odborn\u00edci Vybrat zemi&#8230; V\u0161e Belgie \u010c\u00edna Francie It\u00e1lie Kanada N\u011bmecko Polsko Portugalsko \u0160pan\u011blsko Spojen\u00e9 arabsk\u00e9 emir\u00e1ty Spojen\u00e9 kr\u00e1lovstv\u00ed \u0160v\u00fdcarsko US Ostatn\u00ed zem\u011b...","og_url":"https:\/\/www.asd-int.com\/cs\/blog\/jine-zeme\/","og_site_name":"ASD","article_modified_time":"2019-03-13T13:40:30+00:00","og_image":[{"width":1054,"height":714,"url":"https:\/\/www.asd-int.com\/wp-content\/uploads\/2020\/07\/Logo-ASD_noir.png","type":"image\/png"}],"twitter_card":"summary_large_image","schema":{"@context":"https:\/\/schema.org","@graph":[{"@type":"WebPage","@id":"https:\/\/www.asd-int.com\/cs\/blog\/jine-zeme\/","url":"https:\/\/www.asd-int.com\/cs\/blog\/jine-zeme\/","name":"Jin\u00e9 zem\u011b","isPartOf":{"@id":"https:\/\/www.asd-int.com\/cs\/#website"},"datePublished":"2019-03-11T16:23:33+00:00","dateModified":"2019-03-13T13:40:30+00:00","breadcrumb":{"@id":"https:\/\/www.asd-int.com\/cs\/blog\/jine-zeme\/#breadcrumb"},"inLanguage":"cs","potentialAction":[{"@type":"ReadAction","target":["https:\/\/www.asd-int.com\/cs\/blog\/jine-zeme\/"]}]},{"@type":"BreadcrumbList","@id":"https:\/\/www.asd-int.com\/cs\/blog\/jine-zeme\/#breadcrumb","itemListElement":[{"@type":"ListItem","position":1,"name":"ASD Group","item":"https:\/\/www.asd-int.com\/cs\/"},{"@type":"ListItem","position":2,"name":"Blog","item":"https:\/\/www.asd-int.com\/cs\/blog\/"},{"@type":"ListItem","position":3,"name":"Jin\u00e9 zem\u011b"}]},{"@type":"WebSite","@id":"https:\/\/www.asd-int.com\/cs\/#website","url":"https:\/\/www.asd-int.com\/cs\/","name":"ASD","description":"Celn\u00ed a da\u0148ov\u00e9 poradenstv\u00ed v r\u00e1mci unijn\u00edho i mezin\u00e1rodn\u00edho obchodu","publisher":{"@id":"https:\/\/www.asd-int.com\/cs\/#organization"},"potentialAction":[{"@type":"SearchAction","target":{"@type":"EntryPoint","urlTemplate":"https:\/\/www.asd-int.com\/cs\/?s={search_term_string}"},"query-input":{"@type":"PropertyValueSpecification","valueRequired":true,"valueName":"search_term_string"}}],"inLanguage":"cs"},{"@type":"Organization","@id":"https:\/\/www.asd-int.com\/cs\/#organization","name":"ASD Group","url":"https:\/\/www.asd-int.com\/cs\/","logo":{"@type":"ImageObject","inLanguage":"cs","@id":"https:\/\/www.asd-int.com\/cs\/#\/schema\/logo\/image\/","url":"https:\/\/www.asd-int.com\/wp-content\/uploads\/2020\/07\/Logo-ASD_noir.png","contentUrl":"https:\/\/www.asd-int.com\/wp-content\/uploads\/2020\/07\/Logo-ASD_noir.png","width":1054,"height":714,"caption":"ASD Group"},"image":{"@id":"https:\/\/www.asd-int.com\/cs\/#\/schema\/logo\/image\/"}}]}},"_links":{"self":[{"href":"https:\/\/www.asd-int.com\/cs\/wp-json\/wp\/v2\/pages\/25962","targetHints":{"allow":["GET"]}}],"collection":[{"href":"https:\/\/www.asd-int.com\/cs\/wp-json\/wp\/v2\/pages"}],"about":[{"href":"https:\/\/www.asd-int.com\/cs\/wp-json\/wp\/v2\/types\/page"}],"author":[{"embeddable":true,"href":"https:\/\/www.asd-int.com\/cs\/wp-json\/wp\/v2\/users\/36"}],"replies":[{"embeddable":true,"href":"https:\/\/www.asd-int.com\/cs\/wp-json\/wp\/v2\/comments?post=25962"}],"version-history":[{"count":0,"href":"https:\/\/www.asd-int.com\/cs\/wp-json\/wp\/v2\/pages\/25962\/revisions"}],"up":[{"embeddable":true,"href":"https:\/\/www.asd-int.com\/cs\/wp-json\/wp\/v2\/pages\/13227"}],"wp:attachment":[{"href":"https:\/\/www.asd-int.com\/cs\/wp-json\/wp\/v2\/media?parent=25962"}],"curies":[{"name":"wp","href":"https:\/\/api.w.org\/{rel}","templated":true}]}}