{"id":13303,"date":"2018-06-14T11:19:27","date_gmt":"2018-06-14T09:19:27","guid":{"rendered":"https:\/\/www.asd-int.com\/?page_id=13303"},"modified":"2019-03-14T09:57:26","modified_gmt":"2019-03-14T08:57:26","slug":"schweiz","status":"publish","type":"page","link":"https:\/\/www.asd-int.com\/de\/blog\/schweiz\/","title":{"rendered":"Schweiz"},"content":{"rendered":"<span><span><a href=\"https:\/\/www.asd-int.com\/de\/\">ASD Group<\/a><\/span><\/span>\n<p>Alle wichtigen Informationen bez\u00fcglich Ihrer grenz\u00fcberschreitenden Aktivit\u00e4ten auf der ganzen Welt.<\/p>\n<p>\n  W\u00e4hlen Sie ein Land aus<\/p>\n<p>        Alle L\u00e4nder<br \/>\n          Belgien<br \/>\n        China<br \/>\n        Deutchland<br \/>\n           Frankreich<br \/>\n        Italien<br \/>\n          Polen<br \/>\n           Portugal<br \/>\n          Schweiz<br \/>\n           Spanien<br \/>\n           Vereinigte Arabische Emirate<\/p>\n<p>Vereinigtes K\u00f6nigreich<\/p>\n<p>Vereinigte Staaten<br \/>\n           Andere L\u00e4nder<\/p>\n<p>\n    Alle<br \/>\n    Steuerwesen<br \/>\n    Zoll<br \/>\n    Entsendung Von Arbeitnehmern<br \/>\n    E-commerce<br \/>\n    Neuigkeiten Von Der Asd-Gruppe\n<\/p>\n<p>[widgetkit id=&#8220;18&#8243; name=&#8220;blog&#8220;]<\/p>\n<p><!-- {\"name\":\"\",\"type\":\"layout\",\"children\":[{\"name\":\"Header Title\",\"type\":\"section\",\"props\":{\"style\":\"default\",\"width\":\"default\",\"vertical_align\":\"middle\",\"title_position\":\"top-left\",\"title_rotation\":\"left\",\"title_breakpoint\":\"xl\",\"image_position\":\"center-center\",\"header_transparent\":\"\",\"header_transparent_noplaceholder\":true,\"image\":\"wp-content\\\/uploads\\\/2017\\\/12\\\/background-blog.jpg\",\"text_color\":\"light\",\"padding\":\"small\",\"image_size\":\"cover\"},\"children\":[{\"name\":\"\",\"type\":\"row\",\"props\":{\"fixed_width\":\"large\",\"breakpoint\":\"m\",\"layout\":\",\",\"width\":\"default\"},\"children\":[{\"name\":\"\",\"type\":\"column\",\"props\":{\"widths\":[\"\"],\"image_position\":\"center-center\"}},{\"name\":\"\",\"type\":\"column\",\"props\":{\"widths\":[\"\"],\"image_position\":\"center-center\"},\"children\":[{\"name\":\"Breadcrumbs\",\"type\":\"text\",\"props\":{\"margin\":\"default\",\"column_breakpoint\":\"m\",\"content\":\"\n\n<p>[wpseo_breadcrumb]<\\\/p>\",\"css\":\".el-element {\\n text-transform: uppercase;   \\n}\"}},{\"name\":\"\",\"type\":\"wordpress_area\",\"props\":{\"layout\":\"stack\",\"breakpoint\":\"m\",\"content\":\"builder-1\"}},{\"name\":\"\",\"type\":\"headline\",\"props\":{\"title_element\":\"h3\",\"content\":\"\n\n<p class=\\\"p1\\\"><span class=\\\"s1\\\">Alle wichtigen Informationen bez\\u00fcglich Ihrer grenz\\u00fcberschreitenden Aktivit\\u00e4ten auf der ganzen Welt.<\\\/span><\\\/p>\",\"margin_remove_top\":true}}]}]}]},{\"name\":\"Country select\",\"type\":\"section\",\"props\":{\"style\":\"secondary\",\"width\":\"default\",\"vertical_align\":\"middle\",\"title_position\":\"top-left\",\"title_rotation\":\"left\",\"title_breakpoint\":\"xl\",\"image_position\":\"center-center\",\"padding\":\"xsmall\",\"id\":\"country-select\"},\"children\":[{\"name\":\"\",\"type\":\"row\",\"props\":{\"fixed_width\":\"large\",\"breakpoint\":\"m\",\"layout\":\"1-1\"},\"children\":[{\"name\":\"\",\"type\":\"column\",\"props\":{\"widths\":[\"1-1\"],\"image_position\":\"center-center\"},\"children\":[{\"name\":\"\",\"type\":\"html\",\"props\":{\"content\":\"\n\n<div class=\\\"uk-text-center\\\">\\n  <button class=\\\"uk-button uk-button-default\\\" type=\\\"button\\\">W\\u00e4hlen Sie ein Land aus<span class=\\\"uk-margin-left\\\" uk-icon=\\\"icon: chevron-down\\\"><\\\/span><\\\/button>\\n  \n\n<div uk-dropdown=\\\"pos: bottom-center\\\">\\n      \n\n<ul class=\\\"uk-nav uk-dropdown-nav country-select\\\">\\n        \n\n<li class=\\\"uk-active\\\"><a href=\\\"https:\\\/\\\/www.asd-int.com\\\/de\\\/aktuelles\\\/\\\">Alle L\\u00e4nder<\\\/a><\\\/li>\\n          \n\n<li><a href=\\\"https:\\\/\\\/www.asd-int.com\\\/de\\\/aktuelles\\\/belgien\\\/\\\">Belgien<\\\/a><\\\/li>\\n        \n\n<li><a href=\\\"https:\\\/\\\/www.asd-int.com\\\/de\\\/aktuelles\\\/china\\\/\\\">China<\\\/a><\\\/li>\\n        \n\n<li><a href=\\\"https:\\\/\\\/www.asd-int.com\\\/de\\\/aktuelles\\\/deutchland\\\">Deutchland<\\\/a><\\\/li>\\n           \n\n<li><a href=\\\"https:\\\/\\\/www.asd-int.com\\\/de\\\/aktuelles\\\/frankreich\\\/\\\">Frankreich<\\\/a><\\\/li>\\n        \n\n<li><a href=\\\"https:\\\/\\\/www.asd-int.com\\\/de\\\/aktuelles\\\/italien\\\/\\\">Italien<\\\/a><\\\/li>\\n          \n\n<li><a href=\\\"https:\\\/\\\/www.asd-int.com\\\/de\\\/aktuelles\\\/polen\\\/\\\">Polen<\\\/a><\\\/li>\\n           \n\n<li><a href=\\\"https:\\\/\\\/www.asd-int.com\\\/wp-admin\\\/post.php?post=25860&action=edit&lang=de\\\">Portugal<\\\/a><\\\/li>\\n          \n\n<li><a href=\\\"https:\\\/\\\/www.asd-int.com\\\/de\\\/aktuelles\\\/schweiz\\\/\\\">Schweiz<\\\/a><\\\/li>\\n           \n\n<li><a href=\\\"https:\\\/\\\/www.asd-int.com\\\/de\\\/aktuelles\\\/spanien\\\/\\\">Spanien<\\\/a><\\\/li>\\n           \n\n<li><a href=\\\"https:\\\/\\\/www.asd-int.com\\\/de\\\/aktuelles\\\/vereinigte-arabische-emirate\\\/\\\">Vereinigte Arabische Emirate<\\\/a><\\\/li>\\n        \n\n<li><a href=\\\"https:\\\/\\\/www.asd-int.com\\\/de\\\/aktuelles\\\/england\\\/\\\">\\nVereinigtes K\\u00f6nigreich<\\\/a><\\\/li>\\n          \\n        \\n       \\n        \n\n<li><a href=\\\"https:\\\/\\\/www.asd-int.com\\\/de\\\/aktuelles\\\/us\\\/\\\">\\nVereinigte Staaten<\\\/a><\\\/li>\\n           \n\n<li><a href=\\\"https:\\\/\\\/www.asd-int.com\\\/de\\\/aktuelles\\\/andere-laender\\\/\\\">Andere L\\u00e4nder<\\\/a><\\\/li>\\n        \\n       \\n       \\n       \\n        \\n      <\\\/ul>\\n  <\\\/div>\\n<\\\/div>\"}}]}]}]},{\"name\":\"Blog grid\",\"type\":\"section\",\"props\":{\"style\":\"default\",\"width\":\"default\",\"vertical_align\":\"middle\",\"title_position\":\"top-left\",\"title_rotation\":\"left\",\"title_breakpoint\":\"xl\",\"image_position\":\"center-center\"},\"children\":[{\"name\":\"\",\"type\":\"row\",\"props\":{\"fixed_width\":\"large\",\"breakpoint\":\"m\",\"layout\":\"1-1\"},\"children\":[{\"name\":\"\",\"type\":\"column\",\"props\":{\"widths\":[\"1-1\"],\"image_position\":\"center-center\"},\"children\":[{\"name\":\"Blog filter tab\",\"type\":\"html\",\"props\":{\"content\":\"\n\n<ul class=\\\"uk-flex-center\\\" uk-tab>\\n    \n\n<li id=\\\"tag-all\\\"><a href=\\\"\\\">Alle<\\\/a><\\\/li>\\n    \n\n<li id=\\\"tag-taxes\\\"><a href=\\\"\\\">Steuerwesen<\\\/a><\\\/li>\\n    \n\n<li id=\\\"tag-douanes\\\"><a href=\\\"\\\">Zoll<\\\/a><\\\/li>\\n    \n\n<li id=\\\"tag-detachement\\\"><a href=\\\"\\\">Entsendung Von Arbeitnehmern<\\\/a><\\\/li>\\n    \n\n<li id=\\\"tag-vad\\\"><a href=\\\"\\\">E-commerce<\\\/a><\\\/li>\\n    \n\n<li id=\\\"tag-news\\\"><a href=\\\"\\\">Neuigkeiten Von Der Asd-Gruppe<\\\/a><\\\/li>\\n<\\\/ul>\"}},{\"name\":\"\",\"type\":\"html\",\"props\":{\"content\":\"[widgetkit id=\\\"18\\\" name=\\\"blog\\\"]\"}}]}]}]}]} --><\/p>\n","protected":false},"excerpt":{"rendered":"<p>Alle wichtigen Informationen bez\u00fcglich Ihrer grenz\u00fcberschreitenden Aktivit\u00e4ten auf der ganzen Welt. W\u00e4hlen Sie ein Land aus Alle L\u00e4nder Belgien China Deutchland Frankreich Italien Polen Portugal&#8230;<\/p>\n","protected":false},"author":36,"featured_media":0,"parent":13210,"menu_order":0,"comment_status":"closed","ping_status":"closed","template":"","meta":{"_eb_attr":"","_lmt_disableupdate":"","_lmt_disable":"","footnotes":""},"class_list":["post-13303","page","type-page","status-publish","hentry"],"yoast_head":"<!-- This site is optimized with the Yoast SEO plugin v27.3 - https:\/\/yoast.com\/product\/yoast-seo-wordpress\/ -->\n<title>Schweiz<\/title>\n<meta name=\"robots\" content=\"index, follow, max-snippet:-1, max-image-preview:large, max-video-preview:-1\" \/>\n<link rel=\"canonical\" href=\"https:\/\/www.asd-int.com\/de\/blog\/schweiz\/\" \/>\n<meta property=\"og:locale\" content=\"de_DE\" \/>\n<meta property=\"og:type\" content=\"article\" \/>\n<meta property=\"og:title\" content=\"Schweiz\" \/>\n<meta property=\"og:description\" content=\"Alle wichtigen Informationen bez\u00fcglich Ihrer grenz\u00fcberschreitenden Aktivit\u00e4ten auf der ganzen Welt. W\u00e4hlen Sie ein Land aus Alle L\u00e4nder Belgien China Deutchland Frankreich Italien Polen Portugal...\" \/>\n<meta property=\"og:url\" content=\"https:\/\/www.asd-int.com\/de\/blog\/schweiz\/\" \/>\n<meta property=\"og:site_name\" content=\"ASD\" \/>\n<meta property=\"article:modified_time\" content=\"2019-03-14T08:57:26+00:00\" \/>\n<meta property=\"og:image\" content=\"https:\/\/www.asd-int.com\/wp-content\/uploads\/2020\/07\/Logo-ASD_noir.png\" \/>\n\t<meta property=\"og:image:width\" content=\"1054\" \/>\n\t<meta property=\"og:image:height\" content=\"714\" \/>\n\t<meta property=\"og:image:type\" content=\"image\/png\" \/>\n<meta name=\"twitter:card\" content=\"summary_large_image\" \/>\n<script type=\"application\/ld+json\" class=\"yoast-schema-graph\">{\"@context\":\"https:\\\/\\\/schema.org\",\"@graph\":[{\"@type\":\"WebPage\",\"@id\":\"https:\\\/\\\/www.asd-int.com\\\/de\\\/blog\\\/schweiz\\\/\",\"url\":\"https:\\\/\\\/www.asd-int.com\\\/de\\\/blog\\\/schweiz\\\/\",\"name\":\"Schweiz\",\"isPartOf\":{\"@id\":\"https:\\\/\\\/www.asd-int.com\\\/de\\\/#website\"},\"datePublished\":\"2018-06-14T09:19:27+00:00\",\"dateModified\":\"2019-03-14T08:57:26+00:00\",\"breadcrumb\":{\"@id\":\"https:\\\/\\\/www.asd-int.com\\\/de\\\/blog\\\/schweiz\\\/#breadcrumb\"},\"inLanguage\":\"de\",\"potentialAction\":[{\"@type\":\"ReadAction\",\"target\":[\"https:\\\/\\\/www.asd-int.com\\\/de\\\/blog\\\/schweiz\\\/\"]}]},{\"@type\":\"BreadcrumbList\",\"@id\":\"https:\\\/\\\/www.asd-int.com\\\/de\\\/blog\\\/schweiz\\\/#breadcrumb\",\"itemListElement\":[{\"@type\":\"ListItem\",\"position\":1,\"name\":\"ASD Group\",\"item\":\"https:\\\/\\\/www.asd-int.com\\\/de\\\/\"},{\"@type\":\"ListItem\",\"position\":2,\"name\":\"Blog\",\"item\":\"https:\\\/\\\/www.asd-int.com\\\/de\\\/blog\\\/\"},{\"@type\":\"ListItem\",\"position\":3,\"name\":\"Schweiz\"}]},{\"@type\":\"WebSite\",\"@id\":\"https:\\\/\\\/www.asd-int.com\\\/de\\\/#website\",\"url\":\"https:\\\/\\\/www.asd-int.com\\\/de\\\/\",\"name\":\"ASD\",\"description\":\"Vereinfachen Sie Ihre internationalen Gesch\u00e4fte\",\"publisher\":{\"@id\":\"https:\\\/\\\/www.asd-int.com\\\/de\\\/#organization\"},\"potentialAction\":[{\"@type\":\"SearchAction\",\"target\":{\"@type\":\"EntryPoint\",\"urlTemplate\":\"https:\\\/\\\/www.asd-int.com\\\/de\\\/?s={search_term_string}\"},\"query-input\":{\"@type\":\"PropertyValueSpecification\",\"valueRequired\":true,\"valueName\":\"search_term_string\"}}],\"inLanguage\":\"de\"},{\"@type\":\"Organization\",\"@id\":\"https:\\\/\\\/www.asd-int.com\\\/de\\\/#organization\",\"name\":\"ASD Group\",\"url\":\"https:\\\/\\\/www.asd-int.com\\\/de\\\/\",\"logo\":{\"@type\":\"ImageObject\",\"inLanguage\":\"de\",\"@id\":\"https:\\\/\\\/www.asd-int.com\\\/de\\\/#\\\/schema\\\/logo\\\/image\\\/\",\"url\":\"https:\\\/\\\/www.asd-int.com\\\/wp-content\\\/uploads\\\/2020\\\/07\\\/Logo-ASD_noir.png\",\"contentUrl\":\"https:\\\/\\\/www.asd-int.com\\\/wp-content\\\/uploads\\\/2020\\\/07\\\/Logo-ASD_noir.png\",\"width\":1054,\"height\":714,\"caption\":\"ASD Group\"},\"image\":{\"@id\":\"https:\\\/\\\/www.asd-int.com\\\/de\\\/#\\\/schema\\\/logo\\\/image\\\/\"}}]}<\/script>\n<!-- \/ Yoast SEO plugin. -->","yoast_head_json":{"title":"Schweiz","robots":{"index":"index","follow":"follow","max-snippet":"max-snippet:-1","max-image-preview":"max-image-preview:large","max-video-preview":"max-video-preview:-1"},"canonical":"https:\/\/www.asd-int.com\/de\/blog\/schweiz\/","og_locale":"de_DE","og_type":"article","og_title":"Schweiz","og_description":"Alle wichtigen Informationen bez\u00fcglich Ihrer grenz\u00fcberschreitenden Aktivit\u00e4ten auf der ganzen Welt. W\u00e4hlen Sie ein Land aus Alle L\u00e4nder Belgien China Deutchland Frankreich Italien Polen Portugal...","og_url":"https:\/\/www.asd-int.com\/de\/blog\/schweiz\/","og_site_name":"ASD","article_modified_time":"2019-03-14T08:57:26+00:00","og_image":[{"width":1054,"height":714,"url":"https:\/\/www.asd-int.com\/wp-content\/uploads\/2020\/07\/Logo-ASD_noir.png","type":"image\/png"}],"twitter_card":"summary_large_image","schema":{"@context":"https:\/\/schema.org","@graph":[{"@type":"WebPage","@id":"https:\/\/www.asd-int.com\/de\/blog\/schweiz\/","url":"https:\/\/www.asd-int.com\/de\/blog\/schweiz\/","name":"Schweiz","isPartOf":{"@id":"https:\/\/www.asd-int.com\/de\/#website"},"datePublished":"2018-06-14T09:19:27+00:00","dateModified":"2019-03-14T08:57:26+00:00","breadcrumb":{"@id":"https:\/\/www.asd-int.com\/de\/blog\/schweiz\/#breadcrumb"},"inLanguage":"de","potentialAction":[{"@type":"ReadAction","target":["https:\/\/www.asd-int.com\/de\/blog\/schweiz\/"]}]},{"@type":"BreadcrumbList","@id":"https:\/\/www.asd-int.com\/de\/blog\/schweiz\/#breadcrumb","itemListElement":[{"@type":"ListItem","position":1,"name":"ASD Group","item":"https:\/\/www.asd-int.com\/de\/"},{"@type":"ListItem","position":2,"name":"Blog","item":"https:\/\/www.asd-int.com\/de\/blog\/"},{"@type":"ListItem","position":3,"name":"Schweiz"}]},{"@type":"WebSite","@id":"https:\/\/www.asd-int.com\/de\/#website","url":"https:\/\/www.asd-int.com\/de\/","name":"ASD","description":"Vereinfachen Sie Ihre internationalen Gesch\u00e4fte","publisher":{"@id":"https:\/\/www.asd-int.com\/de\/#organization"},"potentialAction":[{"@type":"SearchAction","target":{"@type":"EntryPoint","urlTemplate":"https:\/\/www.asd-int.com\/de\/?s={search_term_string}"},"query-input":{"@type":"PropertyValueSpecification","valueRequired":true,"valueName":"search_term_string"}}],"inLanguage":"de"},{"@type":"Organization","@id":"https:\/\/www.asd-int.com\/de\/#organization","name":"ASD Group","url":"https:\/\/www.asd-int.com\/de\/","logo":{"@type":"ImageObject","inLanguage":"de","@id":"https:\/\/www.asd-int.com\/de\/#\/schema\/logo\/image\/","url":"https:\/\/www.asd-int.com\/wp-content\/uploads\/2020\/07\/Logo-ASD_noir.png","contentUrl":"https:\/\/www.asd-int.com\/wp-content\/uploads\/2020\/07\/Logo-ASD_noir.png","width":1054,"height":714,"caption":"ASD Group"},"image":{"@id":"https:\/\/www.asd-int.com\/de\/#\/schema\/logo\/image\/"}}]}},"_links":{"self":[{"href":"https:\/\/www.asd-int.com\/de\/wp-json\/wp\/v2\/pages\/13303","targetHints":{"allow":["GET"]}}],"collection":[{"href":"https:\/\/www.asd-int.com\/de\/wp-json\/wp\/v2\/pages"}],"about":[{"href":"https:\/\/www.asd-int.com\/de\/wp-json\/wp\/v2\/types\/page"}],"author":[{"embeddable":true,"href":"https:\/\/www.asd-int.com\/de\/wp-json\/wp\/v2\/users\/36"}],"replies":[{"embeddable":true,"href":"https:\/\/www.asd-int.com\/de\/wp-json\/wp\/v2\/comments?post=13303"}],"version-history":[{"count":0,"href":"https:\/\/www.asd-int.com\/de\/wp-json\/wp\/v2\/pages\/13303\/revisions"}],"up":[{"embeddable":true,"href":"https:\/\/www.asd-int.com\/de\/wp-json\/wp\/v2\/pages\/13210"}],"wp:attachment":[{"href":"https:\/\/www.asd-int.com\/de\/wp-json\/wp\/v2\/media?parent=13303"}],"curies":[{"name":"wp","href":"https:\/\/api.w.org\/{rel}","templated":true}]}}