{"id":22584,"date":"2018-10-12T11:44:18","date_gmt":"2018-10-12T09:44:18","guid":{"rendered":"https:\/\/www.asd-int.com\/page-de-remerciement\/"},"modified":"2021-03-17T09:03:45","modified_gmt":"2021-03-17T08:03:45","slug":"danke","status":"publish","type":"page","link":"https:\/\/www.asd-int.com\/de\/danke\/","title":{"rendered":"Page de remerciement DE"},"content":{"rendered":"\t\t<div data-elementor-type=\"wp-page\" data-elementor-id=\"22584\" class=\"elementor elementor-22584 elementor-16770\" data-elementor-post-type=\"page\">\n\t\t\t\t\t\t<section class=\"elementor-section elementor-top-section elementor-element elementor-element-522b9e13 elementor-section-stretched elementor-section-full_width elementor-section-height-default elementor-section-height-default\" data-id=\"522b9e13\" data-element_type=\"section\" data-e-type=\"section\" data-settings=\"{&quot;stretch_section&quot;:&quot;section-stretched&quot;,&quot;background_background&quot;:&quot;classic&quot;}\">\n\t\t\t\t\t\t<div class=\"elementor-container elementor-column-gap-default\">\n\t\t\t\t\t<div class=\"elementor-column elementor-col-50 elementor-top-column elementor-element elementor-element-1a65174b\" data-id=\"1a65174b\" data-element_type=\"column\" data-e-type=\"column\">\n\t\t\t<div class=\"elementor-widget-wrap\">\n\t\t\t\t\t\t\t<\/div>\n\t\t<\/div>\n\t\t\t\t<div class=\"elementor-column elementor-col-50 elementor-top-column elementor-element elementor-element-84f125d\" data-id=\"84f125d\" data-element_type=\"column\" data-e-type=\"column\">\n\t\t\t<div class=\"elementor-widget-wrap elementor-element-populated\">\n\t\t\t\t\t\t<div class=\"elementor-element elementor-element-64b66afd elementor-widget elementor-widget-heading\" data-id=\"64b66afd\" data-element_type=\"widget\" data-e-type=\"widget\" data-widget_type=\"heading.default\">\n\t\t\t\t<div class=\"elementor-widget-container\">\n\t\t\t\t\t<h3 class=\"elementor-heading-title elementor-size-default\">Kontakt<\/h3>\t\t\t\t<\/div>\n\t\t\t\t<\/div>\n\t\t\t\t<div class=\"elementor-element elementor-element-56e64c91 elementor-widget elementor-widget-heading\" data-id=\"56e64c91\" data-element_type=\"widget\" data-e-type=\"widget\" data-widget_type=\"heading.default\">\n\t\t\t\t<div class=\"elementor-widget-container\">\n\t\t\t\t\t<h1 class=\"elementor-heading-title elementor-size-default\">Vielen Dank f\u00fcr Ihre Kontaktaufnahme mit ASD Group<\/h1>\t\t\t\t<\/div>\n\t\t\t\t<\/div>\n\t\t\t\t<div class=\"elementor-element elementor-element-4375ace6 elementor-widget-divider--view-line elementor-widget elementor-widget-divider\" data-id=\"4375ace6\" data-element_type=\"widget\" data-e-type=\"widget\" data-widget_type=\"divider.default\">\n\t\t\t\t<div class=\"elementor-widget-container\">\n\t\t\t\t\t\t\t<div class=\"elementor-divider\">\n\t\t\t<span class=\"elementor-divider-separator\">\n\t\t\t\t\t\t<\/span>\n\t\t<\/div>\n\t\t\t\t\t\t<\/div>\n\t\t\t\t<\/div>\n\t\t\t\t\t<\/div>\n\t\t<\/div>\n\t\t\t\t\t<\/div>\n\t\t<\/section>\n\t\t\t\t<section class=\"elementor-section elementor-top-section elementor-element elementor-element-73764a23 elementor-section-boxed elementor-section-height-default elementor-section-height-default\" data-id=\"73764a23\" data-element_type=\"section\" data-e-type=\"section\">\n\t\t\t\t\t\t<div class=\"elementor-container elementor-column-gap-default\">\n\t\t\t\t\t<div class=\"elementor-column elementor-col-100 elementor-top-column elementor-element elementor-element-28595c0a\" data-id=\"28595c0a\" data-element_type=\"column\" data-e-type=\"column\">\n\t\t\t<div class=\"elementor-widget-wrap elementor-element-populated\">\n\t\t\t\t\t\t<div class=\"elementor-element elementor-element-d885681 elementor-widget elementor-widget-image\" data-id=\"d885681\" data-element_type=\"widget\" data-e-type=\"widget\" data-widget_type=\"image.default\">\n\t\t\t\t<div class=\"elementor-widget-container\">\n\t\t\t\t\t\t\t\t\t\t\t\t\t\t\t<img decoding=\"async\" width=\"2\" height=\"111\" src=\"https:\/\/www.asd-int.com\/wp-content\/uploads\/2020\/01\/trait-bas.png\" class=\"attachment-large size-large wp-image-54180\" alt=\"\" \/>\t\t\t\t\t\t\t\t\t\t\t\t\t\t\t<\/div>\n\t\t\t\t<\/div>\n\t\t\t\t<div class=\"elementor-element elementor-element-6db56a09 elementor-widget elementor-widget-heading\" data-id=\"6db56a09\" data-element_type=\"widget\" data-e-type=\"widget\" data-widget_type=\"heading.default\">\n\t\t\t\t<div class=\"elementor-widget-container\">\n\t\t\t\t\t<h3 class=\"elementor-heading-title elementor-size-default\">Kontakt zu unseren Experten<\/h3>\t\t\t\t<\/div>\n\t\t\t\t<\/div>\n\t\t\t\t<div class=\"elementor-element elementor-element-6dbfefc0 elementor-widget elementor-widget-heading\" data-id=\"6dbfefc0\" data-element_type=\"widget\" data-e-type=\"widget\" data-widget_type=\"heading.default\">\n\t\t\t\t<div class=\"elementor-widget-container\">\n\t\t\t\t\t<h1 class=\"elementor-heading-title elementor-size-default\">Vielen Dank, dass Sie unsere Experten kontaktiert haben<\/h1>\t\t\t\t<\/div>\n\t\t\t\t<\/div>\n\t\t\t\t<div class=\"elementor-element elementor-element-704c5e62 elementor-widget elementor-widget-text-editor\" data-id=\"704c5e62\" data-element_type=\"widget\" data-e-type=\"widget\" data-widget_type=\"text-editor.default\">\n\t\t\t\t<div class=\"elementor-widget-container\">\n\t\t\t\t\t\t\t\t\t<p>Wir sind bem\u00fcht, Ihnen so schnell wie m\u00f6glich eine Antwort zu geben. Vielen Dank, dass Sie unsere Dienste in Anspruch genommen haben.<\/p>\n\t\t\t\t\t\t\t\t<\/div>\n\t\t\t\t<\/div>\n\t\t\t\t<div class=\"elementor-element elementor-element-d6e8192 elementor-widget elementor-widget-text-editor\" data-id=\"d6e8192\" data-element_type=\"widget\" data-e-type=\"widget\" data-widget_type=\"text-editor.default\">\n\t\t\t\t<div class=\"elementor-widget-container\">\n\t\t\t\t\t\t\t\t\t<p>Z\u00f6gern Sie nicht, uns in der Zwischenzeit in unseren sozialen Netzwerken zu folgen:<\/p>\n\t\t\t\t\t\t\t\t<\/div>\n\t\t\t\t<\/div>\n\t\t\t\t<div class=\"elementor-element elementor-element-9913c16 elementor-shape-circle elementor-grid-0 e-grid-align-center elementor-widget elementor-widget-social-icons\" data-id=\"9913c16\" data-element_type=\"widget\" data-e-type=\"widget\" data-widget_type=\"social-icons.default\">\n\t\t\t\t<div class=\"elementor-widget-container\">\n\t\t\t\t\t\t\t<div class=\"elementor-social-icons-wrapper elementor-grid\" role=\"list\">\n\t\t\t\t\t\t\t<span class=\"elementor-grid-item\" role=\"listitem\">\n\t\t\t\t\t<a class=\"elementor-icon elementor-social-icon elementor-social-icon-facebook elementor-repeater-item-b51fce1\" href=\"https:\/\/www.facebook.com\/asdgroupint\" target=\"_blank\" rel=\"nofollow\">\n\t\t\t\t\t\t<span class=\"elementor-screen-only\">Facebook<\/span>\n\t\t\t\t\t\t<i aria-hidden=\"true\" class=\"fab fa-facebook\"><\/i>\t\t\t\t\t<\/a>\n\t\t\t\t<\/span>\n\t\t\t\t\t\t\t<span class=\"elementor-grid-item\" role=\"listitem\">\n\t\t\t\t\t<a class=\"elementor-icon elementor-social-icon elementor-social-icon-twitter elementor-repeater-item-e0097a6\" href=\"https:\/\/twitter.com\/asd_group?lang=fr\" target=\"_blank\" rel=\"nofollow\">\n\t\t\t\t\t\t<span class=\"elementor-screen-only\">Twitter<\/span>\n\t\t\t\t\t\t<i aria-hidden=\"true\" class=\"fab fa-twitter\"><\/i>\t\t\t\t\t<\/a>\n\t\t\t\t<\/span>\n\t\t\t\t\t\t\t<span class=\"elementor-grid-item\" role=\"listitem\">\n\t\t\t\t\t<a class=\"elementor-icon elementor-social-icon elementor-social-icon-linkedin elementor-repeater-item-7101029\" href=\"https:\/\/fr.linkedin.com\/company\/asd-group-int\" target=\"_blank\" rel=\"nofollow\">\n\t\t\t\t\t\t<span class=\"elementor-screen-only\">Linkedin<\/span>\n\t\t\t\t\t\t<i aria-hidden=\"true\" class=\"fab fa-linkedin\"><\/i>\t\t\t\t\t<\/a>\n\t\t\t\t<\/span>\n\t\t\t\t\t\t\t<span class=\"elementor-grid-item\" role=\"listitem\">\n\t\t\t\t\t<a class=\"elementor-icon elementor-social-icon elementor-social-icon-youtube elementor-repeater-item-2e36f10\" href=\"https:\/\/www.youtube.com\/user\/ASDGROUPWORLDTAX\/\" target=\"_blank\" rel=\"nofollow\">\n\t\t\t\t\t\t<span class=\"elementor-screen-only\">Youtube<\/span>\n\t\t\t\t\t\t<i aria-hidden=\"true\" class=\"fab fa-youtube\"><\/i>\t\t\t\t\t<\/a>\n\t\t\t\t<\/span>\n\t\t\t\t\t<\/div>\n\t\t\t\t\t\t<\/div>\n\t\t\t\t<\/div>\n\t\t\t\t<div class=\"elementor-element elementor-element-2cf3aa1 elementor-widget elementor-widget-text-editor\" data-id=\"2cf3aa1\" data-element_type=\"widget\" data-e-type=\"widget\" data-widget_type=\"text-editor.default\">\n\t\t\t\t<div class=\"elementor-widget-container\">\n\t\t\t\t\t\t\t\t\t<p><span data-sheets-value=\"{&quot;1&quot;:2,&quot;2&quot;:&quot;Oder lesen Sie unsere letzten Blog-Beitr\u00e4ge, die f\u00fcr Sie interessant sein k\u00f6nnten:&quot;}\" data-sheets-userformat=\"{&quot;2&quot;:513,&quot;3&quot;:{&quot;1&quot;:0},&quot;12&quot;:0}\">Oder lesen Sie unsere letzten Blog-Beitr\u00e4ge, die f\u00fcr Sie interessant sein k\u00f6nnten:<\/span><\/p>\n\t\t\t\t\t\t\t\t<\/div>\n\t\t\t\t<\/div>\n\t\t\t\t<div class=\"elementor-element elementor-element-0774b89 elementor-grid-3 elementor-grid-tablet-2 elementor-grid-mobile-1 elementor-posts--thumbnail-top elementor-widget elementor-widget-posts\" data-id=\"0774b89\" data-element_type=\"widget\" data-e-type=\"widget\" data-settings=\"{&quot;classic_columns&quot;:&quot;3&quot;,&quot;classic_columns_tablet&quot;:&quot;2&quot;,&quot;classic_columns_mobile&quot;:&quot;1&quot;,&quot;classic_row_gap&quot;:{&quot;unit&quot;:&quot;px&quot;,&quot;size&quot;:35,&quot;sizes&quot;:[]},&quot;classic_row_gap_tablet&quot;:{&quot;unit&quot;:&quot;px&quot;,&quot;size&quot;:&quot;&quot;,&quot;sizes&quot;:[]},&quot;classic_row_gap_mobile&quot;:{&quot;unit&quot;:&quot;px&quot;,&quot;size&quot;:&quot;&quot;,&quot;sizes&quot;:[]}}\" data-widget_type=\"posts.classic\">\n\t\t\t\t<div class=\"elementor-widget-container\">\n\t\t\t\t\t\t\t<div class=\"elementor-posts-container elementor-posts elementor-posts--skin-classic elementor-grid\" role=\"list\">\n\t\t\t\t<article class=\"elementor-post elementor-grid-item post-209695 post type-post status-publish format-standard has-post-thumbnail hentry category-fiscal category-steuerrecht tag-elektronische-rechnungsstellung tag-facturation tag-facturation-electronique tag-mwst tag-obligations-fiscales tag-rechnungsstellung tag-steuerliche-verpflichtungen tag-tva pays-pologne-de\" role=\"listitem\">\n\t\t\t\t<a class=\"elementor-post__thumbnail__link\" href=\"https:\/\/www.asd-int.com\/de\/polen-alles-wissenswerte-ueber-die-elektronische-rechnungsstellung-ksef-im-jahr-2026\/\" tabindex=\"-1\" >\n\t\t\t<div class=\"elementor-post__thumbnail\"><img fetchpriority=\"high\" decoding=\"async\" width=\"300\" height=\"200\" src=\"https:\/\/www.asd-int.com\/wp-content\/uploads\/2026\/04\/pologne-tout-savoir-sur-la-facturation-electronique-ksef-en-2026-300x200.jpg\" class=\"attachment-medium size-medium wp-image-209687\" alt=\"Polen: Alles Wissenswerte \u00fcber die elektronische Rechnungsstellung KSeF im Jahr 2026\" srcset=\"https:\/\/www.asd-int.com\/wp-content\/uploads\/2026\/04\/pologne-tout-savoir-sur-la-facturation-electronique-ksef-en-2026-300x200.jpg 300w, https:\/\/www.asd-int.com\/wp-content\/uploads\/2026\/04\/pologne-tout-savoir-sur-la-facturation-electronique-ksef-en-2026-1024x683.jpg 1024w, https:\/\/www.asd-int.com\/wp-content\/uploads\/2026\/04\/pologne-tout-savoir-sur-la-facturation-electronique-ksef-en-2026-768x512.jpg 768w, https:\/\/www.asd-int.com\/wp-content\/uploads\/2026\/04\/pologne-tout-savoir-sur-la-facturation-electronique-ksef-en-2026-1200x800.jpg 1200w, https:\/\/www.asd-int.com\/wp-content\/uploads\/2026\/04\/pologne-tout-savoir-sur-la-facturation-electronique-ksef-en-2026.jpg 1440w\" sizes=\"(max-width: 300px) 100vw, 300px\" \/><\/div>\n\t\t<\/a>\n\t\t\t\t<div class=\"elementor-post__text\">\n\t\t\t\t<h3 class=\"elementor-post__title\">\n\t\t\t<a href=\"https:\/\/www.asd-int.com\/de\/polen-alles-wissenswerte-ueber-die-elektronische-rechnungsstellung-ksef-im-jahr-2026\/\" >\n\t\t\t\tPolen: Alles Wissenswerte \u00fcber die elektronische Rechnungsstellung KSeF im Jahr 2026\t\t\t<\/a>\n\t\t<\/h3>\n\t\t\t\t<div class=\"elementor-post__meta-data\">\n\t\t\t\t\t<span class=\"elementor-post-date\">\n\t\t\t9. April 2026\t\t<\/span>\n\t\t\t\t<span class=\"elementor-post-date\">\n\t\t\t9. April 2026\t\t<\/span>\n\t\t\t\t<\/div>\n\t\t\t\t<div class=\"elementor-post__excerpt\">\n\t\t\t<p>Im Jahr 2023 hat sich Polen der Gruppe der Mitgliedstaaten angeschlossen, die die elektronische Rechnungsstellung verpflichtend machen. In diesem Zusammenhang stellt das KSeF-System eine wesentliche&#8230;<\/p>\n\t\t<\/div>\n\t\t\n\t\t<a class=\"elementor-post__read-more\" href=\"https:\/\/www.asd-int.com\/de\/polen-alles-wissenswerte-ueber-die-elektronische-rechnungsstellung-ksef-im-jahr-2026\/\" aria-label=\"Mehr \u00fcber Polen: Alles Wissenswerte \u00fcber die elektronische Rechnungsstellung KSeF im Jahr 2026\" tabindex=\"-1\" >\n\t\t\tMehr lesen \u00bb\t\t<\/a>\n\n\t\t\t\t<\/div>\n\t\t\t\t<\/article>\n\t\t\t\t<article class=\"elementor-post elementor-grid-item post-208604 post type-post status-publish format-standard has-post-thumbnail hentry category-douane category-fiscal category-steuerrecht category-zoll-de tag-carbon-border-adjustment-mechanism-cbam tag-co2-grenzausgleichssystem-cbam tag-co-grenzausgleichssystem-cbam tag-co2-steuer tag-mecanisme-dajustement-carbone-aux-frontieres-macf tag-taxe-carbone pays-europaische-union\" role=\"listitem\">\n\t\t\t\t<a class=\"elementor-post__thumbnail__link\" href=\"https:\/\/www.asd-int.com\/de\/cbam-welche-pflichten-haben-importeure-in-der-europaeischen-union-im-jahr-2026\/\" tabindex=\"-1\" >\n\t\t\t<div class=\"elementor-post__thumbnail\"><img decoding=\"async\" width=\"300\" height=\"185\" src=\"https:\/\/www.asd-int.com\/wp-content\/uploads\/2026\/04\/cbam-quelles-obligations-en-2026-pour-les-importateurs-en-europe-300x185.jpg\" class=\"attachment-medium size-medium wp-image-208572\" alt=\"CBAM: Welche Pflichten haben Importeure in Europa im Jahr 2026?\" srcset=\"https:\/\/www.asd-int.com\/wp-content\/uploads\/2026\/04\/cbam-quelles-obligations-en-2026-pour-les-importateurs-en-europe-300x185.jpg 300w, https:\/\/www.asd-int.com\/wp-content\/uploads\/2026\/04\/cbam-quelles-obligations-en-2026-pour-les-importateurs-en-europe-1024x630.jpg 1024w, https:\/\/www.asd-int.com\/wp-content\/uploads\/2026\/04\/cbam-quelles-obligations-en-2026-pour-les-importateurs-en-europe-768x473.jpg 768w, https:\/\/www.asd-int.com\/wp-content\/uploads\/2026\/04\/cbam-quelles-obligations-en-2026-pour-les-importateurs-en-europe-1200x738.jpg 1200w, https:\/\/www.asd-int.com\/wp-content\/uploads\/2026\/04\/cbam-quelles-obligations-en-2026-pour-les-importateurs-en-europe.jpg 1440w\" sizes=\"(max-width: 300px) 100vw, 300px\" \/><\/div>\n\t\t<\/a>\n\t\t\t\t<div class=\"elementor-post__text\">\n\t\t\t\t<h3 class=\"elementor-post__title\">\n\t\t\t<a href=\"https:\/\/www.asd-int.com\/de\/cbam-welche-pflichten-haben-importeure-in-der-europaeischen-union-im-jahr-2026\/\" >\n\t\t\t\tCBAM: Welche Pflichten haben Importeure in der Europ\u00e4ischen Union im Jahr 2026?\t\t\t<\/a>\n\t\t<\/h3>\n\t\t\t\t<div class=\"elementor-post__meta-data\">\n\t\t\t\t\t<span class=\"elementor-post-date\">\n\t\t\t3. April 2026\t\t<\/span>\n\t\t\t\t<span class=\"elementor-post-date\">\n\t\t\t7. April 2026\t\t<\/span>\n\t\t\t\t<\/div>\n\t\t\t\t<div class=\"elementor-post__excerpt\">\n\t\t\t<p>Das CBAM (Carbon Border Adjustment Mechanism), auch CBAM (Kohlenstoffsteuer) oder \u201eCO2-Steuer\u201c genannt, stellt eine grundlegende Reform des internationalen Handels dar, die von der Europ\u00e4ischen Union&#8230;<\/p>\n\t\t<\/div>\n\t\t\n\t\t<a class=\"elementor-post__read-more\" href=\"https:\/\/www.asd-int.com\/de\/cbam-welche-pflichten-haben-importeure-in-der-europaeischen-union-im-jahr-2026\/\" aria-label=\"Mehr \u00fcber CBAM: Welche Pflichten haben Importeure in der Europ\u00e4ischen Union im Jahr 2026?\" tabindex=\"-1\" >\n\t\t\tMehr lesen \u00bb\t\t<\/a>\n\n\t\t\t\t<\/div>\n\t\t\t\t<\/article>\n\t\t\t\t<article class=\"elementor-post elementor-grid-item post-202081 post type-post status-publish format-standard has-post-thumbnail hentry category-mwst tag-mehrwertsteuersatz pays-europaische-union pays-suisse-de pays-royaumeuni-de\" role=\"listitem\">\n\t\t\t\t<a class=\"elementor-post__thumbnail__link\" href=\"https:\/\/www.asd-int.com\/de\/mehrwertsteuersaetze-2026-in-europa\/\" tabindex=\"-1\" >\n\t\t\t<div class=\"elementor-post__thumbnail\"><img loading=\"lazy\" decoding=\"async\" width=\"300\" height=\"200\" src=\"https:\/\/www.asd-int.com\/wp-content\/uploads\/2025\/12\/taux-de-tva-2026-en-europe-300x200.jpg\" class=\"attachment-medium size-medium wp-image-202080\" alt=\"Mehrwertsteuers\u00e4tze 2026 in Europa\" srcset=\"https:\/\/www.asd-int.com\/wp-content\/uploads\/2025\/12\/taux-de-tva-2026-en-europe-300x200.jpg 300w, https:\/\/www.asd-int.com\/wp-content\/uploads\/2025\/12\/taux-de-tva-2026-en-europe-1024x683.jpg 1024w, https:\/\/www.asd-int.com\/wp-content\/uploads\/2025\/12\/taux-de-tva-2026-en-europe-768x512.jpg 768w, https:\/\/www.asd-int.com\/wp-content\/uploads\/2025\/12\/taux-de-tva-2026-en-europe-1200x800.jpg 1200w, https:\/\/www.asd-int.com\/wp-content\/uploads\/2025\/12\/taux-de-tva-2026-en-europe.jpg 1440w\" sizes=\"(max-width: 300px) 100vw, 300px\" \/><\/div>\n\t\t<\/a>\n\t\t\t\t<div class=\"elementor-post__text\">\n\t\t\t\t<h3 class=\"elementor-post__title\">\n\t\t\t<a href=\"https:\/\/www.asd-int.com\/de\/mehrwertsteuersaetze-2026-in-europa\/\" >\n\t\t\t\tMehrwertsteuers\u00e4tze 2026 in Europa\t\t\t<\/a>\n\t\t<\/h3>\n\t\t\t\t<div class=\"elementor-post__meta-data\">\n\t\t\t\t\t<span class=\"elementor-post-date\">\n\t\t\t31. Dezember 2025\t\t<\/span>\n\t\t\t\t<span class=\"elementor-post-date\">\n\t\t\t6. M\u00e4rz 2026\t\t<\/span>\n\t\t\t\t<\/div>\n\t\t\t\t<div class=\"elementor-post__excerpt\">\n\t\t\t<p>Die Mehrwertsteuer (MwSt.) stellt eine der wichtigsten indirekten Steuern dar, die auf den Konsum erhoben werden. Sie ist im Preis enthalten, den der Endverbraucher beim&#8230;<\/p>\n\t\t<\/div>\n\t\t\n\t\t<a class=\"elementor-post__read-more\" href=\"https:\/\/www.asd-int.com\/de\/mehrwertsteuersaetze-2026-in-europa\/\" aria-label=\"Mehr \u00fcber Mehrwertsteuers\u00e4tze 2026 in Europa\" tabindex=\"-1\" >\n\t\t\tMehr lesen \u00bb\t\t<\/a>\n\n\t\t\t\t<\/div>\n\t\t\t\t<\/article>\n\t\t\t\t<\/div>\n\t\t\n\t\t\t\t\t\t<\/div>\n\t\t\t\t<\/div>\n\t\t\t\t\t<\/div>\n\t\t<\/div>\n\t\t\t\t\t<\/div>\n\t\t<\/section>\n\t\t\t\t<\/div>\n\t\t","protected":false},"excerpt":{"rendered":"<p>Kontakt Vielen Dank f\u00fcr Ihre Kontaktaufnahme mit ASD Group Kontakt zu unseren Experten Vielen Dank, dass Sie unsere Experten kontaktiert haben Wir sind bem\u00fcht, Ihnen&#8230;<\/p>\n","protected":false},"author":36,"featured_media":0,"parent":0,"menu_order":0,"comment_status":"closed","ping_status":"closed","template":"elementor_header_footer","meta":{"_eb_attr":"","_lmt_disableupdate":"no","_lmt_disable":"","footnotes":""},"class_list":["post-22584","page","type-page","status-publish","hentry"],"yoast_head":"<!-- This site is optimized with the Yoast SEO plugin v27.4 - https:\/\/yoast.com\/product\/yoast-seo-wordpress\/ -->\n<title>Danke | ASD Group<\/title>\n<meta name=\"description\" content=\"Page de remerciement DE\" \/>\n<meta name=\"robots\" content=\"noindex, follow\" \/>\n<meta property=\"og:locale\" content=\"de_DE\" \/>\n<meta property=\"og:type\" content=\"article\" \/>\n<meta property=\"og:title\" content=\"Danke | ASD Group\" \/>\n<meta property=\"og:description\" content=\"Page de remerciement DE\" \/>\n<meta property=\"og:url\" content=\"https:\/\/www.asd-int.com\/de\/danke\/\" \/>\n<meta property=\"og:site_name\" content=\"ASD\" \/>\n<meta property=\"article:modified_time\" content=\"2021-03-17T08:03:45+00:00\" \/>\n<meta property=\"og:image\" content=\"https:\/\/www.asd-int.com\/wp-content\/uploads\/2020\/01\/trait-bas.png\" \/>\n<meta name=\"twitter:card\" content=\"summary_large_image\" \/>\n<meta name=\"twitter:label1\" content=\"Gesch\u00e4tzte Lesezeit\" \/>\n\t<meta name=\"twitter:data1\" content=\"1\u00a0Minute\" \/>\n<script type=\"application\/ld+json\" class=\"yoast-schema-graph\">{\"@context\":\"https:\\\/\\\/schema.org\",\"@graph\":[{\"@type\":\"WebPage\",\"@id\":\"https:\\\/\\\/www.asd-int.com\\\/de\\\/danke\\\/\",\"url\":\"https:\\\/\\\/www.asd-int.com\\\/de\\\/danke\\\/\",\"name\":\"Danke | ASD Group\",\"isPartOf\":{\"@id\":\"https:\\\/\\\/www.asd-int.com\\\/de\\\/#website\"},\"primaryImageOfPage\":{\"@id\":\"https:\\\/\\\/www.asd-int.com\\\/de\\\/danke\\\/#primaryimage\"},\"image\":{\"@id\":\"https:\\\/\\\/www.asd-int.com\\\/de\\\/danke\\\/#primaryimage\"},\"thumbnailUrl\":\"https:\\\/\\\/www.asd-int.com\\\/wp-content\\\/uploads\\\/2020\\\/01\\\/trait-bas.png\",\"datePublished\":\"2018-10-12T09:44:18+00:00\",\"dateModified\":\"2021-03-17T08:03:45+00:00\",\"description\":\"Page de remerciement DE\",\"breadcrumb\":{\"@id\":\"https:\\\/\\\/www.asd-int.com\\\/de\\\/danke\\\/#breadcrumb\"},\"inLanguage\":\"de\",\"potentialAction\":[{\"@type\":\"ReadAction\",\"target\":[\"https:\\\/\\\/www.asd-int.com\\\/de\\\/danke\\\/\"]}]},{\"@type\":\"ImageObject\",\"inLanguage\":\"de\",\"@id\":\"https:\\\/\\\/www.asd-int.com\\\/de\\\/danke\\\/#primaryimage\",\"url\":\"https:\\\/\\\/www.asd-int.com\\\/wp-content\\\/uploads\\\/2020\\\/01\\\/trait-bas.png\",\"contentUrl\":\"https:\\\/\\\/www.asd-int.com\\\/wp-content\\\/uploads\\\/2020\\\/01\\\/trait-bas.png\"},{\"@type\":\"BreadcrumbList\",\"@id\":\"https:\\\/\\\/www.asd-int.com\\\/de\\\/danke\\\/#breadcrumb\",\"itemListElement\":[{\"@type\":\"ListItem\",\"position\":1,\"name\":\"ASD Group\",\"item\":\"https:\\\/\\\/www.asd-int.com\\\/de\\\/\"},{\"@type\":\"ListItem\",\"position\":2,\"name\":\"Page de remerciement DE\"}]},{\"@type\":\"WebSite\",\"@id\":\"https:\\\/\\\/www.asd-int.com\\\/de\\\/#website\",\"url\":\"https:\\\/\\\/www.asd-int.com\\\/de\\\/\",\"name\":\"ASD\",\"description\":\"Vereinfachen Sie Ihre internationalen Gesch\u00e4fte\",\"publisher\":{\"@id\":\"https:\\\/\\\/www.asd-int.com\\\/de\\\/#organization\"},\"potentialAction\":[{\"@type\":\"SearchAction\",\"target\":{\"@type\":\"EntryPoint\",\"urlTemplate\":\"https:\\\/\\\/www.asd-int.com\\\/de\\\/?s={search_term_string}\"},\"query-input\":{\"@type\":\"PropertyValueSpecification\",\"valueRequired\":true,\"valueName\":\"search_term_string\"}}],\"inLanguage\":\"de\"},{\"@type\":\"Organization\",\"@id\":\"https:\\\/\\\/www.asd-int.com\\\/de\\\/#organization\",\"name\":\"ASD Group\",\"url\":\"https:\\\/\\\/www.asd-int.com\\\/de\\\/\",\"logo\":{\"@type\":\"ImageObject\",\"inLanguage\":\"de\",\"@id\":\"https:\\\/\\\/www.asd-int.com\\\/de\\\/#\\\/schema\\\/logo\\\/image\\\/\",\"url\":\"https:\\\/\\\/www.asd-int.com\\\/wp-content\\\/uploads\\\/2020\\\/07\\\/Logo-ASD_noir.png\",\"contentUrl\":\"https:\\\/\\\/www.asd-int.com\\\/wp-content\\\/uploads\\\/2020\\\/07\\\/Logo-ASD_noir.png\",\"width\":1054,\"height\":714,\"caption\":\"ASD Group\"},\"image\":{\"@id\":\"https:\\\/\\\/www.asd-int.com\\\/de\\\/#\\\/schema\\\/logo\\\/image\\\/\"}}]}<\/script>\n<!-- \/ Yoast SEO plugin. -->","yoast_head_json":{"title":"Danke | ASD Group","description":"Page de remerciement DE","robots":{"index":"noindex","follow":"follow"},"og_locale":"de_DE","og_type":"article","og_title":"Danke | ASD Group","og_description":"Page de remerciement DE","og_url":"https:\/\/www.asd-int.com\/de\/danke\/","og_site_name":"ASD","article_modified_time":"2021-03-17T08:03:45+00:00","og_image":[{"url":"https:\/\/www.asd-int.com\/wp-content\/uploads\/2020\/01\/trait-bas.png","type":"","width":"","height":""}],"twitter_card":"summary_large_image","twitter_misc":{"Gesch\u00e4tzte Lesezeit":"1\u00a0Minute"},"schema":{"@context":"https:\/\/schema.org","@graph":[{"@type":"WebPage","@id":"https:\/\/www.asd-int.com\/de\/danke\/","url":"https:\/\/www.asd-int.com\/de\/danke\/","name":"Danke | ASD Group","isPartOf":{"@id":"https:\/\/www.asd-int.com\/de\/#website"},"primaryImageOfPage":{"@id":"https:\/\/www.asd-int.com\/de\/danke\/#primaryimage"},"image":{"@id":"https:\/\/www.asd-int.com\/de\/danke\/#primaryimage"},"thumbnailUrl":"https:\/\/www.asd-int.com\/wp-content\/uploads\/2020\/01\/trait-bas.png","datePublished":"2018-10-12T09:44:18+00:00","dateModified":"2021-03-17T08:03:45+00:00","description":"Page de remerciement DE","breadcrumb":{"@id":"https:\/\/www.asd-int.com\/de\/danke\/#breadcrumb"},"inLanguage":"de","potentialAction":[{"@type":"ReadAction","target":["https:\/\/www.asd-int.com\/de\/danke\/"]}]},{"@type":"ImageObject","inLanguage":"de","@id":"https:\/\/www.asd-int.com\/de\/danke\/#primaryimage","url":"https:\/\/www.asd-int.com\/wp-content\/uploads\/2020\/01\/trait-bas.png","contentUrl":"https:\/\/www.asd-int.com\/wp-content\/uploads\/2020\/01\/trait-bas.png"},{"@type":"BreadcrumbList","@id":"https:\/\/www.asd-int.com\/de\/danke\/#breadcrumb","itemListElement":[{"@type":"ListItem","position":1,"name":"ASD Group","item":"https:\/\/www.asd-int.com\/de\/"},{"@type":"ListItem","position":2,"name":"Page de remerciement DE"}]},{"@type":"WebSite","@id":"https:\/\/www.asd-int.com\/de\/#website","url":"https:\/\/www.asd-int.com\/de\/","name":"ASD","description":"Vereinfachen Sie Ihre internationalen Gesch\u00e4fte","publisher":{"@id":"https:\/\/www.asd-int.com\/de\/#organization"},"potentialAction":[{"@type":"SearchAction","target":{"@type":"EntryPoint","urlTemplate":"https:\/\/www.asd-int.com\/de\/?s={search_term_string}"},"query-input":{"@type":"PropertyValueSpecification","valueRequired":true,"valueName":"search_term_string"}}],"inLanguage":"de"},{"@type":"Organization","@id":"https:\/\/www.asd-int.com\/de\/#organization","name":"ASD Group","url":"https:\/\/www.asd-int.com\/de\/","logo":{"@type":"ImageObject","inLanguage":"de","@id":"https:\/\/www.asd-int.com\/de\/#\/schema\/logo\/image\/","url":"https:\/\/www.asd-int.com\/wp-content\/uploads\/2020\/07\/Logo-ASD_noir.png","contentUrl":"https:\/\/www.asd-int.com\/wp-content\/uploads\/2020\/07\/Logo-ASD_noir.png","width":1054,"height":714,"caption":"ASD Group"},"image":{"@id":"https:\/\/www.asd-int.com\/de\/#\/schema\/logo\/image\/"}}]}},"_links":{"self":[{"href":"https:\/\/www.asd-int.com\/de\/wp-json\/wp\/v2\/pages\/22584","targetHints":{"allow":["GET"]}}],"collection":[{"href":"https:\/\/www.asd-int.com\/de\/wp-json\/wp\/v2\/pages"}],"about":[{"href":"https:\/\/www.asd-int.com\/de\/wp-json\/wp\/v2\/types\/page"}],"author":[{"embeddable":true,"href":"https:\/\/www.asd-int.com\/de\/wp-json\/wp\/v2\/users\/36"}],"replies":[{"embeddable":true,"href":"https:\/\/www.asd-int.com\/de\/wp-json\/wp\/v2\/comments?post=22584"}],"version-history":[{"count":0,"href":"https:\/\/www.asd-int.com\/de\/wp-json\/wp\/v2\/pages\/22584\/revisions"}],"wp:attachment":[{"href":"https:\/\/www.asd-int.com\/de\/wp-json\/wp\/v2\/media?parent=22584"}],"curies":[{"name":"wp","href":"https:\/\/api.w.org\/{rel}","templated":true}]}}