{"id":26938,"date":"2019-03-14T15:07:46","date_gmt":"2019-03-14T14:07:46","guid":{"rendered":"https:\/\/www.asd-int.com\/?page_id=26938"},"modified":"2019-03-18T16:18:37","modified_gmt":"2019-03-18T15:18:37","slug":"marktforschung-arbeitnehmerentsendung","status":"publish","type":"page","link":"https:\/\/www.asd-int.com\/de\/marktforschung-arbeitnehmerentsendung\/","title":{"rendered":"Marktforschung &#8211; Arbeitnehmerentsendung"},"content":{"rendered":"<p>NEHMEN SIE AN UNSERER MARKTSTUDIE TEIL<\/p>\n<p>Um Ihnen Dienstleistungen anbieten zu k\u00f6nnen, die Ihren Bed\u00fcrfnissen und Erwartungen m\u00f6glichst nahe kommen, m\u00f6chten wir\u00a0eine Marktanalyse durchf\u00fchren. Ihre Antworten werden uns helfen, Sie besser kennenzulernen.\u00a0<\/p>\n<p>Klicken Sie hier, um  zu antworten<\/p>\n<p>\nSo Posting Worker\u00a0ist unser Online-Service, der sich mit der Entsendung von Arbeitnehmern in Frankreich und Italien in allen Bereichen der Branche befasst (Bautransport- und Industriemessen und Veranstaltungen Interim Work Vineyard).<\/p>\n<p><!-- {\"name\":\"\",\"type\":\"layout\",\"children\":[{\"name\":\"Header Title\",\"type\":\"section\",\"props\":{\"style\":\"default\",\"width\":\"default\",\"vertical_align\":\"middle\",\"title_position\":\"top-left\",\"title_rotation\":\"left\",\"title_breakpoint\":\"xl\",\"image_position\":\"center-center\",\"header_transparent\":\"\",\"header_transparent_noplaceholder\":true,\"image\":\"https:\\\/\\\/www.asd-int.com\\\/wp-content\\\/uploads\\\/2019\\\/03\\\/shutterstock_699827038-copie.jpg\",\"text_color\":\"light\",\"padding\":\"small\",\"image_size\":\"cover\",\"height\":\"\",\"animation\":\"\"},\"children\":[{\"name\":\"\",\"type\":\"row\",\"props\":{\"fixed_width\":\"large\",\"breakpoint\":\"m\",\"layout\":\",2-3\",\"width\":\"default\",\"vertical_align\":true},\"children\":[{\"name\":\"\",\"type\":\"column\",\"props\":{\"widths\":[\"\"],\"image_position\":\"center-center\"}},{\"name\":\"\",\"type\":\"column\",\"props\":{\"widths\":[\"2-3\"],\"image_position\":\"center-center\"},\"children\":[{\"name\":\"\",\"type\":\"wordpress_area\",\"props\":{\"layout\":\"stack\",\"breakpoint\":\"m\",\"content\":\"builder-1\"}}]}]}]},{\"name\":\"\",\"type\":\"section\",\"props\":{\"style\":\"default\",\"width\":\"default\",\"vertical_align\":\"middle\",\"title_position\":\"top-left\",\"title_rotation\":\"left\",\"title_breakpoint\":\"xl\",\"image_position\":\"center-center\"},\"children\":[{\"name\":\"\",\"type\":\"row\",\"props\":{\"fixed_width\":\"large\",\"breakpoint\":\"m\"},\"children\":[{\"name\":\"\",\"type\":\"column\",\"props\":{\"widths\":[\"\"],\"image_position\":\"center-center\"},\"children\":[{\"name\":\"\",\"type\":\"headline\",\"props\":{\"title_element\":\"h1\",\"title_style\":\"\",\"title_decoration\":\"\",\"title_color\":\"\",\"text_align\":\"\",\"text_align_breakpoint\":\"\",\"text_align_fallback\":\"\",\"maxwidth\":\"\",\"maxwidth_align\":\"\",\"maxwidth_breakpoint\":\"\",\"margin\":\"\",\"animation\":\"\",\"visibility\":\"\",\"content\":\"\n\n<h2 style=\\\"text-align: center;\\\">NEHMEN SIE AN UNSERER MARKTSTUDIE TEIL<\\\/h2>\"}},{\"name\":\"\",\"type\":\"image\",\"props\":{\"margin\":\"default\",\"link_target\":\"\",\"image_border\":\"\",\"image_box_shadow\":\"\",\"image_hover_box_shadow\":\"\",\"text_align\":\"center\",\"text_align_breakpoint\":\"\",\"text_align_fallback\":\"\",\"maxwidth\":\"\",\"maxwidth_align\":\"\",\"maxwidth_breakpoint\":\"\",\"animation\":\"\",\"visibility\":\"\",\"image\":\"https:\\\/\\\/www.asd-int.com\\\/wp-content\\\/uploads\\\/2019\\\/03\\\/Objet-dynamique-vectoriel-copie.png\"}}]}]}]},{\"name\":\"\",\"type\":\"section\",\"props\":{\"style\":\"default\",\"width\":\"default\",\"vertical_align\":\"middle\",\"title_position\":\"top-left\",\"title_rotation\":\"left\",\"title_breakpoint\":\"xl\",\"image_position\":\"center-center\",\"height\":\"\",\"padding\":\"\",\"header_transparent\":\"\",\"animation\":\"\",\"padding_remove_top\":true},\"children\":[{\"name\":\"\",\"type\":\"row\",\"props\":{\"fixed_width\":\"large\",\"breakpoint\":\"m\"},\"children\":[{\"name\":\"\",\"type\":\"column\",\"props\":{\"widths\":[\"\"],\"image_position\":\"center-center\"},\"children\":[{\"name\":\"\",\"type\":\"text\",\"props\":{\"margin\":\"default\",\"column_breakpoint\":\"m\",\"text_style\":\"\",\"text_color\":\"\",\"text_size\":\"\",\"column\":\"\",\"text_align\":\"center\",\"text_align_breakpoint\":\"\",\"text_align_fallback\":\"\",\"maxwidth\":\"\",\"maxwidth_align\":\"\",\"maxwidth_breakpoint\":\"\",\"animation\":\"\",\"visibility\":\"\",\"content\":\"\n\n<p>Um Ihnen Dienstleistungen anbieten zu k\\u00f6nnen, die Ihren Bed\\u00fcrfnissen und Erwartungen m\\u00f6glichst nahe kommen, m\\u00f6chten wir\\u00a0eine Marktanalyse durchf\\u00fchren. Ihre Antworten werden uns helfen, Sie besser kennenzulernen.\\u00a0<\\\/p>\"}}]}]}]},{\"name\":\"\",\"type\":\"section\",\"props\":{\"style\":\"default\",\"width\":\"default\",\"vertical_align\":\"middle\",\"title_position\":\"top-left\",\"title_rotation\":\"left\",\"title_breakpoint\":\"xl\",\"image_position\":\"center-center\",\"height\":\"\",\"padding\":\"\",\"header_transparent\":\"\",\"animation\":\"\",\"padding_remove_top\":true},\"children\":[{\"name\":\"\",\"type\":\"row\",\"props\":{\"fixed_width\":\"large\",\"breakpoint\":\"m\"},\"children\":[{\"name\":\"\",\"type\":\"column\",\"props\":{\"widths\":[\"\"],\"image_position\":\"center-center\"},\"children\":[{\"name\":\"\",\"type\":\"image\",\"props\":{\"margin\":\"default\",\"link_target\":\"\",\"image_border\":\"\",\"image_box_shadow\":\"\",\"image_hover_box_shadow\":\"\",\"text_align\":\"center\",\"text_align_breakpoint\":\"\",\"text_align_fallback\":\"\",\"maxwidth\":\"\",\"maxwidth_align\":\"\",\"maxwidth_breakpoint\":\"\",\"animation\":\"\",\"visibility\":\"\",\"image\":\"https:\\\/\\\/www.asd-int.com\\\/wp-content\\\/uploads\\\/2019\\\/03\\\/QR_code_marktforschungarbeitnehmerentsendung-e1552659769147.png\"}},{\"name\":\"\",\"type\":\"button\",\"props\":{\"gutter\":\"small\",\"margin\":\"default\",\"button_size\":\"\",\"text_align\":\"center\",\"text_align_breakpoint\":\"\",\"text_align_fallback\":\"\",\"maxwidth\":\"\",\"maxwidth_align\":\"\",\"maxwidth_breakpoint\":\"\",\"animation\":\"\",\"visibility\":\"\"},\"children\":[{\"name\":\"\",\"type\":\"button_item\",\"props\":{\"button_style\":\"primary\",\"icon_align\":\"left\",\"link_target\":\"\",\"content\":\"Klicken Sie hier, um  zu antworten\",\"link\":\"https:\\\/\\\/fr.surveymonkey.com\\\/r\\\/marktforschungarbeitnehmerentsendung\"}}]}]}]}]},{\"name\":\"\",\"type\":\"section\",\"props\":{\"style\":\"default\",\"width\":\"default\",\"vertical_align\":\"middle\",\"title_position\":\"top-left\",\"title_rotation\":\"left\",\"title_breakpoint\":\"xl\",\"image_position\":\"center-center\",\"height\":\"\",\"padding\":\"\",\"header_transparent\":\"\",\"animation\":\"\",\"padding_remove_top\":true,\"padding_remove_bottom\":true},\"children\":[{\"name\":\"\",\"type\":\"row\",\"props\":{\"fixed_width\":\"large\",\"breakpoint\":\"m\"},\"children\":[{\"name\":\"\",\"type\":\"column\",\"props\":{\"widths\":[\"\"],\"image_position\":\"center-center\"},\"children\":[{\"name\":\"\",\"type\":\"text\",\"props\":{\"margin\":\"default\",\"column_breakpoint\":\"m\",\"text_style\":\"\",\"text_color\":\"\",\"text_size\":\"\",\"column\":\"\",\"text_align\":\"\",\"text_align_breakpoint\":\"\",\"text_align_fallback\":\"\",\"maxwidth\":\"\",\"maxwidth_align\":\"\",\"maxwidth_breakpoint\":\"\",\"animation\":\"\",\"visibility\":\"\",\"content\":\"\n\n<p><img class=\\\"alignleft wp-image-21563\\\" src=\\\"https:\\\/\\\/www.asd-int.com\\\/wp-content\\\/uploads\\\/2019\\\/03\\\/logo-couleur.png\\\" alt=\\\"\\\" width=\\\"285\\\" height=\\\"146\\\" \\\/><\\\/p>\\n\n\n<p style=\\\"text-align: justify;\\\"><br \\\/><span style=\\\"color: #0095cd;\\\"><a style=\\\"color: #0095cd;\\\" href=\\\"https:\\\/\\\/www.soposting-worker.com\\\/de\\\/\\\"><span style=\\\"color: #e95d0f;\\\">So Posting Worker\\u00a0<\\\/span><\\\/a><\\\/span>ist unser Online-Service, der sich mit der Entsendung von Arbeitnehmern in Frankreich und Italien in allen Bereichen der Branche befasst (Bautransport- und Industriemessen und Veranstaltungen Interim Work Vineyard).<\\\/p>\"}}]}]}]},{\"name\":\"\",\"type\":\"section\",\"props\":{\"style\":\"default\",\"width\":\"default\",\"vertical_align\":\"middle\",\"title_position\":\"top-left\",\"title_rotation\":\"left\",\"title_breakpoint\":\"xl\",\"image_position\":\"center-center\",\"height\":\"\",\"padding\":\"\",\"header_transparent\":\"\",\"animation\":\"\"},\"children\":[{\"name\":\"\",\"type\":\"row\",\"props\":{\"fixed_width\":\"large\",\"breakpoint\":\"m\"},\"children\":[{\"name\":\"\",\"type\":\"column\",\"props\":{\"widths\":[\"\"],\"image_position\":\"center-center\"},\"children\":[{\"name\":\"\",\"type\":\"image\",\"props\":{\"margin\":\"default\",\"link_target\":\"\",\"image_border\":\"\",\"image_box_shadow\":\"\",\"image_hover_box_shadow\":\"\",\"text_align\":\"center\",\"text_align_breakpoint\":\"\",\"text_align_fallback\":\"\",\"maxwidth\":\"\",\"maxwidth_align\":\"\",\"maxwidth_breakpoint\":\"\",\"animation\":\"\",\"visibility\":\"\",\"image\":\"https:\\\/\\\/www.asd-int.com\\\/wp-content\\\/uploads\\\/2019\\\/03\\\/shutterstock_519473755-1.jpg\"}}]}]}]}]} --><\/p>\n","protected":false},"excerpt":{"rendered":"<p>NEHMEN SIE AN UNSERER MARKTSTUDIE TEIL Um Ihnen Dienstleistungen anbieten zu k\u00f6nnen, die Ihren Bed\u00fcrfnissen und Erwartungen m\u00f6glichst nahe kommen, m\u00f6chten wir\u00a0eine Marktanalyse durchf\u00fchren. Ihre&#8230;<\/p>\n","protected":false},"author":36,"featured_media":0,"parent":0,"menu_order":0,"comment_status":"closed","ping_status":"closed","template":"","meta":{"_eb_attr":"","_lmt_disableupdate":"","_lmt_disable":"","footnotes":""},"class_list":["post-26938","page","type-page","status-publish","hentry"],"yoast_head":"<!-- This site is optimized with the Yoast SEO plugin v27.3 - https:\/\/yoast.com\/product\/yoast-seo-wordpress\/ -->\n<title>Marktforschung - Arbeitnehmerentsendung<\/title>\n<meta name=\"robots\" content=\"index, follow, max-snippet:-1, max-image-preview:large, max-video-preview:-1\" \/>\n<link rel=\"canonical\" href=\"https:\/\/www.asd-int.com\/de\/marktforschung-arbeitnehmerentsendung\/\" \/>\n<meta property=\"og:locale\" content=\"de_DE\" \/>\n<meta property=\"og:type\" content=\"article\" \/>\n<meta property=\"og:title\" content=\"Marktforschung - Arbeitnehmerentsendung\" \/>\n<meta property=\"og:description\" content=\"NEHMEN SIE AN UNSERER MARKTSTUDIE TEIL Um Ihnen Dienstleistungen anbieten zu k\u00f6nnen, die Ihren Bed\u00fcrfnissen und Erwartungen m\u00f6glichst nahe kommen, m\u00f6chten wir\u00a0eine Marktanalyse durchf\u00fchren. Ihre...\" \/>\n<meta property=\"og:url\" content=\"https:\/\/www.asd-int.com\/de\/marktforschung-arbeitnehmerentsendung\/\" \/>\n<meta property=\"og:site_name\" content=\"ASD\" \/>\n<meta property=\"article:modified_time\" content=\"2019-03-18T15:18:37+00:00\" \/>\n<meta property=\"og:image\" content=\"https:\/\/www.asd-int.com\/wp-content\/uploads\/2020\/07\/Logo-ASD_noir.png\" \/>\n\t<meta property=\"og:image:width\" content=\"1054\" \/>\n\t<meta property=\"og:image:height\" content=\"714\" \/>\n\t<meta property=\"og:image:type\" content=\"image\/png\" \/>\n<meta name=\"twitter:card\" content=\"summary_large_image\" \/>\n<script type=\"application\/ld+json\" class=\"yoast-schema-graph\">{\"@context\":\"https:\\\/\\\/schema.org\",\"@graph\":[{\"@type\":\"WebPage\",\"@id\":\"https:\\\/\\\/www.asd-int.com\\\/de\\\/marktforschung-arbeitnehmerentsendung\\\/\",\"url\":\"https:\\\/\\\/www.asd-int.com\\\/de\\\/marktforschung-arbeitnehmerentsendung\\\/\",\"name\":\"Marktforschung - Arbeitnehmerentsendung\",\"isPartOf\":{\"@id\":\"https:\\\/\\\/www.asd-int.com\\\/de\\\/#website\"},\"datePublished\":\"2019-03-14T14:07:46+00:00\",\"dateModified\":\"2019-03-18T15:18:37+00:00\",\"breadcrumb\":{\"@id\":\"https:\\\/\\\/www.asd-int.com\\\/de\\\/marktforschung-arbeitnehmerentsendung\\\/#breadcrumb\"},\"inLanguage\":\"de\",\"potentialAction\":[{\"@type\":\"ReadAction\",\"target\":[\"https:\\\/\\\/www.asd-int.com\\\/de\\\/marktforschung-arbeitnehmerentsendung\\\/\"]}]},{\"@type\":\"BreadcrumbList\",\"@id\":\"https:\\\/\\\/www.asd-int.com\\\/de\\\/marktforschung-arbeitnehmerentsendung\\\/#breadcrumb\",\"itemListElement\":[{\"@type\":\"ListItem\",\"position\":1,\"name\":\"ASD Group\",\"item\":\"https:\\\/\\\/www.asd-int.com\\\/de\\\/\"},{\"@type\":\"ListItem\",\"position\":2,\"name\":\"Marktforschung &#8211; Arbeitnehmerentsendung\"}]},{\"@type\":\"WebSite\",\"@id\":\"https:\\\/\\\/www.asd-int.com\\\/de\\\/#website\",\"url\":\"https:\\\/\\\/www.asd-int.com\\\/de\\\/\",\"name\":\"ASD\",\"description\":\"Vereinfachen Sie Ihre internationalen Gesch\u00e4fte\",\"publisher\":{\"@id\":\"https:\\\/\\\/www.asd-int.com\\\/de\\\/#organization\"},\"potentialAction\":[{\"@type\":\"SearchAction\",\"target\":{\"@type\":\"EntryPoint\",\"urlTemplate\":\"https:\\\/\\\/www.asd-int.com\\\/de\\\/?s={search_term_string}\"},\"query-input\":{\"@type\":\"PropertyValueSpecification\",\"valueRequired\":true,\"valueName\":\"search_term_string\"}}],\"inLanguage\":\"de\"},{\"@type\":\"Organization\",\"@id\":\"https:\\\/\\\/www.asd-int.com\\\/de\\\/#organization\",\"name\":\"ASD Group\",\"url\":\"https:\\\/\\\/www.asd-int.com\\\/de\\\/\",\"logo\":{\"@type\":\"ImageObject\",\"inLanguage\":\"de\",\"@id\":\"https:\\\/\\\/www.asd-int.com\\\/de\\\/#\\\/schema\\\/logo\\\/image\\\/\",\"url\":\"https:\\\/\\\/www.asd-int.com\\\/wp-content\\\/uploads\\\/2020\\\/07\\\/Logo-ASD_noir.png\",\"contentUrl\":\"https:\\\/\\\/www.asd-int.com\\\/wp-content\\\/uploads\\\/2020\\\/07\\\/Logo-ASD_noir.png\",\"width\":1054,\"height\":714,\"caption\":\"ASD Group\"},\"image\":{\"@id\":\"https:\\\/\\\/www.asd-int.com\\\/de\\\/#\\\/schema\\\/logo\\\/image\\\/\"}}]}<\/script>\n<!-- \/ Yoast SEO plugin. -->","yoast_head_json":{"title":"Marktforschung - Arbeitnehmerentsendung","robots":{"index":"index","follow":"follow","max-snippet":"max-snippet:-1","max-image-preview":"max-image-preview:large","max-video-preview":"max-video-preview:-1"},"canonical":"https:\/\/www.asd-int.com\/de\/marktforschung-arbeitnehmerentsendung\/","og_locale":"de_DE","og_type":"article","og_title":"Marktforschung - Arbeitnehmerentsendung","og_description":"NEHMEN SIE AN UNSERER MARKTSTUDIE TEIL Um Ihnen Dienstleistungen anbieten zu k\u00f6nnen, die Ihren Bed\u00fcrfnissen und Erwartungen m\u00f6glichst nahe kommen, m\u00f6chten wir\u00a0eine Marktanalyse durchf\u00fchren. Ihre...","og_url":"https:\/\/www.asd-int.com\/de\/marktforschung-arbeitnehmerentsendung\/","og_site_name":"ASD","article_modified_time":"2019-03-18T15:18:37+00:00","og_image":[{"width":1054,"height":714,"url":"https:\/\/www.asd-int.com\/wp-content\/uploads\/2020\/07\/Logo-ASD_noir.png","type":"image\/png"}],"twitter_card":"summary_large_image","schema":{"@context":"https:\/\/schema.org","@graph":[{"@type":"WebPage","@id":"https:\/\/www.asd-int.com\/de\/marktforschung-arbeitnehmerentsendung\/","url":"https:\/\/www.asd-int.com\/de\/marktforschung-arbeitnehmerentsendung\/","name":"Marktforschung - Arbeitnehmerentsendung","isPartOf":{"@id":"https:\/\/www.asd-int.com\/de\/#website"},"datePublished":"2019-03-14T14:07:46+00:00","dateModified":"2019-03-18T15:18:37+00:00","breadcrumb":{"@id":"https:\/\/www.asd-int.com\/de\/marktforschung-arbeitnehmerentsendung\/#breadcrumb"},"inLanguage":"de","potentialAction":[{"@type":"ReadAction","target":["https:\/\/www.asd-int.com\/de\/marktforschung-arbeitnehmerentsendung\/"]}]},{"@type":"BreadcrumbList","@id":"https:\/\/www.asd-int.com\/de\/marktforschung-arbeitnehmerentsendung\/#breadcrumb","itemListElement":[{"@type":"ListItem","position":1,"name":"ASD Group","item":"https:\/\/www.asd-int.com\/de\/"},{"@type":"ListItem","position":2,"name":"Marktforschung &#8211; Arbeitnehmerentsendung"}]},{"@type":"WebSite","@id":"https:\/\/www.asd-int.com\/de\/#website","url":"https:\/\/www.asd-int.com\/de\/","name":"ASD","description":"Vereinfachen Sie Ihre internationalen Gesch\u00e4fte","publisher":{"@id":"https:\/\/www.asd-int.com\/de\/#organization"},"potentialAction":[{"@type":"SearchAction","target":{"@type":"EntryPoint","urlTemplate":"https:\/\/www.asd-int.com\/de\/?s={search_term_string}"},"query-input":{"@type":"PropertyValueSpecification","valueRequired":true,"valueName":"search_term_string"}}],"inLanguage":"de"},{"@type":"Organization","@id":"https:\/\/www.asd-int.com\/de\/#organization","name":"ASD Group","url":"https:\/\/www.asd-int.com\/de\/","logo":{"@type":"ImageObject","inLanguage":"de","@id":"https:\/\/www.asd-int.com\/de\/#\/schema\/logo\/image\/","url":"https:\/\/www.asd-int.com\/wp-content\/uploads\/2020\/07\/Logo-ASD_noir.png","contentUrl":"https:\/\/www.asd-int.com\/wp-content\/uploads\/2020\/07\/Logo-ASD_noir.png","width":1054,"height":714,"caption":"ASD Group"},"image":{"@id":"https:\/\/www.asd-int.com\/de\/#\/schema\/logo\/image\/"}}]}},"_links":{"self":[{"href":"https:\/\/www.asd-int.com\/de\/wp-json\/wp\/v2\/pages\/26938","targetHints":{"allow":["GET"]}}],"collection":[{"href":"https:\/\/www.asd-int.com\/de\/wp-json\/wp\/v2\/pages"}],"about":[{"href":"https:\/\/www.asd-int.com\/de\/wp-json\/wp\/v2\/types\/page"}],"author":[{"embeddable":true,"href":"https:\/\/www.asd-int.com\/de\/wp-json\/wp\/v2\/users\/36"}],"replies":[{"embeddable":true,"href":"https:\/\/www.asd-int.com\/de\/wp-json\/wp\/v2\/comments?post=26938"}],"version-history":[{"count":0,"href":"https:\/\/www.asd-int.com\/de\/wp-json\/wp\/v2\/pages\/26938\/revisions"}],"wp:attachment":[{"href":"https:\/\/www.asd-int.com\/de\/wp-json\/wp\/v2\/media?parent=26938"}],"curies":[{"name":"wp","href":"https:\/\/api.w.org\/{rel}","templated":true}]}}