{"id":16148,"date":"2018-10-03T11:12:04","date_gmt":"2018-10-03T09:12:04","guid":{"rendered":"https:\/\/www.asd-int.com\/?page_id=16148"},"modified":"2018-10-31T10:56:53","modified_gmt":"2018-10-31T09:56:53","slug":"download-our-special-feature-about-brexit","status":"publish","type":"page","link":"https:\/\/www.asd-int.com\/en\/download-our-special-feature-about-brexit\/","title":{"rendered":"Download our special feature about Brexit"},"content":{"rendered":"<p>Thank you! <\/p>\n<p>To download the Brexit special feature, you can click on the link below. An email has also been sent.<br \/>\nDo not hesitate to contact us if you have any question.<br \/>\nNotre \u00e9quipe d&#8217;experts parlant votre langue est \u00e0 votre disposition pour vous proposer la solution adapt\u00e9e \u00e0 votre situation. Our team of experts speak your language and are available to offer you a tailor-made solution.<\/p>\n<p>Link to download our Brexit special feature<\/p>\n<p>Back to homepage<\/p>\n<p>Blog<\/p>\n<p>All the VAT and customs news explained by our experts<\/p>\n<p>[widgetkit id=&#8221;1&#8243;]<\/p>\n<p>See all articles<\/p>\n<p><!-- {\"name\":\"\",\"type\":\"layout\",\"children\":[{\"name\":\"Header Title\",\"type\":\"section\",\"props\":{\"style\":\"default\",\"width\":\"default\",\"vertical_align\":\"middle\",\"title_position\":\"top-left\",\"title_rotation\":\"left\",\"title_breakpoint\":\"xl\",\"image_position\":\"center-center\",\"header_transparent\":\"\",\"header_transparent_noplaceholder\":true,\"image\":\"wp-content\\\/uploads\\\/2018\\\/01\\\/background-header-contact.jpg\",\"text_color\":\"light\",\"padding\":\"small\",\"image_size\":\"cover\"},\"children\":[{\"name\":\"\",\"type\":\"row\",\"props\":{\"fixed_width\":\"large\",\"breakpoint\":\"m\",\"layout\":\",2-3\",\"width\":\"default\",\"vertical_align\":true},\"children\":[{\"name\":\"\",\"type\":\"column\",\"props\":{\"widths\":[\"\"],\"image_position\":\"center-center\"},\"children\":[{\"name\":\"\",\"type\":\"image\",\"props\":{\"margin\":\"default\",\"image\":\"https:\\\/\\\/www.asd-int.com\\\/wp-content\\\/uploads\\\/2017\\\/11\\\/logo-asd.png\",\"image_height\":\"60\",\"link\":\"https:\\\/\\\/www.asd-int.com\\\/\"}}]},{\"name\":\"\",\"type\":\"column\",\"props\":{\"widths\":[\"2-3\"],\"image_position\":\"center-center\"},\"children\":[{\"name\":\"\",\"type\":\"headline\",\"props\":{\"title_element\":\"h2\",\"content\":\"Thank you! \",\"text_align\":\"left\",\"title_decoration\":\"bullet\"}}]}]}]},{\"name\":\"\",\"type\":\"section\",\"props\":{\"style\":\"default\",\"width\":\"default\",\"vertical_align\":\"middle\",\"title_position\":\"top-left\",\"title_rotation\":\"left\",\"title_breakpoint\":\"xl\",\"image_position\":\"center-center\"},\"children\":[{\"name\":\"\",\"type\":\"row\",\"props\":{\"fixed_width\":\"large\",\"breakpoint\":\"m\",\"layout\":\",2-3\",\"gutter\":\"\"},\"children\":[{\"name\":\"\",\"type\":\"column\",\"props\":{\"widths\":[\"\"],\"image_position\":\"center-center\"},\"children\":[{\"name\":\"\",\"type\":\"image\",\"props\":{\"margin\":\"default\",\"image\":\"wp-content\\\/uploads\\\/2018\\\/10\\\/Brexit_dossier.jpg\",\"text_align\":\"left\",\"text_align_breakpoint\":\"s\",\"text_align_fallback\":\"center\"}}]},{\"name\":\"\",\"type\":\"column\",\"props\":{\"widths\":[\"2-3\"],\"image_position\":\"center-center\"},\"children\":[{\"name\":\"\",\"type\":\"text\",\"props\":{\"margin\":\"default\",\"column_breakpoint\":\"m\",\"content\":\"\n\n<p>To download the Brexit special feature, you can click on the link below. An email has also been sent. <\\\/p> \\n\n\n<p>Do not hesitate to contact us if you have any question. <\\\/p>\\n\n\n<p>Notre \\u00e9quipe d'experts parlant votre langue est \\u00e0 votre disposition pour vous proposer la solution adapt\\u00e9e \\u00e0 votre situation. Our team of experts speak your language and are available to offer you a tailor-made solution.<\\\/p>\",\"text_style\":\"\"}},{\"name\":\"\",\"type\":\"button\",\"props\":{\"gutter\":\"small\",\"margin\":\"default\",\"text_align\":\"center\",\"button_size\":\"large\",\"fullwidth\":true},\"children\":[{\"name\":\"\",\"type\":\"button_item\",\"props\":{\"button_style\":\"primary\",\"icon_align\":\"left\",\"content\":\"Link to download our Brexit special feature\",\"link\":\"https:\\\/\\\/www.asd-int.com\/wp-content\/uploads\/2018\/10\/Dossier-special-Brexit-HMRC-EN.pdf\"}}]},{\"name\":\"\",\"type\":\"button\",\"props\":{\"gutter\":\"small\",\"margin\":\"default\",\"text_align\":\"center\"},\"children\":[{\"name\":\"\",\"type\":\"button_item\",\"props\":{\"button_style\":\"default\",\"icon_align\":\"left\",\"content\":\"Back to homepage\",\"link\":\"https:\\\/\\\/www.asd-int.com\\\/en\\\/\"}}]}]}]}]},{\"name\":\"Actualit\\u00e9\",\"type\":\"section\",\"props\":{\"style\":\"muted\",\"width\":\"default\",\"vertical_align\":\"middle\",\"title_position\":\"top-left\",\"title_rotation\":\"left\",\"title_breakpoint\":\"xl\",\"image_position\":\"center-center\"},\"children\":[{\"name\":\"\",\"type\":\"row\",\"props\":{\"fixed_width\":\"large\",\"breakpoint\":\"m\",\"layout\":\"1-1\"},\"children\":[{\"name\":\"\",\"type\":\"column\",\"props\":{\"widths\":[\"1-1\"],\"image_position\":\"center-center\"},\"children\":[{\"name\":\"\",\"type\":\"headline\",\"props\":{\"title_element\":\"h2\",\"content\":\"Blog\",\"title_style\":\"\",\"title_decoration\":\"\",\"text_align\":\"center\"}},{\"name\":\"\",\"type\":\"divider\",\"props\":{\"divider_element\":\"hr\",\"divider_style\":\"icon\",\"divider_align\":\"right\",\"maxwidth\":\"medium\",\"maxwidth_align\":\"center\"}},{\"name\":\"\",\"type\":\"headline\",\"props\":{\"title_element\":\"h5\",\"content\":\"All the VAT and customs news explained by our experts\",\"text_align\":\"center\",\"margin\":\"large\",\"margin_remove_top\":true}},{\"name\":\"\",\"type\":\"html\",\"props\":{\"content\":\"[widgetkit id=\\\"1\\\"]\"}},{\"name\":\"\",\"type\":\"button\",\"props\":{\"gutter\":\"small\",\"margin\":\"default\",\"text_align\":\"center\"},\"children\":[{\"name\":\"\",\"type\":\"button_item\",\"props\":{\"button_style\":\"default\",\"icon_align\":\"left\",\"content\":\"See all articles\",\"link\":\"actualites\\\/\"}}]}]}]}]}]} --><\/p>\n","protected":false},"excerpt":{"rendered":"<p>Thank you! To download the Brexit special feature, you can click on the link below. An email has also been sent. Do not hesitate to&#8230;<\/p>\n","protected":false},"author":36,"featured_media":0,"parent":0,"menu_order":0,"comment_status":"closed","ping_status":"closed","template":"","meta":{"_eb_attr":"","_lmt_disableupdate":"","_lmt_disable":"","footnotes":""},"class_list":["post-16148","page","type-page","status-publish","hentry"],"yoast_head":"<!-- This site is optimized with the Yoast SEO plugin v27.3 - https:\/\/yoast.com\/product\/yoast-seo-wordpress\/ -->\n<title>Download our special feature about Brexit<\/title>\n<meta name=\"robots\" content=\"index, follow, max-snippet:-1, max-image-preview:large, max-video-preview:-1\" \/>\n<link rel=\"canonical\" href=\"https:\/\/www.asd-int.com\/en\/download-our-special-feature-about-brexit\/\" \/>\n<meta property=\"og:locale\" content=\"en_US\" \/>\n<meta property=\"og:type\" content=\"article\" \/>\n<meta property=\"og:title\" content=\"Download our special feature about Brexit\" \/>\n<meta property=\"og:description\" content=\"Thank you! To download the Brexit special feature, you can click on the link below. An email has also been sent. Do not hesitate to...\" \/>\n<meta property=\"og:url\" content=\"https:\/\/www.asd-int.com\/en\/download-our-special-feature-about-brexit\/\" \/>\n<meta property=\"og:site_name\" content=\"ASD\" \/>\n<meta property=\"article:modified_time\" content=\"2018-10-31T09:56:53+00:00\" \/>\n<meta property=\"og:image\" content=\"https:\/\/www.asd-int.com\/wp-content\/uploads\/2020\/07\/Logo-ASD_noir.png\" \/>\n\t<meta property=\"og:image:width\" content=\"1054\" \/>\n\t<meta property=\"og:image:height\" content=\"714\" \/>\n\t<meta property=\"og:image:type\" content=\"image\/png\" \/>\n<meta name=\"twitter:card\" content=\"summary_large_image\" \/>\n<script type=\"application\/ld+json\" class=\"yoast-schema-graph\">{\"@context\":\"https:\\\/\\\/schema.org\",\"@graph\":[{\"@type\":\"WebPage\",\"@id\":\"https:\\\/\\\/www.asd-int.com\\\/en\\\/download-our-special-feature-about-brexit\\\/\",\"url\":\"https:\\\/\\\/www.asd-int.com\\\/en\\\/download-our-special-feature-about-brexit\\\/\",\"name\":\"Download our special feature about Brexit\",\"isPartOf\":{\"@id\":\"https:\\\/\\\/www.asd-int.com\\\/en\\\/#website\"},\"datePublished\":\"2018-10-03T09:12:04+00:00\",\"dateModified\":\"2018-10-31T09:56:53+00:00\",\"breadcrumb\":{\"@id\":\"https:\\\/\\\/www.asd-int.com\\\/en\\\/download-our-special-feature-about-brexit\\\/#breadcrumb\"},\"inLanguage\":\"en-US\",\"potentialAction\":[{\"@type\":\"ReadAction\",\"target\":[\"https:\\\/\\\/www.asd-int.com\\\/en\\\/download-our-special-feature-about-brexit\\\/\"]}]},{\"@type\":\"BreadcrumbList\",\"@id\":\"https:\\\/\\\/www.asd-int.com\\\/en\\\/download-our-special-feature-about-brexit\\\/#breadcrumb\",\"itemListElement\":[{\"@type\":\"ListItem\",\"position\":1,\"name\":\"ASD Group\",\"item\":\"https:\\\/\\\/www.asd-int.com\\\/en\\\/\"},{\"@type\":\"ListItem\",\"position\":2,\"name\":\"Download our special feature about Brexit\"}]},{\"@type\":\"WebSite\",\"@id\":\"https:\\\/\\\/www.asd-int.com\\\/en\\\/#website\",\"url\":\"https:\\\/\\\/www.asd-int.com\\\/en\\\/\",\"name\":\"ASD\",\"description\":\"Simplify your international growth\",\"publisher\":{\"@id\":\"https:\\\/\\\/www.asd-int.com\\\/en\\\/#organization\"},\"potentialAction\":[{\"@type\":\"SearchAction\",\"target\":{\"@type\":\"EntryPoint\",\"urlTemplate\":\"https:\\\/\\\/www.asd-int.com\\\/en\\\/?s={search_term_string}\"},\"query-input\":{\"@type\":\"PropertyValueSpecification\",\"valueRequired\":true,\"valueName\":\"search_term_string\"}}],\"inLanguage\":\"en-US\"},{\"@type\":\"Organization\",\"@id\":\"https:\\\/\\\/www.asd-int.com\\\/en\\\/#organization\",\"name\":\"ASD Group\",\"url\":\"https:\\\/\\\/www.asd-int.com\\\/en\\\/\",\"logo\":{\"@type\":\"ImageObject\",\"inLanguage\":\"en-US\",\"@id\":\"https:\\\/\\\/www.asd-int.com\\\/en\\\/#\\\/schema\\\/logo\\\/image\\\/\",\"url\":\"https:\\\/\\\/www.asd-int.com\\\/wp-content\\\/uploads\\\/2020\\\/07\\\/Logo-ASD_noir.png\",\"contentUrl\":\"https:\\\/\\\/www.asd-int.com\\\/wp-content\\\/uploads\\\/2020\\\/07\\\/Logo-ASD_noir.png\",\"width\":1054,\"height\":714,\"caption\":\"ASD Group\"},\"image\":{\"@id\":\"https:\\\/\\\/www.asd-int.com\\\/en\\\/#\\\/schema\\\/logo\\\/image\\\/\"}}]}<\/script>\n<!-- \/ Yoast SEO plugin. -->","yoast_head_json":{"title":"Download our special feature about Brexit","robots":{"index":"index","follow":"follow","max-snippet":"max-snippet:-1","max-image-preview":"max-image-preview:large","max-video-preview":"max-video-preview:-1"},"canonical":"https:\/\/www.asd-int.com\/en\/download-our-special-feature-about-brexit\/","og_locale":"en_US","og_type":"article","og_title":"Download our special feature about Brexit","og_description":"Thank you! To download the Brexit special feature, you can click on the link below. An email has also been sent. Do not hesitate to...","og_url":"https:\/\/www.asd-int.com\/en\/download-our-special-feature-about-brexit\/","og_site_name":"ASD","article_modified_time":"2018-10-31T09:56:53+00:00","og_image":[{"width":1054,"height":714,"url":"https:\/\/www.asd-int.com\/wp-content\/uploads\/2020\/07\/Logo-ASD_noir.png","type":"image\/png"}],"twitter_card":"summary_large_image","schema":{"@context":"https:\/\/schema.org","@graph":[{"@type":"WebPage","@id":"https:\/\/www.asd-int.com\/en\/download-our-special-feature-about-brexit\/","url":"https:\/\/www.asd-int.com\/en\/download-our-special-feature-about-brexit\/","name":"Download our special feature about Brexit","isPartOf":{"@id":"https:\/\/www.asd-int.com\/en\/#website"},"datePublished":"2018-10-03T09:12:04+00:00","dateModified":"2018-10-31T09:56:53+00:00","breadcrumb":{"@id":"https:\/\/www.asd-int.com\/en\/download-our-special-feature-about-brexit\/#breadcrumb"},"inLanguage":"en-US","potentialAction":[{"@type":"ReadAction","target":["https:\/\/www.asd-int.com\/en\/download-our-special-feature-about-brexit\/"]}]},{"@type":"BreadcrumbList","@id":"https:\/\/www.asd-int.com\/en\/download-our-special-feature-about-brexit\/#breadcrumb","itemListElement":[{"@type":"ListItem","position":1,"name":"ASD Group","item":"https:\/\/www.asd-int.com\/en\/"},{"@type":"ListItem","position":2,"name":"Download our special feature about Brexit"}]},{"@type":"WebSite","@id":"https:\/\/www.asd-int.com\/en\/#website","url":"https:\/\/www.asd-int.com\/en\/","name":"ASD","description":"Simplify your international growth","publisher":{"@id":"https:\/\/www.asd-int.com\/en\/#organization"},"potentialAction":[{"@type":"SearchAction","target":{"@type":"EntryPoint","urlTemplate":"https:\/\/www.asd-int.com\/en\/?s={search_term_string}"},"query-input":{"@type":"PropertyValueSpecification","valueRequired":true,"valueName":"search_term_string"}}],"inLanguage":"en-US"},{"@type":"Organization","@id":"https:\/\/www.asd-int.com\/en\/#organization","name":"ASD Group","url":"https:\/\/www.asd-int.com\/en\/","logo":{"@type":"ImageObject","inLanguage":"en-US","@id":"https:\/\/www.asd-int.com\/en\/#\/schema\/logo\/image\/","url":"https:\/\/www.asd-int.com\/wp-content\/uploads\/2020\/07\/Logo-ASD_noir.png","contentUrl":"https:\/\/www.asd-int.com\/wp-content\/uploads\/2020\/07\/Logo-ASD_noir.png","width":1054,"height":714,"caption":"ASD Group"},"image":{"@id":"https:\/\/www.asd-int.com\/en\/#\/schema\/logo\/image\/"}}]}},"_links":{"self":[{"href":"https:\/\/www.asd-int.com\/en\/wp-json\/wp\/v2\/pages\/16148","targetHints":{"allow":["GET"]}}],"collection":[{"href":"https:\/\/www.asd-int.com\/en\/wp-json\/wp\/v2\/pages"}],"about":[{"href":"https:\/\/www.asd-int.com\/en\/wp-json\/wp\/v2\/types\/page"}],"author":[{"embeddable":true,"href":"https:\/\/www.asd-int.com\/en\/wp-json\/wp\/v2\/users\/36"}],"replies":[{"embeddable":true,"href":"https:\/\/www.asd-int.com\/en\/wp-json\/wp\/v2\/comments?post=16148"}],"version-history":[{"count":0,"href":"https:\/\/www.asd-int.com\/en\/wp-json\/wp\/v2\/pages\/16148\/revisions"}],"wp:attachment":[{"href":"https:\/\/www.asd-int.com\/en\/wp-json\/wp\/v2\/media?parent=16148"}],"curies":[{"name":"wp","href":"https:\/\/api.w.org\/{rel}","templated":true}]}}