{"id":13397,"date":"2018-06-14T17:42:06","date_gmt":"2018-06-14T15:42:06","guid":{"rendered":"https:\/\/www.asd-int.com\/?page_id=13397"},"modified":"2019-03-14T09:40:50","modified_gmt":"2019-03-14T08:40:50","slug":"francia","status":"publish","type":"page","link":"https:\/\/www.asd-int.com\/es\/blog\/francia\/","title":{"rendered":"Francia"},"content":{"rendered":"<span><span><a href=\"https:\/\/www.asd-int.com\/es\/\">ASD Group<\/a><\/span><\/span>\n<p>Toda la informaci\u00f3n relativa a sus actividades internacionales<\/p>\n<p>\n  Eligir un pa\u00eds&#8230;<\/p>\n<p>        Todos los paises<br \/>\n        Alemania<\/p>\n<p>        B\u00e9lgica<\/p>\n<p>           Canad\u00e1<br \/>\n        China<\/p>\n<p>        Emiratos \u00c0rabes Unidos<br \/>\n           Espa\u00f1a<br \/>\n        Estados Unidos<\/p>\n<p>        Francia<br \/>\n        Italia<br \/>\n        Polonia<br \/>\n           Portugal<br \/>\n          Reino Unido<\/p>\n<p>        Suiza<br \/>\n           Otros pa\u00edses<\/p>\n<p>\n    Todos<br \/>\n    Fiscalidad internacional<br \/>\n    Obligaciones aduaneras<br \/>\n    Desplazamiento de trabajadores<br \/>\n    E-commerce<br \/>\n    Noticias del Gruppo ASD\n<\/p>\n<p>[widgetkit id=\u00bb16&#8243; name=\u00bbblog\u00bb]<\/p>\n<p><!-- {\"name\":\"\",\"type\":\"layout\",\"children\":[{\"name\":\"Header Title\",\"type\":\"section\",\"props\":{\"style\":\"default\",\"width\":\"default\",\"vertical_align\":\"middle\",\"title_position\":\"top-left\",\"title_rotation\":\"left\",\"title_breakpoint\":\"xl\",\"image_position\":\"center-center\",\"header_transparent\":\"\",\"header_transparent_noplaceholder\":true,\"image\":\"wp-content\\\/uploads\\\/2017\\\/12\\\/background-blog.jpg\",\"text_color\":\"light\",\"padding\":\"small\",\"image_size\":\"cover\"},\"children\":[{\"name\":\"\",\"type\":\"row\",\"props\":{\"fixed_width\":\"large\",\"breakpoint\":\"m\",\"layout\":\",\",\"width\":\"default\"},\"children\":[{\"name\":\"\",\"type\":\"column\",\"props\":{\"widths\":[\"\"],\"image_position\":\"center-center\"}},{\"name\":\"\",\"type\":\"column\",\"props\":{\"widths\":[\"\"],\"image_position\":\"center-center\"},\"children\":[{\"name\":\"Breadcrumbs\",\"type\":\"text\",\"props\":{\"margin\":\"default\",\"column_breakpoint\":\"m\",\"content\":\"\n\n<p>[wpseo_breadcrumb]<\\\/p>\",\"css\":\".el-element {\\n text-transform: uppercase;   \\n}\"}},{\"name\":\"\",\"type\":\"wordpress_area\",\"props\":{\"layout\":\"stack\",\"breakpoint\":\"m\",\"content\":\"builder-1\"}},{\"name\":\"\",\"type\":\"headline\",\"props\":{\"title_element\":\"h3\",\"content\":\"Toda la informaci\\u00f3n relativa a sus actividades internacionales\",\"margin_remove_top\":true,\"title_style\":\"\",\"title_decoration\":\"\",\"title_color\":\"\",\"text_align\":\"\",\"text_align_breakpoint\":\"\",\"text_align_fallback\":\"\",\"maxwidth\":\"\",\"maxwidth_align\":\"\",\"maxwidth_breakpoint\":\"\",\"margin\":\"\",\"animation\":\"\",\"visibility\":\"\"}}]}]}]},{\"name\":\"Country select\",\"type\":\"section\",\"props\":{\"style\":\"secondary\",\"width\":\"default\",\"vertical_align\":\"middle\",\"title_position\":\"top-left\",\"title_rotation\":\"left\",\"title_breakpoint\":\"xl\",\"image_position\":\"center-center\",\"padding\":\"xsmall\",\"id\":\"country-select\"},\"children\":[{\"name\":\"\",\"type\":\"row\",\"props\":{\"fixed_width\":\"large\",\"breakpoint\":\"m\",\"layout\":\"1-1\"},\"children\":[{\"name\":\"\",\"type\":\"column\",\"props\":{\"widths\":[\"1-1\"],\"image_position\":\"center-center\"},\"children\":[{\"name\":\"\",\"type\":\"html\",\"props\":{\"content\":\"\n\n<div class=\\\"uk-text-center\\\">\\n  <button class=\\\"uk-button uk-button-default\\\" type=\\\"button\\\">Eligir un pa\\u00eds...<span class=\\\"uk-margin-left\\\" uk-icon=\\\"icon: chevron-down\\\"><\\\/span><\\\/button>\\n  \n\n<div uk-dropdown=\\\"pos: bottom-center\\\">\\n      \n\n<ul class=\\\"uk-nav uk-dropdown-nav country-select\\\">\\n        \n\n<li class=\\\"uk-active\\\"><a href=\\\"https:\\\/\\\/www.asd-int.com\\\/actualites\\\/\\\">Todos los paises<\\\/a><\\\/li>\\n        \n\n<li><a href=\\\"https:\\\/\\\/www.asd-int.com\\\/es\\\/noticias\\\/alemania\\\/\\\">Alemania<\\\/a><\\\/li>\\n      \\n        \n\n<li><a href=\\\"https:\\\/\\\/www.asd-int.com\\\/es\\\/noticias\\\/belgica\\\/\\\">B\\u00e9lgica<\\\/a><\\\/li>\\n          \\n           \n\n<li><a href=\\\"https:\\\/\\\/www.asd-int.com\\\/es\\\/noticias\\\/canada\\\/\\\">Canad\\u00e1<\\\/a><\\\/li>\\n        \n\n<li><a href=\\\"https:\\\/\\\/www.asd-int.com\\\/es\\\/noticias\\\/china\\\/\\\">China<\\\/a><\\\/li>\\n          \\n        \n\n<li><a href=\\\"https:\\\/\\\/www.asd-int.com\\\/es\\\/noticias\\\/emiratos-arabes-unidos\\\/\\\">Emiratos \\u00c0rabes Unidos<\\\/a><\\\/li>\\n           \n\n<li><a href=\\\"https:\\\/\\\/www.asd-int.com\\\/es\\\/noticias\\\/espana\\\/\\\">Espa\\u00f1a<\\\/a><\\\/li>\\n        \n\n<li><a href=\\\"https:\\\/\\\/www.asd-int.com\\\/es\\\/noticias\\\/estados-unidos\\\/\\\">Estados Unidos<\\\/a><\\\/li>\\n       \\n        \n\n<li><a href=\\\"https:\\\/\\\/www.asd-int.com\\\/es\\\/noticias\\\/francia\\\/\\\">Francia<\\\/a><\\\/li>\\n        \n\n<li><a href=\\\"https:\\\/\\\/www.asd-int.com\\\/es\\\/noticias\\\/italia\\\/\\\">Italia<\\\/a><\\\/li>\\n        \n\n<li><a href=\\\"https:\\\/\\\/www.asd-int.com\\\/es\\\/noticias\\\/polonia\\\/\\\">Polonia<\\\/a><\\\/li>\\n           \n\n<li><a href=\\\"https:\\\/\\\/www.asd-int.com\\\/es\\\/noticias\\\/portugal\\\/\\\">Portugal<\\\/a><\\\/li>\\n          \n\n<li><a href=\\\"https:\\\/\\\/www.asd-int.com\\\/es\\\/noticias\\\/inglaterra\\\/\\\">Reino Unido<\\\/a><\\\/li>\\n        \\n       \\n        \n\n<li><a href=\\\"https:\\\/\\\/www.asd-int.com\\\/es\\\/noticias\\\/suiza\\\/\\\">Suiza<\\\/a><\\\/li>\\n           \n\n<li><a href=\\\"https:\\\/\\\/www.asd-int.com\\\/es\\\/noticias\\\/otros-paises\\\/\\\">Otros pa\\u00edses<\\\/a><\\\/li>\\n      <\\\/ul>\\n  <\\\/div>\\n<\\\/div>\"}}]}]}]},{\"name\":\"Blog grid\",\"type\":\"section\",\"props\":{\"style\":\"default\",\"width\":\"default\",\"vertical_align\":\"middle\",\"title_position\":\"top-left\",\"title_rotation\":\"left\",\"title_breakpoint\":\"xl\",\"image_position\":\"center-center\"},\"children\":[{\"name\":\"\",\"type\":\"row\",\"props\":{\"fixed_width\":\"large\",\"breakpoint\":\"m\",\"layout\":\"1-1\"},\"children\":[{\"name\":\"\",\"type\":\"column\",\"props\":{\"widths\":[\"1-1\"],\"image_position\":\"center-center\"},\"children\":[{\"name\":\"Blog filter tab\",\"type\":\"html\",\"props\":{\"content\":\"\n\n<ul class=\\\"uk-flex-center\\\" uk-tab>\\n    \n\n<li id=\\\"tag-all\\\"><a href=\\\"\\\">Todos<\\\/a><\\\/li>\\n    \n\n<li id=\\\"tag-taxes\\\"><a href=\\\"\\\">Fiscalidad internacional<\\\/a><\\\/li>\\n    \n\n<li id=\\\"tag-douanes\\\"><a href=\\\"\\\">Obligaciones aduaneras<\\\/a><\\\/li>\\n    \n\n<li id=\\\"tag-detachement\\\"><a href=\\\"\\\">Desplazamiento de trabajadores<\\\/a><\\\/li>\\n    \n\n<li id=\\\"tag-vad\\\"><a href=\\\"\\\">E-commerce<\\\/a><\\\/li>\\n    \n\n<li id=\\\"tag-news\\\"><a href=\\\"\\\">Noticias del Gruppo ASD<\\\/a><\\\/li>\\n<\\\/ul>\"}},{\"name\":\"\",\"type\":\"html\",\"props\":{\"content\":\"[widgetkit id=\\\"16\\\" name=\\\"blog\\\"]\"}}]}]}]}]} --><\/p>\n","protected":false},"excerpt":{"rendered":"<p>Toda la informaci\u00f3n relativa a sus actividades internacionales Eligir un pa\u00eds&#8230; Todos los paises Alemania B\u00e9lgica Canad\u00e1 China Emiratos \u00c0rabes Unidos Espa\u00f1a Estados Unidos Francia&#8230;<\/p>\n","protected":false},"author":36,"featured_media":0,"parent":12014,"menu_order":0,"comment_status":"closed","ping_status":"closed","template":"","meta":{"_eb_attr":"","_lmt_disableupdate":"","_lmt_disable":"","footnotes":""},"class_list":["post-13397","page","type-page","status-publish","hentry"],"yoast_head":"<!-- This site is optimized with the Yoast SEO plugin v27.3 - https:\/\/yoast.com\/product\/yoast-seo-wordpress\/ -->\n<title>Francia<\/title>\n<meta name=\"robots\" content=\"index, follow, max-snippet:-1, max-image-preview:large, max-video-preview:-1\" \/>\n<link rel=\"canonical\" href=\"https:\/\/www.asd-int.com\/es\/blog\/francia\/\" \/>\n<meta property=\"og:locale\" content=\"es_ES\" \/>\n<meta property=\"og:type\" content=\"article\" \/>\n<meta property=\"og:title\" content=\"Francia\" \/>\n<meta property=\"og:description\" content=\"Toda la informaci\u00f3n relativa a sus actividades internacionales Eligir un pa\u00eds&#8230; Todos los paises Alemania B\u00e9lgica Canad\u00e1 China Emiratos \u00c0rabes Unidos Espa\u00f1a Estados Unidos Francia...\" \/>\n<meta property=\"og:url\" content=\"https:\/\/www.asd-int.com\/es\/blog\/francia\/\" \/>\n<meta property=\"og:site_name\" content=\"ASD\" \/>\n<meta property=\"article:modified_time\" content=\"2019-03-14T08:40:50+00:00\" \/>\n<meta property=\"og:image\" content=\"https:\/\/www.asd-int.com\/wp-content\/uploads\/2020\/07\/Logo-ASD_noir.png\" \/>\n\t<meta property=\"og:image:width\" content=\"1054\" \/>\n\t<meta property=\"og:image:height\" content=\"714\" \/>\n\t<meta property=\"og:image:type\" content=\"image\/png\" \/>\n<meta name=\"twitter:card\" content=\"summary_large_image\" \/>\n<script type=\"application\/ld+json\" class=\"yoast-schema-graph\">{\"@context\":\"https:\\\/\\\/schema.org\",\"@graph\":[{\"@type\":\"WebPage\",\"@id\":\"https:\\\/\\\/www.asd-int.com\\\/es\\\/blog\\\/francia\\\/\",\"url\":\"https:\\\/\\\/www.asd-int.com\\\/es\\\/blog\\\/francia\\\/\",\"name\":\"Francia\",\"isPartOf\":{\"@id\":\"https:\\\/\\\/www.asd-int.com\\\/es\\\/#website\"},\"datePublished\":\"2018-06-14T15:42:06+00:00\",\"dateModified\":\"2019-03-14T08:40:50+00:00\",\"breadcrumb\":{\"@id\":\"https:\\\/\\\/www.asd-int.com\\\/es\\\/blog\\\/francia\\\/#breadcrumb\"},\"inLanguage\":\"es\",\"potentialAction\":[{\"@type\":\"ReadAction\",\"target\":[\"https:\\\/\\\/www.asd-int.com\\\/es\\\/blog\\\/francia\\\/\"]}]},{\"@type\":\"BreadcrumbList\",\"@id\":\"https:\\\/\\\/www.asd-int.com\\\/es\\\/blog\\\/francia\\\/#breadcrumb\",\"itemListElement\":[{\"@type\":\"ListItem\",\"position\":1,\"name\":\"ASD Group\",\"item\":\"https:\\\/\\\/www.asd-int.com\\\/es\\\/\"},{\"@type\":\"ListItem\",\"position\":2,\"name\":\"Blog\",\"item\":\"https:\\\/\\\/www.asd-int.com\\\/es\\\/blog\\\/\"},{\"@type\":\"ListItem\",\"position\":3,\"name\":\"Francia\"}]},{\"@type\":\"WebSite\",\"@id\":\"https:\\\/\\\/www.asd-int.com\\\/es\\\/#website\",\"url\":\"https:\\\/\\\/www.asd-int.com\\\/es\\\/\",\"name\":\"ASD\",\"description\":\"Simplifique su desarrollo internacional\",\"publisher\":{\"@id\":\"https:\\\/\\\/www.asd-int.com\\\/es\\\/#organization\"},\"potentialAction\":[{\"@type\":\"SearchAction\",\"target\":{\"@type\":\"EntryPoint\",\"urlTemplate\":\"https:\\\/\\\/www.asd-int.com\\\/es\\\/?s={search_term_string}\"},\"query-input\":{\"@type\":\"PropertyValueSpecification\",\"valueRequired\":true,\"valueName\":\"search_term_string\"}}],\"inLanguage\":\"es\"},{\"@type\":\"Organization\",\"@id\":\"https:\\\/\\\/www.asd-int.com\\\/es\\\/#organization\",\"name\":\"ASD Group\",\"url\":\"https:\\\/\\\/www.asd-int.com\\\/es\\\/\",\"logo\":{\"@type\":\"ImageObject\",\"inLanguage\":\"es\",\"@id\":\"https:\\\/\\\/www.asd-int.com\\\/es\\\/#\\\/schema\\\/logo\\\/image\\\/\",\"url\":\"https:\\\/\\\/www.asd-int.com\\\/wp-content\\\/uploads\\\/2020\\\/07\\\/Logo-ASD_noir.png\",\"contentUrl\":\"https:\\\/\\\/www.asd-int.com\\\/wp-content\\\/uploads\\\/2020\\\/07\\\/Logo-ASD_noir.png\",\"width\":1054,\"height\":714,\"caption\":\"ASD Group\"},\"image\":{\"@id\":\"https:\\\/\\\/www.asd-int.com\\\/es\\\/#\\\/schema\\\/logo\\\/image\\\/\"}}]}<\/script>\n<!-- \/ Yoast SEO plugin. -->","yoast_head_json":{"title":"Francia","robots":{"index":"index","follow":"follow","max-snippet":"max-snippet:-1","max-image-preview":"max-image-preview:large","max-video-preview":"max-video-preview:-1"},"canonical":"https:\/\/www.asd-int.com\/es\/blog\/francia\/","og_locale":"es_ES","og_type":"article","og_title":"Francia","og_description":"Toda la informaci\u00f3n relativa a sus actividades internacionales Eligir un pa\u00eds&#8230; Todos los paises Alemania B\u00e9lgica Canad\u00e1 China Emiratos \u00c0rabes Unidos Espa\u00f1a Estados Unidos Francia...","og_url":"https:\/\/www.asd-int.com\/es\/blog\/francia\/","og_site_name":"ASD","article_modified_time":"2019-03-14T08:40:50+00:00","og_image":[{"width":1054,"height":714,"url":"https:\/\/www.asd-int.com\/wp-content\/uploads\/2020\/07\/Logo-ASD_noir.png","type":"image\/png"}],"twitter_card":"summary_large_image","schema":{"@context":"https:\/\/schema.org","@graph":[{"@type":"WebPage","@id":"https:\/\/www.asd-int.com\/es\/blog\/francia\/","url":"https:\/\/www.asd-int.com\/es\/blog\/francia\/","name":"Francia","isPartOf":{"@id":"https:\/\/www.asd-int.com\/es\/#website"},"datePublished":"2018-06-14T15:42:06+00:00","dateModified":"2019-03-14T08:40:50+00:00","breadcrumb":{"@id":"https:\/\/www.asd-int.com\/es\/blog\/francia\/#breadcrumb"},"inLanguage":"es","potentialAction":[{"@type":"ReadAction","target":["https:\/\/www.asd-int.com\/es\/blog\/francia\/"]}]},{"@type":"BreadcrumbList","@id":"https:\/\/www.asd-int.com\/es\/blog\/francia\/#breadcrumb","itemListElement":[{"@type":"ListItem","position":1,"name":"ASD Group","item":"https:\/\/www.asd-int.com\/es\/"},{"@type":"ListItem","position":2,"name":"Blog","item":"https:\/\/www.asd-int.com\/es\/blog\/"},{"@type":"ListItem","position":3,"name":"Francia"}]},{"@type":"WebSite","@id":"https:\/\/www.asd-int.com\/es\/#website","url":"https:\/\/www.asd-int.com\/es\/","name":"ASD","description":"Simplifique su desarrollo internacional","publisher":{"@id":"https:\/\/www.asd-int.com\/es\/#organization"},"potentialAction":[{"@type":"SearchAction","target":{"@type":"EntryPoint","urlTemplate":"https:\/\/www.asd-int.com\/es\/?s={search_term_string}"},"query-input":{"@type":"PropertyValueSpecification","valueRequired":true,"valueName":"search_term_string"}}],"inLanguage":"es"},{"@type":"Organization","@id":"https:\/\/www.asd-int.com\/es\/#organization","name":"ASD Group","url":"https:\/\/www.asd-int.com\/es\/","logo":{"@type":"ImageObject","inLanguage":"es","@id":"https:\/\/www.asd-int.com\/es\/#\/schema\/logo\/image\/","url":"https:\/\/www.asd-int.com\/wp-content\/uploads\/2020\/07\/Logo-ASD_noir.png","contentUrl":"https:\/\/www.asd-int.com\/wp-content\/uploads\/2020\/07\/Logo-ASD_noir.png","width":1054,"height":714,"caption":"ASD Group"},"image":{"@id":"https:\/\/www.asd-int.com\/es\/#\/schema\/logo\/image\/"}}]}},"_links":{"self":[{"href":"https:\/\/www.asd-int.com\/es\/wp-json\/wp\/v2\/pages\/13397","targetHints":{"allow":["GET"]}}],"collection":[{"href":"https:\/\/www.asd-int.com\/es\/wp-json\/wp\/v2\/pages"}],"about":[{"href":"https:\/\/www.asd-int.com\/es\/wp-json\/wp\/v2\/types\/page"}],"author":[{"embeddable":true,"href":"https:\/\/www.asd-int.com\/es\/wp-json\/wp\/v2\/users\/36"}],"replies":[{"embeddable":true,"href":"https:\/\/www.asd-int.com\/es\/wp-json\/wp\/v2\/comments?post=13397"}],"version-history":[{"count":0,"href":"https:\/\/www.asd-int.com\/es\/wp-json\/wp\/v2\/pages\/13397\/revisions"}],"up":[{"embeddable":true,"href":"https:\/\/www.asd-int.com\/es\/wp-json\/wp\/v2\/pages\/12014"}],"wp:attachment":[{"href":"https:\/\/www.asd-int.com\/es\/wp-json\/wp\/v2\/media?parent=13397"}],"curies":[{"name":"wp","href":"https:\/\/api.w.org\/{rel}","templated":true}]}}