{"id":134310,"date":"2022-06-03T09:47:49","date_gmt":"2022-06-03T07:47:49","guid":{"rendered":"https:\/\/www.asd-int.com\/descubra-todos-nuestros-eventos\/"},"modified":"2024-01-17T10:23:19","modified_gmt":"2024-01-17T09:23:19","slug":"nuestros-eventos","status":"publish","type":"page","link":"https:\/\/www.asd-int.com\/es\/nuestros-eventos\/","title":{"rendered":"Nuestros eventos"},"content":{"rendered":"\t\t<div data-elementor-type=\"wp-page\" data-elementor-id=\"134310\" class=\"elementor elementor-134310 elementor-42590\" data-elementor-post-type=\"page\">\n\t\t\t\t\t\t<section class=\"elementor-section elementor-top-section elementor-element elementor-element-42b66b7a elementor-section-stretched elementor-section-full_width elementor-section-height-default elementor-section-height-default\" data-id=\"42b66b7a\" data-element_type=\"section\" data-e-type=\"section\" data-settings=\"{&quot;stretch_section&quot;:&quot;section-stretched&quot;,&quot;background_background&quot;:&quot;classic&quot;}\">\n\t\t\t\t\t\t<div class=\"elementor-container elementor-column-gap-default\">\n\t\t\t\t\t<div class=\"elementor-column elementor-col-50 elementor-top-column elementor-element elementor-element-6a30893a\" data-id=\"6a30893a\" data-element_type=\"column\" data-e-type=\"column\">\n\t\t\t<div class=\"elementor-widget-wrap\">\n\t\t\t\t\t\t\t<\/div>\n\t\t<\/div>\n\t\t\t\t<div class=\"elementor-column elementor-col-50 elementor-top-column elementor-element elementor-element-650c88b9\" data-id=\"650c88b9\" data-element_type=\"column\" data-e-type=\"column\">\n\t\t\t<div class=\"elementor-widget-wrap elementor-element-populated\">\n\t\t\t\t\t\t<div class=\"elementor-element elementor-element-4bfdd587 elementor-widget elementor-widget-heading\" data-id=\"4bfdd587\" data-element_type=\"widget\" data-e-type=\"widget\" data-widget_type=\"heading.default\">\n\t\t\t\t<div class=\"elementor-widget-container\">\n\t\t\t\t\t<h4 class=\"elementor-heading-title elementor-size-default\">Eventos<\/h4>\t\t\t\t<\/div>\n\t\t\t\t<\/div>\n\t\t\t\t<div class=\"elementor-element elementor-element-4e82a805 elementor-widget elementor-widget-heading\" data-id=\"4e82a805\" data-element_type=\"widget\" data-e-type=\"widget\" data-widget_type=\"heading.default\">\n\t\t\t\t<div class=\"elementor-widget-container\">\n\t\t\t\t\t<h1 class=\"elementor-heading-title elementor-size-default\">Descubra todos nuestros eventos<\/h1>\t\t\t\t<\/div>\n\t\t\t\t<\/div>\n\t\t\t\t<div class=\"elementor-element elementor-element-36c456dc elementor-widget-divider--view-line elementor-widget elementor-widget-divider\" data-id=\"36c456dc\" data-element_type=\"widget\" data-e-type=\"widget\" data-widget_type=\"divider.default\">\n\t\t\t\t<div class=\"elementor-widget-container\">\n\t\t\t\t\t\t\t<div class=\"elementor-divider\">\n\t\t\t<span class=\"elementor-divider-separator\">\n\t\t\t\t\t\t<\/span>\n\t\t<\/div>\n\t\t\t\t\t\t<\/div>\n\t\t\t\t<\/div>\n\t\t\t\t<div class=\"elementor-element elementor-element-53d395a elementor-widget elementor-widget-heading\" data-id=\"53d395a\" data-element_type=\"widget\" data-e-type=\"widget\" data-widget_type=\"heading.default\">\n\t\t\t\t<div class=\"elementor-widget-container\">\n\t\t\t\t\t<h4 class=\"elementor-heading-title elementor-size-default\">Encuentre todos los eventos dedicados a las empresas que deseen informarse <br \/>sobre cuestiones fiscales, aduaneras y sociales. La lista de eventos se actualiza regularmente. <br \/>Tambi\u00e9n puede revisar todos los eventos.<\/h4>\t\t\t\t<\/div>\n\t\t\t\t<\/div>\n\t\t\t\t\t<\/div>\n\t\t<\/div>\n\t\t\t\t\t<\/div>\n\t\t<\/section>\n\t\t\t\t<section class=\"elementor-section elementor-top-section elementor-element elementor-element-2f94d5ee elementor-section-stretched animated-slow elementor-section-full_width elementor-section-height-default elementor-section-height-default\" data-id=\"2f94d5ee\" data-element_type=\"section\" data-e-type=\"section\" data-settings=\"{&quot;stretch_section&quot;:&quot;section-stretched&quot;,&quot;animation&quot;:&quot;none&quot;,&quot;animation_delay&quot;:1000}\">\n\t\t\t\t\t\t<div class=\"elementor-container elementor-column-gap-default\">\n\t\t\t\t\t<div class=\"elementor-column elementor-col-100 elementor-top-column elementor-element elementor-element-99fb518\" data-id=\"99fb518\" data-element_type=\"column\" data-e-type=\"column\" id=\"tags_container\">\n\t\t\t<div class=\"elementor-widget-wrap elementor-element-populated\">\n\t\t\t\t\t\t<div class=\"elementor-element elementor-element-3d59caa2 animated-slow elementor-widget elementor-widget-wp-widget-taxonomy_list_widget\" data-id=\"3d59caa2\" data-element_type=\"widget\" data-e-type=\"widget\" id=\"tags_list\" data-settings=\"{&quot;_animation&quot;:&quot;none&quot;,&quot;_animation_delay&quot;:1000}\" data-widget_type=\"wp-widget-taxonomy_list_widget.default\">\n\t\t\t\t<div class=\"elementor-widget-container\">\n\t\t\t\t\t<div class=\"tlw-list\" id=\"replace_to_id\"><a href=\"https:\/\/www.asd-int.com\/es\/type_evenement\/eventos-anteriores\/\" rel=\"nofollow\">Eventos anteriores<\/a><br \/><a href=\"https:\/\/www.asd-int.com\/es\/type_evenement\/todos-nuestros-eventos\/\" rel=\"nofollow\">Todos nuestros eventos<\/a><br \/><a href=\"https:\/\/www.asd-int.com\/es\/type_evenement\/conferencias-asd-group\/\" rel=\"nofollow\">Conferencias ASD Group<\/a><br \/><a href=\"https:\/\/www.asd-int.com\/es\/type_evenement\/seminarios-web-asd-group\/\" rel=\"nofollow\">Seminarios web ASD Group<\/a><br \/><a href=\"https:\/\/www.asd-int.com\/es\/type_evenement\/ferias-asd-group\/\" rel=\"nofollow\">Ferias ASD Group<\/a><br \/><\/div><!-- .tlw-list -->\t\t\t\t<\/div>\n\t\t\t\t<\/div>\n\t\t\t\t\t<\/div>\n\t\t<\/div>\n\t\t\t\t\t<\/div>\n\t\t<\/section>\n\t\t\t\t<section class=\"elementor-section elementor-top-section elementor-element elementor-element-5f472508 elementor-section-boxed elementor-section-height-default elementor-section-height-default\" data-id=\"5f472508\" data-element_type=\"section\" data-e-type=\"section\">\n\t\t\t\t\t\t<div class=\"elementor-container elementor-column-gap-default\">\n\t\t\t\t\t<div class=\"elementor-column elementor-col-100 elementor-top-column elementor-element elementor-element-7fc77329\" data-id=\"7fc77329\" data-element_type=\"column\" data-e-type=\"column\">\n\t\t\t<div class=\"elementor-widget-wrap elementor-element-populated\">\n\t\t\t\t\t\t<div class=\"elementor-element elementor-element-422ab155 elementor-widget elementor-widget-html\" data-id=\"422ab155\" data-element_type=\"widget\" data-e-type=\"widget\" data-widget_type=\"html.default\">\n\t\t\t\t<div class=\"elementor-widget-container\">\n\t\t\t\t\t<div class=\"pre-fil-bas\">\r\n<\/div>\t\t\t\t<\/div>\n\t\t\t\t<\/div>\n\t\t\t\t<div class=\"elementor-element elementor-element-a78c2ea elementor-widget elementor-widget-heading\" data-id=\"a78c2ea\" data-element_type=\"widget\" data-e-type=\"widget\" data-widget_type=\"heading.default\">\n\t\t\t\t<div class=\"elementor-widget-container\">\n\t\t\t\t\t<div class=\"elementor-heading-title elementor-size-default\">eventos actuales<\/div>\t\t\t\t<\/div>\n\t\t\t\t<\/div>\n\t\t\t\t\t<\/div>\n\t\t<\/div>\n\t\t\t\t\t<\/div>\n\t\t<\/section>\n\t\t\t\t<section class=\"elementor-section elementor-top-section elementor-element elementor-element-182fd246 elementor-section-stretched animated-slow elementor-section-boxed elementor-section-height-default elementor-section-height-default\" data-id=\"182fd246\" data-element_type=\"section\" data-e-type=\"section\" id=\"posts_list\" data-settings=\"{&quot;stretch_section&quot;:&quot;section-stretched&quot;,&quot;animation&quot;:&quot;none&quot;,&quot;animation_delay&quot;:1500}\">\n\t\t\t\t\t\t<div class=\"elementor-container elementor-column-gap-default\">\n\t\t\t\t\t<div class=\"elementor-column elementor-col-100 elementor-top-column elementor-element elementor-element-6c605f87 animated-slow\" data-id=\"6c605f87\" data-element_type=\"column\" data-e-type=\"column\" data-settings=\"{&quot;animation&quot;:&quot;none&quot;,&quot;animation_delay&quot;:1200}\">\n\t\t\t<div class=\"elementor-widget-wrap elementor-element-populated\">\n\t\t\t\t\t\t<div class=\"elementor-element elementor-element-a2b9f69 posts_list_style animated-slow elementor-grid-3 elementor-grid-tablet-2 elementor-grid-mobile-1 elementor-posts--thumbnail-top elementor-card-shadow-yes elementor-posts__hover-gradient elementor-widget elementor-widget-posts\" data-id=\"a2b9f69\" data-element_type=\"widget\" data-e-type=\"widget\" data-settings=\"{&quot;_animation&quot;:&quot;none&quot;,&quot;_animation_delay&quot;:300,&quot;cards_row_gap&quot;:{&quot;unit&quot;:&quot;px&quot;,&quot;size&quot;:30,&quot;sizes&quot;:[]},&quot;cards_columns&quot;:&quot;3&quot;,&quot;cards_columns_tablet&quot;:&quot;2&quot;,&quot;cards_columns_mobile&quot;:&quot;1&quot;,&quot;cards_row_gap_tablet&quot;:{&quot;unit&quot;:&quot;px&quot;,&quot;size&quot;:&quot;&quot;,&quot;sizes&quot;:[]},&quot;cards_row_gap_mobile&quot;:{&quot;unit&quot;:&quot;px&quot;,&quot;size&quot;:&quot;&quot;,&quot;sizes&quot;:[]}}\" data-widget_type=\"posts.cards\">\n\t\t\t\t<div class=\"elementor-widget-container\">\n\t\t\t\t\t\t\t<div class=\"elementor-posts-container elementor-posts elementor-posts--skin-cards elementor-grid\" role=\"list\">\n\t\t\t\t<article class=\"elementor-post elementor-grid-item post-172082 evenement_asd type-evenement_asd status-publish format-standard has-post-thumbnail hentry type_evenement-eventos-anteriores\" role=\"listitem\">\n\t\t\t<div class=\"elementor-post__card\">\n\t\t\t\t<a class=\"elementor-post__thumbnail__link\" href=\"https:\/\/www.asd-int.com\/es\/cevisama-2024\/\" tabindex=\"-1\" ><div class=\"elementor-post__thumbnail\"><img fetchpriority=\"high\" decoding=\"async\" width=\"580\" height=\"290\" src=\"https:\/\/www.asd-int.com\/wp-content\/uploads\/2024\/01\/Cevisama-Redes-1200x600px-768x384.jpg\" class=\"attachment-medium_large size-medium_large wp-image-172080\" alt=\"Cevisama 2024 - Val\u00e8ncia\" srcset=\"https:\/\/www.asd-int.com\/wp-content\/uploads\/2024\/01\/Cevisama-Redes-1200x600px-768x384.jpg 768w, https:\/\/www.asd-int.com\/wp-content\/uploads\/2024\/01\/Cevisama-Redes-1200x600px-300x150.jpg 300w, https:\/\/www.asd-int.com\/wp-content\/uploads\/2024\/01\/Cevisama-Redes-1200x600px-1024x512.jpg 1024w, https:\/\/www.asd-int.com\/wp-content\/uploads\/2024\/01\/Cevisama-Redes-1200x600px-1536x768.jpg 1536w, https:\/\/www.asd-int.com\/wp-content\/uploads\/2024\/01\/Cevisama-Redes-1200x600px-2048x1024.jpg 2048w, https:\/\/www.asd-int.com\/wp-content\/uploads\/2024\/01\/Cevisama-Redes-1200x600px-1200x600.jpg 1200w, https:\/\/www.asd-int.com\/wp-content\/uploads\/2024\/01\/Cevisama-Redes-1200x600px-1980x990.jpg 1980w\" sizes=\"(max-width: 580px) 100vw, 580px\" \/><\/div><\/a>\n\t\t\t\t<div class=\"elementor-post__badge\">Eventos anteriores<\/div>\n\t\t\t\t<div class=\"elementor-post__text\">\n\t\t\t\t<h3 class=\"elementor-post__title\">\n\t\t\t<a href=\"https:\/\/www.asd-int.com\/es\/cevisama-2024\/\" >\n\t\t\t\tCEVISAMA 2024\t\t\t<\/a>\n\t\t<\/h3>\n\t\t\t\t<div class=\"elementor-post__excerpt\">\n\t\t\t<p>Del 26 de febrero al 1 de marzo, vuelve el evento l\u00edder en el sector cer\u00e1mico, equipamiento para ba\u00f1os y piedra natural en Val\u00e8ncia. Dise\u00f1o,&#8230;<\/p>\n\t\t<\/div>\n\t\t\t\t<\/div>\n\t\t\t\t<div class=\"elementor-post__meta-data\">\n\t\t\t\t\t<span class=\"elementor-post-date\">\n\t\t\t18 de enero de 2024\t\t<\/span>\n\t\t\t\t<\/div>\n\t\t\t\t\t<\/div>\n\t\t<\/article>\n\t\t\t\t<article class=\"elementor-post elementor-grid-item post-134314 evenement_asd type-evenement_asd status-publish format-standard has-post-thumbnail hentry type_evenement-eventos-anteriores\" role=\"listitem\">\n\t\t\t<div class=\"elementor-post__card\">\n\t\t\t\t<a class=\"elementor-post__thumbnail__link\" href=\"https:\/\/www.asd-int.com\/es\/ferias\/spain-legal-info-feria-de-la-abogacia-y-servicios-juridicos\/\" tabindex=\"-1\" ><div class=\"elementor-post__thumbnail\"><img decoding=\"async\" width=\"580\" height=\"273\" src=\"https:\/\/www.asd-int.com\/wp-content\/uploads\/2022\/06\/Imagen-Spain-Legal-Expo-2022.jpeg\" class=\"attachment-medium_large size-medium_large wp-image-134334\" alt=\"Spain Legal Info - Feria de la Abogac\u00eda y Servicios Jur\u00eddicos\" srcset=\"https:\/\/www.asd-int.com\/wp-content\/uploads\/2022\/06\/Imagen-Spain-Legal-Expo-2022.jpeg 683w, https:\/\/www.asd-int.com\/wp-content\/uploads\/2022\/06\/Imagen-Spain-Legal-Expo-2022-300x141.jpeg 300w\" sizes=\"(max-width: 580px) 100vw, 580px\" \/><\/div><\/a>\n\t\t\t\t<div class=\"elementor-post__badge\">Eventos anteriores<\/div>\n\t\t\t\t<div class=\"elementor-post__text\">\n\t\t\t\t<h3 class=\"elementor-post__title\">\n\t\t\t<a href=\"https:\/\/www.asd-int.com\/es\/ferias\/spain-legal-info-feria-de-la-abogacia-y-servicios-juridicos\/\" >\n\t\t\t\tSpain Legal Info &#8211;  Feria de la Abogac\u00eda y Servicios Jur\u00eddicos\t\t\t<\/a>\n\t\t<\/h3>\n\t\t\t\t<div class=\"elementor-post__excerpt\">\n\t\t\t<p>Re\u00fanase con los equipos de ASD Group &#8211; Espa\u00f1a &#8211; Val\u00e8ncia del 15 al 16 de junio de 2022 en IFEMA Madrid, mostrador M01 en&#8230;<\/p>\n\t\t<\/div>\n\t\t\t\t<\/div>\n\t\t\t\t<div class=\"elementor-post__meta-data\">\n\t\t\t\t\t<span class=\"elementor-post-date\">\n\t\t\t3 de junio de 2022\t\t<\/span>\n\t\t\t\t<\/div>\n\t\t\t\t\t<\/div>\n\t\t<\/article>\n\t\t\t\t<\/div>\n\t\t\n\t\t\t\t\t\t<\/div>\n\t\t\t\t<\/div>\n\t\t\t\t\t<\/div>\n\t\t<\/div>\n\t\t\t\t\t<\/div>\n\t\t<\/section>\n\t\t\t\t<section class=\"elementor-section elementor-top-section elementor-element elementor-element-c5b9dce elementor-section-boxed elementor-section-height-default elementor-section-height-default\" data-id=\"c5b9dce\" data-element_type=\"section\" data-e-type=\"section\">\n\t\t\t\t\t\t<div class=\"elementor-container elementor-column-gap-default\">\n\t\t\t\t\t<div class=\"elementor-column elementor-col-100 elementor-top-column elementor-element elementor-element-a090e2b\" data-id=\"a090e2b\" data-element_type=\"column\" data-e-type=\"column\">\n\t\t\t<div class=\"elementor-widget-wrap elementor-element-populated\">\n\t\t\t\t\t\t<div class=\"elementor-element elementor-element-fe661f3 elementor-widget elementor-widget-html\" data-id=\"fe661f3\" data-element_type=\"widget\" data-e-type=\"widget\" data-widget_type=\"html.default\">\n\t\t\t\t<div class=\"elementor-widget-container\">\n\t\t\t\t\t<div class=\"pre-fil-bas\">\r\n<\/div>\t\t\t\t<\/div>\n\t\t\t\t<\/div>\n\t\t\t\t<div class=\"elementor-element elementor-element-1cb06a8 elementor-widget elementor-widget-heading\" data-id=\"1cb06a8\" data-element_type=\"widget\" data-e-type=\"widget\" data-widget_type=\"heading.default\">\n\t\t\t\t<div class=\"elementor-widget-container\">\n\t\t\t\t\t<div class=\"elementor-heading-title elementor-size-default\">eventos anteriores<\/div>\t\t\t\t<\/div>\n\t\t\t\t<\/div>\n\t\t\t\t\t<\/div>\n\t\t<\/div>\n\t\t\t\t\t<\/div>\n\t\t<\/section>\n\t\t\t\t<section class=\"elementor-section elementor-top-section elementor-element elementor-element-2c71f89 elementor-section-stretched animated-slow elementor-section-boxed elementor-section-height-default elementor-section-height-default\" data-id=\"2c71f89\" data-element_type=\"section\" data-e-type=\"section\" data-settings=\"{&quot;stretch_section&quot;:&quot;section-stretched&quot;,&quot;animation&quot;:&quot;none&quot;,&quot;animation_delay&quot;:1500}\">\n\t\t\t\t\t\t<div class=\"elementor-container elementor-column-gap-default\">\n\t\t\t\t\t<div class=\"elementor-column elementor-col-100 elementor-top-column elementor-element elementor-element-f27eee1 animated-slow\" data-id=\"f27eee1\" data-element_type=\"column\" data-e-type=\"column\" data-settings=\"{&quot;animation&quot;:&quot;none&quot;,&quot;animation_delay&quot;:1200}\">\n\t\t\t<div class=\"elementor-widget-wrap elementor-element-populated\">\n\t\t\t\t\t\t\t<\/div>\n\t\t<\/div>\n\t\t\t\t\t<\/div>\n\t\t<\/section>\n\t\t\t\t<section class=\"elementor-section elementor-top-section elementor-element elementor-element-2e474135 elementor-section-boxed elementor-section-height-default elementor-section-height-default\" data-id=\"2e474135\" data-element_type=\"section\" data-e-type=\"section\">\n\t\t\t\t\t\t<div class=\"elementor-container elementor-column-gap-default\">\n\t\t\t\t\t<div class=\"elementor-column elementor-col-100 elementor-top-column elementor-element elementor-element-145e5a2e\" data-id=\"145e5a2e\" data-element_type=\"column\" data-e-type=\"column\">\n\t\t\t<div class=\"elementor-widget-wrap elementor-element-populated\">\n\t\t\t\t\t\t<div class=\"elementor-element elementor-element-45ebe89 elementor-widget elementor-widget-shortcode\" data-id=\"45ebe89\" data-element_type=\"widget\" data-e-type=\"widget\" data-widget_type=\"shortcode.default\">\n\t\t\t\t<div class=\"elementor-widget-container\">\n\t\t\t\t\t\t\t<div class=\"elementor-shortcode\"><script type=\"text\/javascript\">\r\n\r\nwindow.addEventListener(\"load\", function() {\r\n  let tagLinks = document.getElementById(\"tags_list\").getElementsByTagName(\"a\");\r\n  \r\n  let cardListArticles = document\r\n    .getElementById(\"posts_list\")\r\n    .getElementsByTagName(\"article\");\r\n  \r\n  tagLinks[0].className = \"ahref-selected\";\r\n\r\n  function displayNone() {\r\n    for (let index = 0; index < cardListArticles.length; index++) {\r\n      cardListArticles[index].style.display = \"none\";\r\n    }\r\n  }\r\n\r\n  for (let index = 0; index < tagLinks.length; index++) {\r\n    tagLinks[index].addEventListener(\"click\", function(event) {\r\n      event.preventDefault();\r\n      displayNone();\r\n\r\n      let splitedHrefTag;\r\n      if (tagLinks[index].href.split(\"\/\")[4].length === 3) {\r\n        splitedHrefTag = tagLinks[index].href.split(\"\/\")[5];\r\n      } else {\r\n      \tsplitedHrefTag = tagLinks[index].href.split(\"\/\")[4];\r\n      }\r\n\r\n      for (let n = 0; n < tagLinks.length; n++) {\r\n        tagLinks[n].className = '';\r\n        if (n === index) {\r\n          tagLinks[n].className = \"ahref-selected\";\r\n        }\r\n      }\r\n\r\n      for (let n = 0; n < cardListArticles.length; n++) {\r\n        test(splitedHrefTag, n);\r\n      }\r\n    });\r\n  }\r\n  function test(hTag, index) {\r\n    \/\/Si menu = tous et sujets = tous => affiche tous les category-tous\r\n    if (\r\n      \/\/Si tag-X et pays X est trouv\u00e9, afficher l'article\r\n      cardListArticles[index].className.search(\"type_evenement-\" + hTag) !== -1\r\n    ) {\r\n      cardListArticles[index].style.display = \"block\";\r\n    } \r\n  }\r\n});\r\n\r\n<\/script><\/div>\n\t\t\t\t\t\t<\/div>\n\t\t\t\t<\/div>\n\t\t\t\t\t<\/div>\n\t\t<\/div>\n\t\t\t\t\t<\/div>\n\t\t<\/section>\n\t\t\t\t<\/div>\n\t\t","protected":false},"excerpt":{"rendered":"<p>Eventos Descubra todos nuestros eventos Encuentre todos los eventos dedicados a las empresas que deseen informarse sobre cuestiones fiscales, aduaneras y sociales. La lista de&#8230;<\/p>\n","protected":false},"author":36,"featured_media":0,"parent":0,"menu_order":0,"comment_status":"closed","ping_status":"closed","template":"elementor_header_footer","meta":{"_eb_attr":"","_lmt_disableupdate":"","_lmt_disable":"","footnotes":""},"class_list":["post-134310","page","type-page","status-publish","hentry"],"yoast_head":"<!-- This site is optimized with the Yoast SEO plugin v27.3 - https:\/\/yoast.com\/product\/yoast-seo-wordpress\/ -->\n<title>Nuestros eventos | ASD Group<\/title>\n<meta name=\"description\" content=\"Conozca a ASD Group en ferias, conferencias y seminarios web en Espa\u00f1a y en el extranjero.\" \/>\n<meta name=\"robots\" content=\"index, follow, max-snippet:-1, max-image-preview:large, max-video-preview:-1\" \/>\n<link rel=\"canonical\" href=\"https:\/\/www.asd-int.com\/es\/nuestros-eventos\/\" \/>\n<meta property=\"og:locale\" content=\"es_ES\" \/>\n<meta property=\"og:type\" content=\"article\" \/>\n<meta property=\"og:title\" content=\"Nuestros eventos | ASD Group\" \/>\n<meta property=\"og:description\" content=\"Conozca a ASD Group en ferias, conferencias y seminarios web en Espa\u00f1a y en el extranjero.\" \/>\n<meta property=\"og:url\" content=\"https:\/\/www.asd-int.com\/es\/nuestros-eventos\/\" \/>\n<meta property=\"og:site_name\" content=\"ASD\" \/>\n<meta property=\"article:modified_time\" content=\"2024-01-17T09:23:19+00:00\" \/>\n<meta property=\"og:image\" content=\"https:\/\/www.asd-int.com\/wp-content\/uploads\/2020\/07\/Logo-ASD_noir.png\" \/>\n\t<meta property=\"og:image:width\" content=\"1054\" \/>\n\t<meta property=\"og:image:height\" content=\"714\" \/>\n\t<meta property=\"og:image:type\" content=\"image\/png\" \/>\n<meta name=\"twitter:card\" content=\"summary_large_image\" \/>\n<meta name=\"twitter:label1\" content=\"Tiempo de lectura\" \/>\n\t<meta name=\"twitter:data1\" content=\"1 minuto\" \/>\n<script type=\"application\/ld+json\" class=\"yoast-schema-graph\">{\"@context\":\"https:\\\/\\\/schema.org\",\"@graph\":[{\"@type\":\"WebPage\",\"@id\":\"https:\\\/\\\/www.asd-int.com\\\/es\\\/nuestros-eventos\\\/\",\"url\":\"https:\\\/\\\/www.asd-int.com\\\/es\\\/nuestros-eventos\\\/\",\"name\":\"Nuestros eventos | ASD Group\",\"isPartOf\":{\"@id\":\"https:\\\/\\\/www.asd-int.com\\\/es\\\/#website\"},\"datePublished\":\"2022-06-03T07:47:49+00:00\",\"dateModified\":\"2024-01-17T09:23:19+00:00\",\"description\":\"Conozca a ASD Group en ferias, conferencias y seminarios web en Espa\u00f1a y en el extranjero.\",\"breadcrumb\":{\"@id\":\"https:\\\/\\\/www.asd-int.com\\\/es\\\/nuestros-eventos\\\/#breadcrumb\"},\"inLanguage\":\"es\",\"potentialAction\":[{\"@type\":\"ReadAction\",\"target\":[\"https:\\\/\\\/www.asd-int.com\\\/es\\\/nuestros-eventos\\\/\"]}]},{\"@type\":\"BreadcrumbList\",\"@id\":\"https:\\\/\\\/www.asd-int.com\\\/es\\\/nuestros-eventos\\\/#breadcrumb\",\"itemListElement\":[{\"@type\":\"ListItem\",\"position\":1,\"name\":\"ASD Group\",\"item\":\"https:\\\/\\\/www.asd-int.com\\\/es\\\/\"},{\"@type\":\"ListItem\",\"position\":2,\"name\":\"Nuestros eventos\"}]},{\"@type\":\"WebSite\",\"@id\":\"https:\\\/\\\/www.asd-int.com\\\/es\\\/#website\",\"url\":\"https:\\\/\\\/www.asd-int.com\\\/es\\\/\",\"name\":\"ASD\",\"description\":\"Simplifique su desarrollo internacional\",\"publisher\":{\"@id\":\"https:\\\/\\\/www.asd-int.com\\\/es\\\/#organization\"},\"potentialAction\":[{\"@type\":\"SearchAction\",\"target\":{\"@type\":\"EntryPoint\",\"urlTemplate\":\"https:\\\/\\\/www.asd-int.com\\\/es\\\/?s={search_term_string}\"},\"query-input\":{\"@type\":\"PropertyValueSpecification\",\"valueRequired\":true,\"valueName\":\"search_term_string\"}}],\"inLanguage\":\"es\"},{\"@type\":\"Organization\",\"@id\":\"https:\\\/\\\/www.asd-int.com\\\/es\\\/#organization\",\"name\":\"ASD Group\",\"url\":\"https:\\\/\\\/www.asd-int.com\\\/es\\\/\",\"logo\":{\"@type\":\"ImageObject\",\"inLanguage\":\"es\",\"@id\":\"https:\\\/\\\/www.asd-int.com\\\/es\\\/#\\\/schema\\\/logo\\\/image\\\/\",\"url\":\"https:\\\/\\\/www.asd-int.com\\\/wp-content\\\/uploads\\\/2020\\\/07\\\/Logo-ASD_noir.png\",\"contentUrl\":\"https:\\\/\\\/www.asd-int.com\\\/wp-content\\\/uploads\\\/2020\\\/07\\\/Logo-ASD_noir.png\",\"width\":1054,\"height\":714,\"caption\":\"ASD Group\"},\"image\":{\"@id\":\"https:\\\/\\\/www.asd-int.com\\\/es\\\/#\\\/schema\\\/logo\\\/image\\\/\"}}]}<\/script>\n<!-- \/ Yoast SEO plugin. -->","yoast_head_json":{"title":"Nuestros eventos | ASD Group","description":"Conozca a ASD Group en ferias, conferencias y seminarios web en Espa\u00f1a y en el extranjero.","robots":{"index":"index","follow":"follow","max-snippet":"max-snippet:-1","max-image-preview":"max-image-preview:large","max-video-preview":"max-video-preview:-1"},"canonical":"https:\/\/www.asd-int.com\/es\/nuestros-eventos\/","og_locale":"es_ES","og_type":"article","og_title":"Nuestros eventos | ASD Group","og_description":"Conozca a ASD Group en ferias, conferencias y seminarios web en Espa\u00f1a y en el extranjero.","og_url":"https:\/\/www.asd-int.com\/es\/nuestros-eventos\/","og_site_name":"ASD","article_modified_time":"2024-01-17T09:23:19+00:00","og_image":[{"width":1054,"height":714,"url":"https:\/\/www.asd-int.com\/wp-content\/uploads\/2020\/07\/Logo-ASD_noir.png","type":"image\/png"}],"twitter_card":"summary_large_image","twitter_misc":{"Tiempo de lectura":"1 minuto"},"schema":{"@context":"https:\/\/schema.org","@graph":[{"@type":"WebPage","@id":"https:\/\/www.asd-int.com\/es\/nuestros-eventos\/","url":"https:\/\/www.asd-int.com\/es\/nuestros-eventos\/","name":"Nuestros eventos | ASD Group","isPartOf":{"@id":"https:\/\/www.asd-int.com\/es\/#website"},"datePublished":"2022-06-03T07:47:49+00:00","dateModified":"2024-01-17T09:23:19+00:00","description":"Conozca a ASD Group en ferias, conferencias y seminarios web en Espa\u00f1a y en el extranjero.","breadcrumb":{"@id":"https:\/\/www.asd-int.com\/es\/nuestros-eventos\/#breadcrumb"},"inLanguage":"es","potentialAction":[{"@type":"ReadAction","target":["https:\/\/www.asd-int.com\/es\/nuestros-eventos\/"]}]},{"@type":"BreadcrumbList","@id":"https:\/\/www.asd-int.com\/es\/nuestros-eventos\/#breadcrumb","itemListElement":[{"@type":"ListItem","position":1,"name":"ASD Group","item":"https:\/\/www.asd-int.com\/es\/"},{"@type":"ListItem","position":2,"name":"Nuestros eventos"}]},{"@type":"WebSite","@id":"https:\/\/www.asd-int.com\/es\/#website","url":"https:\/\/www.asd-int.com\/es\/","name":"ASD","description":"Simplifique su desarrollo internacional","publisher":{"@id":"https:\/\/www.asd-int.com\/es\/#organization"},"potentialAction":[{"@type":"SearchAction","target":{"@type":"EntryPoint","urlTemplate":"https:\/\/www.asd-int.com\/es\/?s={search_term_string}"},"query-input":{"@type":"PropertyValueSpecification","valueRequired":true,"valueName":"search_term_string"}}],"inLanguage":"es"},{"@type":"Organization","@id":"https:\/\/www.asd-int.com\/es\/#organization","name":"ASD Group","url":"https:\/\/www.asd-int.com\/es\/","logo":{"@type":"ImageObject","inLanguage":"es","@id":"https:\/\/www.asd-int.com\/es\/#\/schema\/logo\/image\/","url":"https:\/\/www.asd-int.com\/wp-content\/uploads\/2020\/07\/Logo-ASD_noir.png","contentUrl":"https:\/\/www.asd-int.com\/wp-content\/uploads\/2020\/07\/Logo-ASD_noir.png","width":1054,"height":714,"caption":"ASD Group"},"image":{"@id":"https:\/\/www.asd-int.com\/es\/#\/schema\/logo\/image\/"}}]}},"_links":{"self":[{"href":"https:\/\/www.asd-int.com\/es\/wp-json\/wp\/v2\/pages\/134310","targetHints":{"allow":["GET"]}}],"collection":[{"href":"https:\/\/www.asd-int.com\/es\/wp-json\/wp\/v2\/pages"}],"about":[{"href":"https:\/\/www.asd-int.com\/es\/wp-json\/wp\/v2\/types\/page"}],"author":[{"embeddable":true,"href":"https:\/\/www.asd-int.com\/es\/wp-json\/wp\/v2\/users\/36"}],"replies":[{"embeddable":true,"href":"https:\/\/www.asd-int.com\/es\/wp-json\/wp\/v2\/comments?post=134310"}],"version-history":[{"count":2,"href":"https:\/\/www.asd-int.com\/es\/wp-json\/wp\/v2\/pages\/134310\/revisions"}],"predecessor-version":[{"id":171665,"href":"https:\/\/www.asd-int.com\/es\/wp-json\/wp\/v2\/pages\/134310\/revisions\/171665"}],"wp:attachment":[{"href":"https:\/\/www.asd-int.com\/es\/wp-json\/wp\/v2\/media?parent=134310"}],"curies":[{"name":"wp","href":"https:\/\/api.w.org\/{rel}","templated":true}]}}