{"id":22590,"date":"2018-10-12T11:44:18","date_gmt":"2018-10-12T09:44:18","guid":{"rendered":"https:\/\/www.asd-int.com\/page-de-remerciement\/"},"modified":"2021-03-17T09:04:40","modified_gmt":"2021-03-17T08:04:40","slug":"gracias","status":"publish","type":"page","link":"https:\/\/www.asd-int.com\/es\/gracias\/","title":{"rendered":"Page de remerciement ES"},"content":{"rendered":"\t\t<div data-elementor-type=\"wp-page\" data-elementor-id=\"22590\" class=\"elementor elementor-22590 elementor-16770\" data-elementor-post-type=\"page\">\n\t\t\t\t\t\t<section class=\"elementor-section elementor-top-section elementor-element elementor-element-522b9e13 elementor-section-stretched elementor-section-full_width elementor-section-height-default elementor-section-height-default\" data-id=\"522b9e13\" data-element_type=\"section\" data-e-type=\"section\" data-settings=\"{&quot;stretch_section&quot;:&quot;section-stretched&quot;,&quot;background_background&quot;:&quot;classic&quot;}\">\n\t\t\t\t\t\t<div class=\"elementor-container elementor-column-gap-default\">\n\t\t\t\t\t<div class=\"elementor-column elementor-col-50 elementor-top-column elementor-element elementor-element-1a65174b\" data-id=\"1a65174b\" data-element_type=\"column\" data-e-type=\"column\">\n\t\t\t<div class=\"elementor-widget-wrap\">\n\t\t\t\t\t\t\t<\/div>\n\t\t<\/div>\n\t\t\t\t<div class=\"elementor-column elementor-col-50 elementor-top-column elementor-element elementor-element-84f125d\" data-id=\"84f125d\" data-element_type=\"column\" data-e-type=\"column\">\n\t\t\t<div class=\"elementor-widget-wrap elementor-element-populated\">\n\t\t\t\t\t\t<div class=\"elementor-element elementor-element-64b66afd elementor-widget elementor-widget-heading\" data-id=\"64b66afd\" data-element_type=\"widget\" data-e-type=\"widget\" data-widget_type=\"heading.default\">\n\t\t\t\t<div class=\"elementor-widget-container\">\n\t\t\t\t\t<h3 class=\"elementor-heading-title elementor-size-default\">contacto con nosotros<\/h3>\t\t\t\t<\/div>\n\t\t\t\t<\/div>\n\t\t\t\t<div class=\"elementor-element elementor-element-56e64c91 elementor-widget elementor-widget-heading\" data-id=\"56e64c91\" data-element_type=\"widget\" data-e-type=\"widget\" data-widget_type=\"heading.default\">\n\t\t\t\t<div class=\"elementor-widget-container\">\n\t\t\t\t\t<h1 class=\"elementor-heading-title elementor-size-default\">Gracias por contactar con ASD Group<\/h1>\t\t\t\t<\/div>\n\t\t\t\t<\/div>\n\t\t\t\t<div class=\"elementor-element elementor-element-4375ace6 elementor-widget-divider--view-line elementor-widget elementor-widget-divider\" data-id=\"4375ace6\" data-element_type=\"widget\" data-e-type=\"widget\" data-widget_type=\"divider.default\">\n\t\t\t\t<div class=\"elementor-widget-container\">\n\t\t\t\t\t\t\t<div class=\"elementor-divider\">\n\t\t\t<span class=\"elementor-divider-separator\">\n\t\t\t\t\t\t<\/span>\n\t\t<\/div>\n\t\t\t\t\t\t<\/div>\n\t\t\t\t<\/div>\n\t\t\t\t\t<\/div>\n\t\t<\/div>\n\t\t\t\t\t<\/div>\n\t\t<\/section>\n\t\t\t\t<section class=\"elementor-section elementor-top-section elementor-element elementor-element-73764a23 elementor-section-boxed elementor-section-height-default elementor-section-height-default\" data-id=\"73764a23\" data-element_type=\"section\" data-e-type=\"section\">\n\t\t\t\t\t\t<div class=\"elementor-container elementor-column-gap-default\">\n\t\t\t\t\t<div class=\"elementor-column elementor-col-100 elementor-top-column elementor-element elementor-element-28595c0a\" data-id=\"28595c0a\" data-element_type=\"column\" data-e-type=\"column\">\n\t\t\t<div class=\"elementor-widget-wrap elementor-element-populated\">\n\t\t\t\t\t\t<div class=\"elementor-element elementor-element-d885681 elementor-widget elementor-widget-image\" data-id=\"d885681\" data-element_type=\"widget\" data-e-type=\"widget\" data-widget_type=\"image.default\">\n\t\t\t\t<div class=\"elementor-widget-container\">\n\t\t\t\t\t\t\t\t\t\t\t\t\t\t\t<img decoding=\"async\" width=\"2\" height=\"111\" src=\"https:\/\/www.asd-int.com\/wp-content\/uploads\/2020\/01\/trait-bas.png\" class=\"attachment-large size-large wp-image-54186\" alt=\"\" \/>\t\t\t\t\t\t\t\t\t\t\t\t\t\t\t<\/div>\n\t\t\t\t<\/div>\n\t\t\t\t<div class=\"elementor-element elementor-element-6db56a09 elementor-widget elementor-widget-heading\" data-id=\"6db56a09\" data-element_type=\"widget\" data-e-type=\"widget\" data-widget_type=\"heading.default\">\n\t\t\t\t<div class=\"elementor-widget-container\">\n\t\t\t\t\t<h3 class=\"elementor-heading-title elementor-size-default\">contacte con nuestros expertos<\/h3>\t\t\t\t<\/div>\n\t\t\t\t<\/div>\n\t\t\t\t<div class=\"elementor-element elementor-element-6dbfefc0 elementor-widget elementor-widget-heading\" data-id=\"6dbfefc0\" data-element_type=\"widget\" data-e-type=\"widget\" data-widget_type=\"heading.default\">\n\t\t\t\t<div class=\"elementor-widget-container\">\n\t\t\t\t\t<h1 class=\"elementor-heading-title elementor-size-default\">Gracias por contactar con nuestros expertos<\/h1>\t\t\t\t<\/div>\n\t\t\t\t<\/div>\n\t\t\t\t<div class=\"elementor-element elementor-element-704c5e62 elementor-widget elementor-widget-text-editor\" data-id=\"704c5e62\" data-element_type=\"widget\" data-e-type=\"widget\" data-widget_type=\"text-editor.default\">\n\t\t\t\t<div class=\"elementor-widget-container\">\n\t\t\t\t\t\t\t\t\t<p>Nos comprometemos a darle una respuesta lo antes posible. Gracias por contactar con nuestros servicios.<\/p>\n\t\t\t\t\t\t\t\t<\/div>\n\t\t\t\t<\/div>\n\t\t\t\t<div class=\"elementor-element elementor-element-d6e8192 elementor-widget elementor-widget-text-editor\" data-id=\"d6e8192\" data-element_type=\"widget\" data-e-type=\"widget\" data-widget_type=\"text-editor.default\">\n\t\t\t\t<div class=\"elementor-widget-container\">\n\t\t\t\t\t\t\t\t\t<p><span data-sheets-value=\"{&quot;1&quot;:2,&quot;2&quot;:&quot;Mientras tanto, no dude en seguirnos en nuestras redes sociales:\\t&quot;}\" data-sheets-userformat=\"{&quot;2&quot;:513,&quot;3&quot;:{&quot;1&quot;:0},&quot;12&quot;:0}\">Mientras tanto, no dude en seguirnos en nuestras redes sociales: <\/span><\/p>\n\t\t\t\t\t\t\t\t<\/div>\n\t\t\t\t<\/div>\n\t\t\t\t<div class=\"elementor-element elementor-element-9913c16 elementor-shape-circle elementor-grid-0 e-grid-align-center elementor-widget elementor-widget-social-icons\" data-id=\"9913c16\" data-element_type=\"widget\" data-e-type=\"widget\" data-widget_type=\"social-icons.default\">\n\t\t\t\t<div class=\"elementor-widget-container\">\n\t\t\t\t\t\t\t<div class=\"elementor-social-icons-wrapper elementor-grid\" role=\"list\">\n\t\t\t\t\t\t\t<span class=\"elementor-grid-item\" role=\"listitem\">\n\t\t\t\t\t<a class=\"elementor-icon elementor-social-icon elementor-social-icon-facebook elementor-repeater-item-b51fce1\" href=\"https:\/\/www.facebook.com\/asdgroupint\" target=\"_blank\" rel=\"nofollow\">\n\t\t\t\t\t\t<span class=\"elementor-screen-only\">Facebook<\/span>\n\t\t\t\t\t\t<i aria-hidden=\"true\" class=\"fab fa-facebook\"><\/i>\t\t\t\t\t<\/a>\n\t\t\t\t<\/span>\n\t\t\t\t\t\t\t<span class=\"elementor-grid-item\" role=\"listitem\">\n\t\t\t\t\t<a class=\"elementor-icon elementor-social-icon elementor-social-icon-twitter elementor-repeater-item-e0097a6\" href=\"https:\/\/twitter.com\/asd_group?lang=fr\" target=\"_blank\" rel=\"nofollow\">\n\t\t\t\t\t\t<span class=\"elementor-screen-only\">Twitter<\/span>\n\t\t\t\t\t\t<i aria-hidden=\"true\" class=\"fab fa-twitter\"><\/i>\t\t\t\t\t<\/a>\n\t\t\t\t<\/span>\n\t\t\t\t\t\t\t<span class=\"elementor-grid-item\" role=\"listitem\">\n\t\t\t\t\t<a class=\"elementor-icon elementor-social-icon elementor-social-icon-linkedin elementor-repeater-item-7101029\" href=\"https:\/\/fr.linkedin.com\/company\/asd-group-int\" target=\"_blank\" rel=\"nofollow\">\n\t\t\t\t\t\t<span class=\"elementor-screen-only\">Linkedin<\/span>\n\t\t\t\t\t\t<i aria-hidden=\"true\" class=\"fab fa-linkedin\"><\/i>\t\t\t\t\t<\/a>\n\t\t\t\t<\/span>\n\t\t\t\t\t\t\t<span class=\"elementor-grid-item\" role=\"listitem\">\n\t\t\t\t\t<a class=\"elementor-icon elementor-social-icon elementor-social-icon-youtube elementor-repeater-item-2e36f10\" href=\"https:\/\/www.youtube.com\/user\/ASDGROUPWORLDTAX\/\" target=\"_blank\" rel=\"nofollow\">\n\t\t\t\t\t\t<span class=\"elementor-screen-only\">Youtube<\/span>\n\t\t\t\t\t\t<i aria-hidden=\"true\" class=\"fab fa-youtube\"><\/i>\t\t\t\t\t<\/a>\n\t\t\t\t<\/span>\n\t\t\t\t\t<\/div>\n\t\t\t\t\t\t<\/div>\n\t\t\t\t<\/div>\n\t\t\t\t<div class=\"elementor-element elementor-element-2cf3aa1 elementor-widget elementor-widget-text-editor\" data-id=\"2cf3aa1\" data-element_type=\"widget\" data-e-type=\"widget\" data-widget_type=\"text-editor.default\">\n\t\t\t\t<div class=\"elementor-widget-container\">\n\t\t\t\t\t\t\t\t\t<p><span data-sheets-value=\"{&quot;1&quot;:2,&quot;2&quot;:&quot;O lee nuestras \u00faltimas publicaciones en el blog que pueden ser de su inter\u00e9s:&quot;}\" data-sheets-userformat=\"{&quot;2&quot;:513,&quot;3&quot;:{&quot;1&quot;:0},&quot;12&quot;:0}\">O lee nuestras \u00faltimas publicaciones en el blog que pueden ser de su inter\u00e9s:<\/span><\/p>\n\t\t\t\t\t\t\t\t<\/div>\n\t\t\t\t<\/div>\n\t\t\t\t<div class=\"elementor-element elementor-element-0774b89 elementor-grid-3 elementor-grid-tablet-2 elementor-grid-mobile-1 elementor-posts--thumbnail-top elementor-widget elementor-widget-posts\" data-id=\"0774b89\" data-element_type=\"widget\" data-e-type=\"widget\" data-settings=\"{&quot;classic_columns&quot;:&quot;3&quot;,&quot;classic_columns_tablet&quot;:&quot;2&quot;,&quot;classic_columns_mobile&quot;:&quot;1&quot;,&quot;classic_row_gap&quot;:{&quot;unit&quot;:&quot;px&quot;,&quot;size&quot;:35,&quot;sizes&quot;:[]},&quot;classic_row_gap_tablet&quot;:{&quot;unit&quot;:&quot;px&quot;,&quot;size&quot;:&quot;&quot;,&quot;sizes&quot;:[]},&quot;classic_row_gap_mobile&quot;:{&quot;unit&quot;:&quot;px&quot;,&quot;size&quot;:&quot;&quot;,&quot;sizes&quot;:[]}}\" data-widget_type=\"posts.classic\">\n\t\t\t\t<div class=\"elementor-widget-container\">\n\t\t\t\t\t\t\t<div class=\"elementor-posts-container elementor-posts elementor-posts--skin-classic elementor-grid\" role=\"list\">\n\t\t\t\t<article class=\"elementor-post elementor-grid-item post-209659 post type-post status-publish format-standard has-post-thumbnail hentry category-fiscal-es category-fiscal tag-facturacion tag-facturacion-electronica tag-facturation tag-facturation-electronique tag-iva-es tag-obligaciones-fiscales tag-obligations-fiscales tag-tva pays-pologne-es\" role=\"listitem\">\n\t\t\t\t<a class=\"elementor-post__thumbnail__link\" href=\"https:\/\/www.asd-int.com\/es\/polonia-todo-lo-que-necesitas-saber-sobre-la-facturacion-electronica-ksef-en-2026\/\" tabindex=\"-1\" >\n\t\t\t<div class=\"elementor-post__thumbnail\"><img fetchpriority=\"high\" decoding=\"async\" width=\"300\" height=\"200\" src=\"https:\/\/www.asd-int.com\/wp-content\/uploads\/2026\/04\/pologne-tout-savoir-sur-la-facturation-electronique-ksef-en-2026-300x200.jpg\" class=\"attachment-medium size-medium wp-image-209658\" alt=\"Polonia: Todo lo que necesitas saber sobre la facturaci\u00f3n electr\u00f3nica KSeF en 2026\" srcset=\"https:\/\/www.asd-int.com\/wp-content\/uploads\/2026\/04\/pologne-tout-savoir-sur-la-facturation-electronique-ksef-en-2026-300x200.jpg 300w, https:\/\/www.asd-int.com\/wp-content\/uploads\/2026\/04\/pologne-tout-savoir-sur-la-facturation-electronique-ksef-en-2026-1024x683.jpg 1024w, https:\/\/www.asd-int.com\/wp-content\/uploads\/2026\/04\/pologne-tout-savoir-sur-la-facturation-electronique-ksef-en-2026-768x512.jpg 768w, https:\/\/www.asd-int.com\/wp-content\/uploads\/2026\/04\/pologne-tout-savoir-sur-la-facturation-electronique-ksef-en-2026-1200x800.jpg 1200w, https:\/\/www.asd-int.com\/wp-content\/uploads\/2026\/04\/pologne-tout-savoir-sur-la-facturation-electronique-ksef-en-2026.jpg 1440w\" sizes=\"(max-width: 300px) 100vw, 300px\" \/><\/div>\n\t\t<\/a>\n\t\t\t\t<div class=\"elementor-post__text\">\n\t\t\t\t<h3 class=\"elementor-post__title\">\n\t\t\t<a href=\"https:\/\/www.asd-int.com\/es\/polonia-todo-lo-que-necesitas-saber-sobre-la-facturacion-electronica-ksef-en-2026\/\" >\n\t\t\t\tPolonia: Todo lo que necesitas saber sobre la facturaci\u00f3n electr\u00f3nica KSeF en 2026\t\t\t<\/a>\n\t\t<\/h3>\n\t\t\t\t<div class=\"elementor-post__meta-data\">\n\t\t\t\t\t<span class=\"elementor-post-date\">\n\t\t\t9 de abril de 2026\t\t<\/span>\n\t\t\t\t<span class=\"elementor-post-date\">\n\t\t\t9 de abril de 2026\t\t<\/span>\n\t\t\t\t<\/div>\n\t\t\t\t<div class=\"elementor-post__excerpt\">\n\t\t\t<p>En 2023, Polonia decidi\u00f3 integrarse en el grupo de Estados miembros que hacen obligatoria la facturaci\u00f3n electr\u00f3nica. En este contexto, el sistema KSeF representa una&#8230;<\/p>\n\t\t<\/div>\n\t\t\n\t\t<a class=\"elementor-post__read-more\" href=\"https:\/\/www.asd-int.com\/es\/polonia-todo-lo-que-necesitas-saber-sobre-la-facturacion-electronica-ksef-en-2026\/\" aria-label=\"M\u00e1s informaci\u00f3n sobre Polonia: Todo lo que necesitas saber sobre la facturaci\u00f3n electr\u00f3nica KSeF en 2026\" tabindex=\"-1\" >\n\t\t\tLeer m\u00e1s \u00bb\t\t<\/a>\n\n\t\t\t\t<\/div>\n\t\t\t\t<\/article>\n\t\t\t\t<article class=\"elementor-post elementor-grid-item post-208545 post type-post status-publish format-standard has-post-thumbnail hentry category-aduana category-douane category-fiscal-es category-fiscal tag-carbon-border-adjustment-mechanism-cbam tag-impuesto-al-carbono tag-mecanisme-dajustement-carbone-aux-frontieres-macf tag-mecanismo-de-ajuste-en-frontera-por-carbono-cbam tag-mecanismo-de-ajuste-en-frontera-por-carbono-mafc tag-taxe-carbone pays-union-europea\" role=\"listitem\">\n\t\t\t\t<a class=\"elementor-post__thumbnail__link\" href=\"https:\/\/www.asd-int.com\/es\/cbam-que-obligaciones-tienes-en-2026-como-importador-en-la-union-europea\/\" tabindex=\"-1\" >\n\t\t\t<div class=\"elementor-post__thumbnail\"><img decoding=\"async\" width=\"300\" height=\"185\" src=\"https:\/\/www.asd-int.com\/wp-content\/uploads\/2026\/04\/cbam-quelles-obligations-en-2026-pour-les-importateurs-en-europe-300x185.jpg\" class=\"attachment-medium size-medium wp-image-208544\" alt=\"CBAM: \u00bfQu\u00e9 obligaciones tienes en 2026 como importador en Europa?\" srcset=\"https:\/\/www.asd-int.com\/wp-content\/uploads\/2026\/04\/cbam-quelles-obligations-en-2026-pour-les-importateurs-en-europe-300x185.jpg 300w, https:\/\/www.asd-int.com\/wp-content\/uploads\/2026\/04\/cbam-quelles-obligations-en-2026-pour-les-importateurs-en-europe-1024x630.jpg 1024w, https:\/\/www.asd-int.com\/wp-content\/uploads\/2026\/04\/cbam-quelles-obligations-en-2026-pour-les-importateurs-en-europe-768x473.jpg 768w, https:\/\/www.asd-int.com\/wp-content\/uploads\/2026\/04\/cbam-quelles-obligations-en-2026-pour-les-importateurs-en-europe-1200x738.jpg 1200w, https:\/\/www.asd-int.com\/wp-content\/uploads\/2026\/04\/cbam-quelles-obligations-en-2026-pour-les-importateurs-en-europe.jpg 1440w\" sizes=\"(max-width: 300px) 100vw, 300px\" \/><\/div>\n\t\t<\/a>\n\t\t\t\t<div class=\"elementor-post__text\">\n\t\t\t\t<h3 class=\"elementor-post__title\">\n\t\t\t<a href=\"https:\/\/www.asd-int.com\/es\/cbam-que-obligaciones-tienes-en-2026-como-importador-en-la-union-europea\/\" >\n\t\t\t\tCBAM: \u00bfQu\u00e9 obligaciones tienes en 2026 como importador en la Uni\u00f3n Europea?\t\t\t<\/a>\n\t\t<\/h3>\n\t\t\t\t<div class=\"elementor-post__meta-data\">\n\t\t\t\t\t<span class=\"elementor-post-date\">\n\t\t\t3 de abril de 2026\t\t<\/span>\n\t\t\t\t<span class=\"elementor-post-date\">\n\t\t\t7 de abril de 2026\t\t<\/span>\n\t\t\t\t<\/div>\n\t\t\t\t<div class=\"elementor-post__excerpt\">\n\t\t\t<p>El CBAM (Carbon Border Adjustment Mechanism), tambi\u00e9n conocido como CBAM (Impuesto sobre el carbono) o \u00abimpuesto sobre el carbono\u00bb, constituye una reforma estructural del comercio&#8230;<\/p>\n\t\t<\/div>\n\t\t\n\t\t<a class=\"elementor-post__read-more\" href=\"https:\/\/www.asd-int.com\/es\/cbam-que-obligaciones-tienes-en-2026-como-importador-en-la-union-europea\/\" aria-label=\"M\u00e1s informaci\u00f3n sobre CBAM: \u00bfQu\u00e9 obligaciones tienes en 2026 como importador en la Uni\u00f3n Europea?\" tabindex=\"-1\" >\n\t\t\tLeer m\u00e1s \u00bb\t\t<\/a>\n\n\t\t\t\t<\/div>\n\t\t\t\t<\/article>\n\t\t\t\t<article class=\"elementor-post elementor-grid-item post-202069 post type-post status-publish format-standard has-post-thumbnail hentry category-iva-es tag-tipos-de-iva pays-royaumeuni-es pays-suisse-es pays-union-europea\" role=\"listitem\">\n\t\t\t\t<a class=\"elementor-post__thumbnail__link\" href=\"https:\/\/www.asd-int.com\/es\/tipos-de-iva-2026-en-europa\/\" tabindex=\"-1\" >\n\t\t\t<div class=\"elementor-post__thumbnail\"><img loading=\"lazy\" decoding=\"async\" width=\"300\" height=\"200\" src=\"https:\/\/www.asd-int.com\/wp-content\/uploads\/2025\/12\/taux-de-tva-2026-en-europe-300x200.jpg\" class=\"attachment-medium size-medium wp-image-202068\" alt=\"Tipos de IVA 2026 en Europa\" srcset=\"https:\/\/www.asd-int.com\/wp-content\/uploads\/2025\/12\/taux-de-tva-2026-en-europe-300x200.jpg 300w, https:\/\/www.asd-int.com\/wp-content\/uploads\/2025\/12\/taux-de-tva-2026-en-europe-1024x683.jpg 1024w, https:\/\/www.asd-int.com\/wp-content\/uploads\/2025\/12\/taux-de-tva-2026-en-europe-768x512.jpg 768w, https:\/\/www.asd-int.com\/wp-content\/uploads\/2025\/12\/taux-de-tva-2026-en-europe-1200x800.jpg 1200w, https:\/\/www.asd-int.com\/wp-content\/uploads\/2025\/12\/taux-de-tva-2026-en-europe.jpg 1440w\" sizes=\"(max-width: 300px) 100vw, 300px\" \/><\/div>\n\t\t<\/a>\n\t\t\t\t<div class=\"elementor-post__text\">\n\t\t\t\t<h3 class=\"elementor-post__title\">\n\t\t\t<a href=\"https:\/\/www.asd-int.com\/es\/tipos-de-iva-2026-en-europa\/\" >\n\t\t\t\tTipos de IVA 2026 en Europa\t\t\t<\/a>\n\t\t<\/h3>\n\t\t\t\t<div class=\"elementor-post__meta-data\">\n\t\t\t\t\t<span class=\"elementor-post-date\">\n\t\t\t31 de diciembre de 2025\t\t<\/span>\n\t\t\t\t<span class=\"elementor-post-date\">\n\t\t\t6 de marzo de 2026\t\t<\/span>\n\t\t\t\t<\/div>\n\t\t\t\t<div class=\"elementor-post__excerpt\">\n\t\t\t<p>El Impuesto sobre el Valor A\u00f1adido (IVA) constituye uno de los principales impuestos indirectos aplicados al consumo. Est\u00e1 integrado en el precio pagado por el&#8230;<\/p>\n\t\t<\/div>\n\t\t\n\t\t<a class=\"elementor-post__read-more\" href=\"https:\/\/www.asd-int.com\/es\/tipos-de-iva-2026-en-europa\/\" aria-label=\"M\u00e1s informaci\u00f3n sobre Tipos de IVA 2026 en Europa\" tabindex=\"-1\" >\n\t\t\tLeer m\u00e1s \u00bb\t\t<\/a>\n\n\t\t\t\t<\/div>\n\t\t\t\t<\/article>\n\t\t\t\t<\/div>\n\t\t\n\t\t\t\t\t\t<\/div>\n\t\t\t\t<\/div>\n\t\t\t\t\t<\/div>\n\t\t<\/div>\n\t\t\t\t\t<\/div>\n\t\t<\/section>\n\t\t\t\t<\/div>\n\t\t","protected":false},"excerpt":{"rendered":"<p>contacto con nosotros Gracias por contactar con ASD Group contacte con nuestros expertos Gracias por contactar con nuestros expertos Nos comprometemos a darle una respuesta&#8230;<\/p>\n","protected":false},"author":36,"featured_media":0,"parent":0,"menu_order":0,"comment_status":"closed","ping_status":"closed","template":"elementor_header_footer","meta":{"_eb_attr":"","_lmt_disableupdate":"no","_lmt_disable":"","footnotes":""},"class_list":["post-22590","page","type-page","status-publish","hentry"],"yoast_head":"<!-- This site is optimized with the Yoast SEO plugin v27.4 - https:\/\/yoast.com\/product\/yoast-seo-wordpress\/ -->\n<title>Gracias | ASD Group<\/title>\n<meta name=\"description\" content=\"Page de remerciement ES\" \/>\n<meta name=\"robots\" content=\"noindex, follow\" \/>\n<meta property=\"og:locale\" content=\"es_ES\" \/>\n<meta property=\"og:type\" content=\"article\" \/>\n<meta property=\"og:title\" content=\"Gracias | ASD Group\" \/>\n<meta property=\"og:description\" content=\"Page de remerciement ES\" \/>\n<meta property=\"og:url\" content=\"https:\/\/www.asd-int.com\/es\/gracias\/\" \/>\n<meta property=\"og:site_name\" content=\"ASD\" \/>\n<meta property=\"article:modified_time\" content=\"2021-03-17T08:04:40+00:00\" \/>\n<meta property=\"og:image\" content=\"https:\/\/www.asd-int.com\/wp-content\/uploads\/2020\/01\/trait-bas.png\" \/>\n<meta name=\"twitter:card\" content=\"summary_large_image\" \/>\n<meta name=\"twitter:label1\" content=\"Tiempo de lectura\" \/>\n\t<meta name=\"twitter:data1\" content=\"1 minuto\" \/>\n<script type=\"application\/ld+json\" class=\"yoast-schema-graph\">{\"@context\":\"https:\\\/\\\/schema.org\",\"@graph\":[{\"@type\":\"WebPage\",\"@id\":\"https:\\\/\\\/www.asd-int.com\\\/es\\\/gracias\\\/\",\"url\":\"https:\\\/\\\/www.asd-int.com\\\/es\\\/gracias\\\/\",\"name\":\"Gracias | ASD Group\",\"isPartOf\":{\"@id\":\"https:\\\/\\\/www.asd-int.com\\\/es\\\/#website\"},\"primaryImageOfPage\":{\"@id\":\"https:\\\/\\\/www.asd-int.com\\\/es\\\/gracias\\\/#primaryimage\"},\"image\":{\"@id\":\"https:\\\/\\\/www.asd-int.com\\\/es\\\/gracias\\\/#primaryimage\"},\"thumbnailUrl\":\"https:\\\/\\\/www.asd-int.com\\\/wp-content\\\/uploads\\\/2020\\\/01\\\/trait-bas.png\",\"datePublished\":\"2018-10-12T09:44:18+00:00\",\"dateModified\":\"2021-03-17T08:04:40+00:00\",\"description\":\"Page de remerciement ES\",\"breadcrumb\":{\"@id\":\"https:\\\/\\\/www.asd-int.com\\\/es\\\/gracias\\\/#breadcrumb\"},\"inLanguage\":\"es\",\"potentialAction\":[{\"@type\":\"ReadAction\",\"target\":[\"https:\\\/\\\/www.asd-int.com\\\/es\\\/gracias\\\/\"]}]},{\"@type\":\"ImageObject\",\"inLanguage\":\"es\",\"@id\":\"https:\\\/\\\/www.asd-int.com\\\/es\\\/gracias\\\/#primaryimage\",\"url\":\"https:\\\/\\\/www.asd-int.com\\\/wp-content\\\/uploads\\\/2020\\\/01\\\/trait-bas.png\",\"contentUrl\":\"https:\\\/\\\/www.asd-int.com\\\/wp-content\\\/uploads\\\/2020\\\/01\\\/trait-bas.png\"},{\"@type\":\"BreadcrumbList\",\"@id\":\"https:\\\/\\\/www.asd-int.com\\\/es\\\/gracias\\\/#breadcrumb\",\"itemListElement\":[{\"@type\":\"ListItem\",\"position\":1,\"name\":\"ASD Group\",\"item\":\"https:\\\/\\\/www.asd-int.com\\\/es\\\/\"},{\"@type\":\"ListItem\",\"position\":2,\"name\":\"Page de remerciement ES\"}]},{\"@type\":\"WebSite\",\"@id\":\"https:\\\/\\\/www.asd-int.com\\\/es\\\/#website\",\"url\":\"https:\\\/\\\/www.asd-int.com\\\/es\\\/\",\"name\":\"ASD\",\"description\":\"Simplifique su desarrollo internacional\",\"publisher\":{\"@id\":\"https:\\\/\\\/www.asd-int.com\\\/es\\\/#organization\"},\"potentialAction\":[{\"@type\":\"SearchAction\",\"target\":{\"@type\":\"EntryPoint\",\"urlTemplate\":\"https:\\\/\\\/www.asd-int.com\\\/es\\\/?s={search_term_string}\"},\"query-input\":{\"@type\":\"PropertyValueSpecification\",\"valueRequired\":true,\"valueName\":\"search_term_string\"}}],\"inLanguage\":\"es\"},{\"@type\":\"Organization\",\"@id\":\"https:\\\/\\\/www.asd-int.com\\\/es\\\/#organization\",\"name\":\"ASD Group\",\"url\":\"https:\\\/\\\/www.asd-int.com\\\/es\\\/\",\"logo\":{\"@type\":\"ImageObject\",\"inLanguage\":\"es\",\"@id\":\"https:\\\/\\\/www.asd-int.com\\\/es\\\/#\\\/schema\\\/logo\\\/image\\\/\",\"url\":\"https:\\\/\\\/www.asd-int.com\\\/wp-content\\\/uploads\\\/2020\\\/07\\\/Logo-ASD_noir.png\",\"contentUrl\":\"https:\\\/\\\/www.asd-int.com\\\/wp-content\\\/uploads\\\/2020\\\/07\\\/Logo-ASD_noir.png\",\"width\":1054,\"height\":714,\"caption\":\"ASD Group\"},\"image\":{\"@id\":\"https:\\\/\\\/www.asd-int.com\\\/es\\\/#\\\/schema\\\/logo\\\/image\\\/\"}}]}<\/script>\n<!-- \/ Yoast SEO plugin. -->","yoast_head_json":{"title":"Gracias | ASD Group","description":"Page de remerciement ES","robots":{"index":"noindex","follow":"follow"},"og_locale":"es_ES","og_type":"article","og_title":"Gracias | ASD Group","og_description":"Page de remerciement ES","og_url":"https:\/\/www.asd-int.com\/es\/gracias\/","og_site_name":"ASD","article_modified_time":"2021-03-17T08:04:40+00:00","og_image":[{"url":"https:\/\/www.asd-int.com\/wp-content\/uploads\/2020\/01\/trait-bas.png","type":"","width":"","height":""}],"twitter_card":"summary_large_image","twitter_misc":{"Tiempo de lectura":"1 minuto"},"schema":{"@context":"https:\/\/schema.org","@graph":[{"@type":"WebPage","@id":"https:\/\/www.asd-int.com\/es\/gracias\/","url":"https:\/\/www.asd-int.com\/es\/gracias\/","name":"Gracias | ASD Group","isPartOf":{"@id":"https:\/\/www.asd-int.com\/es\/#website"},"primaryImageOfPage":{"@id":"https:\/\/www.asd-int.com\/es\/gracias\/#primaryimage"},"image":{"@id":"https:\/\/www.asd-int.com\/es\/gracias\/#primaryimage"},"thumbnailUrl":"https:\/\/www.asd-int.com\/wp-content\/uploads\/2020\/01\/trait-bas.png","datePublished":"2018-10-12T09:44:18+00:00","dateModified":"2021-03-17T08:04:40+00:00","description":"Page de remerciement ES","breadcrumb":{"@id":"https:\/\/www.asd-int.com\/es\/gracias\/#breadcrumb"},"inLanguage":"es","potentialAction":[{"@type":"ReadAction","target":["https:\/\/www.asd-int.com\/es\/gracias\/"]}]},{"@type":"ImageObject","inLanguage":"es","@id":"https:\/\/www.asd-int.com\/es\/gracias\/#primaryimage","url":"https:\/\/www.asd-int.com\/wp-content\/uploads\/2020\/01\/trait-bas.png","contentUrl":"https:\/\/www.asd-int.com\/wp-content\/uploads\/2020\/01\/trait-bas.png"},{"@type":"BreadcrumbList","@id":"https:\/\/www.asd-int.com\/es\/gracias\/#breadcrumb","itemListElement":[{"@type":"ListItem","position":1,"name":"ASD Group","item":"https:\/\/www.asd-int.com\/es\/"},{"@type":"ListItem","position":2,"name":"Page de remerciement ES"}]},{"@type":"WebSite","@id":"https:\/\/www.asd-int.com\/es\/#website","url":"https:\/\/www.asd-int.com\/es\/","name":"ASD","description":"Simplifique su desarrollo internacional","publisher":{"@id":"https:\/\/www.asd-int.com\/es\/#organization"},"potentialAction":[{"@type":"SearchAction","target":{"@type":"EntryPoint","urlTemplate":"https:\/\/www.asd-int.com\/es\/?s={search_term_string}"},"query-input":{"@type":"PropertyValueSpecification","valueRequired":true,"valueName":"search_term_string"}}],"inLanguage":"es"},{"@type":"Organization","@id":"https:\/\/www.asd-int.com\/es\/#organization","name":"ASD Group","url":"https:\/\/www.asd-int.com\/es\/","logo":{"@type":"ImageObject","inLanguage":"es","@id":"https:\/\/www.asd-int.com\/es\/#\/schema\/logo\/image\/","url":"https:\/\/www.asd-int.com\/wp-content\/uploads\/2020\/07\/Logo-ASD_noir.png","contentUrl":"https:\/\/www.asd-int.com\/wp-content\/uploads\/2020\/07\/Logo-ASD_noir.png","width":1054,"height":714,"caption":"ASD Group"},"image":{"@id":"https:\/\/www.asd-int.com\/es\/#\/schema\/logo\/image\/"}}]}},"_links":{"self":[{"href":"https:\/\/www.asd-int.com\/es\/wp-json\/wp\/v2\/pages\/22590","targetHints":{"allow":["GET"]}}],"collection":[{"href":"https:\/\/www.asd-int.com\/es\/wp-json\/wp\/v2\/pages"}],"about":[{"href":"https:\/\/www.asd-int.com\/es\/wp-json\/wp\/v2\/types\/page"}],"author":[{"embeddable":true,"href":"https:\/\/www.asd-int.com\/es\/wp-json\/wp\/v2\/users\/36"}],"replies":[{"embeddable":true,"href":"https:\/\/www.asd-int.com\/es\/wp-json\/wp\/v2\/comments?post=22590"}],"version-history":[{"count":0,"href":"https:\/\/www.asd-int.com\/es\/wp-json\/wp\/v2\/pages\/22590\/revisions"}],"wp:attachment":[{"href":"https:\/\/www.asd-int.com\/es\/wp-json\/wp\/v2\/media?parent=22590"}],"curies":[{"name":"wp","href":"https:\/\/api.w.org\/{rel}","templated":true}]}}