{"id":118553,"date":"2022-01-12T15:57:24","date_gmt":"2022-01-12T14:57:24","guid":{"rendered":"https:\/\/www.asd-int.com\/aktualnosci\/"},"modified":"2022-12-23T10:36:15","modified_gmt":"2022-12-23T09:36:15","slug":"aktualnosci","status":"publish","type":"page","link":"https:\/\/www.asd-int.com\/pl\/aktualnosci\/","title":{"rendered":"Aktualno\u015bci"},"content":{"rendered":"\t\t<div data-elementor-type=\"wp-page\" data-elementor-id=\"118553\" class=\"elementor elementor-118553 elementor-80291\" data-elementor-post-type=\"page\">\n\t\t\t\t\t\t<section class=\"elementor-section elementor-top-section elementor-element elementor-element-1ec0b23f elementor-section-stretched elementor-section-full_width elementor-section-height-default elementor-section-height-default\" data-id=\"1ec0b23f\" data-element_type=\"section\" data-e-type=\"section\" data-settings=\"{&quot;stretch_section&quot;:&quot;section-stretched&quot;,&quot;background_background&quot;:&quot;classic&quot;}\">\n\t\t\t\t\t\t<div class=\"elementor-container elementor-column-gap-default\">\n\t\t\t\t\t<div class=\"elementor-column elementor-col-50 elementor-top-column elementor-element elementor-element-796d74e8\" data-id=\"796d74e8\" data-element_type=\"column\" data-e-type=\"column\">\n\t\t\t<div class=\"elementor-widget-wrap\">\n\t\t\t\t\t\t\t<\/div>\n\t\t<\/div>\n\t\t\t\t<div class=\"elementor-column elementor-col-50 elementor-top-column elementor-element elementor-element-67df3d3d\" data-id=\"67df3d3d\" data-element_type=\"column\" data-e-type=\"column\">\n\t\t\t<div class=\"elementor-widget-wrap elementor-element-populated\">\n\t\t\t\t\t\t<div class=\"elementor-element elementor-element-49cac4de elementor-widget elementor-widget-heading\" data-id=\"49cac4de\" data-element_type=\"widget\" data-e-type=\"widget\" data-widget_type=\"heading.default\">\n\t\t\t\t<div class=\"elementor-widget-container\">\n\t\t\t\t\t<div class=\"elementor-heading-title elementor-size-default\"><a href=\"\/\">ASD GROUP<\/a> &gt; AKTUALNO\u015aCI<\/div>\t\t\t\t<\/div>\n\t\t\t\t<\/div>\n\t\t\t\t<div class=\"elementor-element elementor-element-d9eb545 elementor-widget elementor-widget-heading\" data-id=\"d9eb545\" data-element_type=\"widget\" data-e-type=\"widget\" data-widget_type=\"heading.default\">\n\t\t\t\t<div class=\"elementor-widget-container\">\n\t\t\t\t\t<h1 class=\"elementor-heading-title elementor-size-default\">\u015aled\u017a wszystkie nowo\u015bci w dziedzinie\nVAT, handel elektroniczny, obowi\u0105zki celne i delegowanie pracownik\u00f3w <\/h1>\t\t\t\t<\/div>\n\t\t\t\t<\/div>\n\t\t\t\t<div class=\"elementor-element elementor-element-42f0f9eb elementor-widget-divider--view-line elementor-widget elementor-widget-divider\" data-id=\"42f0f9eb\" data-element_type=\"widget\" data-e-type=\"widget\" data-widget_type=\"divider.default\">\n\t\t\t\t<div class=\"elementor-widget-container\">\n\t\t\t\t\t\t\t<div class=\"elementor-divider\">\n\t\t\t<span class=\"elementor-divider-separator\">\n\t\t\t\t\t\t<\/span>\n\t\t<\/div>\n\t\t\t\t\t\t<\/div>\n\t\t\t\t<\/div>\n\t\t\t\t\t<\/div>\n\t\t<\/div>\n\t\t\t\t\t<\/div>\n\t\t<\/section>\n\t\t\t\t<\/div>\n\t\t","protected":false},"excerpt":{"rendered":"<p>ASD GROUP &gt; AKTUALNO\u015aCI \u015aled\u017a wszystkie nowo\u015bci w dziedzinie VAT, handel elektroniczny, obowi\u0105zki celne i delegowanie pracownik\u00f3w<\/p>\n","protected":false},"author":36,"featured_media":0,"parent":0,"menu_order":0,"comment_status":"closed","ping_status":"closed","template":"templates\/mini_blog.php","meta":{"_eb_attr":"","_lmt_disableupdate":"","_lmt_disable":"","footnotes":""},"class_list":["post-118553","page","type-page","status-publish","hentry"],"yoast_head":"<!-- This site is optimized with the Yoast SEO plugin v27.3 - https:\/\/yoast.com\/product\/yoast-seo-wordpress\/ -->\n<title>Aktualno\u015bci | ASD Group<\/title>\n<meta name=\"description\" content=\"Na stronie internetowej ASD Group znajd\u0105 Pa\u0144stwo najnowsze informacje i aktualizacje w zakresie podatk\u00f3w, ce\u0142 i ubezpiecze\u0144 spo\u0142ecznych.\" \/>\n<meta name=\"robots\" content=\"index, follow, max-snippet:-1, max-image-preview:large, max-video-preview:-1\" \/>\n<link rel=\"canonical\" href=\"https:\/\/www.asd-int.com\/pl\/aktualnosci\/\" \/>\n<meta property=\"og:locale\" content=\"pl_PL\" \/>\n<meta property=\"og:type\" content=\"article\" \/>\n<meta property=\"og:title\" content=\"Aktualno\u015bci | ASD Group\" \/>\n<meta property=\"og:description\" content=\"Na stronie internetowej ASD Group znajd\u0105 Pa\u0144stwo najnowsze informacje i aktualizacje w zakresie podatk\u00f3w, ce\u0142 i ubezpiecze\u0144 spo\u0142ecznych.\" \/>\n<meta property=\"og:url\" content=\"https:\/\/www.asd-int.com\/pl\/aktualnosci\/\" \/>\n<meta property=\"og:site_name\" content=\"ASD\" \/>\n<meta property=\"article:modified_time\" content=\"2022-12-23T09:36:15+00:00\" \/>\n<meta property=\"og:image\" content=\"https:\/\/www.asd-int.com\/wp-content\/uploads\/2020\/07\/Logo-ASD_noir.png\" \/>\n\t<meta property=\"og:image:width\" content=\"1054\" \/>\n\t<meta property=\"og:image:height\" content=\"714\" \/>\n\t<meta property=\"og:image:type\" content=\"image\/png\" \/>\n<meta name=\"twitter:card\" content=\"summary_large_image\" \/>\n<meta name=\"twitter:label1\" content=\"Szacowany czas czytania\" \/>\n\t<meta name=\"twitter:data1\" content=\"1 minuta\" \/>\n<script type=\"application\/ld+json\" class=\"yoast-schema-graph\">{\"@context\":\"https:\\\/\\\/schema.org\",\"@graph\":[{\"@type\":\"WebPage\",\"@id\":\"https:\\\/\\\/www.asd-int.com\\\/pl\\\/aktualnosci\\\/\",\"url\":\"https:\\\/\\\/www.asd-int.com\\\/pl\\\/aktualnosci\\\/\",\"name\":\"Aktualno\u015bci | ASD Group\",\"isPartOf\":{\"@id\":\"https:\\\/\\\/www.asd-int.com\\\/pl\\\/#website\"},\"datePublished\":\"2022-01-12T14:57:24+00:00\",\"dateModified\":\"2022-12-23T09:36:15+00:00\",\"description\":\"Na stronie internetowej ASD Group znajd\u0105 Pa\u0144stwo najnowsze informacje i aktualizacje w zakresie podatk\u00f3w, ce\u0142 i ubezpiecze\u0144 spo\u0142ecznych.\",\"breadcrumb\":{\"@id\":\"https:\\\/\\\/www.asd-int.com\\\/pl\\\/aktualnosci\\\/#breadcrumb\"},\"inLanguage\":\"pl-PL\",\"potentialAction\":[{\"@type\":\"ReadAction\",\"target\":[\"https:\\\/\\\/www.asd-int.com\\\/pl\\\/aktualnosci\\\/\"]}]},{\"@type\":\"BreadcrumbList\",\"@id\":\"https:\\\/\\\/www.asd-int.com\\\/pl\\\/aktualnosci\\\/#breadcrumb\",\"itemListElement\":[{\"@type\":\"ListItem\",\"position\":1,\"name\":\"ASD Group\",\"item\":\"https:\\\/\\\/www.asd-int.com\\\/pl\\\/\"},{\"@type\":\"ListItem\",\"position\":2,\"name\":\"Aktualno\u015bci\"}]},{\"@type\":\"WebSite\",\"@id\":\"https:\\\/\\\/www.asd-int.com\\\/pl\\\/#website\",\"url\":\"https:\\\/\\\/www.asd-int.com\\\/pl\\\/\",\"name\":\"ASD\",\"description\":\"Tw\u00f3j ekspert w mi\u0119dzynarodowych przepisach podatkowych oraz wewn\u0105trzwsp\u00f3lnotowym VAT\",\"publisher\":{\"@id\":\"https:\\\/\\\/www.asd-int.com\\\/pl\\\/#organization\"},\"potentialAction\":[{\"@type\":\"SearchAction\",\"target\":{\"@type\":\"EntryPoint\",\"urlTemplate\":\"https:\\\/\\\/www.asd-int.com\\\/pl\\\/?s={search_term_string}\"},\"query-input\":{\"@type\":\"PropertyValueSpecification\",\"valueRequired\":true,\"valueName\":\"search_term_string\"}}],\"inLanguage\":\"pl-PL\"},{\"@type\":\"Organization\",\"@id\":\"https:\\\/\\\/www.asd-int.com\\\/pl\\\/#organization\",\"name\":\"ASD Group\",\"url\":\"https:\\\/\\\/www.asd-int.com\\\/pl\\\/\",\"logo\":{\"@type\":\"ImageObject\",\"inLanguage\":\"pl-PL\",\"@id\":\"https:\\\/\\\/www.asd-int.com\\\/pl\\\/#\\\/schema\\\/logo\\\/image\\\/\",\"url\":\"https:\\\/\\\/www.asd-int.com\\\/wp-content\\\/uploads\\\/2020\\\/07\\\/Logo-ASD_noir.png\",\"contentUrl\":\"https:\\\/\\\/www.asd-int.com\\\/wp-content\\\/uploads\\\/2020\\\/07\\\/Logo-ASD_noir.png\",\"width\":1054,\"height\":714,\"caption\":\"ASD Group\"},\"image\":{\"@id\":\"https:\\\/\\\/www.asd-int.com\\\/pl\\\/#\\\/schema\\\/logo\\\/image\\\/\"}}]}<\/script>\n<!-- \/ Yoast SEO plugin. -->","yoast_head_json":{"title":"Aktualno\u015bci | ASD Group","description":"Na stronie internetowej ASD Group znajd\u0105 Pa\u0144stwo najnowsze informacje i aktualizacje w zakresie podatk\u00f3w, ce\u0142 i ubezpiecze\u0144 spo\u0142ecznych.","robots":{"index":"index","follow":"follow","max-snippet":"max-snippet:-1","max-image-preview":"max-image-preview:large","max-video-preview":"max-video-preview:-1"},"canonical":"https:\/\/www.asd-int.com\/pl\/aktualnosci\/","og_locale":"pl_PL","og_type":"article","og_title":"Aktualno\u015bci | ASD Group","og_description":"Na stronie internetowej ASD Group znajd\u0105 Pa\u0144stwo najnowsze informacje i aktualizacje w zakresie podatk\u00f3w, ce\u0142 i ubezpiecze\u0144 spo\u0142ecznych.","og_url":"https:\/\/www.asd-int.com\/pl\/aktualnosci\/","og_site_name":"ASD","article_modified_time":"2022-12-23T09:36:15+00:00","og_image":[{"width":1054,"height":714,"url":"https:\/\/www.asd-int.com\/wp-content\/uploads\/2020\/07\/Logo-ASD_noir.png","type":"image\/png"}],"twitter_card":"summary_large_image","twitter_misc":{"Szacowany czas czytania":"1 minuta"},"schema":{"@context":"https:\/\/schema.org","@graph":[{"@type":"WebPage","@id":"https:\/\/www.asd-int.com\/pl\/aktualnosci\/","url":"https:\/\/www.asd-int.com\/pl\/aktualnosci\/","name":"Aktualno\u015bci | ASD Group","isPartOf":{"@id":"https:\/\/www.asd-int.com\/pl\/#website"},"datePublished":"2022-01-12T14:57:24+00:00","dateModified":"2022-12-23T09:36:15+00:00","description":"Na stronie internetowej ASD Group znajd\u0105 Pa\u0144stwo najnowsze informacje i aktualizacje w zakresie podatk\u00f3w, ce\u0142 i ubezpiecze\u0144 spo\u0142ecznych.","breadcrumb":{"@id":"https:\/\/www.asd-int.com\/pl\/aktualnosci\/#breadcrumb"},"inLanguage":"pl-PL","potentialAction":[{"@type":"ReadAction","target":["https:\/\/www.asd-int.com\/pl\/aktualnosci\/"]}]},{"@type":"BreadcrumbList","@id":"https:\/\/www.asd-int.com\/pl\/aktualnosci\/#breadcrumb","itemListElement":[{"@type":"ListItem","position":1,"name":"ASD Group","item":"https:\/\/www.asd-int.com\/pl\/"},{"@type":"ListItem","position":2,"name":"Aktualno\u015bci"}]},{"@type":"WebSite","@id":"https:\/\/www.asd-int.com\/pl\/#website","url":"https:\/\/www.asd-int.com\/pl\/","name":"ASD","description":"Tw\u00f3j ekspert w mi\u0119dzynarodowych przepisach podatkowych oraz wewn\u0105trzwsp\u00f3lnotowym VAT","publisher":{"@id":"https:\/\/www.asd-int.com\/pl\/#organization"},"potentialAction":[{"@type":"SearchAction","target":{"@type":"EntryPoint","urlTemplate":"https:\/\/www.asd-int.com\/pl\/?s={search_term_string}"},"query-input":{"@type":"PropertyValueSpecification","valueRequired":true,"valueName":"search_term_string"}}],"inLanguage":"pl-PL"},{"@type":"Organization","@id":"https:\/\/www.asd-int.com\/pl\/#organization","name":"ASD Group","url":"https:\/\/www.asd-int.com\/pl\/","logo":{"@type":"ImageObject","inLanguage":"pl-PL","@id":"https:\/\/www.asd-int.com\/pl\/#\/schema\/logo\/image\/","url":"https:\/\/www.asd-int.com\/wp-content\/uploads\/2020\/07\/Logo-ASD_noir.png","contentUrl":"https:\/\/www.asd-int.com\/wp-content\/uploads\/2020\/07\/Logo-ASD_noir.png","width":1054,"height":714,"caption":"ASD Group"},"image":{"@id":"https:\/\/www.asd-int.com\/pl\/#\/schema\/logo\/image\/"}}]}},"_links":{"self":[{"href":"https:\/\/www.asd-int.com\/pl\/wp-json\/wp\/v2\/pages\/118553","targetHints":{"allow":["GET"]}}],"collection":[{"href":"https:\/\/www.asd-int.com\/pl\/wp-json\/wp\/v2\/pages"}],"about":[{"href":"https:\/\/www.asd-int.com\/pl\/wp-json\/wp\/v2\/types\/page"}],"author":[{"embeddable":true,"href":"https:\/\/www.asd-int.com\/pl\/wp-json\/wp\/v2\/users\/36"}],"replies":[{"embeddable":true,"href":"https:\/\/www.asd-int.com\/pl\/wp-json\/wp\/v2\/comments?post=118553"}],"version-history":[{"count":3,"href":"https:\/\/www.asd-int.com\/pl\/wp-json\/wp\/v2\/pages\/118553\/revisions"}],"predecessor-version":[{"id":156813,"href":"https:\/\/www.asd-int.com\/pl\/wp-json\/wp\/v2\/pages\/118553\/revisions\/156813"}],"wp:attachment":[{"href":"https:\/\/www.asd-int.com\/pl\/wp-json\/wp\/v2\/media?parent=118553"}],"curies":[{"name":"wp","href":"https:\/\/api.w.org\/{rel}","templated":true}]}}