{"id":13215,"date":"2017-11-20T16:39:22","date_gmt":"2017-11-20T15:39:22","guid":{"rendered":"https:\/\/www.asd-int.com\/?page_id=13215"},"modified":"2023-12-13T13:24:24","modified_gmt":"2023-12-13T12:24:24","slug":"blog","status":"publish","type":"page","link":"https:\/\/www.asd-int.com\/pl\/blog\/","title":{"rendered":"Blog"},"content":{"rendered":"\t\t<div data-elementor-type=\"wp-page\" data-elementor-id=\"13215\" class=\"elementor elementor-13215 elementor-56\" data-elementor-post-type=\"page\">\n\t\t\t\t\t\t<section class=\"elementor-section elementor-top-section elementor-element elementor-element-1ec0b23f elementor-section-stretched elementor-section-full_width elementor-section-height-default elementor-section-height-default\" data-id=\"1ec0b23f\" data-element_type=\"section\" data-e-type=\"section\" data-settings=\"{&quot;stretch_section&quot;:&quot;section-stretched&quot;,&quot;background_background&quot;:&quot;classic&quot;}\">\n\t\t\t\t\t\t<div class=\"elementor-container elementor-column-gap-default\">\n\t\t\t\t\t<div class=\"elementor-column elementor-col-50 elementor-top-column elementor-element elementor-element-796d74e8\" data-id=\"796d74e8\" data-element_type=\"column\" data-e-type=\"column\">\n\t\t\t<div class=\"elementor-widget-wrap\">\n\t\t\t\t\t\t\t<\/div>\n\t\t<\/div>\n\t\t\t\t<div class=\"elementor-column elementor-col-50 elementor-top-column elementor-element elementor-element-67df3d3d\" data-id=\"67df3d3d\" data-element_type=\"column\" data-e-type=\"column\">\n\t\t\t<div class=\"elementor-widget-wrap elementor-element-populated\">\n\t\t\t\t\t\t<div class=\"elementor-element elementor-element-fb39d5c elementor-widget elementor-widget-text-editor\" data-id=\"fb39d5c\" data-element_type=\"widget\" data-e-type=\"widget\" data-widget_type=\"text-editor.default\">\n\t\t\t\t<div class=\"elementor-widget-container\">\n\t\t\t\t\t\t\t\t\t<p><a href=\"\/pl\/\">ASD GROUP<\/a> &gt; BLOG<\/p>\n\t\t\t\t\t\t\t\t<\/div>\n\t\t\t\t<\/div>\n\t\t\t\t<div class=\"elementor-element elementor-element-d9eb545 elementor-widget elementor-widget-heading\" data-id=\"d9eb545\" data-element_type=\"widget\" data-e-type=\"widget\" data-widget_type=\"heading.default\">\n\t\t\t\t<div class=\"elementor-widget-container\">\n\t\t\t\t\t<h1 class=\"elementor-heading-title elementor-size-default\">Wszystkie wiadomo\u015bci na temat VAT, podatk\u00f3w mi\u0119dzynarodowych, operacji celnych, przepis\u00f3w socjalnych i handlu mi\u0119dzynarodowego wyja\u015bnione przez naszych ekspert\u00f3w<\/h1>\t\t\t\t<\/div>\n\t\t\t\t<\/div>\n\t\t\t\t<div class=\"elementor-element elementor-element-42f0f9eb elementor-widget-divider--view-line elementor-widget elementor-widget-divider\" data-id=\"42f0f9eb\" data-element_type=\"widget\" data-e-type=\"widget\" data-widget_type=\"divider.default\">\n\t\t\t\t<div class=\"elementor-widget-container\">\n\t\t\t\t\t\t\t<div class=\"elementor-divider\">\n\t\t\t<span class=\"elementor-divider-separator\">\n\t\t\t\t\t\t<\/span>\n\t\t<\/div>\n\t\t\t\t\t\t<\/div>\n\t\t\t\t<\/div>\n\t\t\t\t\t<\/div>\n\t\t<\/div>\n\t\t\t\t\t<\/div>\n\t\t<\/section>\n\t\t\t\t<\/div>\n\t\t","protected":false},"excerpt":{"rendered":"<p>ASD GROUP &gt; BLOG Wszystkie wiadomo\u015bci na temat VAT, podatk\u00f3w mi\u0119dzynarodowych, operacji celnych, przepis\u00f3w socjalnych i handlu mi\u0119dzynarodowego wyja\u015bnione przez naszych ekspert\u00f3w<\/p>\n","protected":false},"author":36,"featured_media":0,"parent":0,"menu_order":0,"comment_status":"closed","ping_status":"closed","template":"templates\/blog.php","meta":{"_eb_attr":"","_lmt_disableupdate":"no","_lmt_disable":"","footnotes":""},"class_list":["post-13215","page","type-page","status-publish","hentry"],"yoast_head":"<!-- This site is optimized with the Yoast SEO plugin v27.3 - https:\/\/yoast.com\/product\/yoast-seo-wordpress\/ -->\n<title>Blog ASD Group<\/title>\n<meta name=\"description\" content=\"Wszystkie wiadomo\u015bci na temat VAT, podatk\u00f3w mi\u0119dzynarodowych, operacji celnych, przepis\u00f3w socjalnych i handlu mi\u0119dzynarodowego wyja\u015bnione przez naszych ekspert\u00f3w.\" \/>\n<meta name=\"robots\" content=\"index, follow, max-snippet:-1, max-image-preview:large, max-video-preview:-1\" \/>\n<link rel=\"canonical\" href=\"https:\/\/www.asd-int.com\/pl\/blog\/\" \/>\n<meta property=\"og:locale\" content=\"pl_PL\" \/>\n<meta property=\"og:type\" content=\"article\" \/>\n<meta property=\"og:title\" content=\"Blog ASD Group\" \/>\n<meta property=\"og:description\" content=\"Wszystkie wiadomo\u015bci na temat VAT, podatk\u00f3w mi\u0119dzynarodowych, operacji celnych, przepis\u00f3w socjalnych i handlu mi\u0119dzynarodowego wyja\u015bnione przez naszych ekspert\u00f3w.\" \/>\n<meta property=\"og:url\" content=\"https:\/\/www.asd-int.com\/pl\/blog\/\" \/>\n<meta property=\"og:site_name\" content=\"ASD\" \/>\n<meta property=\"article:modified_time\" content=\"2023-12-13T12:24:24+00:00\" \/>\n<meta property=\"og:image\" content=\"https:\/\/www.asd-int.com\/wp-content\/uploads\/2020\/07\/Logo-ASD_noir.png\" \/>\n\t<meta property=\"og:image:width\" content=\"1054\" \/>\n\t<meta property=\"og:image:height\" content=\"714\" \/>\n\t<meta property=\"og:image:type\" content=\"image\/png\" \/>\n<meta name=\"twitter:card\" content=\"summary_large_image\" \/>\n<meta name=\"twitter:label1\" content=\"Szacowany czas czytania\" \/>\n\t<meta name=\"twitter:data1\" content=\"1 minuta\" \/>\n<script type=\"application\/ld+json\" class=\"yoast-schema-graph\">{\"@context\":\"https:\\\/\\\/schema.org\",\"@graph\":[{\"@type\":\"WebPage\",\"@id\":\"https:\\\/\\\/www.asd-int.com\\\/pl\\\/blog\\\/\",\"url\":\"https:\\\/\\\/www.asd-int.com\\\/pl\\\/blog\\\/\",\"name\":\"Blog ASD Group\",\"isPartOf\":{\"@id\":\"https:\\\/\\\/www.asd-int.com\\\/pl\\\/#website\"},\"datePublished\":\"2017-11-20T15:39:22+00:00\",\"dateModified\":\"2023-12-13T12:24:24+00:00\",\"description\":\"Wszystkie wiadomo\u015bci na temat VAT, podatk\u00f3w mi\u0119dzynarodowych, operacji celnych, przepis\u00f3w socjalnych i handlu mi\u0119dzynarodowego wyja\u015bnione przez naszych ekspert\u00f3w.\",\"breadcrumb\":{\"@id\":\"https:\\\/\\\/www.asd-int.com\\\/pl\\\/blog\\\/#breadcrumb\"},\"inLanguage\":\"pl-PL\",\"potentialAction\":[{\"@type\":\"ReadAction\",\"target\":[\"https:\\\/\\\/www.asd-int.com\\\/pl\\\/blog\\\/\"]}]},{\"@type\":\"BreadcrumbList\",\"@id\":\"https:\\\/\\\/www.asd-int.com\\\/pl\\\/blog\\\/#breadcrumb\",\"itemListElement\":[{\"@type\":\"ListItem\",\"position\":1,\"name\":\"ASD Group\",\"item\":\"https:\\\/\\\/www.asd-int.com\\\/pl\\\/\"},{\"@type\":\"ListItem\",\"position\":2,\"name\":\"Blog\"}]},{\"@type\":\"WebSite\",\"@id\":\"https:\\\/\\\/www.asd-int.com\\\/pl\\\/#website\",\"url\":\"https:\\\/\\\/www.asd-int.com\\\/pl\\\/\",\"name\":\"ASD\",\"description\":\"Tw\u00f3j ekspert w mi\u0119dzynarodowych przepisach podatkowych oraz wewn\u0105trzwsp\u00f3lnotowym VAT\",\"publisher\":{\"@id\":\"https:\\\/\\\/www.asd-int.com\\\/pl\\\/#organization\"},\"potentialAction\":[{\"@type\":\"SearchAction\",\"target\":{\"@type\":\"EntryPoint\",\"urlTemplate\":\"https:\\\/\\\/www.asd-int.com\\\/pl\\\/?s={search_term_string}\"},\"query-input\":{\"@type\":\"PropertyValueSpecification\",\"valueRequired\":true,\"valueName\":\"search_term_string\"}}],\"inLanguage\":\"pl-PL\"},{\"@type\":\"Organization\",\"@id\":\"https:\\\/\\\/www.asd-int.com\\\/pl\\\/#organization\",\"name\":\"ASD Group\",\"url\":\"https:\\\/\\\/www.asd-int.com\\\/pl\\\/\",\"logo\":{\"@type\":\"ImageObject\",\"inLanguage\":\"pl-PL\",\"@id\":\"https:\\\/\\\/www.asd-int.com\\\/pl\\\/#\\\/schema\\\/logo\\\/image\\\/\",\"url\":\"https:\\\/\\\/www.asd-int.com\\\/wp-content\\\/uploads\\\/2020\\\/07\\\/Logo-ASD_noir.png\",\"contentUrl\":\"https:\\\/\\\/www.asd-int.com\\\/wp-content\\\/uploads\\\/2020\\\/07\\\/Logo-ASD_noir.png\",\"width\":1054,\"height\":714,\"caption\":\"ASD Group\"},\"image\":{\"@id\":\"https:\\\/\\\/www.asd-int.com\\\/pl\\\/#\\\/schema\\\/logo\\\/image\\\/\"}}]}<\/script>\n<!-- \/ Yoast SEO plugin. -->","yoast_head_json":{"title":"Blog ASD Group","description":"Wszystkie wiadomo\u015bci na temat VAT, podatk\u00f3w mi\u0119dzynarodowych, operacji celnych, przepis\u00f3w socjalnych i handlu mi\u0119dzynarodowego wyja\u015bnione przez naszych ekspert\u00f3w.","robots":{"index":"index","follow":"follow","max-snippet":"max-snippet:-1","max-image-preview":"max-image-preview:large","max-video-preview":"max-video-preview:-1"},"canonical":"https:\/\/www.asd-int.com\/pl\/blog\/","og_locale":"pl_PL","og_type":"article","og_title":"Blog ASD Group","og_description":"Wszystkie wiadomo\u015bci na temat VAT, podatk\u00f3w mi\u0119dzynarodowych, operacji celnych, przepis\u00f3w socjalnych i handlu mi\u0119dzynarodowego wyja\u015bnione przez naszych ekspert\u00f3w.","og_url":"https:\/\/www.asd-int.com\/pl\/blog\/","og_site_name":"ASD","article_modified_time":"2023-12-13T12:24:24+00:00","og_image":[{"width":1054,"height":714,"url":"https:\/\/www.asd-int.com\/wp-content\/uploads\/2020\/07\/Logo-ASD_noir.png","type":"image\/png"}],"twitter_card":"summary_large_image","twitter_misc":{"Szacowany czas czytania":"1 minuta"},"schema":{"@context":"https:\/\/schema.org","@graph":[{"@type":"WebPage","@id":"https:\/\/www.asd-int.com\/pl\/blog\/","url":"https:\/\/www.asd-int.com\/pl\/blog\/","name":"Blog ASD Group","isPartOf":{"@id":"https:\/\/www.asd-int.com\/pl\/#website"},"datePublished":"2017-11-20T15:39:22+00:00","dateModified":"2023-12-13T12:24:24+00:00","description":"Wszystkie wiadomo\u015bci na temat VAT, podatk\u00f3w mi\u0119dzynarodowych, operacji celnych, przepis\u00f3w socjalnych i handlu mi\u0119dzynarodowego wyja\u015bnione przez naszych ekspert\u00f3w.","breadcrumb":{"@id":"https:\/\/www.asd-int.com\/pl\/blog\/#breadcrumb"},"inLanguage":"pl-PL","potentialAction":[{"@type":"ReadAction","target":["https:\/\/www.asd-int.com\/pl\/blog\/"]}]},{"@type":"BreadcrumbList","@id":"https:\/\/www.asd-int.com\/pl\/blog\/#breadcrumb","itemListElement":[{"@type":"ListItem","position":1,"name":"ASD Group","item":"https:\/\/www.asd-int.com\/pl\/"},{"@type":"ListItem","position":2,"name":"Blog"}]},{"@type":"WebSite","@id":"https:\/\/www.asd-int.com\/pl\/#website","url":"https:\/\/www.asd-int.com\/pl\/","name":"ASD","description":"Tw\u00f3j ekspert w mi\u0119dzynarodowych przepisach podatkowych oraz wewn\u0105trzwsp\u00f3lnotowym VAT","publisher":{"@id":"https:\/\/www.asd-int.com\/pl\/#organization"},"potentialAction":[{"@type":"SearchAction","target":{"@type":"EntryPoint","urlTemplate":"https:\/\/www.asd-int.com\/pl\/?s={search_term_string}"},"query-input":{"@type":"PropertyValueSpecification","valueRequired":true,"valueName":"search_term_string"}}],"inLanguage":"pl-PL"},{"@type":"Organization","@id":"https:\/\/www.asd-int.com\/pl\/#organization","name":"ASD Group","url":"https:\/\/www.asd-int.com\/pl\/","logo":{"@type":"ImageObject","inLanguage":"pl-PL","@id":"https:\/\/www.asd-int.com\/pl\/#\/schema\/logo\/image\/","url":"https:\/\/www.asd-int.com\/wp-content\/uploads\/2020\/07\/Logo-ASD_noir.png","contentUrl":"https:\/\/www.asd-int.com\/wp-content\/uploads\/2020\/07\/Logo-ASD_noir.png","width":1054,"height":714,"caption":"ASD Group"},"image":{"@id":"https:\/\/www.asd-int.com\/pl\/#\/schema\/logo\/image\/"}}]}},"_links":{"self":[{"href":"https:\/\/www.asd-int.com\/pl\/wp-json\/wp\/v2\/pages\/13215","targetHints":{"allow":["GET"]}}],"collection":[{"href":"https:\/\/www.asd-int.com\/pl\/wp-json\/wp\/v2\/pages"}],"about":[{"href":"https:\/\/www.asd-int.com\/pl\/wp-json\/wp\/v2\/types\/page"}],"author":[{"embeddable":true,"href":"https:\/\/www.asd-int.com\/pl\/wp-json\/wp\/v2\/users\/36"}],"replies":[{"embeddable":true,"href":"https:\/\/www.asd-int.com\/pl\/wp-json\/wp\/v2\/comments?post=13215"}],"version-history":[{"count":4,"href":"https:\/\/www.asd-int.com\/pl\/wp-json\/wp\/v2\/pages\/13215\/revisions"}],"predecessor-version":[{"id":163315,"href":"https:\/\/www.asd-int.com\/pl\/wp-json\/wp\/v2\/pages\/13215\/revisions\/163315"}],"wp:attachment":[{"href":"https:\/\/www.asd-int.com\/pl\/wp-json\/wp\/v2\/media?parent=13215"}],"curies":[{"name":"wp","href":"https:\/\/api.w.org\/{rel}","templated":true}]}}