{"id":13544,"date":"2018-06-18T15:39:38","date_gmt":"2018-06-18T13:39:38","guid":{"rendered":"https:\/\/www.asd-int.com\/?page_id=13544"},"modified":"2019-03-13T16:51:28","modified_gmt":"2019-03-13T15:51:28","slug":"belgia","status":"publish","type":"page","link":"https:\/\/www.asd-int.com\/pl\/blog\/belgia\/","title":{"rendered":"Belgia"},"content":{"rendered":"<span><span><a href=\"https:\/\/www.asd-int.com\/pl\/\">ASD Group<\/a><\/span><\/span>\n<p>Wiadomo\u015bci wyja\u015bnione przez naszych ekspert\u00f3w<\/p>\n<p>\n  Wybierz kraj&#8230;<\/p>\n<p>        Wszystkie kraje<br \/>\n           Belgia<br \/>\n           Chiny<br \/>\n           Francja<br \/>\n           Hiszpania<br \/>\n           Kanada<\/p>\n<p>        Niemcy<br \/>\n           Polska<br \/>\n          Portugalia<br \/>\n          Stany Zjednoczone<br \/>\n        Wielka Brytania<\/p>\n<p>       W\u0142ochy<\/p>\n<p>        Zjednoczone Emiraty Arabskie<\/p>\n<p>        Szwajcaria<br \/>\n           Inne kraje<\/p>\n<p>\n    Wszystko<br \/>\n    Podatki mi\u0119dzynarodowe<br \/>\n    Obowiazki celne<br \/>\n    Delegowanie pracownik\u00f3w<br \/>\n    SPRZEDA\u017bY WYSY\u0141KOWEJ<br \/>\n    Aktualnosci ASD Group\n<\/p>\n<p>[widgetkit id=&#8221;10&#8243; name=&#8221;blog&#8221;]<\/p>\n<p><!-- {\"name\":\"\",\"type\":\"layout\",\"children\":[{\"name\":\"Header Title\",\"type\":\"section\",\"props\":{\"style\":\"default\",\"width\":\"default\",\"vertical_align\":\"middle\",\"title_position\":\"top-left\",\"title_rotation\":\"left\",\"title_breakpoint\":\"xl\",\"image_position\":\"center-center\",\"header_transparent\":\"\",\"header_transparent_noplaceholder\":true,\"image\":\"wp-content\\\/uploads\\\/2017\\\/12\\\/background-blog.jpg\",\"text_color\":\"light\",\"padding\":\"small\",\"image_size\":\"cover\"},\"children\":[{\"name\":\"\",\"type\":\"row\",\"props\":{\"fixed_width\":\"large\",\"breakpoint\":\"m\",\"layout\":\",\",\"width\":\"default\"},\"children\":[{\"name\":\"\",\"type\":\"column\",\"props\":{\"widths\":[\"\"],\"image_position\":\"center-center\"}},{\"name\":\"\",\"type\":\"column\",\"props\":{\"widths\":[\"\"],\"image_position\":\"center-center\"},\"children\":[{\"name\":\"Breadcrumbs\",\"type\":\"text\",\"props\":{\"margin\":\"default\",\"column_breakpoint\":\"m\",\"content\":\"\n\n<p>[wpseo_breadcrumb]<\\\/p>\",\"css\":\".el-element {\\n text-transform: uppercase;   \\n}\"}},{\"name\":\"\",\"type\":\"wordpress_area\",\"props\":{\"layout\":\"stack\",\"breakpoint\":\"m\",\"content\":\"builder-1\"}},{\"name\":\"\",\"type\":\"headline\",\"props\":{\"title_element\":\"h3\",\"content\":\"Wiadomo\\u015bci wyja\\u015bnione przez naszych ekspert\\u00f3w\",\"margin_remove_top\":true,\"title_style\":\"\",\"title_decoration\":\"\",\"title_color\":\"\",\"text_align\":\"\",\"text_align_breakpoint\":\"\",\"text_align_fallback\":\"\",\"maxwidth\":\"\",\"maxwidth_align\":\"\",\"maxwidth_breakpoint\":\"\",\"margin\":\"\",\"animation\":\"\",\"visibility\":\"\"}}]}]}]},{\"name\":\"Country select\",\"type\":\"section\",\"props\":{\"style\":\"secondary\",\"width\":\"default\",\"vertical_align\":\"middle\",\"title_position\":\"top-left\",\"title_rotation\":\"left\",\"title_breakpoint\":\"xl\",\"image_position\":\"center-center\",\"padding\":\"xsmall\",\"id\":\"country-select\"},\"children\":[{\"name\":\"\",\"type\":\"row\",\"props\":{\"fixed_width\":\"large\",\"breakpoint\":\"m\",\"layout\":\"1-1\"},\"children\":[{\"name\":\"\",\"type\":\"column\",\"props\":{\"widths\":[\"1-1\"],\"image_position\":\"center-center\"},\"children\":[{\"name\":\"\",\"type\":\"html\",\"props\":{\"content\":\"\n\n<div class=\\\"uk-text-center\\\">\\n  <button class=\\\"uk-button uk-button-default\\\" type=\\\"button\\\">Wybierz kraj...<span class=\\\"uk-margin-left\\\" uk-icon=\\\"icon: chevron-down\\\"><\\\/span><\\\/button>\\n  \n\n<div uk-dropdown=\\\"pos: bottom-center\\\">\\n      \n\n<ul class=\\\"uk-nav uk-dropdown-nav country-select\\\">\\n        \n\n<li class=\\\"uk-active\\\"><a href=\\\"https:\\\/\\\/www.asd-int.com\\\/pl\\\/blog\\\/\\\">Wszystkie kraje<\\\/a><\\\/li>\\n           \n\n<li><a href=\\\"https:\\\/\\\/www.asd-int.com\\\/pl\\\/blog\\\/belgia\\\/\\\">Belgia<\\\/a><\\\/li>\\n           \n\n<li><a href=\\\"https:\\\/\\\/www.asd-int.com\\\/pl\\\/blog\\\/chiny\\\/\\\">Chiny<\\\/a><\\\/li>\\n           \n\n<li><a href=\\\"https:\\\/\\\/www.asd-int.com\\\/pl\\\/blog\\\/francja\\\/\\\">Francja<\\\/a><\\\/li>\\n           \n\n<li><a href=\\\"https:\\\/\\\/www.asd-int.com\\\/pl\\\/blog\\\/hiszpania\\\/\\\">Hiszpania<\\\/a><\\\/li>\\n           \n\n<li><a href=\\\"https:\\\/\\\/www.asd-int.com\\\/pl\\\/blog\\\/kanada\\\/\\\">Kanada<\\\/a><\\\/li>\\n       \\n        \n\n<li><a href=\\\"https:\\\/\\\/www.asd-int.com\\\/pl\\\/blog\\\/niemcy\\\">Niemcy<\\\/a><\\\/li>\\n           \n\n<li><a href=\\\"https:\\\/\\\/www.asd-int.com\\\/pl\\\/blog\\\/polska\\\">Polska<\\\/a><\\\/li>\\n          \n\n<li><a href=\\\"https:\\\/\\\/www.asd-int.com\\\/pl\\\/blog\\\/portugalia\\\">Portugalia<\\\/a><\\\/li>\\n          \n\n<li><a href=\\\"https:\\\/\\\/www.asd-int.com\\\/pl\\\/blog\\\/stany-zjednoczone\\\/\\\">Stany Zjednoczone<\\\/a><\\\/li>\\n        \n\n<li><a href=\\\"https:\\\/\\\/www.asd-int.com\\\/pl\\\/blog\\\/anglia\\\/\\\">Wielka Brytania<\\\/a><\\\/li>\\n       \\n       \n\n<li><a href=\\\"https:\\\/\\\/www.asd-int.com\\\/pl\\\/blog\\\/wlochy\\\/\\\">W\\u0142ochy<\\\/a><\\\/li>\\n       \\n        \n\n<li><a href=\\\"https:\\\/\\\/www.asd-int.com\\\/pl\\\/blog\\\/zjednoczone-emiraty-arabskie\\\/\\\">Zjednoczone Emiraty Arabskie<\\\/a><\\\/li>\\n       \\n        \n\n<li><a href=\\\"https:\\\/\\\/www.asd-int.com\\\/pl\\\/blog\\\/szwajcaria\\\/\\\">Szwajcaria<\\\/a><\\\/li>\\n           \n\n<li><a href=\\\"https:\\\/\\\/www.asd-int.com\\\/pl\\\/blog\\\/inne-kraje\\\/\\\">Inne kraje<\\\/a><\\\/li>\\n      <\\\/ul>\\n  <\\\/div>\\n<\\\/div>\"}}]}]}]},{\"name\":\"Blog grid\",\"type\":\"section\",\"props\":{\"style\":\"default\",\"width\":\"default\",\"vertical_align\":\"middle\",\"title_position\":\"top-left\",\"title_rotation\":\"left\",\"title_breakpoint\":\"xl\",\"image_position\":\"center-center\"},\"children\":[{\"name\":\"\",\"type\":\"row\",\"props\":{\"fixed_width\":\"large\",\"breakpoint\":\"m\",\"layout\":\"1-1\"},\"children\":[{\"name\":\"\",\"type\":\"column\",\"props\":{\"widths\":[\"1-1\"],\"image_position\":\"center-center\"},\"children\":[{\"name\":\"Blog filter tab\",\"type\":\"html\",\"props\":{\"content\":\"\n\n<ul class=\\\"uk-flex-center\\\" uk-tab>\\n    \n\n<li id=\\\"tag-all\\\"><a href=\\\"\\\">Wszystko<\\\/a><\\\/li>\\n    \n\n<li id=\\\"tag-taxes\\\"><a href=\\\"\\\">Podatki mi\\u0119dzynarodowe<\\\/a><\\\/li>\\n    \n\n<li id=\\\"tag-douanes\\\"><a href=\\\"\\\">Obowiazki celne<\\\/a><\\\/li>\\n    \n\n<li id=\\\"tag-detachement\\\"><a href=\\\"\\\">Delegowanie pracownik\\u00f3w<\\\/a><\\\/li>\\n    \n\n<li id=\\\"tag-vad\\\"><a href=\\\"\\\">SPRZEDA\\u017bY WYSY\\u0141KOWEJ<\\\/a><\\\/li>\\n    \n\n<li id=\\\"tag-news\\\"><a href=\\\"\\\">Aktualnosci ASD Group<\\\/a><\\\/li>\\n<\\\/ul>\"}},{\"name\":\"\",\"type\":\"html\",\"props\":{\"content\":\"[widgetkit id=\\\"10\\\" name=\\\"blog\\\"]\"}}]}]}]}]} --><\/p>\n","protected":false},"excerpt":{"rendered":"<p>Wiadomo\u015bci wyja\u015bnione przez naszych ekspert\u00f3w Wybierz kraj&#8230; Wszystkie kraje Belgia Chiny Francja Hiszpania Kanada Niemcy Polska Portugalia Stany Zjednoczone Wielka Brytania W\u0142ochy Zjednoczone Emiraty Arabskie&#8230;<\/p>\n","protected":false},"author":36,"featured_media":0,"parent":13215,"menu_order":0,"comment_status":"closed","ping_status":"closed","template":"","meta":{"_eb_attr":"","_lmt_disableupdate":"","_lmt_disable":"","footnotes":""},"class_list":["post-13544","page","type-page","status-publish","hentry"],"yoast_head":"<!-- This site is optimized with the Yoast SEO plugin v27.3 - https:\/\/yoast.com\/product\/yoast-seo-wordpress\/ -->\n<title>Belgia<\/title>\n<meta name=\"robots\" content=\"index, follow, max-snippet:-1, max-image-preview:large, max-video-preview:-1\" \/>\n<link rel=\"canonical\" href=\"https:\/\/www.asd-int.com\/pl\/blog\/belgia\/\" \/>\n<meta property=\"og:locale\" content=\"pl_PL\" \/>\n<meta property=\"og:type\" content=\"article\" \/>\n<meta property=\"og:title\" content=\"Belgia\" \/>\n<meta property=\"og:description\" content=\"Wiadomo\u015bci wyja\u015bnione przez naszych ekspert\u00f3w Wybierz kraj&#8230; Wszystkie kraje Belgia Chiny Francja Hiszpania Kanada Niemcy Polska Portugalia Stany Zjednoczone Wielka Brytania W\u0142ochy Zjednoczone Emiraty Arabskie...\" \/>\n<meta property=\"og:url\" content=\"https:\/\/www.asd-int.com\/pl\/blog\/belgia\/\" \/>\n<meta property=\"og:site_name\" content=\"ASD\" \/>\n<meta property=\"article:modified_time\" content=\"2019-03-13T15:51:28+00:00\" \/>\n<meta property=\"og:image\" content=\"https:\/\/www.asd-int.com\/wp-content\/uploads\/2020\/07\/Logo-ASD_noir.png\" \/>\n\t<meta property=\"og:image:width\" content=\"1054\" \/>\n\t<meta property=\"og:image:height\" content=\"714\" \/>\n\t<meta property=\"og:image:type\" content=\"image\/png\" \/>\n<meta name=\"twitter:card\" content=\"summary_large_image\" \/>\n<script type=\"application\/ld+json\" class=\"yoast-schema-graph\">{\"@context\":\"https:\\\/\\\/schema.org\",\"@graph\":[{\"@type\":\"WebPage\",\"@id\":\"https:\\\/\\\/www.asd-int.com\\\/pl\\\/blog\\\/belgia\\\/\",\"url\":\"https:\\\/\\\/www.asd-int.com\\\/pl\\\/blog\\\/belgia\\\/\",\"name\":\"Belgia\",\"isPartOf\":{\"@id\":\"https:\\\/\\\/www.asd-int.com\\\/pl\\\/#website\"},\"datePublished\":\"2018-06-18T13:39:38+00:00\",\"dateModified\":\"2019-03-13T15:51:28+00:00\",\"breadcrumb\":{\"@id\":\"https:\\\/\\\/www.asd-int.com\\\/pl\\\/blog\\\/belgia\\\/#breadcrumb\"},\"inLanguage\":\"pl-PL\",\"potentialAction\":[{\"@type\":\"ReadAction\",\"target\":[\"https:\\\/\\\/www.asd-int.com\\\/pl\\\/blog\\\/belgia\\\/\"]}]},{\"@type\":\"BreadcrumbList\",\"@id\":\"https:\\\/\\\/www.asd-int.com\\\/pl\\\/blog\\\/belgia\\\/#breadcrumb\",\"itemListElement\":[{\"@type\":\"ListItem\",\"position\":1,\"name\":\"ASD Group\",\"item\":\"https:\\\/\\\/www.asd-int.com\\\/pl\\\/\"},{\"@type\":\"ListItem\",\"position\":2,\"name\":\"Blog\",\"item\":\"https:\\\/\\\/www.asd-int.com\\\/pl\\\/blog\\\/\"},{\"@type\":\"ListItem\",\"position\":3,\"name\":\"Belgia\"}]},{\"@type\":\"WebSite\",\"@id\":\"https:\\\/\\\/www.asd-int.com\\\/pl\\\/#website\",\"url\":\"https:\\\/\\\/www.asd-int.com\\\/pl\\\/\",\"name\":\"ASD\",\"description\":\"Tw\u00f3j ekspert w mi\u0119dzynarodowych przepisach podatkowych oraz wewn\u0105trzwsp\u00f3lnotowym VAT\",\"publisher\":{\"@id\":\"https:\\\/\\\/www.asd-int.com\\\/pl\\\/#organization\"},\"potentialAction\":[{\"@type\":\"SearchAction\",\"target\":{\"@type\":\"EntryPoint\",\"urlTemplate\":\"https:\\\/\\\/www.asd-int.com\\\/pl\\\/?s={search_term_string}\"},\"query-input\":{\"@type\":\"PropertyValueSpecification\",\"valueRequired\":true,\"valueName\":\"search_term_string\"}}],\"inLanguage\":\"pl-PL\"},{\"@type\":\"Organization\",\"@id\":\"https:\\\/\\\/www.asd-int.com\\\/pl\\\/#organization\",\"name\":\"ASD Group\",\"url\":\"https:\\\/\\\/www.asd-int.com\\\/pl\\\/\",\"logo\":{\"@type\":\"ImageObject\",\"inLanguage\":\"pl-PL\",\"@id\":\"https:\\\/\\\/www.asd-int.com\\\/pl\\\/#\\\/schema\\\/logo\\\/image\\\/\",\"url\":\"https:\\\/\\\/www.asd-int.com\\\/wp-content\\\/uploads\\\/2020\\\/07\\\/Logo-ASD_noir.png\",\"contentUrl\":\"https:\\\/\\\/www.asd-int.com\\\/wp-content\\\/uploads\\\/2020\\\/07\\\/Logo-ASD_noir.png\",\"width\":1054,\"height\":714,\"caption\":\"ASD Group\"},\"image\":{\"@id\":\"https:\\\/\\\/www.asd-int.com\\\/pl\\\/#\\\/schema\\\/logo\\\/image\\\/\"}}]}<\/script>\n<!-- \/ Yoast SEO plugin. -->","yoast_head_json":{"title":"Belgia","robots":{"index":"index","follow":"follow","max-snippet":"max-snippet:-1","max-image-preview":"max-image-preview:large","max-video-preview":"max-video-preview:-1"},"canonical":"https:\/\/www.asd-int.com\/pl\/blog\/belgia\/","og_locale":"pl_PL","og_type":"article","og_title":"Belgia","og_description":"Wiadomo\u015bci wyja\u015bnione przez naszych ekspert\u00f3w Wybierz kraj&#8230; Wszystkie kraje Belgia Chiny Francja Hiszpania Kanada Niemcy Polska Portugalia Stany Zjednoczone Wielka Brytania W\u0142ochy Zjednoczone Emiraty Arabskie...","og_url":"https:\/\/www.asd-int.com\/pl\/blog\/belgia\/","og_site_name":"ASD","article_modified_time":"2019-03-13T15:51:28+00:00","og_image":[{"width":1054,"height":714,"url":"https:\/\/www.asd-int.com\/wp-content\/uploads\/2020\/07\/Logo-ASD_noir.png","type":"image\/png"}],"twitter_card":"summary_large_image","schema":{"@context":"https:\/\/schema.org","@graph":[{"@type":"WebPage","@id":"https:\/\/www.asd-int.com\/pl\/blog\/belgia\/","url":"https:\/\/www.asd-int.com\/pl\/blog\/belgia\/","name":"Belgia","isPartOf":{"@id":"https:\/\/www.asd-int.com\/pl\/#website"},"datePublished":"2018-06-18T13:39:38+00:00","dateModified":"2019-03-13T15:51:28+00:00","breadcrumb":{"@id":"https:\/\/www.asd-int.com\/pl\/blog\/belgia\/#breadcrumb"},"inLanguage":"pl-PL","potentialAction":[{"@type":"ReadAction","target":["https:\/\/www.asd-int.com\/pl\/blog\/belgia\/"]}]},{"@type":"BreadcrumbList","@id":"https:\/\/www.asd-int.com\/pl\/blog\/belgia\/#breadcrumb","itemListElement":[{"@type":"ListItem","position":1,"name":"ASD Group","item":"https:\/\/www.asd-int.com\/pl\/"},{"@type":"ListItem","position":2,"name":"Blog","item":"https:\/\/www.asd-int.com\/pl\/blog\/"},{"@type":"ListItem","position":3,"name":"Belgia"}]},{"@type":"WebSite","@id":"https:\/\/www.asd-int.com\/pl\/#website","url":"https:\/\/www.asd-int.com\/pl\/","name":"ASD","description":"Tw\u00f3j ekspert w mi\u0119dzynarodowych przepisach podatkowych oraz wewn\u0105trzwsp\u00f3lnotowym VAT","publisher":{"@id":"https:\/\/www.asd-int.com\/pl\/#organization"},"potentialAction":[{"@type":"SearchAction","target":{"@type":"EntryPoint","urlTemplate":"https:\/\/www.asd-int.com\/pl\/?s={search_term_string}"},"query-input":{"@type":"PropertyValueSpecification","valueRequired":true,"valueName":"search_term_string"}}],"inLanguage":"pl-PL"},{"@type":"Organization","@id":"https:\/\/www.asd-int.com\/pl\/#organization","name":"ASD Group","url":"https:\/\/www.asd-int.com\/pl\/","logo":{"@type":"ImageObject","inLanguage":"pl-PL","@id":"https:\/\/www.asd-int.com\/pl\/#\/schema\/logo\/image\/","url":"https:\/\/www.asd-int.com\/wp-content\/uploads\/2020\/07\/Logo-ASD_noir.png","contentUrl":"https:\/\/www.asd-int.com\/wp-content\/uploads\/2020\/07\/Logo-ASD_noir.png","width":1054,"height":714,"caption":"ASD Group"},"image":{"@id":"https:\/\/www.asd-int.com\/pl\/#\/schema\/logo\/image\/"}}]}},"_links":{"self":[{"href":"https:\/\/www.asd-int.com\/pl\/wp-json\/wp\/v2\/pages\/13544","targetHints":{"allow":["GET"]}}],"collection":[{"href":"https:\/\/www.asd-int.com\/pl\/wp-json\/wp\/v2\/pages"}],"about":[{"href":"https:\/\/www.asd-int.com\/pl\/wp-json\/wp\/v2\/types\/page"}],"author":[{"embeddable":true,"href":"https:\/\/www.asd-int.com\/pl\/wp-json\/wp\/v2\/users\/36"}],"replies":[{"embeddable":true,"href":"https:\/\/www.asd-int.com\/pl\/wp-json\/wp\/v2\/comments?post=13544"}],"version-history":[{"count":0,"href":"https:\/\/www.asd-int.com\/pl\/wp-json\/wp\/v2\/pages\/13544\/revisions"}],"up":[{"embeddable":true,"href":"https:\/\/www.asd-int.com\/pl\/wp-json\/wp\/v2\/pages\/13215"}],"wp:attachment":[{"href":"https:\/\/www.asd-int.com\/pl\/wp-json\/wp\/v2\/media?parent=13544"}],"curies":[{"name":"wp","href":"https:\/\/api.w.org\/{rel}","templated":true}]}}