{"id":113998,"date":"2021-10-21T16:02:27","date_gmt":"2021-10-21T14:02:27","guid":{"rendered":"https:\/\/www.asd-int.com\/descubra-todos-os-nossos-eventos\/"},"modified":"2021-10-21T16:24:09","modified_gmt":"2021-10-21T14:24:09","slug":"descubra-todos-os-nossos-eventos","status":"publish","type":"page","link":"https:\/\/www.asd-int.com\/pt-pt\/nossos-eventos\/","title":{"rendered":"Descubra todos os nossos eventos"},"content":{"rendered":"\t\t<div data-elementor-type=\"wp-page\" data-elementor-id=\"113998\" class=\"elementor elementor-113998 elementor-42590\" data-elementor-post-type=\"page\">\n\t\t\t\t\t\t<section class=\"elementor-section elementor-top-section elementor-element elementor-element-42b66b7a elementor-section-stretched elementor-section-full_width elementor-section-height-default elementor-section-height-default\" data-id=\"42b66b7a\" data-element_type=\"section\" data-e-type=\"section\" data-settings=\"{&quot;stretch_section&quot;:&quot;section-stretched&quot;,&quot;background_background&quot;:&quot;classic&quot;}\">\n\t\t\t\t\t\t<div class=\"elementor-container elementor-column-gap-default\">\n\t\t\t\t\t<div class=\"elementor-column elementor-col-50 elementor-top-column elementor-element elementor-element-6a30893a\" data-id=\"6a30893a\" data-element_type=\"column\" data-e-type=\"column\">\n\t\t\t<div class=\"elementor-widget-wrap\">\n\t\t\t\t\t\t\t<\/div>\n\t\t<\/div>\n\t\t\t\t<div class=\"elementor-column elementor-col-50 elementor-top-column elementor-element elementor-element-650c88b9\" data-id=\"650c88b9\" data-element_type=\"column\" data-e-type=\"column\">\n\t\t\t<div class=\"elementor-widget-wrap elementor-element-populated\">\n\t\t\t\t\t\t<div class=\"elementor-element elementor-element-4bfdd587 elementor-widget elementor-widget-heading\" data-id=\"4bfdd587\" data-element_type=\"widget\" data-e-type=\"widget\" data-widget_type=\"heading.default\">\n\t\t\t\t<div class=\"elementor-widget-container\">\n\t\t\t\t\t<h4 class=\"elementor-heading-title elementor-size-default\">eventos<\/h4>\t\t\t\t<\/div>\n\t\t\t\t<\/div>\n\t\t\t\t<div class=\"elementor-element elementor-element-4e82a805 elementor-widget elementor-widget-heading\" data-id=\"4e82a805\" data-element_type=\"widget\" data-e-type=\"widget\" data-widget_type=\"heading.default\">\n\t\t\t\t<div class=\"elementor-widget-container\">\n\t\t\t\t\t<h1 class=\"elementor-heading-title elementor-size-default\">Descubra todos os nossos eventos<\/h1>\t\t\t\t<\/div>\n\t\t\t\t<\/div>\n\t\t\t\t<div class=\"elementor-element elementor-element-36c456dc elementor-widget-divider--view-line elementor-widget elementor-widget-divider\" data-id=\"36c456dc\" data-element_type=\"widget\" data-e-type=\"widget\" data-widget_type=\"divider.default\">\n\t\t\t\t<div class=\"elementor-widget-container\">\n\t\t\t\t\t\t\t<div class=\"elementor-divider\">\n\t\t\t<span class=\"elementor-divider-separator\">\n\t\t\t\t\t\t<\/span>\n\t\t<\/div>\n\t\t\t\t\t\t<\/div>\n\t\t\t\t<\/div>\n\t\t\t\t<div class=\"elementor-element elementor-element-53d395a elementor-widget elementor-widget-heading\" data-id=\"53d395a\" data-element_type=\"widget\" data-e-type=\"widget\" data-widget_type=\"heading.default\">\n\t\t\t\t<div class=\"elementor-widget-container\">\n\t\t\t\t\t<h4 class=\"elementor-heading-title elementor-size-default\">Encontre todos os eventos dedicados \u00e0s empresas que desejam aprender sobre quest\u00f5es fiscais, aduaneiras e sociais. Tamb\u00e9m pode rever todos os eventos.<\/h4>\t\t\t\t<\/div>\n\t\t\t\t<\/div>\n\t\t\t\t\t<\/div>\n\t\t<\/div>\n\t\t\t\t\t<\/div>\n\t\t<\/section>\n\t\t\t\t<section class=\"elementor-section elementor-top-section elementor-element elementor-element-2f94d5ee elementor-section-stretched animated-slow elementor-section-full_width elementor-section-height-default elementor-section-height-default\" data-id=\"2f94d5ee\" data-element_type=\"section\" data-e-type=\"section\" data-settings=\"{&quot;stretch_section&quot;:&quot;section-stretched&quot;,&quot;animation&quot;:&quot;none&quot;,&quot;animation_delay&quot;:1000}\">\n\t\t\t\t\t\t<div class=\"elementor-container elementor-column-gap-default\">\n\t\t\t\t\t<div class=\"elementor-column elementor-col-100 elementor-top-column elementor-element elementor-element-99fb518\" data-id=\"99fb518\" data-element_type=\"column\" data-e-type=\"column\" id=\"tags_container\">\n\t\t\t<div class=\"elementor-widget-wrap elementor-element-populated\">\n\t\t\t\t\t\t<div class=\"elementor-element elementor-element-3d59caa2 animated-slow elementor-widget elementor-widget-wp-widget-taxonomy_list_widget\" data-id=\"3d59caa2\" data-element_type=\"widget\" data-e-type=\"widget\" id=\"tags_list\" data-settings=\"{&quot;_animation&quot;:&quot;none&quot;,&quot;_animation_delay&quot;:1000}\" data-widget_type=\"wp-widget-taxonomy_list_widget.default\">\n\t\t\t\t<div class=\"elementor-widget-container\">\n\t\t\t\t\t<div class=\"tlw-list\" id=\"replace_to_id\"><a href=\"https:\/\/www.asd-int.com\/pt-pt\/type_evenement\/todos-os-nossos-eventos\/\" rel=\"nofollow\">Todos os nossos eventos<\/a><br \/><a href=\"https:\/\/www.asd-int.com\/pt-pt\/type_evenement\/feiras-asd-group\/\" rel=\"nofollow\">Feiras ASD Group<\/a><br \/><a href=\"https:\/\/www.asd-int.com\/pt-pt\/type_evenement\/eventos-anteriores-pt\/\" rel=\"nofollow\">Eventos anteriores<\/a><br \/><a href=\"https:\/\/www.asd-int.com\/pt-pt\/type_evenement\/seminarios-web-asd-group-pt-pt-2\/\" rel=\"nofollow\">Semin\u00e1rios web ASD Group<\/a><br \/><a href=\"https:\/\/www.asd-int.com\/pt-pt\/type_evenement\/conferencias-asd-group-pt-pt\/\" rel=\"nofollow\">Confer\u00eancias ASD Group<\/a><br \/><\/div><!-- .tlw-list -->\t\t\t\t<\/div>\n\t\t\t\t<\/div>\n\t\t\t\t\t<\/div>\n\t\t<\/div>\n\t\t\t\t\t<\/div>\n\t\t<\/section>\n\t\t\t\t<section class=\"elementor-section elementor-top-section elementor-element elementor-element-5f472508 elementor-section-boxed elementor-section-height-default elementor-section-height-default\" data-id=\"5f472508\" data-element_type=\"section\" data-e-type=\"section\">\n\t\t\t\t\t\t<div class=\"elementor-container elementor-column-gap-default\">\n\t\t\t\t\t<div class=\"elementor-column elementor-col-100 elementor-top-column elementor-element elementor-element-7fc77329\" data-id=\"7fc77329\" data-element_type=\"column\" data-e-type=\"column\">\n\t\t\t<div class=\"elementor-widget-wrap elementor-element-populated\">\n\t\t\t\t\t\t<div class=\"elementor-element elementor-element-422ab155 elementor-widget elementor-widget-html\" data-id=\"422ab155\" data-element_type=\"widget\" data-e-type=\"widget\" data-widget_type=\"html.default\">\n\t\t\t\t<div class=\"elementor-widget-container\">\n\t\t\t\t\t<div class=\"pre-fil-bas\">\r\n<\/div>\t\t\t\t<\/div>\n\t\t\t\t<\/div>\n\t\t\t\t<div class=\"elementor-element elementor-element-a78c2ea elementor-widget elementor-widget-heading\" data-id=\"a78c2ea\" data-element_type=\"widget\" data-e-type=\"widget\" data-widget_type=\"heading.default\">\n\t\t\t\t<div class=\"elementor-widget-container\">\n\t\t\t\t\t<div class=\"elementor-heading-title elementor-size-default\">eventos actuais<\/div>\t\t\t\t<\/div>\n\t\t\t\t<\/div>\n\t\t\t\t\t<\/div>\n\t\t<\/div>\n\t\t\t\t\t<\/div>\n\t\t<\/section>\n\t\t\t\t<section class=\"elementor-section elementor-top-section elementor-element elementor-element-182fd246 elementor-section-stretched animated-slow elementor-section-boxed elementor-section-height-default elementor-section-height-default\" data-id=\"182fd246\" data-element_type=\"section\" data-e-type=\"section\" id=\"posts_list\" data-settings=\"{&quot;stretch_section&quot;:&quot;section-stretched&quot;,&quot;animation&quot;:&quot;none&quot;,&quot;animation_delay&quot;:1500}\">\n\t\t\t\t\t\t<div class=\"elementor-container elementor-column-gap-default\">\n\t\t\t\t\t<div class=\"elementor-column elementor-col-100 elementor-top-column elementor-element elementor-element-6c605f87 animated-slow\" data-id=\"6c605f87\" data-element_type=\"column\" data-e-type=\"column\" data-settings=\"{&quot;animation&quot;:&quot;none&quot;,&quot;animation_delay&quot;:1200}\">\n\t\t\t<div class=\"elementor-widget-wrap elementor-element-populated\">\n\t\t\t\t\t\t<div class=\"elementor-element elementor-element-a2b9f69 posts_list_style animated-slow elementor-grid-3 elementor-grid-tablet-2 elementor-grid-mobile-1 elementor-posts--thumbnail-top elementor-card-shadow-yes elementor-posts__hover-gradient elementor-widget elementor-widget-posts\" data-id=\"a2b9f69\" data-element_type=\"widget\" data-e-type=\"widget\" data-settings=\"{&quot;_animation&quot;:&quot;none&quot;,&quot;_animation_delay&quot;:300,&quot;cards_row_gap&quot;:{&quot;unit&quot;:&quot;px&quot;,&quot;size&quot;:30,&quot;sizes&quot;:[]},&quot;cards_columns&quot;:&quot;3&quot;,&quot;cards_columns_tablet&quot;:&quot;2&quot;,&quot;cards_columns_mobile&quot;:&quot;1&quot;,&quot;cards_row_gap_tablet&quot;:{&quot;unit&quot;:&quot;px&quot;,&quot;size&quot;:&quot;&quot;,&quot;sizes&quot;:[]},&quot;cards_row_gap_mobile&quot;:{&quot;unit&quot;:&quot;px&quot;,&quot;size&quot;:&quot;&quot;,&quot;sizes&quot;:[]}}\" data-widget_type=\"posts.cards\">\n\t\t\t\t<div class=\"elementor-widget-container\">\n\t\t\t\t\t\t\t<div class=\"elementor-posts-container elementor-posts elementor-posts--skin-cards elementor-grid\" role=\"list\">\n\t\t\t\t<article class=\"elementor-post elementor-grid-item post-172968 evenement_asd type-evenement_asd status-publish format-standard has-post-thumbnail hentry\" role=\"listitem\">\n\t\t\t<div class=\"elementor-post__card\">\n\t\t\t\t<a class=\"elementor-post__thumbnail__link\" href=\"https:\/\/www.asd-int.com\/pt-pt\/cevisama-2024\/\" tabindex=\"-1\" ><div class=\"elementor-post__thumbnail\"><img fetchpriority=\"high\" decoding=\"async\" width=\"580\" height=\"290\" src=\"https:\/\/www.asd-int.com\/wp-content\/uploads\/2024\/01\/Cevisama-Redes-1200x600px-768x384.jpg\" class=\"attachment-medium_large size-medium_large wp-image-172078\" alt=\"Cevisama 2024 - Val\u00e8ncia\" srcset=\"https:\/\/www.asd-int.com\/wp-content\/uploads\/2024\/01\/Cevisama-Redes-1200x600px-768x384.jpg 768w, https:\/\/www.asd-int.com\/wp-content\/uploads\/2024\/01\/Cevisama-Redes-1200x600px-300x150.jpg 300w, https:\/\/www.asd-int.com\/wp-content\/uploads\/2024\/01\/Cevisama-Redes-1200x600px-1024x512.jpg 1024w, https:\/\/www.asd-int.com\/wp-content\/uploads\/2024\/01\/Cevisama-Redes-1200x600px-1536x768.jpg 1536w, https:\/\/www.asd-int.com\/wp-content\/uploads\/2024\/01\/Cevisama-Redes-1200x600px-2048x1024.jpg 2048w, https:\/\/www.asd-int.com\/wp-content\/uploads\/2024\/01\/Cevisama-Redes-1200x600px-1200x600.jpg 1200w, https:\/\/www.asd-int.com\/wp-content\/uploads\/2024\/01\/Cevisama-Redes-1200x600px-1980x990.jpg 1980w\" sizes=\"(max-width: 580px) 100vw, 580px\" \/><\/div><\/a>\n\t\t\t\t<div class=\"elementor-post__text\">\n\t\t\t\t<h3 class=\"elementor-post__title\">\n\t\t\t<a href=\"https:\/\/www.asd-int.com\/pt-pt\/cevisama-2024\/\" >\n\t\t\t\tCEVISAMA 2024\t\t\t<\/a>\n\t\t<\/h3>\n\t\t\t\t<div class=\"elementor-post__excerpt\">\n\t\t\t<p>De 26 de fevereiro a 1 de mar\u00e7o, o principal evento para o sector da cer\u00e2mica, artigos de casa de banho e pedra natural regressa&#8230;<\/p>\n\t\t<\/div>\n\t\t\t\t<\/div>\n\t\t\t\t<div class=\"elementor-post__meta-data\">\n\t\t\t\t\t<span class=\"elementor-post-date\">\n\t\t\t9 de Fevereiro, 2024\t\t<\/span>\n\t\t\t\t<\/div>\n\t\t\t\t\t<\/div>\n\t\t<\/article>\n\t\t\t\t<article class=\"elementor-post elementor-grid-item post-114001 evenement_asd type-evenement_asd status-publish format-standard has-post-thumbnail hentry type_evenement-todos-os-nossos-eventos\" role=\"listitem\">\n\t\t\t<div class=\"elementor-post__card\">\n\t\t\t\t<a class=\"elementor-post__thumbnail__link\" href=\"https:\/\/www.asd-int.com\/pt-pt\/pt-pt\/o-asd-group-marca-presenca-pela-1a-vez-no-portugal-exportador\/\" tabindex=\"-1\" ><div class=\"elementor-post__thumbnail\"><img decoding=\"async\" width=\"580\" height=\"580\" src=\"https:\/\/www.asd-int.com\/wp-content\/uploads\/2021\/10\/asd-group-pela-1a-vez-no-portugal-exportador-768x768.png\" class=\"attachment-medium_large size-medium_large wp-image-114002\" alt=\"O ASD Group marca presen\u00e7a pela 1\u00aa vez no Portugal Exportador.\" srcset=\"https:\/\/www.asd-int.com\/wp-content\/uploads\/2021\/10\/asd-group-pela-1a-vez-no-portugal-exportador-768x768.png 768w, https:\/\/www.asd-int.com\/wp-content\/uploads\/2021\/10\/asd-group-pela-1a-vez-no-portugal-exportador-300x300.png 300w, https:\/\/www.asd-int.com\/wp-content\/uploads\/2021\/10\/asd-group-pela-1a-vez-no-portugal-exportador-150x150.png 150w, https:\/\/www.asd-int.com\/wp-content\/uploads\/2021\/10\/asd-group-pela-1a-vez-no-portugal-exportador.png 864w\" sizes=\"(max-width: 580px) 100vw, 580px\" \/><\/div><\/a>\n\t\t\t\t<div class=\"elementor-post__badge\">Todos os nossos eventos<\/div>\n\t\t\t\t<div class=\"elementor-post__text\">\n\t\t\t\t<h3 class=\"elementor-post__title\">\n\t\t\t<a href=\"https:\/\/www.asd-int.com\/pt-pt\/pt-pt\/o-asd-group-marca-presenca-pela-1a-vez-no-portugal-exportador\/\" >\n\t\t\t\tO ASD Group marca presen\u00e7a pela 1\u00aa vez no Portugal Exportador\t\t\t<\/a>\n\t\t<\/h3>\n\t\t\t\t<div class=\"elementor-post__excerpt\">\n\t\t\t<p>O ASD Group marca presen\u00e7a pela 1\u00aa vez no Portugal Exportador. Presente em 25 pa\u00edses, o ASD Group oferece uma gama de servi\u00e7os que simplificam&#8230;<\/p>\n\t\t<\/div>\n\t\t\t\t<\/div>\n\t\t\t\t<div class=\"elementor-post__meta-data\">\n\t\t\t\t\t<span class=\"elementor-post-date\">\n\t\t\t21 de Outubro, 2021\t\t<\/span>\n\t\t\t\t<\/div>\n\t\t\t\t\t<\/div>\n\t\t<\/article>\n\t\t\t\t<\/div>\n\t\t\n\t\t\t\t\t\t<\/div>\n\t\t\t\t<\/div>\n\t\t\t\t\t<\/div>\n\t\t<\/div>\n\t\t\t\t\t<\/div>\n\t\t<\/section>\n\t\t\t\t<section class=\"elementor-section elementor-top-section elementor-element elementor-element-c5b9dce elementor-section-boxed elementor-section-height-default elementor-section-height-default\" data-id=\"c5b9dce\" data-element_type=\"section\" data-e-type=\"section\">\n\t\t\t\t\t\t<div class=\"elementor-container elementor-column-gap-default\">\n\t\t\t\t\t<div class=\"elementor-column elementor-col-100 elementor-top-column elementor-element elementor-element-a090e2b\" data-id=\"a090e2b\" data-element_type=\"column\" data-e-type=\"column\">\n\t\t\t<div class=\"elementor-widget-wrap elementor-element-populated\">\n\t\t\t\t\t\t<div class=\"elementor-element elementor-element-fe661f3 elementor-widget elementor-widget-html\" data-id=\"fe661f3\" data-element_type=\"widget\" data-e-type=\"widget\" data-widget_type=\"html.default\">\n\t\t\t\t<div class=\"elementor-widget-container\">\n\t\t\t\t\t<div class=\"pre-fil-bas\">\r\n<\/div>\t\t\t\t<\/div>\n\t\t\t\t<\/div>\n\t\t\t\t<div class=\"elementor-element elementor-element-1cb06a8 elementor-widget elementor-widget-heading\" data-id=\"1cb06a8\" data-element_type=\"widget\" data-e-type=\"widget\" data-widget_type=\"heading.default\">\n\t\t\t\t<div class=\"elementor-widget-container\">\n\t\t\t\t\t<div class=\"elementor-heading-title elementor-size-default\">eventos passados<\/div>\t\t\t\t<\/div>\n\t\t\t\t<\/div>\n\t\t\t\t\t<\/div>\n\t\t<\/div>\n\t\t\t\t\t<\/div>\n\t\t<\/section>\n\t\t\t\t<section class=\"elementor-section elementor-top-section elementor-element elementor-element-2c71f89 elementor-section-stretched animated-slow elementor-section-boxed elementor-section-height-default elementor-section-height-default\" data-id=\"2c71f89\" data-element_type=\"section\" data-e-type=\"section\" data-settings=\"{&quot;stretch_section&quot;:&quot;section-stretched&quot;,&quot;animation&quot;:&quot;none&quot;,&quot;animation_delay&quot;:1500}\">\n\t\t\t\t\t\t<div class=\"elementor-container elementor-column-gap-default\">\n\t\t\t\t\t<div class=\"elementor-column elementor-col-100 elementor-top-column elementor-element elementor-element-f27eee1 animated-slow\" data-id=\"f27eee1\" data-element_type=\"column\" data-e-type=\"column\" data-settings=\"{&quot;animation&quot;:&quot;none&quot;,&quot;animation_delay&quot;:1200}\">\n\t\t\t<div class=\"elementor-widget-wrap elementor-element-populated\">\n\t\t\t\t\t\t\t<\/div>\n\t\t<\/div>\n\t\t\t\t\t<\/div>\n\t\t<\/section>\n\t\t\t\t<section class=\"elementor-section elementor-top-section elementor-element elementor-element-2e474135 elementor-section-boxed elementor-section-height-default elementor-section-height-default\" data-id=\"2e474135\" data-element_type=\"section\" data-e-type=\"section\">\n\t\t\t\t\t\t<div class=\"elementor-container elementor-column-gap-default\">\n\t\t\t\t\t<div class=\"elementor-column elementor-col-100 elementor-top-column elementor-element elementor-element-145e5a2e\" data-id=\"145e5a2e\" data-element_type=\"column\" data-e-type=\"column\">\n\t\t\t<div class=\"elementor-widget-wrap elementor-element-populated\">\n\t\t\t\t\t\t<div class=\"elementor-element elementor-element-45ebe89 elementor-widget elementor-widget-shortcode\" data-id=\"45ebe89\" data-element_type=\"widget\" data-e-type=\"widget\" data-widget_type=\"shortcode.default\">\n\t\t\t\t<div class=\"elementor-widget-container\">\n\t\t\t\t\t\t\t<div class=\"elementor-shortcode\"><script type=\"text\/javascript\">\r\n\r\nwindow.addEventListener(\"load\", function() {\r\n  let tagLinks = document.getElementById(\"tags_list\").getElementsByTagName(\"a\");\r\n  \r\n  let cardListArticles = document\r\n    .getElementById(\"posts_list\")\r\n    .getElementsByTagName(\"article\");\r\n  \r\n  tagLinks[0].className = \"ahref-selected\";\r\n\r\n  function displayNone() {\r\n    for (let index = 0; index < cardListArticles.length; index++) {\r\n      cardListArticles[index].style.display = \"none\";\r\n    }\r\n  }\r\n\r\n  for (let index = 0; index < tagLinks.length; index++) {\r\n    tagLinks[index].addEventListener(\"click\", function(event) {\r\n      event.preventDefault();\r\n      displayNone();\r\n\r\n      let splitedHrefTag;\r\n      if (tagLinks[index].href.split(\"\/\")[4].length === 3) {\r\n        splitedHrefTag = tagLinks[index].href.split(\"\/\")[5];\r\n      } else {\r\n      \tsplitedHrefTag = tagLinks[index].href.split(\"\/\")[4];\r\n      }\r\n\r\n      for (let n = 0; n < tagLinks.length; n++) {\r\n        tagLinks[n].className = '';\r\n        if (n === index) {\r\n          tagLinks[n].className = \"ahref-selected\";\r\n        }\r\n      }\r\n\r\n      for (let n = 0; n < cardListArticles.length; n++) {\r\n        test(splitedHrefTag, n);\r\n      }\r\n    });\r\n  }\r\n  function test(hTag, index) {\r\n    \/\/Si menu = tous et sujets = tous => affiche tous les category-tous\r\n    if (\r\n      \/\/Si tag-X et pays X est trouv\u00e9, afficher l'article\r\n      cardListArticles[index].className.search(\"type_evenement-\" + hTag) !== -1\r\n    ) {\r\n      cardListArticles[index].style.display = \"block\";\r\n    } \r\n  }\r\n});\r\n\r\n<\/script><\/div>\n\t\t\t\t\t\t<\/div>\n\t\t\t\t<\/div>\n\t\t\t\t\t<\/div>\n\t\t<\/div>\n\t\t\t\t\t<\/div>\n\t\t<\/section>\n\t\t\t\t<\/div>\n\t\t","protected":false},"excerpt":{"rendered":"<p>eventos Descubra todos os nossos eventos Encontre todos os eventos dedicados \u00e0s empresas que desejam aprender sobre quest\u00f5es fiscais, aduaneiras e sociais. Tamb\u00e9m pode rever&#8230;<\/p>\n","protected":false},"author":36,"featured_media":0,"parent":0,"menu_order":0,"comment_status":"closed","ping_status":"closed","template":"elementor_header_footer","meta":{"_eb_attr":"","_lmt_disableupdate":"no","_lmt_disable":"","footnotes":""},"class_list":["post-113998","page","type-page","status-publish","hentry"],"yoast_head":"<!-- This site is optimized with the Yoast SEO plugin v27.4 - https:\/\/yoast.com\/product\/yoast-seo-wordpress\/ -->\n<title>Descubra todos os nossos eventos<\/title>\n<meta name=\"robots\" content=\"index, follow, max-snippet:-1, max-image-preview:large, max-video-preview:-1\" \/>\n<link rel=\"canonical\" href=\"https:\/\/www.asd-int.com\/pt-pt\/nossos-eventos\/\" \/>\n<meta property=\"og:locale\" content=\"pt_PT\" \/>\n<meta property=\"og:type\" content=\"article\" \/>\n<meta property=\"og:title\" content=\"Descubra todos os nossos eventos\" \/>\n<meta property=\"og:description\" content=\"eventos Descubra todos os nossos eventos Encontre todos os eventos dedicados \u00e0s empresas que desejam aprender sobre quest\u00f5es fiscais, aduaneiras e sociais. Tamb\u00e9m pode rever...\" \/>\n<meta property=\"og:url\" content=\"https:\/\/www.asd-int.com\/pt-pt\/nossos-eventos\/\" \/>\n<meta property=\"og:site_name\" content=\"ASD\" \/>\n<meta property=\"article:modified_time\" content=\"2021-10-21T14:24:09+00:00\" \/>\n<meta property=\"og:image\" content=\"https:\/\/www.asd-int.com\/wp-content\/uploads\/2020\/07\/Logo-ASD_noir.png\" \/>\n\t<meta property=\"og:image:width\" content=\"1054\" \/>\n\t<meta property=\"og:image:height\" content=\"714\" \/>\n\t<meta property=\"og:image:type\" content=\"image\/png\" \/>\n<meta name=\"twitter:card\" content=\"summary_large_image\" \/>\n<meta name=\"twitter:label1\" content=\"Tempo estimado de leitura\" \/>\n\t<meta name=\"twitter:data1\" content=\"1 minuto\" \/>\n<script type=\"application\/ld+json\" class=\"yoast-schema-graph\">{\"@context\":\"https:\\\/\\\/schema.org\",\"@graph\":[{\"@type\":\"WebPage\",\"@id\":\"https:\\\/\\\/www.asd-int.com\\\/pt-pt\\\/nossos-eventos\\\/\",\"url\":\"https:\\\/\\\/www.asd-int.com\\\/pt-pt\\\/nossos-eventos\\\/\",\"name\":\"Descubra todos os nossos eventos\",\"isPartOf\":{\"@id\":\"https:\\\/\\\/www.asd-int.com\\\/pt-pt\\\/#website\"},\"datePublished\":\"2021-10-21T14:02:27+00:00\",\"dateModified\":\"2021-10-21T14:24:09+00:00\",\"breadcrumb\":{\"@id\":\"https:\\\/\\\/www.asd-int.com\\\/pt-pt\\\/nossos-eventos\\\/#breadcrumb\"},\"inLanguage\":\"pt-PT\",\"potentialAction\":[{\"@type\":\"ReadAction\",\"target\":[\"https:\\\/\\\/www.asd-int.com\\\/pt-pt\\\/nossos-eventos\\\/\"]}]},{\"@type\":\"BreadcrumbList\",\"@id\":\"https:\\\/\\\/www.asd-int.com\\\/pt-pt\\\/nossos-eventos\\\/#breadcrumb\",\"itemListElement\":[{\"@type\":\"ListItem\",\"position\":1,\"name\":\"ASD Group\",\"item\":\"https:\\\/\\\/www.asd-int.com\\\/pt-pt\\\/\"},{\"@type\":\"ListItem\",\"position\":2,\"name\":\"Descubra todos os nossos eventos\"}]},{\"@type\":\"WebSite\",\"@id\":\"https:\\\/\\\/www.asd-int.com\\\/pt-pt\\\/#website\",\"url\":\"https:\\\/\\\/www.asd-int.com\\\/pt-pt\\\/\",\"name\":\"ASD\",\"description\":\"Simplifique a sua expans\u00e3o Internacional\",\"publisher\":{\"@id\":\"https:\\\/\\\/www.asd-int.com\\\/pt-pt\\\/#organization\"},\"potentialAction\":[{\"@type\":\"SearchAction\",\"target\":{\"@type\":\"EntryPoint\",\"urlTemplate\":\"https:\\\/\\\/www.asd-int.com\\\/pt-pt\\\/?s={search_term_string}\"},\"query-input\":{\"@type\":\"PropertyValueSpecification\",\"valueRequired\":true,\"valueName\":\"search_term_string\"}}],\"inLanguage\":\"pt-PT\"},{\"@type\":\"Organization\",\"@id\":\"https:\\\/\\\/www.asd-int.com\\\/pt-pt\\\/#organization\",\"name\":\"ASD Group\",\"url\":\"https:\\\/\\\/www.asd-int.com\\\/pt-pt\\\/\",\"logo\":{\"@type\":\"ImageObject\",\"inLanguage\":\"pt-PT\",\"@id\":\"https:\\\/\\\/www.asd-int.com\\\/pt-pt\\\/#\\\/schema\\\/logo\\\/image\\\/\",\"url\":\"https:\\\/\\\/www.asd-int.com\\\/wp-content\\\/uploads\\\/2020\\\/07\\\/Logo-ASD_noir.png\",\"contentUrl\":\"https:\\\/\\\/www.asd-int.com\\\/wp-content\\\/uploads\\\/2020\\\/07\\\/Logo-ASD_noir.png\",\"width\":1054,\"height\":714,\"caption\":\"ASD Group\"},\"image\":{\"@id\":\"https:\\\/\\\/www.asd-int.com\\\/pt-pt\\\/#\\\/schema\\\/logo\\\/image\\\/\"}}]}<\/script>\n<!-- \/ Yoast SEO plugin. -->","yoast_head_json":{"title":"Descubra todos os nossos eventos","robots":{"index":"index","follow":"follow","max-snippet":"max-snippet:-1","max-image-preview":"max-image-preview:large","max-video-preview":"max-video-preview:-1"},"canonical":"https:\/\/www.asd-int.com\/pt-pt\/nossos-eventos\/","og_locale":"pt_PT","og_type":"article","og_title":"Descubra todos os nossos eventos","og_description":"eventos Descubra todos os nossos eventos Encontre todos os eventos dedicados \u00e0s empresas que desejam aprender sobre quest\u00f5es fiscais, aduaneiras e sociais. Tamb\u00e9m pode rever...","og_url":"https:\/\/www.asd-int.com\/pt-pt\/nossos-eventos\/","og_site_name":"ASD","article_modified_time":"2021-10-21T14:24:09+00:00","og_image":[{"width":1054,"height":714,"url":"https:\/\/www.asd-int.com\/wp-content\/uploads\/2020\/07\/Logo-ASD_noir.png","type":"image\/png"}],"twitter_card":"summary_large_image","twitter_misc":{"Tempo estimado de leitura":"1 minuto"},"schema":{"@context":"https:\/\/schema.org","@graph":[{"@type":"WebPage","@id":"https:\/\/www.asd-int.com\/pt-pt\/nossos-eventos\/","url":"https:\/\/www.asd-int.com\/pt-pt\/nossos-eventos\/","name":"Descubra todos os nossos eventos","isPartOf":{"@id":"https:\/\/www.asd-int.com\/pt-pt\/#website"},"datePublished":"2021-10-21T14:02:27+00:00","dateModified":"2021-10-21T14:24:09+00:00","breadcrumb":{"@id":"https:\/\/www.asd-int.com\/pt-pt\/nossos-eventos\/#breadcrumb"},"inLanguage":"pt-PT","potentialAction":[{"@type":"ReadAction","target":["https:\/\/www.asd-int.com\/pt-pt\/nossos-eventos\/"]}]},{"@type":"BreadcrumbList","@id":"https:\/\/www.asd-int.com\/pt-pt\/nossos-eventos\/#breadcrumb","itemListElement":[{"@type":"ListItem","position":1,"name":"ASD Group","item":"https:\/\/www.asd-int.com\/pt-pt\/"},{"@type":"ListItem","position":2,"name":"Descubra todos os nossos eventos"}]},{"@type":"WebSite","@id":"https:\/\/www.asd-int.com\/pt-pt\/#website","url":"https:\/\/www.asd-int.com\/pt-pt\/","name":"ASD","description":"Simplifique a sua expans\u00e3o Internacional","publisher":{"@id":"https:\/\/www.asd-int.com\/pt-pt\/#organization"},"potentialAction":[{"@type":"SearchAction","target":{"@type":"EntryPoint","urlTemplate":"https:\/\/www.asd-int.com\/pt-pt\/?s={search_term_string}"},"query-input":{"@type":"PropertyValueSpecification","valueRequired":true,"valueName":"search_term_string"}}],"inLanguage":"pt-PT"},{"@type":"Organization","@id":"https:\/\/www.asd-int.com\/pt-pt\/#organization","name":"ASD Group","url":"https:\/\/www.asd-int.com\/pt-pt\/","logo":{"@type":"ImageObject","inLanguage":"pt-PT","@id":"https:\/\/www.asd-int.com\/pt-pt\/#\/schema\/logo\/image\/","url":"https:\/\/www.asd-int.com\/wp-content\/uploads\/2020\/07\/Logo-ASD_noir.png","contentUrl":"https:\/\/www.asd-int.com\/wp-content\/uploads\/2020\/07\/Logo-ASD_noir.png","width":1054,"height":714,"caption":"ASD Group"},"image":{"@id":"https:\/\/www.asd-int.com\/pt-pt\/#\/schema\/logo\/image\/"}}]}},"_links":{"self":[{"href":"https:\/\/www.asd-int.com\/pt-pt\/wp-json\/wp\/v2\/pages\/113998","targetHints":{"allow":["GET"]}}],"collection":[{"href":"https:\/\/www.asd-int.com\/pt-pt\/wp-json\/wp\/v2\/pages"}],"about":[{"href":"https:\/\/www.asd-int.com\/pt-pt\/wp-json\/wp\/v2\/types\/page"}],"author":[{"embeddable":true,"href":"https:\/\/www.asd-int.com\/pt-pt\/wp-json\/wp\/v2\/users\/36"}],"replies":[{"embeddable":true,"href":"https:\/\/www.asd-int.com\/pt-pt\/wp-json\/wp\/v2\/comments?post=113998"}],"version-history":[{"count":0,"href":"https:\/\/www.asd-int.com\/pt-pt\/wp-json\/wp\/v2\/pages\/113998\/revisions"}],"wp:attachment":[{"href":"https:\/\/www.asd-int.com\/pt-pt\/wp-json\/wp\/v2\/media?parent=113998"}],"curies":[{"name":"wp","href":"https:\/\/api.w.org\/{rel}","templated":true}]}}