{"id":13481,"date":"2018-06-18T10:34:48","date_gmt":"2018-06-18T08:34:48","guid":{"rendered":"https:\/\/www.asd-int.com\/?page_id=13481"},"modified":"2019-03-14T09:37:02","modified_gmt":"2019-03-14T08:37:02","slug":"espanhe","status":"publish","type":"page","link":"https:\/\/www.asd-int.com\/pt-pt\/blog\/espanhe\/","title":{"rendered":"Espanhe"},"content":{"rendered":"<span><span><a href=\"https:\/\/www.asd-int.com\/pt-pt\/\">ASD Group<\/a><\/span><\/span>\n<p>Todas as informa\u00e7\u00f5es importantes relacionadas com as suas atividades internacionais.<\/p>\n<p>\n  Selecionar un pa\u00eds&#8230;<\/p>\n<p>        Todos<br \/>\n        Alemanha<\/p>\n<p>        B\u00e9lgica<br \/>\n          Canad\u00e1<br \/>\n        China<br \/>\n        Emirados \u00c0rabes Unidos<br \/>\n          Espanhe<br \/>\n        Estados Unidos<\/p>\n<p>        Fran\u00e7e<br \/>\n        It\u00e1lia<br \/>\n           Pol\u00f4nia<br \/>\n           Portugal<\/p>\n<p>Reino Unido<\/p>\n<p>        Su\u00ed\u00e7a<br \/>\n            Outros pa\u00edses<\/p>\n<p>\n    Todos<br \/>\n    Impostos internacionais<br \/>\n    Obriga\u00e7\u00f5es Aduaneiras<br \/>\n    Destacamento de trabalhadores<br \/>\n    E-commerce<br \/>\n    Not\u00edcias do Grupo ASD\n<\/p>\n<p>[widgetkit id=&#8221;13&#8243; name=&#8221;blog&#8221;]<\/p>\n<p><!-- {\"name\":\"\",\"type\":\"layout\",\"children\":[{\"name\":\"Header Title\",\"type\":\"section\",\"props\":{\"style\":\"default\",\"width\":\"default\",\"vertical_align\":\"middle\",\"title_position\":\"top-left\",\"title_rotation\":\"left\",\"title_breakpoint\":\"xl\",\"image_position\":\"center-center\",\"header_transparent\":\"\",\"header_transparent_noplaceholder\":true,\"image\":\"wp-content\\\/uploads\\\/2017\\\/12\\\/background-blog.jpg\",\"text_color\":\"light\",\"padding\":\"small\",\"image_size\":\"cover\"},\"children\":[{\"name\":\"\",\"type\":\"row\",\"props\":{\"fixed_width\":\"large\",\"breakpoint\":\"m\",\"layout\":\",\",\"width\":\"default\"},\"children\":[{\"name\":\"\",\"type\":\"column\",\"props\":{\"widths\":[\"\"],\"image_position\":\"center-center\"}},{\"name\":\"\",\"type\":\"column\",\"props\":{\"widths\":[\"\"],\"image_position\":\"center-center\"},\"children\":[{\"name\":\"Breadcrumbs\",\"type\":\"text\",\"props\":{\"margin\":\"default\",\"column_breakpoint\":\"m\",\"content\":\"\n\n<p>[wpseo_breadcrumb]<\\\/p>\",\"css\":\".el-element {\\n text-transform: uppercase;   \\n}\"}},{\"name\":\"\",\"type\":\"wordpress_area\",\"props\":{\"layout\":\"stack\",\"breakpoint\":\"m\",\"content\":\"builder-1\"}},{\"name\":\"\",\"type\":\"headline\",\"props\":{\"title_element\":\"h3\",\"content\":\"Todas as informa\\u00e7\\u00f5es importantes relacionadas com as suas atividades internacionais.\",\"margin_remove_top\":true}}]}]}]},{\"name\":\"Country select\",\"type\":\"section\",\"props\":{\"style\":\"secondary\",\"width\":\"default\",\"vertical_align\":\"middle\",\"title_position\":\"top-left\",\"title_rotation\":\"left\",\"title_breakpoint\":\"xl\",\"image_position\":\"center-center\",\"padding\":\"xsmall\",\"id\":\"country-select\"},\"children\":[{\"name\":\"\",\"type\":\"row\",\"props\":{\"fixed_width\":\"large\",\"breakpoint\":\"m\",\"layout\":\"1-1\"},\"children\":[{\"name\":\"\",\"type\":\"column\",\"props\":{\"widths\":[\"1-1\"],\"image_position\":\"center-center\"},\"children\":[{\"name\":\"\",\"type\":\"html\",\"props\":{\"content\":\"\n\n<div class=\\\"uk-text-center\\\">\\n  <button class=\\\"uk-button uk-button-default\\\" type=\\\"button\\\">Selecionar un pa\\u00eds...<span class=\\\"uk-margin-left\\\" uk-icon=\\\"icon: chevron-down\\\"><\\\/span><\\\/button>\\n  \n\n<div uk-dropdown=\\\"pos: bottom-center\\\">\\n      \n\n<ul class=\\\"uk-nav uk-dropdown-nav country-select\\\">\\n        \n\n<li class=\\\"uk-active\\\"><a href=\\\"https:\\\/\\\/www.asd-int.com\\\/pt-pt\\\/atualidades\\\/\\\">Todos<\\\/a><\\\/li>\\n        \n\n<li><a href=\\\"https:\\\/\\\/www.asd-int.com\\\/pt-pt\\\/atualidades\\\/alemanha\\\/\\\">Alemanha<\\\/a><\\\/li>\\n       \\n      \\n        \n\n<li><a href=\\\"https:\\\/\\\/www.asd-int.com\\\/pt-pt\\\/atualidades\\\/belgica\\\/\\\">B\\u00e9lgica<\\\/a><\\\/li>\\n          \n\n<li><a href=\\\"https:\\\/\\\/www.asd-int.com\\\/pt-pt\\\/atualidades\\\/canada\\\/\\\">Canad\\u00e1<\\\/a><\\\/li>\\n        \n\n<li><a href=\\\"https:\\\/\\\/www.asd-int.com\\\/pt-pt\\\/atualidades\\\/china\\\/\\\">China<\\\/a><\\\/li>\\n        \n\n<li><a href=\\\"https:\\\/\\\/www.asd-int.com\\\/pt-pt\\\/atualidades\\\/emirados-arabes-unidos\\\/\\\">Emirados \\u00c0rabes Unidos<\\\/a><\\\/li>\\n          \n\n<li><a href=\\\"https:\\\/\\\/www.asd-int.com\\\/pt-pt\\\/atualidades\\\/espanhe\\\/\\\">Espanhe<\\\/a><\\\/li>\\n        \n\n<li><a href=\\\"https:\\\/\\\/www.asd-int.com\\\/pt-pt\\\/atualidades\\\/estados-unidos\\\/\\\">Estados Unidos<\\\/a><\\\/li>\\n        \\n        \n\n<li><a href=\\\"https:\\\/\\\/www.asd-int.com\\\/pt-pt\\\/atualidades\\\/france\\\/\\\">Fran\\u00e7e<\\\/a><\\\/li>\\n        \n\n<li><a href=\\\"https:\\\/\\\/www.asd-int.com\\\/pt-pt\\\/atualidades\\\/italia\\\/\\\">It\\u00e1lia<\\\/a><\\\/li>\\n           \n\n<li><a href=\\\"https:\\\/\\\/www.asd-int.com\\\/pt-pt\\\/atualidades\\\/polonia\\\/\\\">Pol\\u00f4nia<\\\/a><\\\/li>\\n           \n\n<li><a href=\\\"https:\\\/\\\/www.asd-int.com\\\/pt-pt\\\/atualidades\\\/portugal\\\/\\\">Portugal<\\\/a><\\\/li>\\n           \n\n<li><a href=\\\"https:\\\/\\\/www.asd-int.com\\\/pt-pt\\\/atualidades\\\/inglaterra\\\/\\\">\\nReino Unido<\\\/a><\\\/li>\\n        \\n       \\n        \n\n<li><a href=\\\"https:\\\/\\\/www.asd-int.com\\\/pt-pt\\\/atualidades\\\/suica\\\/\\\">Su\\u00ed\\u00e7a<\\\/a><\\\/li>\\n            \n\n<li><a href=\\\"https:\\\/\\\/www.asd-int.com\\\/pt-pt\\\/atualidades\\\/outros-paises\\\/\\\">Outros pa\\u00edses<\\\/a><\\\/li>\\n      <\\\/ul>\\n  <\\\/div>\\n<\\\/div>\"}}]}]}]},{\"name\":\"Blog grid\",\"type\":\"section\",\"props\":{\"style\":\"default\",\"width\":\"default\",\"vertical_align\":\"middle\",\"title_position\":\"top-left\",\"title_rotation\":\"left\",\"title_breakpoint\":\"xl\",\"image_position\":\"center-center\"},\"children\":[{\"name\":\"\",\"type\":\"row\",\"props\":{\"fixed_width\":\"large\",\"breakpoint\":\"m\",\"layout\":\"1-1\"},\"children\":[{\"name\":\"\",\"type\":\"column\",\"props\":{\"widths\":[\"1-1\"],\"image_position\":\"center-center\"},\"children\":[{\"name\":\"Blog filter tab\",\"type\":\"html\",\"props\":{\"content\":\"\n\n<ul class=\\\"uk-flex-center\\\" uk-tab>\\n    \n\n<li id=\\\"tag-all\\\"><a href=\\\"\\\">Todos<\\\/a><\\\/li>\\n    \n\n<li id=\\\"tag-taxes\\\"><a href=\\\"\\\">Impostos internacionais<\\\/a><\\\/li>\\n    \n\n<li id=\\\"tag-douanes\\\"><a href=\\\"\\\">Obriga\\u00e7\\u00f5es Aduaneiras<\\\/a><\\\/li>\\n    \n\n<li id=\\\"tag-detachement\\\"><a href=\\\"\\\">Destacamento de trabalhadores<\\\/a><\\\/li>\\n    \n\n<li id=\\\"tag-vad\\\"><a href=\\\"\\\">E-commerce<\\\/a><\\\/li>\\n    \n\n<li id=\\\"tag-news\\\"><a href=\\\"\\\">Not\\u00edcias do Grupo ASD<\\\/a><\\\/li>\\n<\\\/ul>\"}},{\"name\":\"\",\"type\":\"html\",\"props\":{\"content\":\"[widgetkit id=\\\"13\\\" name=\\\"blog\\\"]\"}}]}]}]}]} --><\/p>\n","protected":false},"excerpt":{"rendered":"<p>Todas as informa\u00e7\u00f5es importantes relacionadas com as suas atividades internacionais. Selecionar un pa\u00eds&#8230; Todos Alemanha B\u00e9lgica Canad\u00e1 China Emirados \u00c0rabes Unidos Espanhe Estados Unidos Fran\u00e7e&#8230;<\/p>\n","protected":false},"author":36,"featured_media":0,"parent":13204,"menu_order":0,"comment_status":"closed","ping_status":"closed","template":"","meta":{"_eb_attr":"","_lmt_disableupdate":"","_lmt_disable":"","footnotes":""},"class_list":["post-13481","page","type-page","status-publish","hentry"],"yoast_head":"<!-- This site is optimized with the Yoast SEO plugin v27.3 - https:\/\/yoast.com\/product\/yoast-seo-wordpress\/ -->\n<title>Espanhe<\/title>\n<meta name=\"robots\" content=\"index, follow, max-snippet:-1, max-image-preview:large, max-video-preview:-1\" \/>\n<link rel=\"canonical\" href=\"https:\/\/www.asd-int.com\/pt-pt\/blog\/espanhe\/\" \/>\n<meta property=\"og:locale\" content=\"pt_PT\" \/>\n<meta property=\"og:type\" content=\"article\" \/>\n<meta property=\"og:title\" content=\"Espanhe\" \/>\n<meta property=\"og:description\" content=\"Todas as informa\u00e7\u00f5es importantes relacionadas com as suas atividades internacionais. Selecionar un pa\u00eds&#8230; Todos Alemanha B\u00e9lgica Canad\u00e1 China Emirados \u00c0rabes Unidos Espanhe Estados Unidos Fran\u00e7e...\" \/>\n<meta property=\"og:url\" content=\"https:\/\/www.asd-int.com\/pt-pt\/blog\/espanhe\/\" \/>\n<meta property=\"og:site_name\" content=\"ASD\" \/>\n<meta property=\"article:modified_time\" content=\"2019-03-14T08:37:02+00:00\" \/>\n<meta property=\"og:image\" content=\"https:\/\/www.asd-int.com\/wp-content\/uploads\/2020\/07\/Logo-ASD_noir.png\" \/>\n\t<meta property=\"og:image:width\" content=\"1054\" \/>\n\t<meta property=\"og:image:height\" content=\"714\" \/>\n\t<meta property=\"og:image:type\" content=\"image\/png\" \/>\n<meta name=\"twitter:card\" content=\"summary_large_image\" \/>\n<script type=\"application\/ld+json\" class=\"yoast-schema-graph\">{\"@context\":\"https:\\\/\\\/schema.org\",\"@graph\":[{\"@type\":\"WebPage\",\"@id\":\"https:\\\/\\\/www.asd-int.com\\\/pt-pt\\\/blog\\\/espanhe\\\/\",\"url\":\"https:\\\/\\\/www.asd-int.com\\\/pt-pt\\\/blog\\\/espanhe\\\/\",\"name\":\"Espanhe\",\"isPartOf\":{\"@id\":\"https:\\\/\\\/www.asd-int.com\\\/pt-pt\\\/#website\"},\"datePublished\":\"2018-06-18T08:34:48+00:00\",\"dateModified\":\"2019-03-14T08:37:02+00:00\",\"breadcrumb\":{\"@id\":\"https:\\\/\\\/www.asd-int.com\\\/pt-pt\\\/blog\\\/espanhe\\\/#breadcrumb\"},\"inLanguage\":\"pt-PT\",\"potentialAction\":[{\"@type\":\"ReadAction\",\"target\":[\"https:\\\/\\\/www.asd-int.com\\\/pt-pt\\\/blog\\\/espanhe\\\/\"]}]},{\"@type\":\"BreadcrumbList\",\"@id\":\"https:\\\/\\\/www.asd-int.com\\\/pt-pt\\\/blog\\\/espanhe\\\/#breadcrumb\",\"itemListElement\":[{\"@type\":\"ListItem\",\"position\":1,\"name\":\"ASD Group\",\"item\":\"https:\\\/\\\/www.asd-int.com\\\/pt-pt\\\/\"},{\"@type\":\"ListItem\",\"position\":2,\"name\":\"Blog\",\"item\":\"https:\\\/\\\/www.asd-int.com\\\/pt-pt\\\/blog\\\/\"},{\"@type\":\"ListItem\",\"position\":3,\"name\":\"Espanhe\"}]},{\"@type\":\"WebSite\",\"@id\":\"https:\\\/\\\/www.asd-int.com\\\/pt-pt\\\/#website\",\"url\":\"https:\\\/\\\/www.asd-int.com\\\/pt-pt\\\/\",\"name\":\"ASD\",\"description\":\"Simplifique a sua expans\u00e3o Internacional\",\"publisher\":{\"@id\":\"https:\\\/\\\/www.asd-int.com\\\/pt-pt\\\/#organization\"},\"potentialAction\":[{\"@type\":\"SearchAction\",\"target\":{\"@type\":\"EntryPoint\",\"urlTemplate\":\"https:\\\/\\\/www.asd-int.com\\\/pt-pt\\\/?s={search_term_string}\"},\"query-input\":{\"@type\":\"PropertyValueSpecification\",\"valueRequired\":true,\"valueName\":\"search_term_string\"}}],\"inLanguage\":\"pt-PT\"},{\"@type\":\"Organization\",\"@id\":\"https:\\\/\\\/www.asd-int.com\\\/pt-pt\\\/#organization\",\"name\":\"ASD Group\",\"url\":\"https:\\\/\\\/www.asd-int.com\\\/pt-pt\\\/\",\"logo\":{\"@type\":\"ImageObject\",\"inLanguage\":\"pt-PT\",\"@id\":\"https:\\\/\\\/www.asd-int.com\\\/pt-pt\\\/#\\\/schema\\\/logo\\\/image\\\/\",\"url\":\"https:\\\/\\\/www.asd-int.com\\\/wp-content\\\/uploads\\\/2020\\\/07\\\/Logo-ASD_noir.png\",\"contentUrl\":\"https:\\\/\\\/www.asd-int.com\\\/wp-content\\\/uploads\\\/2020\\\/07\\\/Logo-ASD_noir.png\",\"width\":1054,\"height\":714,\"caption\":\"ASD Group\"},\"image\":{\"@id\":\"https:\\\/\\\/www.asd-int.com\\\/pt-pt\\\/#\\\/schema\\\/logo\\\/image\\\/\"}}]}<\/script>\n<!-- \/ Yoast SEO plugin. -->","yoast_head_json":{"title":"Espanhe","robots":{"index":"index","follow":"follow","max-snippet":"max-snippet:-1","max-image-preview":"max-image-preview:large","max-video-preview":"max-video-preview:-1"},"canonical":"https:\/\/www.asd-int.com\/pt-pt\/blog\/espanhe\/","og_locale":"pt_PT","og_type":"article","og_title":"Espanhe","og_description":"Todas as informa\u00e7\u00f5es importantes relacionadas com as suas atividades internacionais. Selecionar un pa\u00eds&#8230; Todos Alemanha B\u00e9lgica Canad\u00e1 China Emirados \u00c0rabes Unidos Espanhe Estados Unidos Fran\u00e7e...","og_url":"https:\/\/www.asd-int.com\/pt-pt\/blog\/espanhe\/","og_site_name":"ASD","article_modified_time":"2019-03-14T08:37:02+00:00","og_image":[{"width":1054,"height":714,"url":"https:\/\/www.asd-int.com\/wp-content\/uploads\/2020\/07\/Logo-ASD_noir.png","type":"image\/png"}],"twitter_card":"summary_large_image","schema":{"@context":"https:\/\/schema.org","@graph":[{"@type":"WebPage","@id":"https:\/\/www.asd-int.com\/pt-pt\/blog\/espanhe\/","url":"https:\/\/www.asd-int.com\/pt-pt\/blog\/espanhe\/","name":"Espanhe","isPartOf":{"@id":"https:\/\/www.asd-int.com\/pt-pt\/#website"},"datePublished":"2018-06-18T08:34:48+00:00","dateModified":"2019-03-14T08:37:02+00:00","breadcrumb":{"@id":"https:\/\/www.asd-int.com\/pt-pt\/blog\/espanhe\/#breadcrumb"},"inLanguage":"pt-PT","potentialAction":[{"@type":"ReadAction","target":["https:\/\/www.asd-int.com\/pt-pt\/blog\/espanhe\/"]}]},{"@type":"BreadcrumbList","@id":"https:\/\/www.asd-int.com\/pt-pt\/blog\/espanhe\/#breadcrumb","itemListElement":[{"@type":"ListItem","position":1,"name":"ASD Group","item":"https:\/\/www.asd-int.com\/pt-pt\/"},{"@type":"ListItem","position":2,"name":"Blog","item":"https:\/\/www.asd-int.com\/pt-pt\/blog\/"},{"@type":"ListItem","position":3,"name":"Espanhe"}]},{"@type":"WebSite","@id":"https:\/\/www.asd-int.com\/pt-pt\/#website","url":"https:\/\/www.asd-int.com\/pt-pt\/","name":"ASD","description":"Simplifique a sua expans\u00e3o Internacional","publisher":{"@id":"https:\/\/www.asd-int.com\/pt-pt\/#organization"},"potentialAction":[{"@type":"SearchAction","target":{"@type":"EntryPoint","urlTemplate":"https:\/\/www.asd-int.com\/pt-pt\/?s={search_term_string}"},"query-input":{"@type":"PropertyValueSpecification","valueRequired":true,"valueName":"search_term_string"}}],"inLanguage":"pt-PT"},{"@type":"Organization","@id":"https:\/\/www.asd-int.com\/pt-pt\/#organization","name":"ASD Group","url":"https:\/\/www.asd-int.com\/pt-pt\/","logo":{"@type":"ImageObject","inLanguage":"pt-PT","@id":"https:\/\/www.asd-int.com\/pt-pt\/#\/schema\/logo\/image\/","url":"https:\/\/www.asd-int.com\/wp-content\/uploads\/2020\/07\/Logo-ASD_noir.png","contentUrl":"https:\/\/www.asd-int.com\/wp-content\/uploads\/2020\/07\/Logo-ASD_noir.png","width":1054,"height":714,"caption":"ASD Group"},"image":{"@id":"https:\/\/www.asd-int.com\/pt-pt\/#\/schema\/logo\/image\/"}}]}},"_links":{"self":[{"href":"https:\/\/www.asd-int.com\/pt-pt\/wp-json\/wp\/v2\/pages\/13481","targetHints":{"allow":["GET"]}}],"collection":[{"href":"https:\/\/www.asd-int.com\/pt-pt\/wp-json\/wp\/v2\/pages"}],"about":[{"href":"https:\/\/www.asd-int.com\/pt-pt\/wp-json\/wp\/v2\/types\/page"}],"author":[{"embeddable":true,"href":"https:\/\/www.asd-int.com\/pt-pt\/wp-json\/wp\/v2\/users\/36"}],"replies":[{"embeddable":true,"href":"https:\/\/www.asd-int.com\/pt-pt\/wp-json\/wp\/v2\/comments?post=13481"}],"version-history":[{"count":0,"href":"https:\/\/www.asd-int.com\/pt-pt\/wp-json\/wp\/v2\/pages\/13481\/revisions"}],"up":[{"embeddable":true,"href":"https:\/\/www.asd-int.com\/pt-pt\/wp-json\/wp\/v2\/pages\/13204"}],"wp:attachment":[{"href":"https:\/\/www.asd-int.com\/pt-pt\/wp-json\/wp\/v2\/media?parent=13481"}],"curies":[{"name":"wp","href":"https:\/\/api.w.org\/{rel}","templated":true}]}}