{"id":22589,"date":"2018-10-12T11:44:18","date_gmt":"2018-10-12T09:44:18","guid":{"rendered":"https:\/\/www.asd-int.com\/page-de-remerciement\/"},"modified":"2021-03-17T09:04:31","modified_gmt":"2021-03-17T08:04:31","slug":"multumesc","status":"publish","type":"page","link":"https:\/\/www.asd-int.com\/ro\/multumesc\/","title":{"rendered":"Page de remerciement RO"},"content":{"rendered":"\t\t<div data-elementor-type=\"wp-page\" data-elementor-id=\"22589\" class=\"elementor elementor-22589 elementor-16770\" data-elementor-post-type=\"page\">\n\t\t\t\t\t\t<section class=\"elementor-section elementor-top-section elementor-element elementor-element-522b9e13 elementor-section-stretched elementor-section-full_width elementor-section-height-default elementor-section-height-default\" data-id=\"522b9e13\" data-element_type=\"section\" data-e-type=\"section\" data-settings=\"{&quot;stretch_section&quot;:&quot;section-stretched&quot;,&quot;background_background&quot;:&quot;classic&quot;}\">\n\t\t\t\t\t\t<div class=\"elementor-container elementor-column-gap-default\">\n\t\t\t\t\t<div class=\"elementor-column elementor-col-50 elementor-top-column elementor-element elementor-element-1a65174b\" data-id=\"1a65174b\" data-element_type=\"column\" data-e-type=\"column\">\n\t\t\t<div class=\"elementor-widget-wrap\">\n\t\t\t\t\t\t\t<\/div>\n\t\t<\/div>\n\t\t\t\t<div class=\"elementor-column elementor-col-50 elementor-top-column elementor-element elementor-element-84f125d\" data-id=\"84f125d\" data-element_type=\"column\" data-e-type=\"column\">\n\t\t\t<div class=\"elementor-widget-wrap elementor-element-populated\">\n\t\t\t\t\t\t<div class=\"elementor-element elementor-element-64b66afd elementor-widget elementor-widget-heading\" data-id=\"64b66afd\" data-element_type=\"widget\" data-e-type=\"widget\" data-widget_type=\"heading.default\">\n\t\t\t\t<div class=\"elementor-widget-container\">\n\t\t\t\t\t<h3 class=\"elementor-heading-title elementor-size-default\">Contacteaz\u0103-ne<\/h3>\t\t\t\t<\/div>\n\t\t\t\t<\/div>\n\t\t\t\t<div class=\"elementor-element elementor-element-56e64c91 elementor-widget elementor-widget-heading\" data-id=\"56e64c91\" data-element_type=\"widget\" data-e-type=\"widget\" data-widget_type=\"heading.default\">\n\t\t\t\t<div class=\"elementor-widget-container\">\n\t\t\t\t\t<h1 class=\"elementor-heading-title elementor-size-default\">V\u0103 mul\u021bumim c\u0103 a\u021bi contactat ASD Group<\/h1>\t\t\t\t<\/div>\n\t\t\t\t<\/div>\n\t\t\t\t<div class=\"elementor-element elementor-element-4375ace6 elementor-widget-divider--view-line elementor-widget elementor-widget-divider\" data-id=\"4375ace6\" data-element_type=\"widget\" data-e-type=\"widget\" data-widget_type=\"divider.default\">\n\t\t\t\t<div class=\"elementor-widget-container\">\n\t\t\t\t\t\t\t<div class=\"elementor-divider\">\n\t\t\t<span class=\"elementor-divider-separator\">\n\t\t\t\t\t\t<\/span>\n\t\t<\/div>\n\t\t\t\t\t\t<\/div>\n\t\t\t\t<\/div>\n\t\t\t\t\t<\/div>\n\t\t<\/div>\n\t\t\t\t\t<\/div>\n\t\t<\/section>\n\t\t\t\t<section class=\"elementor-section elementor-top-section elementor-element elementor-element-73764a23 elementor-section-boxed elementor-section-height-default elementor-section-height-default\" data-id=\"73764a23\" data-element_type=\"section\" data-e-type=\"section\">\n\t\t\t\t\t\t<div class=\"elementor-container elementor-column-gap-default\">\n\t\t\t\t\t<div class=\"elementor-column elementor-col-100 elementor-top-column elementor-element elementor-element-28595c0a\" data-id=\"28595c0a\" data-element_type=\"column\" data-e-type=\"column\">\n\t\t\t<div class=\"elementor-widget-wrap elementor-element-populated\">\n\t\t\t\t\t\t<div class=\"elementor-element elementor-element-d885681 elementor-widget elementor-widget-image\" data-id=\"d885681\" data-element_type=\"widget\" data-e-type=\"widget\" data-widget_type=\"image.default\">\n\t\t\t\t<div class=\"elementor-widget-container\">\n\t\t\t\t\t\t\t\t\t\t\t\t\t\t\t<img decoding=\"async\" width=\"2\" height=\"111\" src=\"https:\/\/www.asd-int.com\/wp-content\/uploads\/2020\/01\/trait-bas.png\" class=\"attachment-large size-large wp-image-54185\" alt=\"\" \/>\t\t\t\t\t\t\t\t\t\t\t\t\t\t\t<\/div>\n\t\t\t\t<\/div>\n\t\t\t\t<div class=\"elementor-element elementor-element-6db56a09 elementor-widget elementor-widget-heading\" data-id=\"6db56a09\" data-element_type=\"widget\" data-e-type=\"widget\" data-widget_type=\"heading.default\">\n\t\t\t\t<div class=\"elementor-widget-container\">\n\t\t\t\t\t<h3 class=\"elementor-heading-title elementor-size-default\">contacta\u021bi-ne exper\u021bi<\/h3>\t\t\t\t<\/div>\n\t\t\t\t<\/div>\n\t\t\t\t<div class=\"elementor-element elementor-element-6dbfefc0 elementor-widget elementor-widget-heading\" data-id=\"6dbfefc0\" data-element_type=\"widget\" data-e-type=\"widget\" data-widget_type=\"heading.default\">\n\t\t\t\t<div class=\"elementor-widget-container\">\n\t\t\t\t\t<h1 class=\"elementor-heading-title elementor-size-default\">V\u0103 mul\u021bumim c\u0103 a\u021bi contactat exper\u021bii no\u0219tri<\/h1>\t\t\t\t<\/div>\n\t\t\t\t<\/div>\n\t\t\t\t<div class=\"elementor-element elementor-element-704c5e62 elementor-widget elementor-widget-text-editor\" data-id=\"704c5e62\" data-element_type=\"widget\" data-e-type=\"widget\" data-widget_type=\"text-editor.default\">\n\t\t\t\t<div class=\"elementor-widget-container\">\n\t\t\t\t\t\t\t\t\t<p>V\u0103 angaj\u0103m s\u0103 oferi\u021bi un r\u0103spuns la lungimile plus. V\u0103 mul\u021bumim c\u0103 a\u021bi contactat serviciile noastre.<\/p>\n\t\t\t\t\t\t\t\t<\/div>\n\t\t\t\t<\/div>\n\t\t\t\t<div class=\"elementor-element elementor-element-d6e8192 elementor-widget elementor-widget-text-editor\" data-id=\"d6e8192\" data-element_type=\"widget\" data-e-type=\"widget\" data-widget_type=\"text-editor.default\">\n\t\t\t\t<div class=\"elementor-widget-container\">\n\t\t\t\t\t\t\t\t\t<p><span data-sheets-value=\"{&quot;1&quot;:2,&quot;2&quot;:&quot;\u00centre timp, nu ezita\u021bi s\u0103 ne urm\u0103ri\u021bi pe re\u021belele noastre sociale:&quot;}\" data-sheets-userformat=\"{&quot;2&quot;:513,&quot;3&quot;:{&quot;1&quot;:0},&quot;12&quot;:0}\">\u00centre timp, nu ezita\u021bi s\u0103 ne urm\u0103ri\u021bi pe re\u021belele noastre sociale:<\/span><\/p>\n\t\t\t\t\t\t\t\t<\/div>\n\t\t\t\t<\/div>\n\t\t\t\t<div class=\"elementor-element elementor-element-9913c16 elementor-shape-circle elementor-grid-0 e-grid-align-center elementor-widget elementor-widget-social-icons\" data-id=\"9913c16\" data-element_type=\"widget\" data-e-type=\"widget\" data-widget_type=\"social-icons.default\">\n\t\t\t\t<div class=\"elementor-widget-container\">\n\t\t\t\t\t\t\t<div class=\"elementor-social-icons-wrapper elementor-grid\" role=\"list\">\n\t\t\t\t\t\t\t<span class=\"elementor-grid-item\" role=\"listitem\">\n\t\t\t\t\t<a class=\"elementor-icon elementor-social-icon elementor-social-icon-facebook elementor-repeater-item-b51fce1\" href=\"https:\/\/www.facebook.com\/asdgroupint\" target=\"_blank\" rel=\"nofollow\">\n\t\t\t\t\t\t<span class=\"elementor-screen-only\">Facebook<\/span>\n\t\t\t\t\t\t<i aria-hidden=\"true\" class=\"fab fa-facebook\"><\/i>\t\t\t\t\t<\/a>\n\t\t\t\t<\/span>\n\t\t\t\t\t\t\t<span class=\"elementor-grid-item\" role=\"listitem\">\n\t\t\t\t\t<a class=\"elementor-icon elementor-social-icon elementor-social-icon-twitter elementor-repeater-item-e0097a6\" href=\"https:\/\/twitter.com\/asd_group?lang=fr\" target=\"_blank\" rel=\"nofollow\">\n\t\t\t\t\t\t<span class=\"elementor-screen-only\">Twitter<\/span>\n\t\t\t\t\t\t<i aria-hidden=\"true\" class=\"fab fa-twitter\"><\/i>\t\t\t\t\t<\/a>\n\t\t\t\t<\/span>\n\t\t\t\t\t\t\t<span class=\"elementor-grid-item\" role=\"listitem\">\n\t\t\t\t\t<a class=\"elementor-icon elementor-social-icon elementor-social-icon-linkedin elementor-repeater-item-7101029\" href=\"https:\/\/fr.linkedin.com\/company\/asd-group-int\" target=\"_blank\" rel=\"nofollow\">\n\t\t\t\t\t\t<span class=\"elementor-screen-only\">Linkedin<\/span>\n\t\t\t\t\t\t<i aria-hidden=\"true\" class=\"fab fa-linkedin\"><\/i>\t\t\t\t\t<\/a>\n\t\t\t\t<\/span>\n\t\t\t\t\t\t\t<span class=\"elementor-grid-item\" role=\"listitem\">\n\t\t\t\t\t<a class=\"elementor-icon elementor-social-icon elementor-social-icon-youtube elementor-repeater-item-2e36f10\" href=\"https:\/\/www.youtube.com\/user\/ASDGROUPWORLDTAX\/\" target=\"_blank\" rel=\"nofollow\">\n\t\t\t\t\t\t<span class=\"elementor-screen-only\">Youtube<\/span>\n\t\t\t\t\t\t<i aria-hidden=\"true\" class=\"fab fa-youtube\"><\/i>\t\t\t\t\t<\/a>\n\t\t\t\t<\/span>\n\t\t\t\t\t<\/div>\n\t\t\t\t\t\t<\/div>\n\t\t\t\t<\/div>\n\t\t\t\t<div class=\"elementor-element elementor-element-2cf3aa1 elementor-widget elementor-widget-text-editor\" data-id=\"2cf3aa1\" data-element_type=\"widget\" data-e-type=\"widget\" data-widget_type=\"text-editor.default\">\n\t\t\t\t<div class=\"elementor-widget-container\">\n\t\t\t\t\t\t\t\t\t<p><span data-sheets-value=\"{&quot;1&quot;:2,&quot;2&quot;:&quot;Sau citi\u021bi ultimele noastre post\u0103ri de blog care v\u0103 pot interesa:&quot;}\" data-sheets-userformat=\"{&quot;2&quot;:513,&quot;3&quot;:{&quot;1&quot;:0},&quot;12&quot;:0}\">Sau citi\u021bi ultimele noastre post\u0103ri de blog care v\u0103 pot interesa:<\/span><\/p>\n\t\t\t\t\t\t\t\t<\/div>\n\t\t\t\t<\/div>\n\t\t\t\t<div class=\"elementor-element elementor-element-0774b89 elementor-grid-3 elementor-grid-tablet-2 elementor-grid-mobile-1 elementor-posts--thumbnail-top elementor-widget elementor-widget-posts\" data-id=\"0774b89\" data-element_type=\"widget\" data-e-type=\"widget\" data-settings=\"{&quot;classic_columns&quot;:&quot;3&quot;,&quot;classic_columns_tablet&quot;:&quot;2&quot;,&quot;classic_columns_mobile&quot;:&quot;1&quot;,&quot;classic_row_gap&quot;:{&quot;unit&quot;:&quot;px&quot;,&quot;size&quot;:35,&quot;sizes&quot;:[]},&quot;classic_row_gap_tablet&quot;:{&quot;unit&quot;:&quot;px&quot;,&quot;size&quot;:&quot;&quot;,&quot;sizes&quot;:[]},&quot;classic_row_gap_mobile&quot;:{&quot;unit&quot;:&quot;px&quot;,&quot;size&quot;:&quot;&quot;,&quot;sizes&quot;:[]}}\" data-widget_type=\"posts.classic\">\n\t\t\t\t<div class=\"elementor-widget-container\">\n\t\t\t\t\t\t\t<div class=\"elementor-posts-container elementor-posts elementor-posts--skin-classic elementor-grid\" role=\"list\">\n\t\t\t\t<article class=\"elementor-post elementor-grid-item post-209665 post type-post status-publish format-standard has-post-thumbnail hentry category-servicii-fiscale category-fiscal tag-facturare tag-facturation-electronique-ro tag-facturation tag-facturation-electronique tag-obligatii-fiscale tag-obligations-fiscales tag-tva-ro tag-tva pays-pologne-ro\" role=\"listitem\">\n\t\t\t\t<a class=\"elementor-post__thumbnail__link\" href=\"https:\/\/www.asd-int.com\/ro\/polonia-tot-ce-trebuie-sa-stiti-despre-facturarea-electronica-ksef-in-2026\/\" tabindex=\"-1\" >\n\t\t\t<div class=\"elementor-post__thumbnail\"><img fetchpriority=\"high\" decoding=\"async\" width=\"300\" height=\"200\" src=\"https:\/\/www.asd-int.com\/wp-content\/uploads\/2026\/04\/pologne-tout-savoir-sur-la-facturation-electronique-ksef-en-2026-300x200.jpg\" class=\"attachment-medium size-medium wp-image-209663\" alt=\"Polonia: Tot ce trebuie s\u0103 \u0219ti\u021bi despre facturarea electronic\u0103 KSeF \u00een 2026\" srcset=\"https:\/\/www.asd-int.com\/wp-content\/uploads\/2026\/04\/pologne-tout-savoir-sur-la-facturation-electronique-ksef-en-2026-300x200.jpg 300w, https:\/\/www.asd-int.com\/wp-content\/uploads\/2026\/04\/pologne-tout-savoir-sur-la-facturation-electronique-ksef-en-2026-1024x683.jpg 1024w, https:\/\/www.asd-int.com\/wp-content\/uploads\/2026\/04\/pologne-tout-savoir-sur-la-facturation-electronique-ksef-en-2026-768x512.jpg 768w, https:\/\/www.asd-int.com\/wp-content\/uploads\/2026\/04\/pologne-tout-savoir-sur-la-facturation-electronique-ksef-en-2026-1200x800.jpg 1200w, https:\/\/www.asd-int.com\/wp-content\/uploads\/2026\/04\/pologne-tout-savoir-sur-la-facturation-electronique-ksef-en-2026.jpg 1440w\" sizes=\"(max-width: 300px) 100vw, 300px\" \/><\/div>\n\t\t<\/a>\n\t\t\t\t<div class=\"elementor-post__text\">\n\t\t\t\t<h3 class=\"elementor-post__title\">\n\t\t\t<a href=\"https:\/\/www.asd-int.com\/ro\/polonia-tot-ce-trebuie-sa-stiti-despre-facturarea-electronica-ksef-in-2026\/\" >\n\t\t\t\tPolonia: Tot ce trebuie s\u0103 \u0219ti\u021bi despre facturarea electronic\u0103 KSeF \u00een 2026\t\t\t<\/a>\n\t\t<\/h3>\n\t\t\t\t<div class=\"elementor-post__meta-data\">\n\t\t\t\t\t<span class=\"elementor-post-date\">\n\t\t\t9 aprilie 2026\t\t<\/span>\n\t\t\t\t<span class=\"elementor-post-date\">\n\t\t\t9 aprilie 2026\t\t<\/span>\n\t\t\t\t<\/div>\n\t\t\t\t<div class=\"elementor-post__excerpt\">\n\t\t\t<p>\u00cen 2023, Polonia a decis s\u0103 se al\u0103ture grupului de state membre care fac facturarea electronic\u0103 obligatorie. \u00cen acest context, sistemul KSeF reprezint\u0103 o evolu\u021bie&#8230;<\/p>\n\t\t<\/div>\n\t\t\n\t\t<a class=\"elementor-post__read-more\" href=\"https:\/\/www.asd-int.com\/ro\/polonia-tot-ce-trebuie-sa-stiti-despre-facturarea-electronica-ksef-in-2026\/\" aria-label=\"Read more about Polonia: Tot ce trebuie s\u0103 \u0219ti\u021bi despre facturarea electronic\u0103 KSeF \u00een 2026\" tabindex=\"-1\" >\n\t\t\tCiti\u021bi suita \u00bb\t\t<\/a>\n\n\t\t\t\t<\/div>\n\t\t\t\t<\/article>\n\t\t\t\t<article class=\"elementor-post elementor-grid-item post-208589 post type-post status-publish format-standard has-post-thumbnail hentry category-douane category-servicii-fiscale category-fiscal category-vamal tag-carbon-border-adjustment-mechanism-cbam tag-mecanisme-dajustement-carbone-aux-frontieres-macf tag-mecanismul-de-ajustare-a-carbonului-la-frontiera-cbam tag-mecanismul-de-ajustare-la-frontiera-in-functie-de-carbon-cbam tag-taxa-pe-carbon tag-taxe-carbone pays-uniunea-europeana\" role=\"listitem\">\n\t\t\t\t<a class=\"elementor-post__thumbnail__link\" href=\"https:\/\/www.asd-int.com\/ro\/cbam-care-sunt-obligatiile-in-2026-pentru-importatorii-din-uniunea-europeana\/\" tabindex=\"-1\" >\n\t\t\t<div class=\"elementor-post__thumbnail\"><img decoding=\"async\" width=\"300\" height=\"185\" src=\"https:\/\/www.asd-int.com\/wp-content\/uploads\/2026\/04\/cbam-quelles-obligations-en-2026-pour-les-importateurs-en-europe-300x185.jpg\" class=\"attachment-medium size-medium wp-image-208551\" alt=\"CBAM: Care sunt obliga\u021biile \u00een 2026 pentru importatorii din Europa?\" srcset=\"https:\/\/www.asd-int.com\/wp-content\/uploads\/2026\/04\/cbam-quelles-obligations-en-2026-pour-les-importateurs-en-europe-300x185.jpg 300w, https:\/\/www.asd-int.com\/wp-content\/uploads\/2026\/04\/cbam-quelles-obligations-en-2026-pour-les-importateurs-en-europe-1024x630.jpg 1024w, https:\/\/www.asd-int.com\/wp-content\/uploads\/2026\/04\/cbam-quelles-obligations-en-2026-pour-les-importateurs-en-europe-768x473.jpg 768w, https:\/\/www.asd-int.com\/wp-content\/uploads\/2026\/04\/cbam-quelles-obligations-en-2026-pour-les-importateurs-en-europe-1200x738.jpg 1200w, https:\/\/www.asd-int.com\/wp-content\/uploads\/2026\/04\/cbam-quelles-obligations-en-2026-pour-les-importateurs-en-europe.jpg 1440w\" sizes=\"(max-width: 300px) 100vw, 300px\" \/><\/div>\n\t\t<\/a>\n\t\t\t\t<div class=\"elementor-post__text\">\n\t\t\t\t<h3 class=\"elementor-post__title\">\n\t\t\t<a href=\"https:\/\/www.asd-int.com\/ro\/cbam-care-sunt-obligatiile-in-2026-pentru-importatorii-din-uniunea-europeana\/\" >\n\t\t\t\tCBAM: Care sunt obliga\u021biile \u00een 2026 pentru importatorii din Uniunea European\u0103?\t\t\t<\/a>\n\t\t<\/h3>\n\t\t\t\t<div class=\"elementor-post__meta-data\">\n\t\t\t\t\t<span class=\"elementor-post-date\">\n\t\t\t3 aprilie 2026\t\t<\/span>\n\t\t\t\t<span class=\"elementor-post-date\">\n\t\t\t7 aprilie 2026\t\t<\/span>\n\t\t\t\t<\/div>\n\t\t\t\t<div class=\"elementor-post__excerpt\">\n\t\t\t<p>CBAM (Carbon Border Adjustment Mechanism), denumit \u0219i CBAM (tax\u0103 pe carbon) sau \u201etax\u0103 pe carbon\u201d, reprezint\u0103 o reform\u0103 structural\u0103 a comer\u021bului interna\u021bional implementat\u0103 de Uniunea&#8230;<\/p>\n\t\t<\/div>\n\t\t\n\t\t<a class=\"elementor-post__read-more\" href=\"https:\/\/www.asd-int.com\/ro\/cbam-care-sunt-obligatiile-in-2026-pentru-importatorii-din-uniunea-europeana\/\" aria-label=\"Read more about CBAM: Care sunt obliga\u021biile \u00een 2026 pentru importatorii din Uniunea European\u0103?\" tabindex=\"-1\" >\n\t\t\tCiti\u021bi suita \u00bb\t\t<\/a>\n\n\t\t\t\t<\/div>\n\t\t\t\t<\/article>\n\t\t\t\t<article class=\"elementor-post elementor-grid-item post-202075 post type-post status-publish format-standard has-post-thumbnail hentry category-tva-ro tag-cotele-de-tva pays-suisse-ro pays-royaumeuni-ro pays-uniunea-europeana\" role=\"listitem\">\n\t\t\t\t<a class=\"elementor-post__thumbnail__link\" href=\"https:\/\/www.asd-int.com\/ro\/cotele-tva-2026-in-europa\/\" tabindex=\"-1\" >\n\t\t\t<div class=\"elementor-post__thumbnail\"><img loading=\"lazy\" decoding=\"async\" width=\"300\" height=\"200\" src=\"https:\/\/www.asd-int.com\/wp-content\/uploads\/2025\/12\/taux-de-tva-2026-en-europe-300x200.jpg\" class=\"attachment-medium size-medium wp-image-202074\" alt=\"Cotele TVA 2026 \u00een Europa\" srcset=\"https:\/\/www.asd-int.com\/wp-content\/uploads\/2025\/12\/taux-de-tva-2026-en-europe-300x200.jpg 300w, https:\/\/www.asd-int.com\/wp-content\/uploads\/2025\/12\/taux-de-tva-2026-en-europe-1024x683.jpg 1024w, https:\/\/www.asd-int.com\/wp-content\/uploads\/2025\/12\/taux-de-tva-2026-en-europe-768x512.jpg 768w, https:\/\/www.asd-int.com\/wp-content\/uploads\/2025\/12\/taux-de-tva-2026-en-europe-1200x800.jpg 1200w, https:\/\/www.asd-int.com\/wp-content\/uploads\/2025\/12\/taux-de-tva-2026-en-europe.jpg 1440w\" sizes=\"(max-width: 300px) 100vw, 300px\" \/><\/div>\n\t\t<\/a>\n\t\t\t\t<div class=\"elementor-post__text\">\n\t\t\t\t<h3 class=\"elementor-post__title\">\n\t\t\t<a href=\"https:\/\/www.asd-int.com\/ro\/cotele-tva-2026-in-europa\/\" >\n\t\t\t\tCotele TVA 2026 \u00een Europa\t\t\t<\/a>\n\t\t<\/h3>\n\t\t\t\t<div class=\"elementor-post__meta-data\">\n\t\t\t\t\t<span class=\"elementor-post-date\">\n\t\t\t31 decembrie 2025\t\t<\/span>\n\t\t\t\t<span class=\"elementor-post-date\">\n\t\t\t6 martie 2026\t\t<\/span>\n\t\t\t\t<\/div>\n\t\t\t\t<div class=\"elementor-post__excerpt\">\n\t\t\t<p>Taxa pe valoarea ad\u0103ugat\u0103 (TVA) reprezint\u0103 unul dintre principalele impozite indirecte aplicate consumului. Ea este inclus\u0103 \u00een pre\u021bul pl\u0103tit de consumatorul final la achizi\u021bionarea unui&#8230;<\/p>\n\t\t<\/div>\n\t\t\n\t\t<a class=\"elementor-post__read-more\" href=\"https:\/\/www.asd-int.com\/ro\/cotele-tva-2026-in-europa\/\" aria-label=\"Read more about Cotele TVA 2026 \u00een Europa\" tabindex=\"-1\" >\n\t\t\tCiti\u021bi suita \u00bb\t\t<\/a>\n\n\t\t\t\t<\/div>\n\t\t\t\t<\/article>\n\t\t\t\t<\/div>\n\t\t\n\t\t\t\t\t\t<\/div>\n\t\t\t\t<\/div>\n\t\t\t\t\t<\/div>\n\t\t<\/div>\n\t\t\t\t\t<\/div>\n\t\t<\/section>\n\t\t\t\t<\/div>\n\t\t","protected":false},"excerpt":{"rendered":"<p>Contacteaz\u0103-ne V\u0103 mul\u021bumim c\u0103 a\u021bi contactat ASD Group contacta\u021bi-ne exper\u021bi V\u0103 mul\u021bumim c\u0103 a\u021bi contactat exper\u021bii no\u0219tri V\u0103 angaj\u0103m s\u0103 oferi\u021bi un r\u0103spuns la lungimile&#8230;<\/p>\n","protected":false},"author":36,"featured_media":0,"parent":0,"menu_order":0,"comment_status":"closed","ping_status":"closed","template":"elementor_header_footer","meta":{"_eb_attr":"","_lmt_disableupdate":"no","_lmt_disable":"","footnotes":""},"class_list":["post-22589","page","type-page","status-publish","hentry"],"yoast_head":"<!-- This site is optimized with the Yoast SEO plugin v27.3 - https:\/\/yoast.com\/product\/yoast-seo-wordpress\/ -->\n<title>Mul\u021bumesc | ASD Group<\/title>\n<meta name=\"description\" content=\"Page de remerciement RO\" \/>\n<meta name=\"robots\" content=\"noindex, follow\" \/>\n<meta property=\"og:locale\" content=\"ro_RO\" \/>\n<meta property=\"og:type\" content=\"article\" \/>\n<meta property=\"og:title\" content=\"Mul\u021bumesc | ASD Group\" \/>\n<meta property=\"og:description\" content=\"Page de remerciement RO\" \/>\n<meta property=\"og:url\" content=\"https:\/\/www.asd-int.com\/ro\/multumesc\/\" \/>\n<meta property=\"og:site_name\" content=\"ASD\" \/>\n<meta property=\"article:modified_time\" content=\"2021-03-17T08:04:31+00:00\" \/>\n<meta property=\"og:image\" content=\"https:\/\/www.asd-int.com\/wp-content\/uploads\/2020\/01\/trait-bas.png\" \/>\n<meta name=\"twitter:card\" content=\"summary_large_image\" \/>\n<meta name=\"twitter:label1\" content=\"Timp estimat pentru citire\" \/>\n\t<meta name=\"twitter:data1\" content=\"1 minut\" \/>\n<script type=\"application\/ld+json\" class=\"yoast-schema-graph\">{\"@context\":\"https:\\\/\\\/schema.org\",\"@graph\":[{\"@type\":\"WebPage\",\"@id\":\"https:\\\/\\\/www.asd-int.com\\\/ro\\\/multumesc\\\/\",\"url\":\"https:\\\/\\\/www.asd-int.com\\\/ro\\\/multumesc\\\/\",\"name\":\"Mul\u021bumesc | ASD Group\",\"isPartOf\":{\"@id\":\"https:\\\/\\\/www.asd-int.com\\\/ro\\\/#website\"},\"primaryImageOfPage\":{\"@id\":\"https:\\\/\\\/www.asd-int.com\\\/ro\\\/multumesc\\\/#primaryimage\"},\"image\":{\"@id\":\"https:\\\/\\\/www.asd-int.com\\\/ro\\\/multumesc\\\/#primaryimage\"},\"thumbnailUrl\":\"https:\\\/\\\/www.asd-int.com\\\/wp-content\\\/uploads\\\/2020\\\/01\\\/trait-bas.png\",\"datePublished\":\"2018-10-12T09:44:18+00:00\",\"dateModified\":\"2021-03-17T08:04:31+00:00\",\"description\":\"Page de remerciement RO\",\"breadcrumb\":{\"@id\":\"https:\\\/\\\/www.asd-int.com\\\/ro\\\/multumesc\\\/#breadcrumb\"},\"inLanguage\":\"ro-RO\",\"potentialAction\":[{\"@type\":\"ReadAction\",\"target\":[\"https:\\\/\\\/www.asd-int.com\\\/ro\\\/multumesc\\\/\"]}]},{\"@type\":\"ImageObject\",\"inLanguage\":\"ro-RO\",\"@id\":\"https:\\\/\\\/www.asd-int.com\\\/ro\\\/multumesc\\\/#primaryimage\",\"url\":\"https:\\\/\\\/www.asd-int.com\\\/wp-content\\\/uploads\\\/2020\\\/01\\\/trait-bas.png\",\"contentUrl\":\"https:\\\/\\\/www.asd-int.com\\\/wp-content\\\/uploads\\\/2020\\\/01\\\/trait-bas.png\"},{\"@type\":\"BreadcrumbList\",\"@id\":\"https:\\\/\\\/www.asd-int.com\\\/ro\\\/multumesc\\\/#breadcrumb\",\"itemListElement\":[{\"@type\":\"ListItem\",\"position\":1,\"name\":\"ASD Group\",\"item\":\"https:\\\/\\\/www.asd-int.com\\\/ro\\\/\"},{\"@type\":\"ListItem\",\"position\":2,\"name\":\"Page de remerciement RO\"}]},{\"@type\":\"WebSite\",\"@id\":\"https:\\\/\\\/www.asd-int.com\\\/ro\\\/#website\",\"url\":\"https:\\\/\\\/www.asd-int.com\\\/ro\\\/\",\"name\":\"ASD\",\"description\":\"Expertul dumneavoastr\u0103 \u00een taxe interna\u021bionale \u0219i TVA intracomunitar\\r\\n\",\"publisher\":{\"@id\":\"https:\\\/\\\/www.asd-int.com\\\/ro\\\/#organization\"},\"potentialAction\":[{\"@type\":\"SearchAction\",\"target\":{\"@type\":\"EntryPoint\",\"urlTemplate\":\"https:\\\/\\\/www.asd-int.com\\\/ro\\\/?s={search_term_string}\"},\"query-input\":{\"@type\":\"PropertyValueSpecification\",\"valueRequired\":true,\"valueName\":\"search_term_string\"}}],\"inLanguage\":\"ro-RO\"},{\"@type\":\"Organization\",\"@id\":\"https:\\\/\\\/www.asd-int.com\\\/ro\\\/#organization\",\"name\":\"ASD Group\",\"url\":\"https:\\\/\\\/www.asd-int.com\\\/ro\\\/\",\"logo\":{\"@type\":\"ImageObject\",\"inLanguage\":\"ro-RO\",\"@id\":\"https:\\\/\\\/www.asd-int.com\\\/ro\\\/#\\\/schema\\\/logo\\\/image\\\/\",\"url\":\"https:\\\/\\\/www.asd-int.com\\\/wp-content\\\/uploads\\\/2020\\\/07\\\/Logo-ASD_noir.png\",\"contentUrl\":\"https:\\\/\\\/www.asd-int.com\\\/wp-content\\\/uploads\\\/2020\\\/07\\\/Logo-ASD_noir.png\",\"width\":1054,\"height\":714,\"caption\":\"ASD Group\"},\"image\":{\"@id\":\"https:\\\/\\\/www.asd-int.com\\\/ro\\\/#\\\/schema\\\/logo\\\/image\\\/\"}}]}<\/script>\n<!-- \/ Yoast SEO plugin. -->","yoast_head_json":{"title":"Mul\u021bumesc | ASD Group","description":"Page de remerciement RO","robots":{"index":"noindex","follow":"follow"},"og_locale":"ro_RO","og_type":"article","og_title":"Mul\u021bumesc | ASD Group","og_description":"Page de remerciement RO","og_url":"https:\/\/www.asd-int.com\/ro\/multumesc\/","og_site_name":"ASD","article_modified_time":"2021-03-17T08:04:31+00:00","og_image":[{"url":"https:\/\/www.asd-int.com\/wp-content\/uploads\/2020\/01\/trait-bas.png","type":"","width":"","height":""}],"twitter_card":"summary_large_image","twitter_misc":{"Timp estimat pentru citire":"1 minut"},"schema":{"@context":"https:\/\/schema.org","@graph":[{"@type":"WebPage","@id":"https:\/\/www.asd-int.com\/ro\/multumesc\/","url":"https:\/\/www.asd-int.com\/ro\/multumesc\/","name":"Mul\u021bumesc | ASD Group","isPartOf":{"@id":"https:\/\/www.asd-int.com\/ro\/#website"},"primaryImageOfPage":{"@id":"https:\/\/www.asd-int.com\/ro\/multumesc\/#primaryimage"},"image":{"@id":"https:\/\/www.asd-int.com\/ro\/multumesc\/#primaryimage"},"thumbnailUrl":"https:\/\/www.asd-int.com\/wp-content\/uploads\/2020\/01\/trait-bas.png","datePublished":"2018-10-12T09:44:18+00:00","dateModified":"2021-03-17T08:04:31+00:00","description":"Page de remerciement RO","breadcrumb":{"@id":"https:\/\/www.asd-int.com\/ro\/multumesc\/#breadcrumb"},"inLanguage":"ro-RO","potentialAction":[{"@type":"ReadAction","target":["https:\/\/www.asd-int.com\/ro\/multumesc\/"]}]},{"@type":"ImageObject","inLanguage":"ro-RO","@id":"https:\/\/www.asd-int.com\/ro\/multumesc\/#primaryimage","url":"https:\/\/www.asd-int.com\/wp-content\/uploads\/2020\/01\/trait-bas.png","contentUrl":"https:\/\/www.asd-int.com\/wp-content\/uploads\/2020\/01\/trait-bas.png"},{"@type":"BreadcrumbList","@id":"https:\/\/www.asd-int.com\/ro\/multumesc\/#breadcrumb","itemListElement":[{"@type":"ListItem","position":1,"name":"ASD Group","item":"https:\/\/www.asd-int.com\/ro\/"},{"@type":"ListItem","position":2,"name":"Page de remerciement RO"}]},{"@type":"WebSite","@id":"https:\/\/www.asd-int.com\/ro\/#website","url":"https:\/\/www.asd-int.com\/ro\/","name":"ASD","description":"Expertul dumneavoastr\u0103 \u00een taxe interna\u021bionale \u0219i TVA intracomunitar\r\n","publisher":{"@id":"https:\/\/www.asd-int.com\/ro\/#organization"},"potentialAction":[{"@type":"SearchAction","target":{"@type":"EntryPoint","urlTemplate":"https:\/\/www.asd-int.com\/ro\/?s={search_term_string}"},"query-input":{"@type":"PropertyValueSpecification","valueRequired":true,"valueName":"search_term_string"}}],"inLanguage":"ro-RO"},{"@type":"Organization","@id":"https:\/\/www.asd-int.com\/ro\/#organization","name":"ASD Group","url":"https:\/\/www.asd-int.com\/ro\/","logo":{"@type":"ImageObject","inLanguage":"ro-RO","@id":"https:\/\/www.asd-int.com\/ro\/#\/schema\/logo\/image\/","url":"https:\/\/www.asd-int.com\/wp-content\/uploads\/2020\/07\/Logo-ASD_noir.png","contentUrl":"https:\/\/www.asd-int.com\/wp-content\/uploads\/2020\/07\/Logo-ASD_noir.png","width":1054,"height":714,"caption":"ASD Group"},"image":{"@id":"https:\/\/www.asd-int.com\/ro\/#\/schema\/logo\/image\/"}}]}},"_links":{"self":[{"href":"https:\/\/www.asd-int.com\/ro\/wp-json\/wp\/v2\/pages\/22589","targetHints":{"allow":["GET"]}}],"collection":[{"href":"https:\/\/www.asd-int.com\/ro\/wp-json\/wp\/v2\/pages"}],"about":[{"href":"https:\/\/www.asd-int.com\/ro\/wp-json\/wp\/v2\/types\/page"}],"author":[{"embeddable":true,"href":"https:\/\/www.asd-int.com\/ro\/wp-json\/wp\/v2\/users\/36"}],"replies":[{"embeddable":true,"href":"https:\/\/www.asd-int.com\/ro\/wp-json\/wp\/v2\/comments?post=22589"}],"version-history":[{"count":0,"href":"https:\/\/www.asd-int.com\/ro\/wp-json\/wp\/v2\/pages\/22589\/revisions"}],"wp:attachment":[{"href":"https:\/\/www.asd-int.com\/ro\/wp-json\/wp\/v2\/media?parent=22589"}],"curies":[{"name":"wp","href":"https:\/\/api.w.org\/{rel}","templated":true}]}}