{"id":25829,"date":"2019-03-11T15:36:49","date_gmt":"2019-03-11T14:36:49","guid":{"rendered":"https:\/\/www.asd-int.com\/?page_id=25829"},"modified":"2019-03-13T14:22:42","modified_gmt":"2019-03-13T13:22:42","slug":"canada","status":"publish","type":"page","link":"https:\/\/www.asd-int.com\/ro\/blog\/canada\/","title":{"rendered":"Canada"},"content":{"rendered":"<span><span><a href=\"https:\/\/www.asd-int.com\/ro\/\">ASD Group<\/a><\/span><\/span>\n<p>Vestea a fost explicat\u0103 de exper\u021bii no\u0219tri<\/p>\n<p>\n  Alegeti o tara..<\/p>\n<p>           Toate \u021b\u0103rile<\/p>\n<p>        Belgia<br \/>\n           Canada<br \/>\n        China<br \/>\n           Elve\u021bia<br \/>\n               Emiratele Arabe Unite<br \/>\n            Fran\u021ba<br \/>\n           Germania<br \/>\n        Italia<\/p>\n<p>          Marea Britanie<br \/>\n          Polonia<br \/>\n          Portugalia<\/p>\n<p>        Spania<br \/>\n           SUA<br \/>\n          Alte \u021b\u0103ri<\/p>\n<p>\n    Toate<br \/>\n    Fiscal<br \/>\n    Vamal<br \/>\n    DETA\u0218\u0102RII LUCR\u0102TORILOR str\u0103ini<br \/>\n    E-commerce<br \/>\n    Actualit\u00e9s d&#8217;ASD Group\n<\/p>\n<p>[widgetkit id=&#8221;22&#8243; name=&#8221;blog&#8221;]<\/p>\n<p><!-- {\"name\":\"\",\"type\":\"layout\",\"children\":[{\"name\":\"Header Title\",\"type\":\"section\",\"props\":{\"style\":\"default\",\"width\":\"default\",\"vertical_align\":\"middle\",\"title_position\":\"top-left\",\"title_rotation\":\"left\",\"title_breakpoint\":\"xl\",\"image_position\":\"center-center\",\"header_transparent\":\"\",\"header_transparent_noplaceholder\":true,\"image\":\"wp-content\\\/uploads\\\/2017\\\/12\\\/background-blog.jpg\",\"text_color\":\"light\",\"padding\":\"small\",\"image_size\":\"cover\"},\"children\":[{\"name\":\"\",\"type\":\"row\",\"props\":{\"fixed_width\":\"large\",\"breakpoint\":\"m\",\"layout\":\",\",\"width\":\"default\"},\"children\":[{\"name\":\"\",\"type\":\"column\",\"props\":{\"widths\":[\"\"],\"image_position\":\"center-center\"}},{\"name\":\"\",\"type\":\"column\",\"props\":{\"widths\":[\"\"],\"image_position\":\"center-center\"},\"children\":[{\"name\":\"Breadcrumbs\",\"type\":\"text\",\"props\":{\"margin\":\"default\",\"column_breakpoint\":\"m\",\"content\":\"\n\n<p>[wpseo_breadcrumb]<\\\/p>\",\"css\":\".el-element {\\n text-transform: uppercase;   \\n}\"}},{\"name\":\"\",\"type\":\"wordpress_area\",\"props\":{\"layout\":\"stack\",\"breakpoint\":\"m\",\"content\":\"builder-1\"}},{\"name\":\"\",\"type\":\"headline\",\"props\":{\"title_element\":\"h3\",\"content\":\"Vestea a fost explicat\\u0103 de exper\\u021bii no\\u0219tri\",\"margin_remove_top\":true,\"title_style\":\"\",\"title_decoration\":\"\",\"title_color\":\"\",\"text_align\":\"\",\"text_align_breakpoint\":\"\",\"text_align_fallback\":\"\",\"maxwidth\":\"\",\"maxwidth_align\":\"\",\"maxwidth_breakpoint\":\"\",\"margin\":\"\",\"animation\":\"\",\"visibility\":\"\"}}]}]}]},{\"name\":\"Country select\",\"type\":\"section\",\"props\":{\"style\":\"secondary\",\"width\":\"default\",\"vertical_align\":\"middle\",\"title_position\":\"top-left\",\"title_rotation\":\"left\",\"title_breakpoint\":\"xl\",\"image_position\":\"center-center\",\"padding\":\"xsmall\",\"id\":\"country-select\"},\"children\":[{\"name\":\"\",\"type\":\"row\",\"props\":{\"fixed_width\":\"large\",\"breakpoint\":\"m\",\"layout\":\"1-1\"},\"children\":[{\"name\":\"\",\"type\":\"column\",\"props\":{\"widths\":[\"1-1\"],\"image_position\":\"center-center\"},\"children\":[{\"name\":\"\",\"type\":\"html\",\"props\":{\"content\":\"\n\n<div class=\\\"uk-text-center\\\">\\n  <button class=\\\"uk-button uk-button-default\\\" type=\\\"button\\\">Alegeti o tara..<span class=\\\"uk-margin-left\\\" uk-icon=\\\"icon: chevron-down\\\"><\\\/span><\\\/button>\\n  \n\n<div uk-dropdown=\\\"pos: bottom-center\\\">\\n      \n\n<ul class=\\\"uk-nav uk-dropdown-nav country-select\\\">\\n        \n\n<li class=\\\"uk-active\\\"><a href=\\\"https:\\\/\\\/www.asd-int.com\\\/ro\\\/actualitati\\\/\\\">   Toate \\u021b\\u0103rile<\\\/a><\\\/li>\\n       \\n        \\n       \\n        \n\n<li><a href=\\\"https:\\\/\\\/www.asd-int.com\\\/ro\\\/actualitati\\\/belgia\\\/\\\">Belgia<\\\/a><\\\/li>\\n           \n\n<li><a href=\\\"https:\\\/\\\/www.asd-int.com\\\/ro\\\/actualitati\\\/canada\\\/\\\">Canada<\\\/a><\\\/li>\\n        \n\n<li><a href=\\\"https:\\\/\\\/www.asd-int.com\\\/ro\\\/actualitati\\\/china\\\/\\\">China<\\\/a><\\\/li>\\n           \n\n<li><a href=\\\"https:\\\/\\\/www.asd-int.com\\\/ro\\\/actualitati\\\/elvetia\\\/\\\">Elve\\u021bia<\\\/a><\\\/li>\\n          \n\n<li><a href=\\\"https:\\\/\\\/www.asd-int.com\\\/ro\\\/actualitati\\\/emiratele-arabe-unite\\\/\\\">     Emiratele Arabe Unite<\\\/a><\\\/li>\\n            \n\n<li><a href=\\\"https:\\\/\\\/www.asd-int.com\\\/ro\\\/actualitati\\\/franta\\\/\\\">Fran\\u021ba<\\\/a><\\\/li>\\n           \n\n<li><a href=\\\"https:\\\/\\\/www.asd-int.com\\\/ro\\\/actualitati\\\/germania\\\">Germania<\\\/a><\\\/li>\\n        \n\n<li><a href=\\\"https:\\\/\\\/www.asd-int.com\\\/ro\\\/actualitati\\\/italia\\\/\\\">Italia<\\\/a><\\\/li>\\n        \\n          \n\n<li><a href=\\\"https:\\\/\\\/www.asd-int.com\\\/ro\\\/actualitati\\\/anglia\\\/\\\">Marea Britanie<\\\/a><\\\/li>\\n          \n\n<li><a href=\\\"https:\\\/\\\/www.asd-int.com\\\/ro\\\/actualitati\\\/polonia\\\/\\\">Polonia<\\\/a><\\\/li>\\n          \n\n<li><a href=\\\"https:\\\/\\\/www.asd-int.com\\\/ro\\\/actualitati\\\/portugalia\\\/\\\">Portugalia<\\\/a><\\\/li>\\n       \\n        \n\n<li><a href=\\\"https:\\\/\\\/www.asd-int.com\\\/ro\\\/actualitati\\\/spania\\\/\\\">Spania<\\\/a><\\\/li>\\n           \n\n<li><a href=\\\"https:\\\/\\\/www.asd-int.com\\\/ro\\\/actualitati\\\/sua\\\/\\\">SUA<\\\/a><\\\/li>\\n          \n\n<li><a href=\\\"https:\\\/\\\/www.asd-int.com\\\/ro\\\/actualitati\\\/alte-tari\\\/\\\">Alte \\u021b\\u0103ri<\\\/a><\\\/li>\\n      \\n        \\n        \\n       \\n      <\\\/ul>\\n  <\\\/div>\\n<\\\/div>\"}}]}]}]},{\"name\":\"Blog grid\",\"type\":\"section\",\"props\":{\"style\":\"default\",\"width\":\"default\",\"vertical_align\":\"middle\",\"title_position\":\"top-left\",\"title_rotation\":\"left\",\"title_breakpoint\":\"xl\",\"image_position\":\"center-center\"},\"children\":[{\"name\":\"\",\"type\":\"row\",\"props\":{\"fixed_width\":\"large\",\"breakpoint\":\"m\",\"layout\":\"1-1\"},\"children\":[{\"name\":\"\",\"type\":\"column\",\"props\":{\"widths\":[\"1-1\"],\"image_position\":\"center-center\"},\"children\":[{\"name\":\"Blog filter tab\",\"type\":\"html\",\"props\":{\"content\":\"\n\n<ul class=\\\"uk-flex-center\\\" uk-tab>\\n    \n\n<li id=\\\"tag-all\\\"><a href=\\\"\\\">Toate<\\\/a><\\\/li>\\n    \n\n<li id=\\\"tag-taxes\\\"><a href=\\\"\\\">Fiscal<\\\/a><\\\/li>\\n    \n\n<li id=\\\"tag-douanes\\\"><a href=\\\"\\\">Vamal<\\\/a><\\\/li>\\n    \n\n<li id=\\\"tag-detachement\\\"><a href=\\\"\\\">DETA\\u0218\\u0102RII LUCR\\u0102TORILOR str\\u0103ini<\\\/a><\\\/li>\\n    \n\n<li id=\\\"tag-vad\\\"><a href=\\\"\\\">E-commerce<\\\/a><\\\/li>\\n    \n\n<li id=\\\"tag-news\\\"><a href=\\\"\\\">Actualit\\u00e9s d'ASD Group<\\\/a><\\\/li>\\n<\\\/ul>\"}},{\"name\":\"\",\"type\":\"html\",\"props\":{\"content\":\"[widgetkit id=\\\"22\\\" name=\\\"blog\\\"]\"}}]}]}]}]} --><\/p>\n","protected":false},"excerpt":{"rendered":"<p>Vestea a fost explicat\u0103 de exper\u021bii no\u0219tri Alegeti o tara.. Toate \u021b\u0103rile Belgia Canada China Elve\u021bia Emiratele Arabe Unite Fran\u021ba Germania Italia Marea Britanie Polonia&#8230;<\/p>\n","protected":false},"author":36,"featured_media":0,"parent":13220,"menu_order":0,"comment_status":"closed","ping_status":"closed","template":"","meta":{"_eb_attr":"","_lmt_disableupdate":"","_lmt_disable":"","footnotes":""},"class_list":["post-25829","page","type-page","status-publish","hentry"],"yoast_head":"<!-- This site is optimized with the Yoast SEO plugin v27.3 - https:\/\/yoast.com\/product\/yoast-seo-wordpress\/ -->\n<title>Canada<\/title>\n<meta name=\"robots\" content=\"index, follow, max-snippet:-1, max-image-preview:large, max-video-preview:-1\" \/>\n<link rel=\"canonical\" href=\"https:\/\/www.asd-int.com\/ro\/blog\/canada\/\" \/>\n<meta property=\"og:locale\" content=\"ro_RO\" \/>\n<meta property=\"og:type\" content=\"article\" \/>\n<meta property=\"og:title\" content=\"Canada\" \/>\n<meta property=\"og:description\" content=\"Vestea a fost explicat\u0103 de exper\u021bii no\u0219tri Alegeti o tara.. Toate \u021b\u0103rile Belgia Canada China Elve\u021bia Emiratele Arabe Unite Fran\u021ba Germania Italia Marea Britanie Polonia...\" \/>\n<meta property=\"og:url\" content=\"https:\/\/www.asd-int.com\/ro\/blog\/canada\/\" \/>\n<meta property=\"og:site_name\" content=\"ASD\" \/>\n<meta property=\"article:modified_time\" content=\"2019-03-13T13:22:42+00:00\" \/>\n<meta property=\"og:image\" content=\"https:\/\/www.asd-int.com\/wp-content\/uploads\/2020\/07\/Logo-ASD_noir.png\" \/>\n\t<meta property=\"og:image:width\" content=\"1054\" \/>\n\t<meta property=\"og:image:height\" content=\"714\" \/>\n\t<meta property=\"og:image:type\" content=\"image\/png\" \/>\n<meta name=\"twitter:card\" content=\"summary_large_image\" \/>\n<script type=\"application\/ld+json\" class=\"yoast-schema-graph\">{\"@context\":\"https:\\\/\\\/schema.org\",\"@graph\":[{\"@type\":\"WebPage\",\"@id\":\"https:\\\/\\\/www.asd-int.com\\\/ro\\\/blog\\\/canada\\\/\",\"url\":\"https:\\\/\\\/www.asd-int.com\\\/ro\\\/blog\\\/canada\\\/\",\"name\":\"Canada\",\"isPartOf\":{\"@id\":\"https:\\\/\\\/www.asd-int.com\\\/ro\\\/#website\"},\"datePublished\":\"2019-03-11T14:36:49+00:00\",\"dateModified\":\"2019-03-13T13:22:42+00:00\",\"breadcrumb\":{\"@id\":\"https:\\\/\\\/www.asd-int.com\\\/ro\\\/blog\\\/canada\\\/#breadcrumb\"},\"inLanguage\":\"ro-RO\",\"potentialAction\":[{\"@type\":\"ReadAction\",\"target\":[\"https:\\\/\\\/www.asd-int.com\\\/ro\\\/blog\\\/canada\\\/\"]}]},{\"@type\":\"BreadcrumbList\",\"@id\":\"https:\\\/\\\/www.asd-int.com\\\/ro\\\/blog\\\/canada\\\/#breadcrumb\",\"itemListElement\":[{\"@type\":\"ListItem\",\"position\":1,\"name\":\"ASD Group\",\"item\":\"https:\\\/\\\/www.asd-int.com\\\/ro\\\/\"},{\"@type\":\"ListItem\",\"position\":2,\"name\":\"Blog\",\"item\":\"https:\\\/\\\/www.asd-int.com\\\/ro\\\/blog\\\/\"},{\"@type\":\"ListItem\",\"position\":3,\"name\":\"Canada\"}]},{\"@type\":\"WebSite\",\"@id\":\"https:\\\/\\\/www.asd-int.com\\\/ro\\\/#website\",\"url\":\"https:\\\/\\\/www.asd-int.com\\\/ro\\\/\",\"name\":\"ASD\",\"description\":\"Expertul dumneavoastr\u0103 \u00een taxe interna\u021bionale \u0219i TVA intracomunitar\\r\\n\",\"publisher\":{\"@id\":\"https:\\\/\\\/www.asd-int.com\\\/ro\\\/#organization\"},\"potentialAction\":[{\"@type\":\"SearchAction\",\"target\":{\"@type\":\"EntryPoint\",\"urlTemplate\":\"https:\\\/\\\/www.asd-int.com\\\/ro\\\/?s={search_term_string}\"},\"query-input\":{\"@type\":\"PropertyValueSpecification\",\"valueRequired\":true,\"valueName\":\"search_term_string\"}}],\"inLanguage\":\"ro-RO\"},{\"@type\":\"Organization\",\"@id\":\"https:\\\/\\\/www.asd-int.com\\\/ro\\\/#organization\",\"name\":\"ASD Group\",\"url\":\"https:\\\/\\\/www.asd-int.com\\\/ro\\\/\",\"logo\":{\"@type\":\"ImageObject\",\"inLanguage\":\"ro-RO\",\"@id\":\"https:\\\/\\\/www.asd-int.com\\\/ro\\\/#\\\/schema\\\/logo\\\/image\\\/\",\"url\":\"https:\\\/\\\/www.asd-int.com\\\/wp-content\\\/uploads\\\/2020\\\/07\\\/Logo-ASD_noir.png\",\"contentUrl\":\"https:\\\/\\\/www.asd-int.com\\\/wp-content\\\/uploads\\\/2020\\\/07\\\/Logo-ASD_noir.png\",\"width\":1054,\"height\":714,\"caption\":\"ASD Group\"},\"image\":{\"@id\":\"https:\\\/\\\/www.asd-int.com\\\/ro\\\/#\\\/schema\\\/logo\\\/image\\\/\"}}]}<\/script>\n<!-- \/ Yoast SEO plugin. -->","yoast_head_json":{"title":"Canada","robots":{"index":"index","follow":"follow","max-snippet":"max-snippet:-1","max-image-preview":"max-image-preview:large","max-video-preview":"max-video-preview:-1"},"canonical":"https:\/\/www.asd-int.com\/ro\/blog\/canada\/","og_locale":"ro_RO","og_type":"article","og_title":"Canada","og_description":"Vestea a fost explicat\u0103 de exper\u021bii no\u0219tri Alegeti o tara.. Toate \u021b\u0103rile Belgia Canada China Elve\u021bia Emiratele Arabe Unite Fran\u021ba Germania Italia Marea Britanie Polonia...","og_url":"https:\/\/www.asd-int.com\/ro\/blog\/canada\/","og_site_name":"ASD","article_modified_time":"2019-03-13T13:22:42+00:00","og_image":[{"width":1054,"height":714,"url":"https:\/\/www.asd-int.com\/wp-content\/uploads\/2020\/07\/Logo-ASD_noir.png","type":"image\/png"}],"twitter_card":"summary_large_image","schema":{"@context":"https:\/\/schema.org","@graph":[{"@type":"WebPage","@id":"https:\/\/www.asd-int.com\/ro\/blog\/canada\/","url":"https:\/\/www.asd-int.com\/ro\/blog\/canada\/","name":"Canada","isPartOf":{"@id":"https:\/\/www.asd-int.com\/ro\/#website"},"datePublished":"2019-03-11T14:36:49+00:00","dateModified":"2019-03-13T13:22:42+00:00","breadcrumb":{"@id":"https:\/\/www.asd-int.com\/ro\/blog\/canada\/#breadcrumb"},"inLanguage":"ro-RO","potentialAction":[{"@type":"ReadAction","target":["https:\/\/www.asd-int.com\/ro\/blog\/canada\/"]}]},{"@type":"BreadcrumbList","@id":"https:\/\/www.asd-int.com\/ro\/blog\/canada\/#breadcrumb","itemListElement":[{"@type":"ListItem","position":1,"name":"ASD Group","item":"https:\/\/www.asd-int.com\/ro\/"},{"@type":"ListItem","position":2,"name":"Blog","item":"https:\/\/www.asd-int.com\/ro\/blog\/"},{"@type":"ListItem","position":3,"name":"Canada"}]},{"@type":"WebSite","@id":"https:\/\/www.asd-int.com\/ro\/#website","url":"https:\/\/www.asd-int.com\/ro\/","name":"ASD","description":"Expertul dumneavoastr\u0103 \u00een taxe interna\u021bionale \u0219i TVA intracomunitar\r\n","publisher":{"@id":"https:\/\/www.asd-int.com\/ro\/#organization"},"potentialAction":[{"@type":"SearchAction","target":{"@type":"EntryPoint","urlTemplate":"https:\/\/www.asd-int.com\/ro\/?s={search_term_string}"},"query-input":{"@type":"PropertyValueSpecification","valueRequired":true,"valueName":"search_term_string"}}],"inLanguage":"ro-RO"},{"@type":"Organization","@id":"https:\/\/www.asd-int.com\/ro\/#organization","name":"ASD Group","url":"https:\/\/www.asd-int.com\/ro\/","logo":{"@type":"ImageObject","inLanguage":"ro-RO","@id":"https:\/\/www.asd-int.com\/ro\/#\/schema\/logo\/image\/","url":"https:\/\/www.asd-int.com\/wp-content\/uploads\/2020\/07\/Logo-ASD_noir.png","contentUrl":"https:\/\/www.asd-int.com\/wp-content\/uploads\/2020\/07\/Logo-ASD_noir.png","width":1054,"height":714,"caption":"ASD Group"},"image":{"@id":"https:\/\/www.asd-int.com\/ro\/#\/schema\/logo\/image\/"}}]}},"_links":{"self":[{"href":"https:\/\/www.asd-int.com\/ro\/wp-json\/wp\/v2\/pages\/25829","targetHints":{"allow":["GET"]}}],"collection":[{"href":"https:\/\/www.asd-int.com\/ro\/wp-json\/wp\/v2\/pages"}],"about":[{"href":"https:\/\/www.asd-int.com\/ro\/wp-json\/wp\/v2\/types\/page"}],"author":[{"embeddable":true,"href":"https:\/\/www.asd-int.com\/ro\/wp-json\/wp\/v2\/users\/36"}],"replies":[{"embeddable":true,"href":"https:\/\/www.asd-int.com\/ro\/wp-json\/wp\/v2\/comments?post=25829"}],"version-history":[{"count":0,"href":"https:\/\/www.asd-int.com\/ro\/wp-json\/wp\/v2\/pages\/25829\/revisions"}],"up":[{"embeddable":true,"href":"https:\/\/www.asd-int.com\/ro\/wp-json\/wp\/v2\/pages\/13220"}],"wp:attachment":[{"href":"https:\/\/www.asd-int.com\/ro\/wp-json\/wp\/v2\/media?parent=25829"}],"curies":[{"name":"wp","href":"https:\/\/api.w.org\/{rel}","templated":true}]}}